{"id":2127,"date":"2024-04-22T02:58:46","date_gmt":"2024-04-22T02:58:46","guid":{"rendered":"https:\/\/nfc-readers.com\/?post_type=product&#038;p=2127"},"modified":"2024-09-24T06:40:32","modified_gmt":"2024-09-24T06:40:32","slug":"nfc-key-fobs","status":"publish","type":"product","link":"https:\/\/nfc-readers.com\/cs\/ic-reader\/nfc-key-fobs\/","title":{"rendered":"NFC kl\u00ed\u010denky (p\u0159izp\u016fsoben\u00e9)"},"content":{"rendered":"<h1>NFC kl\u00ed\u010denky (p\u0159izp\u016fsoben\u00e9)<\/h1>\n<table width=\"345\">\n<tbody>\n<tr style=\"font-style: inherit; font-weight: inherit;\">\n<td style=\"font-style: inherit;\" width=\"69\">\n<p data-spm-anchor-id=\"a2700.pc-decorate.0.i24.7f543333WPG8F0\"><span data-spm-anchor-id=\"a2700.pc-decorate.0.i23.7f543333WPG8F0\">Polo\u017eka<\/span><\/p>\n<\/td>\n<td colspan=\"4\" width=\"276\">RFID Key Tag \/ Keyfob<\/td>\n<\/tr>\n<tr style=\"font-style: inherit; font-weight: inherit;\">\n<td style=\"font-style: inherit;\" width=\"69\">\n<p data-spm-anchor-id=\"a2700.pc-decorate.0.i22.7f543333WPG8F0\"><span data-spm-anchor-id=\"a2700.pc-decorate.0.i10.7f543333WPG8F0\">Materi\u00e1l<\/span><\/p>\n<\/td>\n<td colspan=\"4\" width=\"276\"><span style=\"font-style: inherit; font-weight: inherit;\" data-spm-anchor-id=\"a2700.pc-decorate.0.i5.4f1a3333tE72jd\">ABS, PVC, sklolamin\u00e1t, epoxid atd.<\/span><\/td>\n<\/tr>\n<tr style=\"font-style: inherit; font-weight: inherit;\">\n<td style=\"font-style: inherit;\" width=\"69\">\n<p data-spm-anchor-id=\"a2700.pc-decorate.0.i34.7f543333WPG8F0\">\u010cip<\/p>\n<\/td>\n<td colspan=\"4\" width=\"276\"><span data-spm-anchor-id=\"a2700.pc-decorate.0.i15.2d9b33330HxdWZ\">LF, HF \u010dip<\/span><\/td>\n<\/tr>\n<tr style=\"font-style: inherit; font-weight: inherit;\">\n<td style=\"font-style: inherit;\" width=\"69\">Velikost<\/td>\n<td colspan=\"4\" width=\"276\">41*33*4,3mm\/ 51*33*5,9mm\/ 37*30*8,16mm\/ 36*29*6,6mm<\/td>\n<\/tr>\n<tr style=\"font-style: inherit; font-weight: inherit;\">\n<td style=\"font-style: inherit;\" width=\"69\">\n<p data-spm-anchor-id=\"a2700.pc-decorate.0.i33.7f543333WPG8F0\">Barva<\/p>\n<\/td>\n<td colspan=\"4\" width=\"276\">\u010cern\u00e1, b\u00edl\u00e1, \u017elut\u00e1, \u010derven\u00e1, zelen\u00e1, modr\u00e1, r\u016f\u017eov\u00e1 nebo p\u0159izp\u016fsoben\u00e1.<\/td>\n<\/tr>\n<tr style=\"font-style: inherit; font-weight: inherit;\">\n<td style=\"font-style: inherit;\" width=\"69\">\n<p data-spm-anchor-id=\"a2700.pc-decorate.0.i8.271d3333RNCmsH\">\u0158emesla<\/p>\n<\/td>\n<td colspan=\"4\" width=\"276\">Jednobarevn\u00fd nebo v\u00edcebarevn\u00fd tisk, tisk \u010d\u00e1rov\u00fdch k\u00f3d\u016f nebo laserov\u00fdch k\u00f3d\u016f atd.<\/td>\n<\/tr>\n<tr style=\"font-style: inherit; font-weight: inherit;\">\n<td style=\"font-style: inherit;\" width=\"69\"><span style=\"font-style: inherit; font-weight: inherit;\">Aplikace<\/span><\/td>\n<td colspan=\"4\" width=\"276\">Kontrola p\u0159\u00edstupu, ve\u0159ejn\u00e1 doprava, parkovi\u0161t\u011b, ov\u011b\u0159ov\u00e1n\u00ed identity, spr\u00e1va doch\u00e1zky, vstupenky,<\/td>\n<\/tr>\n<\/tbody>\n<\/table>\n<p><img loading=\"lazy\" decoding=\"async\" class=\"alignnone wp-image-2128\" src=\"https:\/\/nfc-readers.com\/wp-content\/uploads\/2024\/04\/Hbdbc426a8e3c4e04b6d5836c3de2a0d2H-248x300.png\" alt=\"\" width=\"526\" height=\"636\" srcset=\"https:\/\/nfc-readers.com\/wp-content\/uploads\/2024\/04\/Hbdbc426a8e3c4e04b6d5836c3de2a0d2H-248x300.png 248w, https:\/\/nfc-readers.com\/wp-content\/uploads\/2024\/04\/Hbdbc426a8e3c4e04b6d5836c3de2a0d2H-600x726.png 600w, https:\/\/nfc-readers.com\/wp-content\/uploads\/2024\/04\/Hbdbc426a8e3c4e04b6d5836c3de2a0d2H.png 759w\" sizes=\"auto, (max-width: 526px) 100vw, 526px\" \/><\/p>","protected":false},"excerpt":{"rendered":"<p>NFC Key Fobs with integrated NFC chip technology provide portable wireless solutions for access control and smart home integration, enhancing convenience and security.<\/p>","protected":false},"featured_media":2129,"template":"","meta":[],"product_brand":[],"product_cat":[49],"product_tag":[],"class_list":{"0":"post-2127","1":"product","2":"type-product","3":"status-publish","4":"has-post-thumbnail","6":"product_cat-nfc-key-fobs","8":"first","9":"instock","10":"shipping-taxable","11":"product-type-simple"},"_links":{"self":[{"href":"https:\/\/nfc-readers.com\/cs\/wp-json\/wp\/v2\/product\/2127","targetHints":{"allow":["GET"]}}],"collection":[{"href":"https:\/\/nfc-readers.com\/cs\/wp-json\/wp\/v2\/product"}],"about":[{"href":"https:\/\/nfc-readers.com\/cs\/wp-json\/wp\/v2\/types\/product"}],"wp:featuredmedia":[{"embeddable":true,"href":"https:\/\/nfc-readers.com\/cs\/wp-json\/wp\/v2\/media\/2129"}],"wp:attachment":[{"href":"https:\/\/nfc-readers.com\/cs\/wp-json\/wp\/v2\/media?parent=2127"}],"wp:term":[{"taxonomy":"product_brand","embeddable":true,"href":"https:\/\/nfc-readers.com\/cs\/wp-json\/wp\/v2\/product_brand?post=2127"},{"taxonomy":"product_cat","embeddable":true,"href":"https:\/\/nfc-readers.com\/cs\/wp-json\/wp\/v2\/product_cat?post=2127"},{"taxonomy":"product_tag","embeddable":true,"href":"https:\/\/nfc-readers.com\/cs\/wp-json\/wp\/v2\/product_tag?post=2127"}],"curies":[{"name":"wp","href":"https:\/\/api.w.org\/{rel}","templated":true}]}}