{"id":2133,"date":"2024-04-22T03:16:50","date_gmt":"2024-04-22T03:16:50","guid":{"rendered":"https:\/\/nfc-readers.com\/?post_type=product&#038;p=2133"},"modified":"2024-09-24T06:04:13","modified_gmt":"2024-09-24T06:04:13","slug":"silicone-rfid-nfc-wristbands","status":"publish","type":"product","link":"https:\/\/nfc-readers.com\/cs\/ic-reader\/silicone-rfid-nfc-wristbands\/","title":{"rendered":"Silikonov\u00e9 RFID NFC n\u00e1ramky"},"content":{"rendered":"<table width=\"476\">\n<tbody>\n<tr style=\"font-style: inherit; font-weight: inherit;\">\n<td style=\"font-style: inherit;\" width=\"187\"><span style=\"font-style: inherit; font-weight: inherit;\" data-spm-anchor-id=\"a2700.details.0.i62.23d334f5zYksZe\">Produkt<\/span><\/td>\n<td style=\"font-style: inherit;\" width=\"289\"><span style=\"font-style: inherit; font-weight: inherit;\">\u00a0RFID silikonov\u00fd n\u00e1ramek\u00a0<\/span><\/td>\n<\/tr>\n<tr style=\"font-style: inherit; font-weight: inherit;\">\n<td style=\"font-style: inherit;\" width=\"187\"><span style=\"font-style: inherit; font-weight: inherit;\">\u00a0Materi\u00e1l\u00a0<\/span><\/td>\n<td style=\"font-style: inherit;\" width=\"289\"><span style=\"font-style: inherit; font-weight: inherit;\">\u00a0Silikon<\/span><\/td>\n<\/tr>\n<tr style=\"font-style: inherit; font-weight: inherit;\">\n<td style=\"font-style: inherit;\" width=\"187\"><span style=\"font-style: inherit; font-weight: inherit;\">\u00a0Velikost<\/span><\/td>\n<td style=\"font-style: inherit;\" width=\"289\"><span style=\"font-style: inherit; font-weight: inherit;\">\u00a0P\u0159izp\u016fsoben\u00e9<\/span><\/td>\n<\/tr>\n<tr style=\"font-style: inherit; font-weight: inherit;\">\n<td style=\"font-style: inherit;\" width=\"187\"><span style=\"font-style: inherit; font-weight: inherit;\">\u00a0Barva<\/span><\/td>\n<td style=\"font-style: inherit;\" width=\"289\"><span style=\"font-style: inherit; font-weight: inherit;\">\u00a0Modr\u00e1 \/ \u010derven\u00e1 \/ \u010dern\u00e1 \/ b\u00edl\u00e1 \/ \u017elut\u00e1 \/ \u0161ed\u00e1 \/ zelen\u00e1 \/ r\u016f\u017eov\u00e1 atd. nebo p\u0159izp\u016fsoben\u00e1<\/span><\/td>\n<\/tr>\n<tr style=\"font-style: inherit; font-weight: inherit;\">\n<td style=\"font-style: inherit;\" width=\"187\"><span style=\"font-style: inherit; font-weight: inherit;\">\u00a0Protokol<\/span><\/td>\n<td width=\"289\"><span style=\"font-style: inherit; font-weight: inherit;\">\u00a0ISO14443A, ISO15693<\/span><\/td>\n<\/tr>\n<tr style=\"font-style: inherit; font-weight: inherit;\">\n<td style=\"font-style: inherit;\" width=\"187\"><span style=\"font-style: inherit; font-weight: inherit;\">\u00a0HF \u010dip (13,56 MHz)\u00a0<\/span><\/td>\n<td style=\"font-style: inherit;\" width=\"289\"><span style=\"font-style: inherit; font-weight: inherit;\">\u00a0FM11RF08, S50, S70, M1K, nfc tag213\/216 atd.<\/span><\/td>\n<\/tr>\n<tr style=\"font-style: inherit; font-weight: inherit;\">\n<td style=\"font-style: inherit;\" rowspan=\"4\" width=\"187\"><span style=\"font-style: inherit; font-weight: inherit;\">\u00a0\u0158emeslo<\/span><\/td>\n<td style=\"font-style: inherit;\" width=\"289\"><span style=\"font-style: inherit; font-weight: inherit;\">\u00a0P\u0159izp\u016fsobte tisk<\/span><\/td>\n<\/tr>\n<tr>\n<td width=\"289\"><span style=\"font-style: inherit; font-weight: inherit;\">\u00a0K dispozici slu\u017eba k\u00f3dov\u00e1n\u00ed<\/span><\/td>\n<\/tr>\n<tr>\n<td width=\"289\">\u00a0Laserov\u00e9\/tiskov\u00e9 UID nebo s\u00e9riov\u00e9 \u010d\u00edslo na kart\u011b<\/td>\n<\/tr>\n<tr>\n<td width=\"289\">\u00a0UID a s\u00e9riov\u00e9 \u010d\u00edslo lze poskytnout ve form\u00e1tu Excel<\/td>\n<\/tr>\n<tr style=\"font-style: inherit; font-weight: inherit;\">\n<td style=\"font-style: inherit;\" width=\"187\"><span style=\"font-style: inherit; font-weight: inherit;\">\u00a0Vlastnosti<\/span><\/td>\n<td style=\"font-style: inherit;\" width=\"289\"><span style=\"font-style: inherit; font-weight: inherit;\">\u00a0Snadn\u00e9 no\u0161en\u00ed a pou\u017eit\u00ed, vysok\u00fd v\u00fdkon, n\u00edzk\u00e9 n\u00e1klady, ekologick\u00e9, netoxick\u00e9<\/span><\/td>\n<\/tr>\n<tr style=\"font-style: inherit; font-weight: inherit;\">\n<td style=\"font-style: inherit;\" width=\"187\"><span style=\"font-style: inherit; font-weight: inherit;\">\u00a0Aplikace\u00a0<\/span><\/td>\n<td style=\"font-style: inherit;\" width=\"289\"><span style=\"font-style: inherit; font-weight: inherit;\">\u00a0\u0160iroce se pou\u017e\u00edv\u00e1 na ve\u010d\u00edrc\u00edch, sportovn\u00edch akc\u00edch, t\u011blocvi\u010dn\u00e1ch, restaurac\u00edch, maratonech atd., jako kontrola p\u0159\u00edstupu a platby<\/span><\/td>\n<\/tr>\n<\/tbody>\n<\/table>\n<div>Silikonov\u00e9 RFID n\u00e1ramky<\/div>\n<div><\/div>\n<div>RFID N\u00c1RAMKY PRO RV PARKY A T\u00c1BORY Bezpe\u010dn\u00e9 pohodl\u00ed. Pou\u017e\u00edvejte RFID n\u00e1ramky ve sv\u00e9m karavanu nebo kempech, abyste umo\u017enili bezpe\u010dnou kontrolu p\u0159\u00edstupu do r\u016fzn\u00fdch oblast\u00ed va\u0161eho webu a vytvo\u0159ili bezhotovostn\u00ed nemovitost, kde je v\u0161e \u0159e\u0161eno kohoutkem. Bezhotovostn\u00ed n\u00e1kupy.<\/div>\n<div><\/div>\n<div>RFID n\u00e1ramky pro rodinn\u00e1 z\u00e1bavn\u00ed centra. Pou\u017eijte na\u0161e n\u00e1ramky RFID pro bezpe\u010dn\u00e9 debetn\u00ed, NFC a POS transakce v rodinn\u00fdch z\u00e1bavn\u00edch centrech, ark\u00e1d\u00e1ch, kasinech a hern\u00edch centrech.<\/div>\n<div><\/div>\n<div>Pro jakoukoli aplikaci. Rozm\u00edst\u011bte na\u0161e vod\u011bodoln\u00e9 silikonov\u00e9 RFID n\u00e1ramky kdekoli: do t\u011blocvi\u010dny, baz\u00e9nu, l\u00e1zn\u00ed, aquaparku nebo hotelu. Pla\u0165te za j\u00eddlo, slu\u017eby a vybaven\u00ed jedn\u00edm klepnut\u00edm na n\u00e1\u0161 syst\u00e9m nebo na v\u00e1\u0161 POS termin\u00e1l. Silikonov\u00e9 RFID n\u00e1ramky jsou tak\u00e9 vhodn\u00e9 pro RFID \u0159\u00edzen\u00ed p\u0159\u00edstupu, zamyk\u00e1n\u00ed a aplikace pro monitorov\u00e1n\u00ed person\u00e1lu ve va\u0161\u00ed budov\u011b, kancel\u00e1\u0159i, laborato\u0159i nebo skladu.<\/div>\n<div><\/div>\n<div><img loading=\"lazy\" decoding=\"async\" class=\"alignnone wp-image-2134\" src=\"https:\/\/nfc-readers.com\/wp-content\/uploads\/2024\/04\/H41cec2b20d6746e4bf71ea249b81ff01N-300x246.jpg\" alt=\"\" width=\"525\" height=\"431\" srcset=\"https:\/\/nfc-readers.com\/wp-content\/uploads\/2024\/04\/H41cec2b20d6746e4bf71ea249b81ff01N-300x246.jpg 300w, https:\/\/nfc-readers.com\/wp-content\/uploads\/2024\/04\/H41cec2b20d6746e4bf71ea249b81ff01N-1024x839.jpg 1024w, https:\/\/nfc-readers.com\/wp-content\/uploads\/2024\/04\/H41cec2b20d6746e4bf71ea249b81ff01N-768x629.jpg 768w, https:\/\/nfc-readers.com\/wp-content\/uploads\/2024\/04\/H41cec2b20d6746e4bf71ea249b81ff01N-1536x1258.jpg 1536w, https:\/\/nfc-readers.com\/wp-content\/uploads\/2024\/04\/H41cec2b20d6746e4bf71ea249b81ff01N-2048x1678.jpg 2048w, https:\/\/nfc-readers.com\/wp-content\/uploads\/2024\/04\/H41cec2b20d6746e4bf71ea249b81ff01N-600x491.jpg 600w\" sizes=\"auto, (max-width: 525px) 100vw, 525px\" \/><\/div>\n<div><img loading=\"lazy\" decoding=\"async\" class=\"alignnone wp-image-2135\" src=\"https:\/\/nfc-readers.com\/wp-content\/uploads\/2024\/04\/HTB1OdAhDr9YBuNjy0Fgq6AxcXXaH-300x300.jpg\" alt=\"\" width=\"527\" height=\"527\" srcset=\"https:\/\/nfc-readers.com\/wp-content\/uploads\/2024\/04\/HTB1OdAhDr9YBuNjy0Fgq6AxcXXaH-300x300.jpg 300w, https:\/\/nfc-readers.com\/wp-content\/uploads\/2024\/04\/HTB1OdAhDr9YBuNjy0Fgq6AxcXXaH-150x150.jpg 150w, https:\/\/nfc-readers.com\/wp-content\/uploads\/2024\/04\/HTB1OdAhDr9YBuNjy0Fgq6AxcXXaH-600x600.jpg 600w, https:\/\/nfc-readers.com\/wp-content\/uploads\/2024\/04\/HTB1OdAhDr9YBuNjy0Fgq6AxcXXaH-100x100.jpg 100w, https:\/\/nfc-readers.com\/wp-content\/uploads\/2024\/04\/HTB1OdAhDr9YBuNjy0Fgq6AxcXXaH.jpg 750w\" sizes=\"auto, (max-width: 527px) 100vw, 527px\" \/><\/div>\n<div><\/div>\n<div>\n<p>FAQ:<\/p>\n<p><strong>1. M\u016e\u017dETE N\u00c1M NAB\u00cdDNOUT M\u00c1LO VZORK\u016e?<\/strong><\/p>\n<p>Pot\u00e9, co budeme jasn\u011b v\u011bd\u011bt, jak\u00e9 produkty pot\u0159ebujete, m\u016f\u017eeme v\u00e1m nab\u00eddnout podobn\u00fd existuj\u00edc\u00ed vzorek pro va\u0161i referenci.<\/p>\n<p>Vzorek zdarma s n\u00e1klady na dopravu, kter\u00e9 jste zaplatili.<\/p>\n<p>Pokud pot\u0159ebujete p\u0159izp\u016fsoben\u00fd vzorek zna\u010dky na z\u00e1klad\u011b va\u0161eho n\u00e1vrhu a po\u017eadavku, jsou odpov\u00eddaj\u00edc\u00edm zp\u016fsobem \u00fa\u010dtov\u00e1ny p\u0159im\u011b\u0159en\u00e9 n\u00e1klady na vzorek.<\/p>\n<p>&nbsp;<\/p>\n<p><strong>2. NEJSME ODBORN\u00ddM KUPUJ\u00cdC\u00cdM VE VA\u0160\u00cd TECHNOLOGII, JAK\u00c9 INFORMACE OD N\u00c1S POT\u0158EBUJETE K CITOV\u00c1N\u00cd?<\/strong><\/p>\n<p>V\u00e1\u017een\u00fd p\u0159\u00edteli, informujte n\u00e1s pros\u00edm jasn\u011b o aplikaci zna\u010dky, jak\u00e9ho c\u00edle chcete dos\u00e1hnout,<\/p>\n<p>navrhneme v\u00e1m vhodn\u00fd produkt za dobrou cenu<\/p>\n<p>&nbsp;<\/p>\n<p><strong>3. M\u016e\u017dEME NAV\u0160T\u00cdVIT VA\u0160I TOV\u00c1RNU?<\/strong><\/p>\n<p>Ano, srde\u010dn\u011b v\u00edt\u00e1me prohl\u00eddku tov\u00e1rny. A je mi ct\u00ed b\u00fdt va\u0161\u00edm pr\u016fvodcem na va\u0161\u00ed cest\u011b do \u010c\u00edny.<\/p>\n<p>&nbsp;<\/p>\n<\/div>\n<p>&nbsp;<\/p>","protected":false},"excerpt":{"rendered":"<p>Silikonov\u00e9 RFID n\u00e1ramky s \u010dipovou technologi\u00ed NFC umo\u017e\u0148uj\u00ed efektivn\u00ed bezkontaktn\u00ed identifikaci pro prodej vstupenek, \u0159\u00edzen\u00ed p\u0159\u00edstupu a spr\u00e1vu ud\u00e1lost\u00ed.<\/p>","protected":false},"featured_media":2136,"template":"","meta":[],"product_brand":[],"product_cat":[50],"product_tag":[],"class_list":{"0":"post-2133","1":"product","2":"type-product","3":"status-publish","4":"has-post-thumbnail","6":"product_cat-silicone-rfid-nfc-wristbands","8":"first","9":"instock","10":"shipping-taxable","11":"product-type-simple"},"_links":{"self":[{"href":"https:\/\/nfc-readers.com\/cs\/wp-json\/wp\/v2\/product\/2133","targetHints":{"allow":["GET"]}}],"collection":[{"href":"https:\/\/nfc-readers.com\/cs\/wp-json\/wp\/v2\/product"}],"about":[{"href":"https:\/\/nfc-readers.com\/cs\/wp-json\/wp\/v2\/types\/product"}],"wp:featuredmedia":[{"embeddable":true,"href":"https:\/\/nfc-readers.com\/cs\/wp-json\/wp\/v2\/media\/2136"}],"wp:attachment":[{"href":"https:\/\/nfc-readers.com\/cs\/wp-json\/wp\/v2\/media?parent=2133"}],"wp:term":[{"taxonomy":"product_brand","embeddable":true,"href":"https:\/\/nfc-readers.com\/cs\/wp-json\/wp\/v2\/product_brand?post=2133"},{"taxonomy":"product_cat","embeddable":true,"href":"https:\/\/nfc-readers.com\/cs\/wp-json\/wp\/v2\/product_cat?post=2133"},{"taxonomy":"product_tag","embeddable":true,"href":"https:\/\/nfc-readers.com\/cs\/wp-json\/wp\/v2\/product_tag?post=2133"}],"curies":[{"name":"wp","href":"https:\/\/api.w.org\/{rel}","templated":true}]}}