{"id":2144,"date":"2024-04-22T03:53:51","date_gmt":"2024-04-22T03:53:51","guid":{"rendered":"https:\/\/nfc-readers.com\/?post_type=product&#038;p=2144"},"modified":"2024-09-24T06:02:28","modified_gmt":"2024-09-24T06:02:28","slug":"nfc-smart-ring","status":"publish","type":"product","link":"https:\/\/nfc-readers.com\/cs\/ic-reader\/nfc-smart-ring\/","title":{"rendered":"NFC Smart Ring"},"content":{"rendered":"<table width=\"443\">\n<tbody>\n<tr style=\"font-style: inherit; font-weight: inherit;\">\n<td style=\"font-style: inherit;\" width=\"152\">N\u00e1zev produktu<\/td>\n<td style=\"font-style: inherit;\" width=\"291\">NFC prsten<\/td>\n<\/tr>\n<tr style=\"font-style: inherit; font-weight: inherit;\">\n<td style=\"font-style: inherit;\" width=\"152\">Materi\u00e1l<\/td>\n<td style=\"font-style: inherit;\" width=\"291\">Zirkonov\u00e1 keramika hlavn\u00edho t\u011blesa, epoxidov\u00e1 prysky\u0159ice povrchu<\/td>\n<\/tr>\n<tr style=\"font-style: inherit; font-weight: inherit;\">\n<td style=\"font-style: inherit;\" width=\"152\">Vnit\u0159n\u00ed pr\u016fm\u011br krou\u017eku<\/td>\n<td style=\"font-style: inherit;\" width=\"291\">16 mm, 17 mm, 18 mm, 19 mm, 20 mm, 21 mm, 22 mm, 23 mm<\/td>\n<\/tr>\n<tr style=\"font-style: inherit; font-weight: inherit;\">\n<td style=\"font-style: inherit;\" width=\"152\">\u010cip<\/td>\n<td style=\"font-style: inherit;\" width=\"291\">NFC 215 213 216, IC(UID),ID(EM4305)<\/td>\n<\/tr>\n<tr style=\"font-style: inherit; font-weight: inherit;\">\n<td style=\"font-style: inherit;\" width=\"152\">Protokol<\/td>\n<td style=\"font-style: inherit;\" width=\"291\">NFC Forum Typ 2 ISO14443A<\/td>\n<\/tr>\n<tr style=\"font-style: inherit; font-weight: inherit;\">\n<td style=\"font-style: inherit;\" width=\"152\">Frekvence<\/td>\n<td style=\"font-style: inherit;\" width=\"291\">13,56 MHz<\/td>\n<\/tr>\n<tr style=\"font-style: inherit; font-weight: inherit;\">\n<td style=\"font-style: inherit;\" width=\"152\">Sm\u011br sn\u00edm\u00e1n\u00ed<\/td>\n<td style=\"font-style: inherit;\" width=\"291\">V\u0161esm\u011brov\u00e9 sn\u00edm\u00e1n\u00ed<\/td>\n<\/tr>\n<tr style=\"font-style: inherit; font-weight: inherit;\">\n<td style=\"font-style: inherit;\" width=\"152\">Sn\u00edmac\u00ed vzd\u00e1lenost<\/td>\n<td style=\"font-style: inherit;\" width=\"291\">0-10 cm (z\u00e1vis\u00ed na \u010dte\u010dce)<\/td>\n<\/tr>\n<tr style=\"font-style: inherit; font-weight: inherit;\">\n<td style=\"font-style: inherit;\" width=\"152\">Bal\u00edk<\/td>\n<td style=\"font-style: inherit;\" width=\"291\">NFC Ring + manu\u00e1l<\/td>\n<\/tr>\n<\/tbody>\n<\/table>\n<p>&nbsp;<\/p>\n<p>Funkce:<br \/>\nChytr\u00fd prsten je nositeln\u00e1 sou\u010d\u00e1st gadget\u016f, spou\u0161t\u00ed magick\u00e9 funkce na mobiln\u00edm telefonu a provozuje mobiln\u00ed funkce a sd\u00edl\u00ed data pomoc\u00ed bezdr\u00e1tov\u00e9 frekven\u010dn\u00ed komunika\u010dn\u00ed technologie NFC, funkce pokro\u010dil\u00e9ho designu jsou n\u00e1sleduj\u00edc\u00ed: z\u00e1mek aplikace, automatick\u00e9 spu\u0161t\u011bn\u00ed, skryt\u00ed aplikace, Sd\u00edlejte vizitku, Sd\u00edlejte internetov\u00fd odkaz, Sd\u00edlejte text a Sd\u00edlejte online soubor. Tvar produktu je navr\u017een podle mezin\u00e1rodn\u011b obl\u00edben\u00fdch prvk\u016f, vytvo\u0159en\u00fdch \u010dist\u00fdm l\u00e9ka\u0159sk\u00fdm titanem, nen\u00ed t\u0159eba nab\u00edjet, je vysoce vodot\u011bsn\u00fd a vhodn\u00fd pro v\u0161echny lidi kdykoli.<\/p>\n<p>&nbsp;<\/p>\n<p><iframe loading=\"lazy\" title=\"NFC prsten\" width=\"1020\" height=\"574\" src=\"https:\/\/www.youtube.com\/embed\/rflL5fkvj6c?feature=oembed\" frameborder=\"0\" allow=\"accelerometer; autoplay; clipboard-write; encrypted-media; gyroscope; picture-in-picture; web-share\" referrerpolicy=\"strict-origin-when-cross-origin\" allowfullscreen><\/iframe><\/p>\n<p>&nbsp;<\/p>\n<p><span class=\"magic-26\"><b data-spm-anchor-id=\"a2700.details.0.i59.2acc580aDAbgjP\">A) Jak mohu z\u00edskat vzorek? <\/b><\/span><\/p>\n<div><span class=\"magic-26\">Ne\u017e obdr\u017e\u00edme prvn\u00ed objedn\u00e1vku, dop\u0159ejte si cenu vzorku a expresn\u00ed poplatek. Vr\u00e1t\u00edme<br \/>\nn\u00e1klady na vzorek zp\u011bt k v\u00e1m v r\u00e1mci va\u0161\u00ed prvn\u00ed objedn\u00e1vky. <\/span><\/div>\n<div><\/div>\n<div><\/div>\n<div><\/div>\n<div><span class=\"magic-26\"><b>B) Mohli byste vytvo\u0159it na\u0161i zna\u010dku na sv\u00fdch produktech?<\/b><\/span><\/div>\n<div><span class=\"magic-26\">Ano. Va\u0161e logo m\u016f\u017eeme vytisknout jak na produkty, tak na bal\u00ed\u010dky, pokud m\u016f\u017eete splnit na\u0161e MOQ. <\/span><\/div>\n<div><span class=\"magic-26\">\u00a0<\/span><\/div>\n<div><span class=\"magic-26\"><b>C) Zda byste mohli vyrobit sv\u00e9 produkty podle na\u0161\u00ed barvy? <\/b><\/span><\/div>\n<div><span class=\"magic-26\">Ano, barvu produkt\u016f lze p\u0159izp\u016fsobit, pokud m\u016f\u017eete splnit na\u0161e MOQ. <\/span><\/div>\n<div><span class=\"magic-26\">\u00a0<\/span><\/div>\n<div><span class=\"magic-26\"><b>D) Jak zaru\u010dit kvalitu va\u0161ich produkt\u016f? <\/b><\/span><\/div>\n<div><span class=\"magic-26\" data-spm-anchor-id=\"a2700.details.0.i60.2acc580aDAbgjP\">1) P\u0159\u00edsn\u00e1 detekce b\u011bhem v\u00fdroby. <\/span><\/div>\n<div><span class=\"magic-26\">2) P\u0159\u00edsn\u00e1 kontrola odb\u011bru vzork\u016f produkt\u016f p\u0159ed odesl\u00e1n\u00edm a zaji\u0161t\u011bn\u00ed neporu\u0161en\u00e9ho balen\u00ed produktu<\/span><\/div>","protected":false},"excerpt":{"rendered":"<p>The NFC Smart Ring, featuring an NFC chip and RFID technology at 13.56M, offers a stylish way to wirelessly interact with smartphones and access systems.<\/p>","protected":false},"featured_media":2145,"template":"","meta":[],"product_brand":[],"product_cat":[52],"product_tag":[],"class_list":{"0":"post-2144","1":"product","2":"type-product","3":"status-publish","4":"has-post-thumbnail","6":"product_cat-nfc-smart-ring","8":"first","9":"instock","10":"shipping-taxable","11":"product-type-simple"},"_links":{"self":[{"href":"https:\/\/nfc-readers.com\/cs\/wp-json\/wp\/v2\/product\/2144","targetHints":{"allow":["GET"]}}],"collection":[{"href":"https:\/\/nfc-readers.com\/cs\/wp-json\/wp\/v2\/product"}],"about":[{"href":"https:\/\/nfc-readers.com\/cs\/wp-json\/wp\/v2\/types\/product"}],"wp:featuredmedia":[{"embeddable":true,"href":"https:\/\/nfc-readers.com\/cs\/wp-json\/wp\/v2\/media\/2145"}],"wp:attachment":[{"href":"https:\/\/nfc-readers.com\/cs\/wp-json\/wp\/v2\/media?parent=2144"}],"wp:term":[{"taxonomy":"product_brand","embeddable":true,"href":"https:\/\/nfc-readers.com\/cs\/wp-json\/wp\/v2\/product_brand?post=2144"},{"taxonomy":"product_cat","embeddable":true,"href":"https:\/\/nfc-readers.com\/cs\/wp-json\/wp\/v2\/product_cat?post=2144"},{"taxonomy":"product_tag","embeddable":true,"href":"https:\/\/nfc-readers.com\/cs\/wp-json\/wp\/v2\/product_tag?post=2144"}],"curies":[{"name":"wp","href":"https:\/\/api.w.org\/{rel}","templated":true}]}}