{"id":2259,"date":"2024-04-26T08:18:30","date_gmt":"2024-04-26T08:18:30","guid":{"rendered":"https:\/\/nfc-readers.com\/?post_type=product&#038;p=2259"},"modified":"2024-09-24T02:58:25","modified_gmt":"2024-09-24T02:58:25","slug":"apple-pay-mobile-walletmate-vas-nfc-reader","status":"publish","type":"product","link":"https:\/\/nfc-readers.com\/cs\/ic-reader\/apple-pay-mobile-walletmate-vas-nfc-reader\/","title":{"rendered":"Apple Pay Mobile WalletMate VAS NFC \u010dte\u010dka"},"content":{"rendered":"<h1>Apple Pay Mobile WalletMate VAS NFC \u010dte\u010dka<\/h1>\n<p>WalletMate Mobile Wallet NFC Reader je \u0161pi\u010dkov\u00fdm n\u00e1strojem, kter\u00fd obsahuje protokoly VAS a funkce \u010dte\u010dky nfc pro \u0159\u00edzen\u00ed p\u0159\u00edstupu a nab\u00edz\u00ed optimalizovan\u00e9 bezkartov\u00e9 z\u00e1\u017eitky. S p\u0159id\u00e1n\u00edm POS termin\u00e1lu s nfc \u010dte\u010dkou, zv\u00fd\u0161enou bezpe\u010dnost\u00ed a \u0161irokou kompatibilitou aplikac\u00ed zahajuje novou \u00e9ru pohodl\u00ed a efektivity. D\u00edky tomu je nezbytn\u00fdm p\u0159\u00ednosem pro u\u017eivatele a podniky, kter\u00e9 cht\u011bj\u00ed vyu\u017e\u00edt s\u00edlu technologie NFC pro bezprobl\u00e9mov\u00e9, bezpe\u010dn\u00e9 a rychl\u00e9 transakce.<\/p>\n<p><iframe loading=\"lazy\" title=\"ACS WalletMate Testovac\u00ed n\u00e1stroj Apple\/Google VAS \u2013 uk\u00e1zka\" width=\"1020\" height=\"574\" src=\"https:\/\/www.youtube.com\/embed\/aOWbdgwvHDg?feature=oembed\" frameborder=\"0\" allow=\"accelerometer; autoplay; clipboard-write; encrypted-media; gyroscope; picture-in-picture; web-share\" referrerpolicy=\"strict-origin-when-cross-origin\" allowfullscreen><\/iframe><\/p>\n<ul>\n<li>\n<h2>Rozhran\u00ed USB 2.0 Full Speed<\/h2>\n<\/li>\n<li>\n<h2>Soulad s CCID<\/h2>\n<\/li>\n<li>\n<h2>Mobiln\u00ed pen\u011b\u017eenka a bezkontaktn\u00ed \u010dte\u010dka \u010dipov\u00fdch karet:<\/h2>\n<ul>\n<li>\n<h3>Certifikace Apple VAS &amp; Google Smart Tap (WalletMate je pouze VAS, nikoli platebn\u00ed termin\u00e1ly)<\/h3>\n<\/li>\n<\/ul>\n<\/li>\n<li>\n<h3>Rychlost \u010dten\u00ed\/z\u00e1pisu a\u017e 424 kbps<\/h3>\n<\/li>\n<li>\n<h3>Vestav\u011bn\u00e1 ant\u00e9na pro bezkontaktn\u00ed p\u0159\u00edstup ke \u0161t\u00edtku se vzd\u00e1lenost\u00ed \u010dten\u00ed karty a\u017e 50 mm (v z\u00e1vislosti na typu \u0161t\u00edtku)<\/h3>\n<\/li>\n<li>\n<h3>Podporuje karty ISO 14443 typu A a B, MIFARE\u00ae, FeliCa a v\u0161echny 4 typy zna\u010dek NFC (ISO\/IEC 18092)<\/h3>\n<\/li>\n<li>\n<h3>Podporuje MIFARE\u00ae 7bajtov\u00e9 UID, MIFARE\u00ae Plus a MIFARE\u00ae DESfire<\/h3>\n<\/li>\n<li>\n<h3>Vestav\u011bn\u00e1 funkce proti sr\u00e1\u017ece (v ka\u017ed\u00e9m okam\u017eiku je p\u0159\u00edstupn\u00fd pouze 1 tag)<\/h3>\n<\/li>\n<li>\n<h2>Podpora NFC:<\/h2>\n<ul>\n<li>\n<h3>Re\u017eim \u010dte\u010dky\/zapisova\u010dky NFC<\/h3>\n<\/li>\n<li>\n<h3>Re\u017eim Peer-to-Peer<\/h3>\n<\/li>\n<li>\n<h3>Re\u017eim emulace karty<\/h3>\n<\/li>\n<\/ul>\n<\/li>\n<li>\n<h2>Aplika\u010dn\u00ed programovac\u00ed rozhran\u00ed:<\/h2>\n<ul>\n<li>\n<h3>Apple VAS &amp; Google Smart Tap API pro platformy Windows a Linux<\/h3>\n<\/li>\n<li>\n<h3>Podporuje PC\/SC<\/h3>\n<\/li>\n<li>\n<h3>Podporuje CT-API (p\u0159es obal na PC\/SC)<\/h3>\n<\/li>\n<\/ul>\n<\/li>\n<li>\n<h2>periferie:<\/h2>\n<ul>\n<li>\n<h3>U\u017eivatelsky ovladateln\u00e1 dvoubarevn\u00e1 LED<\/h3>\n<\/li>\n<li>\n<h3>U\u017eivatelsky ovladateln\u00fd bzu\u010d\u00e1k<\/h3>\n<\/li>\n<\/ul>\n<\/li>\n<li>\n<h2>Mo\u017enost upgradu firmwaru p\u0159es USB<\/h2>\n<\/li>\n<li>\n<table width=\"559\">\n<tbody>\n<tr>\n<td colspan=\"2\" width=\"559\">Fyzik\u00e1ln\u00ed vlastnosti<\/td>\n<\/tr>\n<tr>\n<td width=\"214\">Rozm\u011bry (mm)<\/td>\n<td width=\"345\">98,0 mm (D) x 65,0 mm (\u0160) x 12,8 mm (V)<\/td>\n<\/tr>\n<tr>\n<td width=\"214\">Hmotnost (g)<\/td>\n<td width=\"345\">81 g<\/td>\n<\/tr>\n<tr>\n<td colspan=\"2\" width=\"559\">Rozhran\u00ed USB<\/td>\n<\/tr>\n<tr>\n<td width=\"214\">Protokol<\/td>\n<td width=\"345\">USB CCID<\/td>\n<\/tr>\n<tr>\n<td width=\"214\">Typ konektoru<\/td>\n<td width=\"345\">USB Type-A (ACR1252U-MW)<\/td>\n<\/tr>\n<tr>\n<td width=\"214\">Zdroj nap\u00e1jen\u00ed<\/td>\n<td width=\"345\">Z USB portu<\/td>\n<\/tr>\n<tr>\n<td width=\"214\">Rychlost<\/td>\n<td width=\"345\">USB Full Speed (12 Mbps)<\/td>\n<\/tr>\n<tr>\n<td width=\"214\">D\u00e9lka kabelu<\/td>\n<td width=\"345\">1,0 m, Nerozeb\u00edrateln\u00e9<\/td>\n<\/tr>\n<tr>\n<td colspan=\"2\" width=\"559\">Rozhran\u00ed bezkontaktn\u00ed \u010dipov\u00e9 karty<\/td>\n<\/tr>\n<tr>\n<td width=\"214\">Norma<\/td>\n<td width=\"345\">ISO\/IEC 18092 NFC, ISO 14443 Typ A &amp; B, MIFARE\u00ae, FeliCa<\/td>\n<\/tr>\n<tr>\n<td rowspan=\"4\" width=\"214\">Protokol<\/td>\n<td width=\"345\">Karta vyhovuj\u00edc\u00ed ISO 14443-4, T=CL<\/td>\n<\/tr>\n<tr>\n<td width=\"345\">MIFARE\u00ae Classic Card, T=CL<\/td>\n<\/tr>\n<tr>\n<td width=\"345\">ISO18092, NFC tagy<\/td>\n<\/tr>\n<tr>\n<td width=\"345\">FeliCa<\/td>\n<\/tr>\n<tr>\n<td colspan=\"2\" width=\"559\">Vestav\u011bn\u00e9 periferie<\/td>\n<\/tr>\n<tr>\n<td width=\"214\">LED<\/td>\n<td width=\"345\">1 dvoubarevn\u00e1: \u010derven\u00e1 a zelen\u00e1<\/td>\n<\/tr>\n<tr>\n<td width=\"214\">Bzu\u010d\u00e1k<\/td>\n<td width=\"345\">Monot\u00f3nn\u00ed<\/td>\n<\/tr>\n<tr>\n<td colspan=\"2\" width=\"559\">Dal\u0161\u00ed funkce<\/td>\n<\/tr>\n<tr>\n<td width=\"214\">Upgrade firmwaru<\/td>\n<td width=\"345\">Podporov\u00e1no<\/td>\n<\/tr>\n<tr>\n<td colspan=\"2\" width=\"559\">Certifikace\/shoda<\/td>\n<\/tr>\n<tr>\n<td rowspan=\"4\" width=\"214\">Certifikace\/shoda<\/td>\n<td width=\"345\">certifikace:<\/td>\n<\/tr>\n<tr>\n<td width=\"345\">Apple VAS, Google Smart Tap, Certifika\u010dn\u00ed zna\u010dka NFC Forum, IEC\/EN 62368, CE, FCC, UKCA, J-LIS, VCCI, TELEC, KC, BIS, RoHS, REACH, WEEE<\/td>\n<\/tr>\n<tr>\n<td width=\"345\">Soulad:<\/td>\n<\/tr>\n<tr>\n<td width=\"345\">USB CCID, PC\/SC<\/td>\n<\/tr>\n<tr>\n<td colspan=\"2\" width=\"559\">Podpora opera\u010dn\u00edho syst\u00e9mu ovlada\u010de za\u0159\u00edzen\u00ed<\/td>\n<\/tr>\n<tr>\n<td width=\"214\">Podpora opera\u010dn\u00edho syst\u00e9mu ovlada\u010de za\u0159\u00edzen\u00ed<\/td>\n<td width=\"345\">Windows\u00ae, Linux\u00ae, macOS (ve v\u00fdvoji), Android\u2122 (ve v\u00fdvoji)<\/td>\n<\/tr>\n<\/tbody>\n<\/table>\n<\/li>\n<\/ul>","protected":false},"excerpt":{"rendered":"<div>Inovativn\u00ed \u010dte\u010dka NFC WalletMate podporuje bezkartov\u00e9 zapojen\u00ed s digit\u00e1ln\u00edmi kartami, podporovan\u00e9 VAS Apple a Google VAS pro za\u0159\u00edzen\u00ed iOS a Android.<\/div>","protected":false},"featured_media":2260,"template":"","meta":[],"product_brand":[],"product_cat":[45,40],"product_tag":[],"class_list":{"0":"post-2259","1":"product","2":"type-product","3":"status-publish","4":"has-post-thumbnail","6":"product_cat-contactless-nfc-reader","7":"product_cat-rfid-nfc-reader","9":"first","10":"instock","11":"shipping-taxable","12":"product-type-simple"},"_links":{"self":[{"href":"https:\/\/nfc-readers.com\/cs\/wp-json\/wp\/v2\/product\/2259","targetHints":{"allow":["GET"]}}],"collection":[{"href":"https:\/\/nfc-readers.com\/cs\/wp-json\/wp\/v2\/product"}],"about":[{"href":"https:\/\/nfc-readers.com\/cs\/wp-json\/wp\/v2\/types\/product"}],"wp:featuredmedia":[{"embeddable":true,"href":"https:\/\/nfc-readers.com\/cs\/wp-json\/wp\/v2\/media\/2260"}],"wp:attachment":[{"href":"https:\/\/nfc-readers.com\/cs\/wp-json\/wp\/v2\/media?parent=2259"}],"wp:term":[{"taxonomy":"product_brand","embeddable":true,"href":"https:\/\/nfc-readers.com\/cs\/wp-json\/wp\/v2\/product_brand?post=2259"},{"taxonomy":"product_cat","embeddable":true,"href":"https:\/\/nfc-readers.com\/cs\/wp-json\/wp\/v2\/product_cat?post=2259"},{"taxonomy":"product_tag","embeddable":true,"href":"https:\/\/nfc-readers.com\/cs\/wp-json\/wp\/v2\/product_tag?post=2259"}],"curies":[{"name":"wp","href":"https:\/\/api.w.org\/{rel}","templated":true}]}}