{"id":2730,"date":"2024-06-07T08:01:07","date_gmt":"2024-06-07T08:01:07","guid":{"rendered":"https:\/\/nfc-readers.com\/?post_type=product&#038;p=2730"},"modified":"2024-09-24T02:54:03","modified_gmt":"2024-09-24T02:54:03","slug":"wallet-mate-nfc-reader-writer-support-apple-pay-and-google-vas","status":"publish","type":"product","link":"https:\/\/nfc-readers.com\/cs\/ic-reader\/wallet-mate-nfc-reader-writer-support-apple-pay-and-google-vas\/","title":{"rendered":"Wallet Mate NFC Reader Writer \u2013 Podpora Apple Pay a Google VAS"},"content":{"rendered":"<h1>Wallet Mate NFC Reader Writer \u2013 Podpora Apple Pay a Google VAS<\/h1>\n<div><\/div>\n<div class=\"auto-hide-last-sibling-br paragraph_1252f paragraph-element\"><strong>Wallet Mate NFC Reader Writer<\/strong> se objevuje jako nejmodern\u011bj\u0161\u00ed gadget, kter\u00fd integruje protokoly VAS a funkce \u010dte\u010dky NFC pro \u0159\u00edzen\u00ed p\u0159\u00edstupu pro vylep\u0161enou bezkartovou interakci. Spolu s POS termin\u00e1lem se \u010dte\u010dkou NFC, robustn\u00edmi bezpe\u010dnostn\u00edmi opat\u0159en\u00edmi a \u0161irokou kompatibilitou aplikac\u00ed je pr\u016fkopn\u00edkem nov\u00e9ho standardu komfortu a efektivity. Jeho design a funk\u010dnost z n\u011bj \u010din\u00ed nepostradateln\u00fd kus vybaven\u00ed pro ty, kte\u0159\u00ed cht\u011bj\u00ed vyu\u017e\u00edt siln\u00e9 str\u00e1nky technologie NFC pro bezpe\u010dn\u00e9, plynul\u00e9 a rychl\u00e9 transakce.<\/div>\n<div><\/div>\n<h2 class=\"auto-hide-last-sibling-br paragraph_1252f paragraph-element\">Vysokorychlostn\u00ed rozhran\u00ed USB 2.0<\/h2>\n<h3 class=\"auto-hide-last-sibling-br paragraph_1252f paragraph-element\"><br class=\"container_e695a wrapper_ad07b undefined\" \/>Soulad se standardy CCID<br class=\"container_e695a wrapper_ad07b undefined\" \/>Mobiln\u00ed pen\u011b\u017eenka a bezkontaktn\u00ed \u010dte\u010dka \u010dipov\u00fdch karet:<br class=\"container_e695a wrapper_ad07b undefined\" \/>Certified by Apple VAS &amp; Google Smart Tap (Note: WalletMate is only certified for VAS, not for payment terminals)Data transfer rates reaching 424 kbps<br class=\"container_e695a wrapper_ad07b undefined\" \/>Vestav\u011bn\u00e1 ant\u00e9na pro bezkontaktn\u00ed p\u0159\u00edstup k \u0161t\u00edtku, nab\u00edzej\u00edc\u00ed vzd\u00e1lenost \u010dten\u00ed karty a\u017e 50 mm (v z\u00e1vislosti na typu \u0161t\u00edtku)<br class=\"container_e695a wrapper_ad07b undefined\" \/>Kompatibilita s kartami ISO 14443 typu A a B, MIFARE\u00ae, FeliCa a v\u0161emi \u010dty\u0159mi typy zna\u010dek NFC (ISO\/IEC 18092)<br class=\"container_e695a wrapper_ad07b undefined\" \/>Podpora pro MIFARE\u00ae 7bajtov\u00e9 UID, MIFARE\u00ae Plus a MIFARE\u00ae DESfire<br class=\"container_e695a wrapper_ad07b undefined\" \/>Integrovan\u00e1 funkce proti kolizi (v dan\u00e9m okam\u017eiku je p\u0159\u00edstupn\u00fd pouze jeden tag)<\/h3>\n<h2 class=\"auto-hide-last-sibling-br paragraph_1252f paragraph-element\"><br class=\"container_e695a wrapper_ad07b undefined\" \/>Podpora NFC:<\/h2>\n<h3 class=\"auto-hide-last-sibling-br paragraph_1252f paragraph-element\"><br class=\"container_e695a wrapper_ad07b undefined\" \/>Funkce v re\u017eimu Reader\/Writer Mode<br class=\"container_e695a wrapper_ad07b undefined\" \/>Re\u017eim Peer-to-Peer<br class=\"container_e695a wrapper_ad07b undefined\" \/>Re\u017eim emulace karty<\/h3>\n<h2 class=\"auto-hide-last-sibling-br paragraph_1252f paragraph-element\"><br class=\"container_e695a wrapper_ad07b undefined\" \/>Aplika\u010dn\u00ed programovac\u00ed rozhran\u00ed:<\/h2>\n<h3 class=\"auto-hide-last-sibling-br paragraph_1252f paragraph-element\"><br class=\"container_e695a wrapper_ad07b undefined\" \/>Kompatibilita Apple VAS a Google Smart Tap API s platformami Windows a Linux<br class=\"container_e695a wrapper_ad07b undefined\" \/>Podpora pro PC\/SC<br class=\"container_e695a wrapper_ad07b undefined\" \/>Podpora pro CT-API (usnadn\u011bno obalem na b\u00e1zi PC\/SC)<\/h3>\n<h2 class=\"auto-hide-last-sibling-br paragraph_1252f paragraph-element\">Dal\u0161\u00ed vlastnosti:<\/h2>\n<h3 class=\"auto-hide-last-sibling-br paragraph_1252f paragraph-element\"><br class=\"container_e695a wrapper_ad07b undefined\" \/>U\u017eivatelsky ovladateln\u00e1 dvoubarevn\u00e1 LED<br class=\"container_e695a wrapper_ad07b undefined\" \/>U\u017eivatelsky ovladateln\u00fd zvukov\u00fd v\u00fdstra\u017en\u00fd syst\u00e9m<br class=\"container_e695a wrapper_ad07b undefined\" \/>Mo\u017enost aktualizace firmwaru USB<\/h3>\n<p>&nbsp;<\/p>\n<ul>\n<li>\n<table width=\"559\">\n<tbody>\n<tr>\n<td colspan=\"2\" width=\"559\">Fyzik\u00e1ln\u00ed vlastnosti<\/td>\n<\/tr>\n<tr>\n<td width=\"214\">Rozm\u011bry (mm)<\/td>\n<td width=\"345\">98,0 mm (D) x 65,0 mm (\u0160) x 12,8 mm (V)<\/td>\n<\/tr>\n<tr>\n<td width=\"214\">Hmotnost (g)<\/td>\n<td width=\"345\">81 g<\/td>\n<\/tr>\n<tr>\n<td colspan=\"2\" width=\"559\">Rozhran\u00ed USB<\/td>\n<\/tr>\n<tr>\n<td width=\"214\">Protokol<\/td>\n<td width=\"345\">USB CCID<\/td>\n<\/tr>\n<tr>\n<td width=\"214\">Typ konektoru<\/td>\n<td width=\"345\">USB Type-A (ACR1252U-MW)<\/td>\n<\/tr>\n<tr>\n<td width=\"214\">Zdroj nap\u00e1jen\u00ed<\/td>\n<td width=\"345\">Z USB portu<\/td>\n<\/tr>\n<tr>\n<td width=\"214\">Rychlost<\/td>\n<td width=\"345\">USB Full Speed (12 Mbps)<\/td>\n<\/tr>\n<tr>\n<td width=\"214\">D\u00e9lka kabelu<\/td>\n<td width=\"345\">1,0 m, Nerozeb\u00edrateln\u00e9<\/td>\n<\/tr>\n<tr>\n<td colspan=\"2\" width=\"559\">Rozhran\u00ed bezkontaktn\u00ed \u010dipov\u00e9 karty<\/td>\n<\/tr>\n<tr>\n<td width=\"214\">Norma<\/td>\n<td width=\"345\">ISO\/IEC 18092 NFC, ISO 14443 Typ A &amp; B, MIFARE\u00ae, FeliCa<\/td>\n<\/tr>\n<tr>\n<td rowspan=\"4\" width=\"214\">Protokol<\/td>\n<td width=\"345\">Karta vyhovuj\u00edc\u00ed ISO 14443-4, T=CL<\/td>\n<\/tr>\n<tr>\n<td width=\"345\">MIFARE\u00ae Classic Card, T=CL<\/td>\n<\/tr>\n<tr>\n<td width=\"345\">ISO18092, NFC tagy<\/td>\n<\/tr>\n<tr>\n<td width=\"345\">FeliCa<\/td>\n<\/tr>\n<tr>\n<td colspan=\"2\" width=\"559\">Vestav\u011bn\u00e9 periferie<\/td>\n<\/tr>\n<tr>\n<td width=\"214\">LED<\/td>\n<td width=\"345\">1 dvoubarevn\u00e1: \u010derven\u00e1 a zelen\u00e1<\/td>\n<\/tr>\n<tr>\n<td width=\"214\">Bzu\u010d\u00e1k<\/td>\n<td width=\"345\">Monot\u00f3nn\u00ed<\/td>\n<\/tr>\n<tr>\n<td colspan=\"2\" width=\"559\">Dal\u0161\u00ed funkce<\/td>\n<\/tr>\n<tr>\n<td width=\"214\">Upgrade firmwaru<\/td>\n<td width=\"345\">Podporov\u00e1no<\/td>\n<\/tr>\n<tr>\n<td colspan=\"2\" width=\"559\">Certifikace\/shoda<\/td>\n<\/tr>\n<tr>\n<td rowspan=\"4\" width=\"214\">Certifikace\/shoda<\/td>\n<td width=\"345\">certifikace:<\/td>\n<\/tr>\n<tr>\n<td width=\"345\">Apple VAS, Google Smart Tap, Certifika\u010dn\u00ed zna\u010dka NFC Forum, IEC\/EN 62368, CE, FCC, UKCA, J-LIS, VCCI, TELEC, KC, BIS, RoHS, REACH, WEEE<\/td>\n<\/tr>\n<tr>\n<td width=\"345\">Soulad:<\/td>\n<\/tr>\n<tr>\n<td width=\"345\">USB CCID, PC\/SC<\/td>\n<\/tr>\n<tr>\n<td colspan=\"2\" width=\"559\">Podpora opera\u010dn\u00edho syst\u00e9mu ovlada\u010de za\u0159\u00edzen\u00ed<\/td>\n<\/tr>\n<tr>\n<td width=\"214\">Podpora opera\u010dn\u00edho syst\u00e9mu ovlada\u010de za\u0159\u00edzen\u00ed<\/td>\n<td width=\"345\">Windows\u00ae, Linux\u00ae, macOS (ve v\u00fdvoji), Android\u2122 (ve v\u00fdvoji)<\/td>\n<\/tr>\n<\/tbody>\n<\/table>\n<\/li>\n<\/ul>","protected":false},"excerpt":{"rendered":"<div>The Mobile Wallet,Innovative NFC Reader supports cardless engagement with digital passes, backed by VAS Apple and Google VAS for iOS and Android devices.<\/div>\n<div><\/div>","protected":false},"featured_media":2731,"template":"","meta":[],"product_brand":[],"product_cat":[45,40],"product_tag":[],"class_list":{"0":"post-2730","1":"product","2":"type-product","3":"status-publish","4":"has-post-thumbnail","6":"product_cat-contactless-nfc-reader","7":"product_cat-rfid-nfc-reader","9":"first","10":"instock","11":"shipping-taxable","12":"product-type-simple"},"_links":{"self":[{"href":"https:\/\/nfc-readers.com\/cs\/wp-json\/wp\/v2\/product\/2730","targetHints":{"allow":["GET"]}}],"collection":[{"href":"https:\/\/nfc-readers.com\/cs\/wp-json\/wp\/v2\/product"}],"about":[{"href":"https:\/\/nfc-readers.com\/cs\/wp-json\/wp\/v2\/types\/product"}],"wp:featuredmedia":[{"embeddable":true,"href":"https:\/\/nfc-readers.com\/cs\/wp-json\/wp\/v2\/media\/2731"}],"wp:attachment":[{"href":"https:\/\/nfc-readers.com\/cs\/wp-json\/wp\/v2\/media?parent=2730"}],"wp:term":[{"taxonomy":"product_brand","embeddable":true,"href":"https:\/\/nfc-readers.com\/cs\/wp-json\/wp\/v2\/product_brand?post=2730"},{"taxonomy":"product_cat","embeddable":true,"href":"https:\/\/nfc-readers.com\/cs\/wp-json\/wp\/v2\/product_cat?post=2730"},{"taxonomy":"product_tag","embeddable":true,"href":"https:\/\/nfc-readers.com\/cs\/wp-json\/wp\/v2\/product_tag?post=2730"}],"curies":[{"name":"wp","href":"https:\/\/api.w.org\/{rel}","templated":true}]}}