{"id":2732,"date":"2024-10-07T08:34:31","date_gmt":"2024-10-07T08:34:31","guid":{"rendered":"https:\/\/nfc-readers.com\/?post_type=product&#038;p=2732"},"modified":"2024-10-28T14:32:27","modified_gmt":"2024-10-28T14:32:27","slug":"nfc-reader-writer-support-apple-pay-and-google-vas","status":"publish","type":"product","link":"https:\/\/nfc-readers.com\/cs\/ic-reader\/nfc-reader-writer-support-apple-pay-and-google-vas\/","title":{"rendered":"NFC Reader Writer Podpora Apple Pay a Google VAS"},"content":{"rendered":"<div class=\"auto-hide-last-sibling-br paragraph_1252f paragraph-element\">\n<h1>NFC Reader Writer Podpora Apple Pay a Google VAS<\/h1>\n<p>Zadejte\u00a0<strong>NFC \u010dte\u010dka<\/strong>, sofistikovan\u00e1 technologie navr\u017een\u00e1 pro vylep\u0161en\u00ed bezkontaktn\u00edch transakc\u00ed a zefektivn\u011bn\u00ed \u0159\u00edzen\u00ed p\u0159\u00edstupu s bezkonkuren\u010dn\u00ed \u00fa\u010dinnost\u00ed. A\u0165 u\u017e chcete zrychlit sv\u00e9 transakce, zv\u00fd\u0161it zabezpe\u010den\u00ed nebo jednodu\u0161e upgradovat sv\u00e9 technologie, \u010dte\u010dka NFC je nezbytn\u00fdm n\u00e1strojem ve va\u0161em arzen\u00e1lu. Se schopnost\u00ed \u010d\u00edst a ps\u00e1t\u00a0<strong>NFC tagy<\/strong>\u00a0a karty, v\u010detn\u011b popul\u00e1rn\u00edch form\u00e1t\u016f jako\u00a0<strong>MIFARE<\/strong>, toto za\u0159\u00edzen\u00ed je v \u010dele inovativn\u00edch platebn\u00edch \u0159e\u0161en\u00ed.<\/p>\n<h2>V\u00fdhody v\u00fdb\u011bru \u010dte\u010dky NFC<\/h2>\n<p>Investice do \u010dte\u010dky NFC nen\u00ed jen n\u00e1kup; je to upgrade va\u0161ich platebn\u00edch mo\u017enost\u00ed, kter\u00fd nab\u00edz\u00ed \u0159adu v\u00fdhod. Za prv\u00e9 a p\u0159edev\u0161\u00edm zvy\u0161uje zabezpe\u010den\u00ed t\u00edm, \u017ee umo\u017e\u0148uje\u00a0<strong>bezkontaktn\u00ed<\/strong>\u00a0platby, co\u017e sni\u017euje riziko spojen\u00e9 s hotovostn\u00edmi transakcemi. Je tak\u00e9 navr\u017een pro snadn\u00e9 pou\u017eit\u00ed a m\u016f\u017ee se pochlubit jednoduch\u00fdm procesem nastaven\u00ed, kter\u00fd lze p\u0159ipojit p\u0159es USB k \u0161irok\u00e9 \u0159ad\u011b za\u0159\u00edzen\u00ed, co\u017e umo\u017e\u0148uje integraci s va\u0161imi st\u00e1vaj\u00edc\u00edmi syst\u00e9my. Kompaktn\u00ed a p\u0159enosn\u00fd design zaji\u0161\u0165uje, \u017ee si sv\u00e9 NFC m\u016f\u017eete vz\u00edt kamkoli, tak\u017ee je ide\u00e1ln\u00ed pro obchodn\u00edky i jednotlivce.<\/p>\n<h3>1.\u00a0<strong>Komplexn\u00ed podpora NFC<\/strong><\/h3>\n<p>The\u00a0<strong>NFC \u010dte\u010dka<\/strong>\u00a0podporuje v\u00edce funkc\u00ed NFC, v\u010detn\u011b re\u017eimu \u010dten\u00ed\/zapisov\u00e1n\u00ed, re\u017eimu peer-to-peer a re\u017eimu emulace karty. Tato v\u0161estrannost zaji\u0161\u0165uje kompatibilitu s r\u016fzn\u00fdmi transakcemi, od \u010dten\u00ed\u00a0<strong>NFC karty<\/strong>\u00a0k usnadn\u011bn\u00ed mobiln\u00edch plateb prost\u0159ednictv\u00edm\u00a0<strong>Google Pay<\/strong>\u00a0a\u00a0<strong>Apple Pay<\/strong>.<\/p>\n<h4>Re\u017eim \u010dten\u00ed\/zapisov\u00e1n\u00ed<\/h4>\n<p>S re\u017eimem Reader\/Writer Mode mohou u\u017eivatel\u00e9 bez n\u00e1mahy\u00a0<strong>\u010d\u00edst a ps\u00e1t<\/strong>\u00a0data do zna\u010dek NFC, d\u00edky \u010demu\u017e je za\u0159\u00edzen\u00ed ide\u00e1ln\u00ed pro aplikace v oblasti spr\u00e1vy z\u00e1sob a marketingov\u00fdch kampan\u00ed.<\/p>\n<h4>Re\u017eim Peer-to-Peer<\/h4>\n<p>Re\u017eim Peer-to-Peer usnad\u0148uje sd\u00edlen\u00ed dat mezi dv\u011bma za\u0159\u00edzen\u00edmi s podporou NFC, co\u017e umo\u017e\u0148uje bezprobl\u00e9mov\u00e9 transakce nebo p\u0159enosy informac\u00ed, co\u017e zvy\u0161uje pohodl\u00ed u\u017eivatel\u016f.<\/p>\n<h3>2.\u00a0<strong>Vysok\u00e9 standardy kompatibility<\/strong><\/h3>\n<p>Tato \u010dte\u010dka NFC je kompatibiln\u00ed se \u0161irokou \u0159adou \u010dipov\u00fdch karet, v\u010detn\u011b karet ISO 14443 typu A a B, co\u017e z n\u00ed \u010din\u00ed univerz\u00e1ln\u00ed \u0159e\u0161en\u00ed pro podniky, kter\u00e9 vy\u017eaduj\u00ed\u00a0<strong>\u010dte\u010dka karet<\/strong>\u00a0pro v\u00edce typ\u016f karet.<\/p>\n<h4>Podporuje r\u016fzn\u00e9 zna\u010dky NFC<\/h4>\n<p>Krom\u011b norem ISO podporuje za\u0159\u00edzen\u00ed tak\u00e9 form\u00e1ty jako MIFARE\u00ae a FeliCa, co\u017e zaji\u0161\u0165uje komplexn\u00ed podporu prakticky pro v\u0161echny u\u017eivatele.<\/p>\n<h4>USB p\u0159ipojen\u00ed<\/h4>\n<p>D\u00edky vysokorychlostn\u00edmu rozhran\u00ed USB 2.0 m\u016f\u017eete \u010dte\u010dku NFC snadno p\u0159ipojit k chytr\u00fdm telefon\u016fm nebo tablet\u016fm pro rychl\u00e9 p\u0159enosy dat \u2013 v\u0161e je p\u0159ipraveno k pou\u017eit\u00ed\u00a0<strong>p\u0159es USB<\/strong>.<\/p>\n<h3>3.\u00a0<strong>Robustn\u00ed funkce zabezpe\u010den\u00ed<\/strong><\/h3>\n<p>Zabezpe\u010den\u00ed je prvo\u0159ad\u00e9 pro jak\u00e9koli transak\u010dn\u00ed za\u0159\u00edzen\u00ed a \u010dte\u010dka NFC vynik\u00e1 svou integrovanou funkc\u00ed proti kolizi, kter\u00e1 zaji\u0161\u0165uje, \u017ee je na\u010dtena v\u017edy pouze jedna zna\u010dka, co\u017e v\u00fdrazn\u011b sni\u017euje pravd\u011bpodobnost po\u0161kozen\u00ed dat nebo podvodu.<\/p>\n<h4>Pokro\u010dil\u00e9 \u0161ifrov\u00e1n\u00ed<\/h4>\n<p>\u010cte\u010dka NFC podporuje r\u016fzn\u00e9 \u0161ifrovac\u00ed techniky pro bezpe\u010dn\u00fd p\u0159enos dat, co\u017e zaji\u0161\u0165uje, \u017ee citliv\u00e9 informace z\u016fstanou chr\u00e1n\u011bny b\u011bhem procesu transakce.<\/p>\n<h4>Upozorn\u011bn\u00ed pro u\u017eivatele<\/h4>\n<p>U\u017eivatel\u00e9, kte\u0159\u00ed jsou vybaveni u\u017eivatelsky ovladateln\u00fdm zvukov\u00fdm v\u00fdstra\u017en\u00fdm syst\u00e9mem, mohou b\u011bhem operac\u00ed dost\u00e1vat okam\u017eitou zp\u011btnou vazbu, co\u017e zlep\u0161uje pou\u017eitelnost a zaji\u0161\u0165uje, \u017ee si u\u017eivatel\u00e9 budou v\u011bdomi \u00fasp\u011b\u0161n\u00fdch \u010dten\u00ed.<\/p>\n<h3>4.\u00a0<strong>Vliv na \u017eivotn\u00ed prost\u0159ed\u00ed<\/strong><\/h3>\n<p>Proto\u017ee si podniky st\u00e1le v\u00edce uv\u011bdomuj\u00ed svou ekologickou stopu, je \u010dte\u010dka NFC navr\u017eena s ohledem na udr\u017eitelnost. Za\u0159\u00edzen\u00ed vyu\u017e\u00edv\u00e1 minim\u00e1ln\u00ed energii a lze jej p\u0159ipojit ke st\u00e1vaj\u00edc\u00edm syst\u00e9m\u016fm bez rozs\u00e1hl\u00e9ho upgradu hardwaru, \u010d\u00edm\u017e se sni\u017euje pl\u00fdtv\u00e1n\u00ed.<\/p>\n<h4>Efektivn\u00ed spot\u0159eba energie<\/h4>\n<p>\u010cte\u010dka NFC, kter\u00e1 pracuje na frekvenci 13,56 MHz, je energeticky \u00fa\u010dinn\u00e1 a umo\u017e\u0148uje rozs\u00e1hl\u00e9 pou\u017eit\u00ed bez vysok\u00fdch n\u00e1klad\u016f na elekt\u0159inu. Spole\u010dnosti mohou tuto technologii vyu\u017e\u00edvat bez obav ze zv\u00fd\u0161en\u00ed energetick\u00e9 n\u00e1ro\u010dnosti.<\/p>\n<h3>5.\u00a0<strong>U\u017eivatelsky p\u0159\u00edv\u011btiv\u00fd design<\/strong><\/h3>\n<p>NFC Reader se vyzna\u010duje kompaktn\u00edm a elegantn\u00edm designem, kter\u00fd se bez probl\u00e9m\u016f integruje do va\u0161eho pracovn\u00edho postupu. U\u017eivatelsky ovladateln\u00e1 dvoubarevn\u00e1 LED poskytuje okam\u017eitou vizu\u00e1ln\u00ed zp\u011btnou vazbu b\u011bhem provozu a efektivn\u011b informuje u\u017eivatele o stavu transakce.<\/p>\n<h4>P\u0159enosnost<\/h4>\n<p>Jeho lehk\u00fd r\u00e1m z n\u011bj d\u011bl\u00e1 ide\u00e1ln\u00ed \u0159e\u0161en\u00ed pro podniky na cest\u00e1ch, od maloobchodn\u00edch prodejen a\u017e po potravin\u00e1\u0159sk\u00e9 vozy, umo\u017e\u0148uje rychl\u00e9 nasazen\u00ed, kdykoli je to nutn\u00e9, \u010d\u00edm\u017e je vysoce efektivn\u00ed pro do\u010dasn\u00e9 i trval\u00e9 instalace.<\/p>\n<h3>6.\u00a0<strong>Ekosyst\u00e9mov\u00e1 kompatibilita<\/strong><\/h3>\n<p>NFC Reader je kompatibiln\u00ed s r\u016fzn\u00fdmi opera\u010dn\u00edmi syst\u00e9my, jako jsou Windows, Linux a Android, co\u017e umo\u017e\u0148uje \u0161irok\u00e9 pou\u017eit\u00ed v r\u016fzn\u00fdch prost\u0159ed\u00edch.<\/p>\n<h4>Snadn\u00e1 integrace se zaveden\u00fdmi syst\u00e9my<\/h4>\n<p>Vylep\u0161ete sv\u00e9 st\u00e1vaj\u00edc\u00ed pokladn\u00ed syst\u00e9my pomoc\u00ed \u010dte\u010dky NFC a z\u00e1rove\u0148 vyu\u017eijte jej\u00ed kompatibilitu s \u0161iroce pou\u017e\u00edvan\u00fdmi obchody s aplikacemi ke sta\u017een\u00ed relevantn\u00edch aplikac\u00ed pro va\u0161e obchodn\u00ed pot\u0159eby.<\/p>\n<\/div>\n<table width=\"559\">\n<tbody>\n<tr>\n<td colspan=\"2\" width=\"559\">Fyzik\u00e1ln\u00ed vlastnosti<\/td>\n<\/tr>\n<tr>\n<td width=\"214\">Rozm\u011bry (mm)<\/td>\n<td width=\"345\">98,0 mm (D) x 65,0 mm (\u0160) x 12,8 mm (V)<\/td>\n<\/tr>\n<tr>\n<td width=\"214\">Hmotnost (g)<\/td>\n<td width=\"345\">81 g<\/td>\n<\/tr>\n<tr>\n<td colspan=\"2\" width=\"559\">Rozhran\u00ed USB<\/td>\n<\/tr>\n<tr>\n<td width=\"214\">Protokol<\/td>\n<td width=\"345\">USB CCID<\/td>\n<\/tr>\n<tr>\n<td width=\"214\">Typ konektoru<\/td>\n<td width=\"345\">USB Type-A (ACR1252U-MW)<\/td>\n<\/tr>\n<tr>\n<td width=\"214\">Zdroj nap\u00e1jen\u00ed<\/td>\n<td width=\"345\">Z USB portu<\/td>\n<\/tr>\n<tr>\n<td width=\"214\">Rychlost<\/td>\n<td width=\"345\">USB Full Speed (12 Mbps)<\/td>\n<\/tr>\n<tr>\n<td width=\"214\">D\u00e9lka kabelu<\/td>\n<td width=\"345\">1,0 m, Nerozeb\u00edrateln\u00e9<\/td>\n<\/tr>\n<tr>\n<td colspan=\"2\" width=\"559\">Rozhran\u00ed bezkontaktn\u00ed \u010dipov\u00e9 karty<\/td>\n<\/tr>\n<tr>\n<td width=\"214\">Norma<\/td>\n<td width=\"345\">ISO\/IEC 18092 NFC, ISO 14443 Typ A &amp; B, MIFARE\u00ae, FeliCa<\/td>\n<\/tr>\n<tr>\n<td rowspan=\"4\" width=\"214\">Protokol<\/td>\n<td width=\"345\">Karta vyhovuj\u00edc\u00ed ISO 14443-4, T=CL<\/td>\n<\/tr>\n<tr>\n<td width=\"345\">MIFARE\u00ae Classic Card, T=CL<\/td>\n<\/tr>\n<tr>\n<td width=\"345\">ISO18092, NFC tagy<\/td>\n<\/tr>\n<tr>\n<td width=\"345\">FeliCa<\/td>\n<\/tr>\n<tr>\n<td colspan=\"2\" width=\"559\">Vestav\u011bn\u00e9 periferie<\/td>\n<\/tr>\n<tr>\n<td width=\"214\">LED<\/td>\n<td width=\"345\">1 dvoubarevn\u00e1: \u010derven\u00e1 a zelen\u00e1<\/td>\n<\/tr>\n<tr>\n<td width=\"214\">Bzu\u010d\u00e1k<\/td>\n<td width=\"345\">Monot\u00f3nn\u00ed<\/td>\n<\/tr>\n<tr>\n<td colspan=\"2\" width=\"559\">Dal\u0161\u00ed funkce<\/td>\n<\/tr>\n<tr>\n<td width=\"214\">Upgrade firmwaru<\/td>\n<td width=\"345\">Podporov\u00e1no<\/td>\n<\/tr>\n<tr>\n<td colspan=\"2\" width=\"559\">Certifikace\/shoda<\/td>\n<\/tr>\n<tr>\n<td rowspan=\"4\" width=\"214\">Certifikace\/shoda<\/td>\n<td width=\"345\">certifikace:<\/td>\n<\/tr>\n<tr>\n<td width=\"345\">Apple VAS, Google Smart Tap, Certifika\u010dn\u00ed zna\u010dka NFC Forum, IEC\/EN 62368, CE, FCC, UKCA, J-LIS, VCCI, TELEC, KC, BIS, RoHS, REACH, WEEE<\/td>\n<\/tr>\n<tr>\n<td width=\"345\">Soulad:<\/td>\n<\/tr>\n<tr>\n<td width=\"345\">USB CCID, PC\/SC<\/td>\n<\/tr>\n<tr>\n<td colspan=\"2\" width=\"559\">Podpora opera\u010dn\u00edho syst\u00e9mu ovlada\u010de za\u0159\u00edzen\u00ed<\/td>\n<\/tr>\n<tr>\n<td width=\"214\">Podpora opera\u010dn\u00edho syst\u00e9mu ovlada\u010de za\u0159\u00edzen\u00ed<\/td>\n<td width=\"345\">Windows\u00ae, Linux\u00ae, macOS (ve v\u00fdvoji), Android\u2122 (ve v\u00fdvoji)<\/td>\n<\/tr>\n<\/tbody>\n<\/table>\n<h2>Z\u00e1kaznick\u00e9 recenze<\/h2>\n<blockquote><p>\u201eNFC Reader zm\u011bnil zp\u016fsob, jak\u00fdm zpracov\u00e1v\u00e1me platby. Je to rychl\u00e9, bezpe\u010dn\u00e9 a neuv\u011b\u0159iteln\u011b snadno se integruje s na\u0161imi st\u00e1vaj\u00edc\u00edmi syst\u00e9my!\u201c \u2013\u00a0<strong>James T.<\/strong>, vedouc\u00ed maloobchodu<\/p><\/blockquote>\n<blockquote><p>\u201eL\u00edb\u00ed se mi, jak je tato \u010dte\u010dka NFC p\u0159enosn\u00e1! Je to ide\u00e1ln\u00ed pro m\u016fj obchod s potravinami.\u201c \u2013\u00a0<strong>Sandra W.<\/strong>, Majitel mal\u00e9 firmy<\/p><\/blockquote>\n<h2>\u010casto kladen\u00e9 ot\u00e1zky (FAQ)<\/h2>\n<p><strong>1. Jak\u00e9 typy karet um\u00ed NFC \u010dte\u010dka \u010d\u00edst?<\/strong><br \/>\n\u010cte\u010dka NFC podporuje karty ISO 14443 typu A a B, MIFARE\u00ae, FeliCa a v\u0161echny zna\u010dky NFC, kter\u00e9 spl\u0148uj\u00ed normy ISO\/IEC 18092.<\/p>\n<p><strong>2. Je \u010dte\u010dka NFC kompatibiln\u00ed se smartphony?<\/strong><br \/>\nAno, \u010dte\u010dku NFC m\u016f\u017eete snadno p\u0159ipojit k v\u011bt\u0161in\u011b chytr\u00fdch telefon\u016f p\u0159es USB a usnadnit tak rychl\u00e9 transakce a sd\u00edlen\u00ed dat.<\/p>\n<p><strong>3. Mohu aktualizovat firmware?<\/strong><br \/>\nAno, \u010dte\u010dka NFC podporuje aktualizace firmwaru USB, co\u017e zaji\u0161\u0165uje, \u017ee budete m\u00edt nejnov\u011bj\u0161\u00ed funkce a aktualizace zabezpe\u010den\u00ed.<\/p>\n<p><strong>4. Jak daleko mohu \u010d\u00edst zna\u010dky NFC?<\/strong><br \/>\nNFC \u010dte\u010dka m\u00e1 \u010dtec\u00ed vzd\u00e1lenost a\u017e 50 mm, v z\u00e1vislosti na typu \u0161t\u00edtku a jeho konkr\u00e9tn\u00edch mo\u017enostech.<\/p>\n<hr \/>\n<p>V\u00fdb\u011brem \u010dte\u010dky NFC neinvestujete pouze do produktu; vyu\u017e\u00edv\u00e1te chyt\u0159ej\u0161\u00ed zp\u016fsob obchodov\u00e1n\u00ed. A\u0165 u\u017e jej integrujete pro osobn\u00ed pou\u017eit\u00ed nebo pro podnik\u00e1n\u00ed, \u00fa\u010dinnost, kompatibilita a zabezpe\u010den\u00ed z tohoto za\u0159\u00edzen\u00ed \u010din\u00ed skute\u010dn\u011b nepostradateln\u00e9. Vyzkou\u0161ejte novou generaci bezkontaktn\u00edch plateb a objevte rozd\u00edl, kter\u00fd m\u016f\u017ee p\u0159in\u00e9st ve va\u0161ich dne\u0161n\u00edch transakc\u00edch!<\/p>","protected":false},"excerpt":{"rendered":"<div>NFC Reader Writer Podpora Apple Pay a Google VAS, schv\u00e1leno prost\u0159ednictv\u00edm VAS<strong>\u00a0Apple a Google VAS (slu\u017eba s p\u0159idanou hodnotou) <\/strong> protokoly od pr\u016fmyslov\u00fdch gigant\u016f Apple a Google, toto za\u0159\u00edzen\u00ed dl\u00e1\u017ed\u00ed cestu pro revolu\u010dn\u00ed bezkartov\u00e9 zapojen\u00ed t\u00edm, \u017ee podporuje \u0161irokou \u0161k\u00e1lu digit\u00e1ln\u00edch pr\u016fkaz\u016f, v\u010detn\u011b, ale nejen, v\u011brnostn\u00edch program\u016f, p\u0159\u00edstupov\u00fdch l\u00edstk\u016f a identifika\u010dn\u00edch \u00fadaj\u016f pro jednotlivce ve firemn\u00edm nebo vzd\u011bl\u00e1vac\u00edm prost\u0159ed\u00ed nap\u0159\u00ed\u010d iOS. a za\u0159\u00edzen\u00ed Android.<\/div>\n<div><\/div>","protected":false},"featured_media":2731,"template":"","meta":[],"product_brand":[],"product_cat":[45,40],"product_tag":[],"class_list":{"0":"post-2732","1":"product","2":"type-product","3":"status-publish","4":"has-post-thumbnail","6":"product_cat-contactless-nfc-reader","7":"product_cat-rfid-nfc-reader","9":"first","10":"instock","11":"shipping-taxable","12":"product-type-simple"},"_links":{"self":[{"href":"https:\/\/nfc-readers.com\/cs\/wp-json\/wp\/v2\/product\/2732","targetHints":{"allow":["GET"]}}],"collection":[{"href":"https:\/\/nfc-readers.com\/cs\/wp-json\/wp\/v2\/product"}],"about":[{"href":"https:\/\/nfc-readers.com\/cs\/wp-json\/wp\/v2\/types\/product"}],"wp:featuredmedia":[{"embeddable":true,"href":"https:\/\/nfc-readers.com\/cs\/wp-json\/wp\/v2\/media\/2731"}],"wp:attachment":[{"href":"https:\/\/nfc-readers.com\/cs\/wp-json\/wp\/v2\/media?parent=2732"}],"wp:term":[{"taxonomy":"product_brand","embeddable":true,"href":"https:\/\/nfc-readers.com\/cs\/wp-json\/wp\/v2\/product_brand?post=2732"},{"taxonomy":"product_cat","embeddable":true,"href":"https:\/\/nfc-readers.com\/cs\/wp-json\/wp\/v2\/product_cat?post=2732"},{"taxonomy":"product_tag","embeddable":true,"href":"https:\/\/nfc-readers.com\/cs\/wp-json\/wp\/v2\/product_tag?post=2732"}],"curies":[{"name":"wp","href":"https:\/\/api.w.org\/{rel}","templated":true}]}}