{"id":2744,"date":"2024-06-11T02:10:05","date_gmt":"2024-06-11T02:10:05","guid":{"rendered":"https:\/\/nfc-readers.com\/?post_type=product&#038;p=2744"},"modified":"2024-09-23T08:58:36","modified_gmt":"2024-09-23T08:58:36","slug":"acr123s-rs232-nfc-lcd-contactless-reader-writer","status":"publish","type":"product","link":"https:\/\/nfc-readers.com\/cs\/ic-reader\/acr123s-rs232-nfc-lcd-contactless-reader-writer\/","title":{"rendered":"Bezkontaktn\u00ed \u010dte\u010dka LCD ACR123S RS232 NFC se z\u00e1pisem"},"content":{"rendered":"<h1>Bezkontaktn\u00ed \u010dte\u010dka LCD ACR123S RS232 NFC se z\u00e1pisem<\/h1>\n<div><\/div>\n<div class=\"auto-hide-last-sibling-br paragraph_1252f paragraph-element\">Vzestup bezkontaktn\u00edch technologi\u00ed p\u0159etv\u00e1\u0159\u00ed n\u00e1kupn\u00ed chov\u00e1n\u00ed spot\u0159ebitel\u016f po cel\u00e9m sv\u011bt\u011b a zvy\u0161uje pot\u0159ebu robustn\u00edho \u0159e\u0161en\u00ed, kter\u00e9 podporuje aplikace pro bezkontaktn\u00ed platby. ACR123S byl speci\u00e1ln\u011b vyvinut pro uspokojen\u00ed t\u00e9to eskaluj\u00edc\u00ed popt\u00e1vky.<\/div>\n<div class=\"auto-hide-last-sibling-br paragraph_1252f paragraph-element\">Inteligentn\u00ed bezkontaktn\u00ed \u010dte\u010dka ACR123S je ekonomick\u00e1, v\u0161estrann\u00e1 a chytr\u00e1 bezkontaktn\u00ed \u010dte\u010dka, kterou lze bez n\u00e1mahy integrovat do ji\u017e existuj\u00edc\u00edch syst\u00e9m\u016f POS (Point-of-Sale) nebo pokladen, \u010d\u00edm\u017e poskytuje v\u00fdhody bezhotovostn\u00edho platebn\u00edho syst\u00e9mu. Je postavena na bezkontaktn\u00ed (RFID) technologii 13,56 MHz a je kompatibiln\u00ed s jakoukoli bezkontaktn\u00ed kartou, kter\u00e1 spl\u0148uje normu ISO 14443-4.<\/div>\n<div>\n<ul>\n<li>\n<h2>S\u00e9riov\u00e9 rozhran\u00ed RS232 s konektorem RJ45<\/h2>\n<\/li>\n<li>\n<h2>USB rozhran\u00ed pro nap\u00e1jen\u00ed<\/h2>\n<\/li>\n<li>\n<h2>ARM 32bitov\u00fd procesor CortexTM-M3<\/h2>\n<\/li>\n<li>\n<h2>\u010cte\u010dka \u010dipov\u00fdch karet:<\/h2>\n<ul>\n<li>\n<h3>Rychlost \u010dten\u00ed\/z\u00e1pisu a\u017e 848 kbps<\/h3>\n<\/li>\n<li>\n<h3>Vestav\u011bn\u00e1 ant\u00e9na pro bezkontaktn\u00ed p\u0159\u00edstup ke kart\u011b se vzd\u00e1lenost\u00ed \u010dten\u00ed karty a\u017e 50 mm (v z\u00e1vislosti na typu \u0161t\u00edtku)<\/h3>\n<\/li>\n<li>\n<h3>Podpora pro karty ISO 14443 \u010c\u00e1st 4 typu A a B a \u0159ady MIFARE<\/h3>\n<\/li>\n<li>\n<h3>Vestav\u011bn\u00e1 funkce proti sr\u00e1\u017ece<\/h3>\n<\/li>\n<li>\n<h3>T\u0159i sloty SAM vyhovuj\u00edc\u00ed norm\u011b ISO 7816<\/h3>\n<\/li>\n<\/ul>\n<\/li>\n<li>\n<h2>Vestav\u011bn\u00e9 periferie:<\/h2>\n<ul>\n<li>\n<h3>16 alfanumerick\u00fdch znak\u016f x 8 \u0159\u00e1dk\u016f grafick\u00fd LCD (128 x 64 pixel\u016f)<\/h3>\n<\/li>\n<li>\n<h3>\u010cty\u0159i u\u017eivatelsky ovladateln\u00e9 LED diody (modr\u00e1, \u017elut\u00e1, zelen\u00e1 a \u010derven\u00e1)<\/h3>\n<\/li>\n<li>\n<h3>U\u017eivatelem ovladateln\u00e9 podsv\u00edcen\u00ed oblasti dotyku (\u010derven\u00e9, zelen\u00e9 a modr\u00e9)<\/h3>\n<\/li>\n<li>\n<h3>U\u017eivatelsky ovladateln\u00fd reproduktor (indikace zvukov\u00e9ho sign\u00e1lu)<\/h3>\n<\/li>\n<\/ul>\n<\/li>\n<\/ul>\n<table width=\"514\">\n<tbody>\n<tr>\n<td colspan=\"2\" width=\"514\">Fyzik\u00e1ln\u00ed vlastnosti<\/td>\n<\/tr>\n<tr>\n<td rowspan=\"2\" width=\"233\">Rozm\u011bry (mm)<\/td>\n<td width=\"281\">Hlavn\u00ed t\u011blo: 159,0 mm (D) x 100,0 mm (\u0160) x 21,0 mm (V)<\/td>\n<\/tr>\n<tr>\n<td width=\"281\">Se stojanem: 177,4 mm (D) x 100,0 mm (\u0160) x 94,5 mm (V)<\/td>\n<\/tr>\n<tr>\n<td rowspan=\"2\" width=\"233\">Hmotnost (g)<\/td>\n<td width=\"281\">Hlavn\u00ed t\u011blo: 281 g<\/td>\n<\/tr>\n<tr>\n<td width=\"281\">Se stojanem: 506 g<\/td>\n<\/tr>\n<tr>\n<td colspan=\"2\" width=\"514\">S\u00e9riov\u00e9 rozhran\u00ed<\/td>\n<\/tr>\n<tr>\n<td width=\"233\">Protokol<\/td>\n<td width=\"281\">RS-232<\/td>\n<\/tr>\n<tr>\n<td width=\"233\">Typ konektoru<\/td>\n<td width=\"281\">Konektor RJ45<\/td>\n<\/tr>\n<tr>\n<td width=\"233\">Zdroj nap\u00e1jen\u00ed<\/td>\n<td width=\"281\">Z USB portu<\/td>\n<\/tr>\n<tr>\n<td width=\"233\">D\u00e9lka kabelu<\/td>\n<td width=\"281\">1,5 m, pevn\u00e9 (RJ45 + USB)<\/td>\n<\/tr>\n<tr>\n<td colspan=\"2\" width=\"514\">Rozhran\u00ed bezkontaktn\u00ed \u010dipov\u00e9 karty<\/td>\n<\/tr>\n<tr>\n<td width=\"233\">Norma<\/td>\n<td width=\"281\">ISO 14443 A &amp; B \u010c\u00e1sti 1-4<\/td>\n<\/tr>\n<tr>\n<td rowspan=\"2\" width=\"233\">Protokol<\/td>\n<td width=\"281\">Karta vyhovuj\u00edc\u00ed ISO 14443-4, T=CL<\/td>\n<\/tr>\n<tr>\n<td width=\"281\">MIFARE\u00ae Classic Card, T=CL<\/td>\n<\/tr>\n<tr>\n<td colspan=\"2\" width=\"514\">Rozhran\u00ed karty SAM<\/td>\n<\/tr>\n<tr>\n<td width=\"233\">Po\u010det slot\u016f<\/td>\n<td width=\"281\">3 standardn\u00ed sloty pro karty SIM<\/td>\n<\/tr>\n<tr>\n<td width=\"233\">Norma<\/td>\n<td width=\"281\">ISO 7816 T\u0159\u00edda A, B, C (5 V, 3 V, 1,8 V)<\/td>\n<\/tr>\n<tr>\n<td width=\"233\">Protokol<\/td>\n<td width=\"281\">T=0; T=1<\/td>\n<\/tr>\n<tr>\n<td colspan=\"2\" width=\"514\">Vestav\u011bn\u00e9 periferie<\/td>\n<\/tr>\n<tr>\n<td rowspan=\"3\" width=\"233\">LCD<\/td>\n<td width=\"281\">Grafick\u00fd LCD s b\u00edl\u00fdm podsv\u00edcen\u00edm<\/td>\n<\/tr>\n<tr>\n<td width=\"281\">Rozli\u0161en\u00ed: 128 x 64 pixel\u016f<\/td>\n<\/tr>\n<tr>\n<td width=\"281\">Po\u010det znak\u016f: 16 znak\u016f x 8 \u0159\u00e1dk\u016f<\/td>\n<\/tr>\n<tr>\n<td width=\"233\">LED<\/td>\n<td width=\"281\">4 jednobarevn\u00e9: modr\u00e1, \u017elut\u00e1, zelen\u00e1 a \u010derven\u00e1<\/td>\n<\/tr>\n<tr>\n<td width=\"233\">Oblast klepnut\u00ed<\/td>\n<td width=\"281\">T\u0159\u00edbarevn\u00e9 podsv\u00edcen\u00ed: \u010derven\u00e1, zelen\u00e1 a modr\u00e1<\/td>\n<\/tr>\n<tr>\n<td width=\"233\">Reproduktor<\/td>\n<td width=\"281\">Zvukov\u00e1 indikace t\u00f3nu<\/td>\n<\/tr>\n<tr>\n<td colspan=\"2\" width=\"514\">Dal\u0161\u00ed funkce<\/td>\n<\/tr>\n<tr>\n<td width=\"233\">Zabezpe\u010den\u00ed<\/td>\n<td width=\"281\">Tamper Switch (intern\u00ed detekce a ochrana proti vniknut\u00ed)<\/td>\n<\/tr>\n<tr>\n<td width=\"233\">Upgrade firmwaru<\/td>\n<td width=\"281\">Podporov\u00e1no<\/td>\n<\/tr>\n<tr>\n<td width=\"233\">Hodiny re\u00e1ln\u00e9ho \u010dasu<\/td>\n<td width=\"281\">Podporov\u00e1no<\/td>\n<\/tr>\n<tr>\n<td colspan=\"2\" width=\"514\">Certifikace\/shoda<\/td>\n<\/tr>\n<tr>\n<td rowspan=\"8\" width=\"233\">Certifikace\/shoda<\/td>\n<td width=\"281\">ISO 14443<\/td>\n<\/tr>\n<tr>\n<td width=\"281\">ISO 7816 (SAM slot)<\/td>\n<\/tr>\n<tr>\n<td width=\"281\">VCCI (Japonsko)<\/td>\n<\/tr>\n<tr>\n<td width=\"281\">KC (Korea)<\/td>\n<\/tr>\n<tr>\n<td width=\"281\">CE<\/td>\n<\/tr>\n<tr>\n<td width=\"281\">FCC<\/td>\n<\/tr>\n<tr>\n<td width=\"281\">RoHS 2<\/td>\n<\/tr>\n<tr>\n<td width=\"281\">DOSAH<\/td>\n<\/tr>\n<tr>\n<td colspan=\"2\" width=\"514\">Podpora opera\u010dn\u00edho syst\u00e9mu ovlada\u010de za\u0159\u00edzen\u00ed<\/td>\n<\/tr>\n<tr>\n<td rowspan=\"3\" width=\"233\">Podpora opera\u010dn\u00edho syst\u00e9mu ovlada\u010de za\u0159\u00edzen\u00ed<\/td>\n<td width=\"281\">Windows\u00ae CE<\/td>\n<\/tr>\n<tr>\n<td width=\"281\">Windows\u00ae<\/td>\n<\/tr>\n<tr>\n<td width=\"281\">Linux\u00ae<\/td>\n<\/tr>\n<\/tbody>\n<\/table>\n<\/div>","protected":false},"excerpt":{"rendered":"<div class=\"auto-hide-last-sibling-br paragraph_1252f paragraph-element\">ACR123S je inovativn\u00ed LCD USB 13,56 MHz RFID \u010dte\u010dka, kter\u00e1 vylep\u0161uje POS syst\u00e9my o bezprobl\u00e9mov\u00e9 bezkontaktn\u00ed platby pro hlad\u0161\u00ed z\u00e1\u017eitek z placen\u00ed.<\/div>","protected":false},"featured_media":2745,"template":"","meta":[],"product_brand":[],"product_cat":[45],"product_tag":[],"class_list":{"0":"post-2744","1":"product","2":"type-product","3":"status-publish","4":"has-post-thumbnail","6":"product_cat-contactless-nfc-reader","8":"first","9":"instock","10":"shipping-taxable","11":"product-type-simple"},"_links":{"self":[{"href":"https:\/\/nfc-readers.com\/cs\/wp-json\/wp\/v2\/product\/2744","targetHints":{"allow":["GET"]}}],"collection":[{"href":"https:\/\/nfc-readers.com\/cs\/wp-json\/wp\/v2\/product"}],"about":[{"href":"https:\/\/nfc-readers.com\/cs\/wp-json\/wp\/v2\/types\/product"}],"wp:featuredmedia":[{"embeddable":true,"href":"https:\/\/nfc-readers.com\/cs\/wp-json\/wp\/v2\/media\/2745"}],"wp:attachment":[{"href":"https:\/\/nfc-readers.com\/cs\/wp-json\/wp\/v2\/media?parent=2744"}],"wp:term":[{"taxonomy":"product_brand","embeddable":true,"href":"https:\/\/nfc-readers.com\/cs\/wp-json\/wp\/v2\/product_brand?post=2744"},{"taxonomy":"product_cat","embeddable":true,"href":"https:\/\/nfc-readers.com\/cs\/wp-json\/wp\/v2\/product_cat?post=2744"},{"taxonomy":"product_tag","embeddable":true,"href":"https:\/\/nfc-readers.com\/cs\/wp-json\/wp\/v2\/product_tag?post=2744"}],"curies":[{"name":"wp","href":"https:\/\/api.w.org\/{rel}","templated":true}]}}