{"id":2752,"date":"2024-06-11T12:30:21","date_gmt":"2024-06-11T12:30:21","guid":{"rendered":"https:\/\/nfc-readers.com\/?post_type=product&#038;p=2752"},"modified":"2024-09-23T06:29:25","modified_gmt":"2024-09-23T06:29:25","slug":"acm1323u-hid-contactless-reader-writer","status":"publish","type":"product","link":"https:\/\/nfc-readers.com\/cs\/ic-reader\/acm1323u-hid-contactless-reader-writer\/","title":{"rendered":"Bezkontaktn\u00ed \u010dte\u010dka ACM1323U HID se z\u00e1pisem"},"content":{"rendered":"<h1>Bezkontaktn\u00ed \u010dte\u010dka ACM1323U HID se z\u00e1pisem<\/h1>\n<p>ACM1323 je modul \u010dte\u010dky \u010dipov\u00fdch karet zalo\u017een\u00fd na 13,56MHz bezkontaktn\u00ed technologii. P\u0159ij\u00edm\u00e1 protokol HID a v rozhran\u00ed USB nen\u00ed nainstalov\u00e1n \u017e\u00e1dn\u00fd ovlada\u010d. Podporuje \u010dten\u00ed a z\u00e1pis \u010dipov\u00fdch karet t\u0159\u00eddy A, kter\u00e9 spl\u0148uj\u00ed normu ISO144431 a\u017e \u010d\u00e1st 4, v\u010detn\u011b karet CPU, MIFARE Classic, Mifare 1K\/4K, Mifare Plus a DESFire. ACM1323 je skute\u010dn\u00e9 plug and play za\u0159\u00edzen\u00ed, kter\u00e9 lze pou\u017e\u00edvat bez jak\u00fdchkoli ovlada\u010d\u016f a je navr\u017eeno pro rychlou integraci do vestav\u011bn\u00fdch syst\u00e9m\u016f, vhodn\u00e9 pro r\u016fzn\u00e9 aplika\u010dn\u00ed sc\u00e9n\u00e1\u0159e, jako jsou nab\u00edjec\u00ed stanice, tablety, prodejn\u00ed automaty, ve\u0159ejn\u00e1 doprava, \u0159\u00edzen\u00ed p\u0159\u00edstupu k s\u00edti, doch\u00e1zkov\u00e9 a dal\u0161\u00ed integrovan\u00e9 syst\u00e9my. Podporuje tak\u00e9 upgrady firmwaru bez nutnosti dal\u0161\u00edch \u00faprav hardwaru.<\/p>\n<table width=\"628\">\n<tbody>\n<tr>\n<td colspan=\"2\" width=\"628\">Fyzik\u00e1ln\u00ed vlastnosti<\/td>\n<\/tr>\n<tr>\n<td width=\"335\">Rozm\u011bry (mm)<\/td>\n<td width=\"293\">73,5 x 40,0 x 5,0<\/td>\n<\/tr>\n<tr>\n<td width=\"335\">Hmotnost (g)<\/td>\n<td width=\"293\">7.2<\/td>\n<\/tr>\n<tr>\n<td colspan=\"2\" width=\"628\">Rozhran\u00ed USB<\/td>\n<\/tr>\n<tr>\n<td width=\"335\">Protokol<\/td>\n<td width=\"293\">HID<\/td>\n<\/tr>\n<tr>\n<td width=\"335\">Typ konektoru<\/td>\n<td width=\"293\">USB<\/td>\n<\/tr>\n<tr>\n<td width=\"335\">Zdroj nap\u00e1jen\u00ed<\/td>\n<td width=\"293\">Z USB portu<\/td>\n<\/tr>\n<tr>\n<td width=\"335\">Rychlost<\/td>\n<td width=\"293\">USB 2.0 Full Speed (12 Mbps) kompatibiln\u00ed s USB 3.0<\/td>\n<\/tr>\n<tr>\n<td width=\"335\">D\u00e9lka kabelu<\/td>\n<td width=\"293\">1m, odn\u00edmateln\u00e9 (na vy\u017e\u00e1d\u00e1n\u00ed)<\/td>\n<\/tr>\n<tr>\n<td colspan=\"2\" width=\"628\">Rozhran\u00ed bezkontaktn\u00ed \u010dipov\u00e9 karty<\/td>\n<\/tr>\n<tr>\n<td width=\"335\">Norma<\/td>\n<td width=\"293\">ISO 14443 CPU karta typu A MIFARE Classic, Mifare 1K\/4K, Mifare Plus a DESFire<\/td>\n<\/tr>\n<tr>\n<td rowspan=\"2\" width=\"335\">Protokol<\/td>\n<td width=\"293\">Karta vyhovuj\u00edc\u00ed ISO 14443-4, T=CL<\/td>\n<\/tr>\n<tr>\n<td width=\"293\">MIFARE\u00ae Classic Card, T=CL<\/td>\n<\/tr>\n<tr>\n<td colspan=\"2\" width=\"628\">Vestav\u011bn\u00e9 periferie<\/td>\n<\/tr>\n<tr>\n<td width=\"335\">LED<\/td>\n<td width=\"293\">1 dvoubarevn\u00e1: modr\u00e1 a zelen\u00e1<\/td>\n<\/tr>\n<tr>\n<td colspan=\"2\" width=\"628\">Dal\u0161\u00ed funkce<\/td>\n<\/tr>\n<tr>\n<td rowspan=\"3\" width=\"335\">Dal\u0161\u00ed funkce<\/td>\n<td width=\"293\">Podporovan\u00e9 typy karet:<\/td>\n<\/tr>\n<tr>\n<td width=\"293\">ISO 14443 Typ A a B \u010c\u00e1sti 1-4,<\/td>\n<\/tr>\n<tr>\n<td width=\"293\">MIFARE Classic\u00ae, MIFARE DESFire\u00ae, MIFARE Ultralight\u00ae, MIFARE Plus\u00ae<\/td>\n<\/tr>\n<tr>\n<td width=\"335\">Upgrade firmwaru<\/td>\n<td width=\"293\">Podporov\u00e1no<\/td>\n<\/tr>\n<tr>\n<td colspan=\"2\" width=\"628\">Certifikace\/shoda<\/td>\n<\/tr>\n<tr>\n<td rowspan=\"4\" width=\"335\">Certifikace\/shoda<\/td>\n<td width=\"293\">certifikace:<\/td>\n<\/tr>\n<tr>\n<td width=\"293\">IEC\/EN 62368, CE, UKCA, FCC, VCCI, RoHS, REACH, WEEE, Microsoft\u00ae WHQL<\/td>\n<\/tr>\n<tr>\n<td width=\"293\">\u00a0 Dodr\u017eov\u00e1n\u00ed:<\/td>\n<\/tr>\n<tr>\n<td width=\"293\">schoval se<\/td>\n<\/tr>\n<tr>\n<td colspan=\"2\" width=\"628\">Podpora opera\u010dn\u00edho syst\u00e9mu ovlada\u010de za\u0159\u00edzen\u00ed<\/td>\n<\/tr>\n<tr>\n<td width=\"335\">Podpora opera\u010dn\u00edho syst\u00e9mu ovlada\u010de za\u0159\u00edzen\u00ed<\/td>\n<td width=\"293\">Windows\u00ae, Linux\u00ae, macOS, Android\u2122<\/td>\n<\/tr>\n<\/tbody>\n<\/table>","protected":false},"excerpt":{"rendered":"<p>ACM1323U je v\u0161estrann\u00e1 USB HID \u010dte\u010dka karet, kter\u00e1 podporuje r\u016fzn\u00e9 karty t\u0159\u00eddy A a bezprobl\u00e9mov\u011b se integruje do vestav\u011bn\u00fdch syst\u00e9m\u016f.<\/p>","protected":false},"featured_media":2753,"template":"","meta":[],"product_brand":[],"product_cat":[41],"product_tag":[],"class_list":{"0":"post-2752","1":"product","2":"type-product","3":"status-publish","4":"has-post-thumbnail","6":"product_cat-module-ic-reader","8":"first","9":"instock","10":"shipping-taxable","11":"product-type-simple"},"_links":{"self":[{"href":"https:\/\/nfc-readers.com\/cs\/wp-json\/wp\/v2\/product\/2752","targetHints":{"allow":["GET"]}}],"collection":[{"href":"https:\/\/nfc-readers.com\/cs\/wp-json\/wp\/v2\/product"}],"about":[{"href":"https:\/\/nfc-readers.com\/cs\/wp-json\/wp\/v2\/types\/product"}],"wp:featuredmedia":[{"embeddable":true,"href":"https:\/\/nfc-readers.com\/cs\/wp-json\/wp\/v2\/media\/2753"}],"wp:attachment":[{"href":"https:\/\/nfc-readers.com\/cs\/wp-json\/wp\/v2\/media?parent=2752"}],"wp:term":[{"taxonomy":"product_brand","embeddable":true,"href":"https:\/\/nfc-readers.com\/cs\/wp-json\/wp\/v2\/product_brand?post=2752"},{"taxonomy":"product_cat","embeddable":true,"href":"https:\/\/nfc-readers.com\/cs\/wp-json\/wp\/v2\/product_cat?post=2752"},{"taxonomy":"product_tag","embeddable":true,"href":"https:\/\/nfc-readers.com\/cs\/wp-json\/wp\/v2\/product_tag?post=2752"}],"curies":[{"name":"wp","href":"https:\/\/api.w.org\/{rel}","templated":true}]}}