{"id":2773,"date":"2024-06-11T14:17:35","date_gmt":"2024-06-11T14:17:35","guid":{"rendered":"https:\/\/nfc-readers.com\/?post_type=product&#038;p=2773"},"modified":"2024-09-23T06:15:02","modified_gmt":"2024-09-23T06:15:02","slug":"acr1555u-a1-bluetooth-nfc-usb-contactless-reader-writer","status":"publish","type":"product","link":"https:\/\/nfc-readers.com\/cs\/ic-reader\/acr1555u-a1-bluetooth-nfc-usb-contactless-reader-writer\/","title":{"rendered":"ACR1555U-A1 Bluetooth NFC USB bezkontaktn\u00ed \u010dte\u010dka a zapisova\u010dka"},"content":{"rendered":"<h1>ACR1555U-A1 Bluetooth NFC USB bezkontaktn\u00ed \u010dte\u010dka a zapisova\u010dka<\/h1>\n<div class=\"auto-hide-last-sibling-br paragraph_1252f paragraph-element\">\u010cte\u010dka ACR1555U-A1 NFC Bluetooth\u00ae je v souladu s normami ISO 14443 \u010c\u00e1sti 1-4 a ISO 18092 a podporuje \u0161irokou \u0161k\u00e1lu bezkontaktn\u00edch karet, v\u010detn\u011b karet MIFARE, karet FeliCa\u2122, ISO 7816 t\u0159\u00eddy A, B a C (5V, 3V a 1,8V) SAM karty a NFC tagy. \u010cte\u010dka podporuje Bluetooth Standard 5.2 v provozu v jednom re\u017eimu a je to tak\u00e9 za\u0159\u00edzen\u00ed USB Type-C, kter\u00e9 zaji\u0161\u0165uje kompatibilitu s r\u016fzn\u00fdmi opera\u010dn\u00edmi syst\u00e9my, jako je iOS, Android\u2122, Linux a Windows. Pro nap\u00e1jen\u00ed je ACR1555U vybaven 450mAh 3,7 V Li-ion baterie. Obsahuje 3 LED diody a bzu\u010d\u00e1k pro indikaci provozn\u00edho stavu za\u0159\u00edzen\u00ed spolu se 2 tla\u010d\u00edtky pro ovl\u00e1d\u00e1n\u00ed baterie, stavu za\u0159\u00edzen\u00ed a stavu Bluetooth. D\u00edky tomu je ACR1555U v\u0161estrannou a u\u017eivatelsky p\u0159\u00edv\u011btivou NFC Bluetooth\u00ae \u010dte\u010dkou vhodnou pro r\u016fzn\u00e9 aplikace.<\/div>\n<table width=\"641\">\n<tbody>\n<tr>\n<td colspan=\"2\" width=\"641\">Fyzik\u00e1ln\u00ed vlastnosti<\/td>\n<\/tr>\n<tr>\n<td width=\"210\">Rozm\u011bry (mm)<\/td>\n<td width=\"431\">93 mm (D) x 58 mm (\u0160) x 6,0 mm (V)<\/td>\n<\/tr>\n<tr>\n<td width=\"210\"><\/td>\n<td width=\"431\">94 mm (D) x 60,2 mm (\u0160) x 9,0 mm (V) (s dr\u017e\u00e1kem karty)<\/td>\n<\/tr>\n<tr>\n<td width=\"210\">Hmotnost (g)<\/td>\n<td width=\"431\">31,0 g (\u010dte\u010dka karet)<\/td>\n<\/tr>\n<tr>\n<td width=\"210\"><\/td>\n<td width=\"431\">39,0 g (s dr\u017e\u00e1kem karty)<\/td>\n<\/tr>\n<tr>\n<td colspan=\"2\" width=\"641\">Rozhran\u00ed Bluetooth<\/td>\n<\/tr>\n<tr>\n<td width=\"210\">Protokol<\/td>\n<td width=\"431\">Bluetooth\u00ae (Bluetooth 5.2)<\/td>\n<\/tr>\n<tr>\n<td width=\"210\">Zdroj nap\u00e1jen\u00ed<\/td>\n<td width=\"431\">Dob\u00edjec\u00ed lithium-iontov\u00e1 baterie (nab\u00edjen\u00ed p\u0159es USB)<\/td>\n<\/tr>\n<tr>\n<td colspan=\"2\" width=\"641\">Rozhran\u00ed USB<\/td>\n<\/tr>\n<tr>\n<td width=\"210\">Protokol<\/td>\n<td width=\"431\">USB CCID<\/td>\n<\/tr>\n<tr>\n<td width=\"210\">Typ konektoru<\/td>\n<td width=\"431\">USB TYP C<\/td>\n<\/tr>\n<tr>\n<td width=\"210\">Zdroj nap\u00e1jen\u00ed<\/td>\n<td width=\"431\">Z USB portu<\/td>\n<\/tr>\n<tr>\n<td width=\"210\">Rychlost<\/td>\n<td width=\"431\">USB Full Speed (12 Mbps)<\/td>\n<\/tr>\n<tr>\n<td width=\"210\">D\u00e9lka kabelu<\/td>\n<td width=\"431\">1 m, odn\u00edmateln\u00e9<\/td>\n<\/tr>\n<tr>\n<td colspan=\"2\" width=\"641\">Rozhran\u00ed bezkontaktn\u00ed \u010dipov\u00e9 karty<\/td>\n<\/tr>\n<tr>\n<td width=\"210\">Norma<\/td>\n<td width=\"431\">ISO\/IEC 18092 NFC, ISO15693, ISO 14443 Typ A &amp; B, MIFARE, FeliCa<\/td>\n<\/tr>\n<tr>\n<td width=\"210\">Protokol<\/td>\n<td width=\"431\">Karta vyhovuj\u00edc\u00ed ISO 14443-4, T=CL<br \/>\nKlasick\u00e1 karta MIFARE, T=CL<br \/>\nISO 18092, NFC tagy<br \/>\nFeliCa<\/td>\n<\/tr>\n<tr>\n<td colspan=\"2\" width=\"641\">Vestav\u011bn\u00e9 periferie<\/td>\n<\/tr>\n<tr>\n<td width=\"210\">LED<\/td>\n<td width=\"431\">2 dvoubarevn\u00e9 proveden\u00ed: \u010derven\u00e1 a modr\u00e1, \u010derven\u00e1 a zelen\u00e1<\/td>\n<\/tr>\n<tr>\n<td width=\"210\">Podpora r\u016fzn\u00fdch funkc\u00ed NFC<\/td>\n<td width=\"431\"><\/td>\n<\/tr>\n<tr>\n<td width=\"210\"><\/td>\n<td width=\"431\">Re\u017eim \u010dte\u010dky\/zapisova\u010dky<\/td>\n<\/tr>\n<tr>\n<td width=\"210\"><\/td>\n<td width=\"431\">Re\u017eim emulace karty<\/td>\n<\/tr>\n<tr>\n<td width=\"210\"><\/td>\n<td width=\"431\">Podpora re\u017eimu emulace kl\u00e1vesnice<\/td>\n<\/tr>\n<tr>\n<td colspan=\"2\" width=\"641\">Dal\u0161\u00ed funkce<\/td>\n<\/tr>\n<tr>\n<td width=\"210\">\u0160ifrov\u00e1n\u00ed<\/td>\n<td width=\"431\">\u0160ifrovac\u00ed algoritmus AES 128 v za\u0159\u00edzen\u00ed<\/td>\n<\/tr>\n<tr>\n<td width=\"210\">Upgrade firmwaru<\/td>\n<td width=\"431\">Podporov\u00e1no<\/td>\n<\/tr>\n<tr>\n<td colspan=\"2\" width=\"641\">Certifikace\/shoda<\/td>\n<\/tr>\n<tr>\n<td rowspan=\"14\" width=\"210\">Certifikace\/shoda<\/td>\n<td>EN \/IEC 62368<\/td>\n<\/tr>\n<tr>\n<td>ISO 18092<\/td>\n<\/tr>\n<tr>\n<td>ISO 14443<\/td>\n<\/tr>\n<tr>\n<td>ISO 15693<\/td>\n<\/tr>\n<tr>\n<td>Bluetooth\u00aeBQB<\/td>\n<\/tr>\n<tr>\n<td>KCC<\/td>\n<\/tr>\n<tr>\n<td>UKCA<\/td>\n<\/tr>\n<tr>\n<td>CE<\/td>\n<\/tr>\n<tr>\n<td>FCC<\/td>\n<\/tr>\n<tr>\n<td>RoHS<\/td>\n<\/tr>\n<tr>\n<td>DOSAH<\/td>\n<\/tr>\n<tr>\n<td>TELEC (Japonsko)<\/td>\n<\/tr>\n<tr>\n<td>VCCI<\/td>\n<\/tr>\n<tr>\n<td>Microsoft\u00ae WHQL<\/td>\n<\/tr>\n<tr>\n<td colspan=\"2\" width=\"641\">Podpora opera\u010dn\u00edho syst\u00e9mu ovlada\u010de za\u0159\u00edzen\u00ed<\/td>\n<\/tr>\n<tr>\n<td rowspan=\"5\" width=\"210\">Podpora opera\u010dn\u00edho syst\u00e9mu ovlada\u010de za\u0159\u00edzen\u00ed<\/td>\n<td width=\"431\">Windows\u00ae<\/td>\n<\/tr>\n<tr>\n<td width=\"431\">Linux\u00ae<\/td>\n<\/tr>\n<tr>\n<td width=\"431\">MAC OS\u00ae 10.7 a nov\u011bj\u0161\u00ed<\/td>\n<\/tr>\n<tr>\n<td width=\"431\">Android\u2122 4.3 a nov\u011bj\u0161\u00ed<\/td>\n<\/tr>\n<tr>\n<td width=\"431\">iOS 8.0 a nov\u011bj\u0161\u00ed<\/td>\n<\/tr>\n<\/tbody>\n<\/table>\n<p>&nbsp;<\/p>","protected":false},"excerpt":{"rendered":"<div class=\"auto-hide-last-sibling-br paragraph_1252f paragraph-element\">ACR1555U-A1 je p\u0159enosn\u00e1 Bluetooth\u00ae NFC \u010dte\u010dka, kter\u00e1 umo\u017e\u0148uje aplikace smart card a NFC na cest\u00e1ch.<\/div>","protected":false},"featured_media":2774,"template":"","meta":[],"product_brand":[],"product_cat":[45,38],"product_tag":[],"class_list":{"0":"post-2773","1":"product","2":"type-product","3":"status-publish","4":"has-post-thumbnail","6":"product_cat-contactless-nfc-reader","7":"product_cat-mobile-ble-nfc-reader","9":"first","10":"instock","11":"shipping-taxable","12":"product-type-simple"},"_links":{"self":[{"href":"https:\/\/nfc-readers.com\/cs\/wp-json\/wp\/v2\/product\/2773","targetHints":{"allow":["GET"]}}],"collection":[{"href":"https:\/\/nfc-readers.com\/cs\/wp-json\/wp\/v2\/product"}],"about":[{"href":"https:\/\/nfc-readers.com\/cs\/wp-json\/wp\/v2\/types\/product"}],"wp:featuredmedia":[{"embeddable":true,"href":"https:\/\/nfc-readers.com\/cs\/wp-json\/wp\/v2\/media\/2774"}],"wp:attachment":[{"href":"https:\/\/nfc-readers.com\/cs\/wp-json\/wp\/v2\/media?parent=2773"}],"wp:term":[{"taxonomy":"product_brand","embeddable":true,"href":"https:\/\/nfc-readers.com\/cs\/wp-json\/wp\/v2\/product_brand?post=2773"},{"taxonomy":"product_cat","embeddable":true,"href":"https:\/\/nfc-readers.com\/cs\/wp-json\/wp\/v2\/product_cat?post=2773"},{"taxonomy":"product_tag","embeddable":true,"href":"https:\/\/nfc-readers.com\/cs\/wp-json\/wp\/v2\/product_tag?post=2773"}],"curies":[{"name":"wp","href":"https:\/\/api.w.org\/{rel}","templated":true}]}}