{"id":2780,"date":"2024-06-12T02:05:36","date_gmt":"2024-06-12T02:05:36","guid":{"rendered":"https:\/\/nfc-readers.com\/?post_type=product&#038;p=2780"},"modified":"2024-09-23T06:11:23","modified_gmt":"2024-09-23T06:11:23","slug":"acr40u-premium-high-speed-usb-contact-smartcard-reader-writer","status":"publish","type":"product","link":"https:\/\/nfc-readers.com\/cs\/ic-reader\/acr40u-premium-high-speed-usb-contact-smartcard-reader-writer\/","title":{"rendered":"ACR40U Premium vysokorychlostn\u00ed USB kontaktn\u00ed \u010dte\u010dka \u010dipov\u00fdch karet Zapisova\u010dka"},"content":{"rendered":"<h1>ACR40U Premium vysokorychlostn\u00ed USB kontaktn\u00ed \u010dte\u010dka \u010dipov\u00fdch karet Zapisova\u010dka<\/h1>\n<div class=\"auto-hide-last-sibling-br paragraph_1252f paragraph-element\">P\u0159edstavujeme ACR40U, vysokorychlostn\u00ed USB kontaktn\u00ed \u010dte\u010dku \u010dipov\u00fdch karet. Poskytuje nep\u0159etr\u017eitou podporu pro \u010dipov\u00e9 karty ISO 7816 t\u0159\u00eddy A, B a C, mikroprocesorov\u00e9 karty vyu\u017e\u00edvaj\u00edc\u00ed protokoly T=0 a T=1 a \u0161irokou \u0161k\u00e1lu pam\u011b\u0165ov\u00fdch karet dostupn\u00fdch na trhu. ACR40U se m\u016f\u017ee pochlubit dv\u011bma kontrolkami LED, kter\u00e9 indikuj\u00ed stav karty a \u010dte\u010dky. Mezi kl\u00ed\u010dov\u00e1 vylep\u0161en\u00ed pat\u0159\u00ed mo\u017enost upgradovat firmware a ukl\u00e1dat u\u017eivatelsk\u00e1 data do za\u0159\u00edzen\u00ed, co\u017e umo\u017e\u0148uje \u0161irokou \u0161k\u00e1lu aplika\u010dn\u00edch sc\u00e9n\u00e1\u0159\u016f. Zahrnuje tak\u00e9 p\u0159\u00edslu\u0161enstv\u00ed podstavce, kter\u00e9 umo\u017e\u0148uje r\u016fzn\u00e9 konfigurace, v\u010detn\u011b vertik\u00e1ln\u00ed i horizont\u00e1ln\u00ed orientace. S ohledem na standardy CCID, PC\/SC a Microsoft\u00ae WHQL zaru\u010duje ACR40U snadnou integraci s mnoha opera\u010dn\u00edmi syst\u00e9my, jako jsou Windows\u00ae, Linux\u00ae, macOS. , iOS, iPadOS a Android\u2122. Podporuje rozhran\u00ed USB Type-A i Type-C a nab\u00edz\u00ed flexibiln\u00ed mo\u017enosti p\u0159ipojen\u00ed.<\/div>\n<div>\n<ul>\n<li>\n<h2>Rozhran\u00ed USB 2.0 Full Speed<\/h2>\n<\/li>\n<li>\n<h2>USB typ A<\/h2>\n<\/li>\n<li>\n<h2>Plug and Play \u2013 podpora CCID p\u0159in\u00e1\u0161\u00ed maxim\u00e1ln\u00ed mobilitu<\/h2>\n<\/li>\n<li>\n<h2>\u010cte\u010dka \u010dipov\u00fdch karet:<\/h2>\n<ul>\n<li>\n<h3>Podporuje karty ISO 7816 t\u0159\u00eddy A, B a C (5 V, 3 V, 1,8 V)<\/h3>\n<\/li>\n<li>\n<h3>Podporuje CAC<\/h3>\n<\/li>\n<li>\n<h3>Podporuje SIPRNET Card<\/h3>\n<\/li>\n<li>\n<h3>Podporuje MyKad<\/h3>\n<\/li>\n<li>\n<h3>Podporuje kartu J-LIS<\/h3>\n<\/li>\n<li>\n<h3>Podporuje mikroprocesorov\u00e9 karty s protokolem T=0 nebo T=1<\/h3>\n<\/li>\n<li>\n<h3>Podporuje pam\u011b\u0165ov\u00e9 karty<\/h3>\n<\/li>\n<li>\n<h3>Podporuje PPS (v\u00fdb\u011br protokolu a parametr\u016f)<\/h3>\n<\/li>\n<li>\n<h3>Obsahuje ochranu proti zkratu<\/h3>\n<\/li>\n<\/ul>\n<\/li>\n<li>\n<h2>Aplika\u010dn\u00ed programovac\u00ed rozhran\u00ed:<\/h2>\n<ul>\n<li>\n<h3>Podporuje PC\/SC<\/h3>\n<\/li>\n<li>\n<h3>Podpora CT-API<\/h3>\n<\/li>\n<\/ul>\n<\/li>\n<li>\n<h2>Podporuje v\u0161echny hlavn\u00ed opera\u010dn\u00ed syst\u00e9my<\/h2>\n<ul>\n<li>\n<h3>Windows\u00ae, Linux\u00ae, macOS, iOS, iPadOS, Android\u2122, Solaris\u2122<\/h3>\n<\/li>\n<\/ul>\n<\/li>\n<\/ul>\n<table width=\"606\">\n<tbody>\n<tr>\n<td colspan=\"2\" width=\"606\">Fyzik\u00e1ln\u00ed vlastnosti<\/td>\n<\/tr>\n<tr>\n<td width=\"211\">Rozm\u011bry (mm)<\/td>\n<td width=\"395\">62,5 mm (D) \u00d7 67,6 mm (\u0160) \u00d7 58,5 mm (V)<\/td>\n<\/tr>\n<tr>\n<td width=\"211\">Hmotnost (g)<\/td>\n<td width=\"395\">40,0 g \u00b1 5,0 g<\/td>\n<\/tr>\n<tr>\n<td colspan=\"2\" width=\"606\">Rozhran\u00ed USB<\/td>\n<\/tr>\n<tr>\n<td width=\"211\">Protokol<\/td>\n<td width=\"395\">USB CCID<\/td>\n<\/tr>\n<tr>\n<td width=\"211\">Typ konektoru<\/td>\n<td width=\"395\">Standardn\u00ed typ A, typ C<\/td>\n<\/tr>\n<tr>\n<td width=\"211\">Zdroj nap\u00e1jen\u00ed<\/td>\n<td width=\"395\">Z USB portu<\/td>\n<\/tr>\n<tr>\n<td width=\"211\">Rychlost<\/td>\n<td width=\"395\">USB 2.0 Full Speed (12 Mbps)<\/td>\n<\/tr>\n<tr>\n<td width=\"211\">D\u00e9lka kabelu<\/td>\n<td width=\"395\">1 m, pevn\u00e1<\/td>\n<\/tr>\n<tr>\n<td colspan=\"2\" width=\"606\">Kontaktujte rozhran\u00ed Smart Card<\/td>\n<\/tr>\n<tr>\n<td width=\"211\">Po\u010det slot\u016f<\/td>\n<td width=\"395\">1 Slot pro kartu pln\u00e9 velikosti<\/td>\n<\/tr>\n<tr>\n<td width=\"211\">Norma<\/td>\n<td width=\"395\">ISO 7816 \u010c\u00e1sti 1-4, T\u0159\u00edda A, B, C (5 V, 3 V, 1,8 V)<\/td>\n<\/tr>\n<tr>\n<td width=\"211\">Protokol<\/td>\n<td width=\"395\">T=0; T = 1; Podpora pam\u011b\u0165ov\u00fdch karet<\/td>\n<\/tr>\n<tr>\n<td width=\"211\">Ostatn\u00ed<\/td>\n<td width=\"395\">Karta Mykad, CAC, J-LIS, SIPRNET<\/td>\n<\/tr>\n<tr>\n<td colspan=\"2\" width=\"606\">Certifikace\/shoda<\/td>\n<\/tr>\n<tr>\n<td width=\"211\">Certifikace\/shoda<\/td>\n<td width=\"395\">EN62368\/IEC 62368 CE FCC RoHS REACH EMV\u2122 \u00darove\u0148 1 (Kontakt) UL 62368 J-LIS KC PBOC \u00darove\u0148 1 (Kontakt) TAA UKCA UL VCCI WEEE USB 2.0 Full Speed Microsoft\u00ae WHQL<\/td>\n<\/tr>\n<tr>\n<td colspan=\"2\" width=\"606\">Podpora opera\u010dn\u00edho syst\u00e9mu ovlada\u010de za\u0159\u00edzen\u00ed<\/td>\n<\/tr>\n<tr>\n<td width=\"211\">Podpora opera\u010dn\u00edho syst\u00e9mu ovlada\u010de za\u0159\u00edzen\u00ed<\/td>\n<td width=\"395\">Windows\u00ae Linux\u00ae macOS IOS iPadOS Android\u2122 Solaris\u2122<\/td>\n<\/tr>\n<tr>\n<td><\/td>\n<td><\/td>\n<\/tr>\n<\/tbody>\n<\/table>\n<\/div>","protected":false},"excerpt":{"rendered":"<div class=\"auto-hide-last-sibling-br paragraph_1252f paragraph-element\">ACR40U je kompaktn\u00ed \u010dte\u010dka karet EMV PBOC, kter\u00e1 podporuje r\u016fzn\u00e9 \u010dipov\u00e9 karty a nab\u00edz\u00ed flexibiln\u00ed mo\u017enosti p\u0159ipojen\u00ed.<\/div>","protected":false},"featured_media":2783,"template":"","meta":[],"product_brand":[],"product_cat":[39],"product_tag":[],"class_list":{"0":"post-2780","1":"product","2":"type-product","3":"status-publish","4":"has-post-thumbnail","6":"product_cat-usb-ic-smartcard-reader","8":"first","9":"instock","10":"shipping-taxable","11":"product-type-simple"},"_links":{"self":[{"href":"https:\/\/nfc-readers.com\/cs\/wp-json\/wp\/v2\/product\/2780","targetHints":{"allow":["GET"]}}],"collection":[{"href":"https:\/\/nfc-readers.com\/cs\/wp-json\/wp\/v2\/product"}],"about":[{"href":"https:\/\/nfc-readers.com\/cs\/wp-json\/wp\/v2\/types\/product"}],"wp:featuredmedia":[{"embeddable":true,"href":"https:\/\/nfc-readers.com\/cs\/wp-json\/wp\/v2\/media\/2783"}],"wp:attachment":[{"href":"https:\/\/nfc-readers.com\/cs\/wp-json\/wp\/v2\/media?parent=2780"}],"wp:term":[{"taxonomy":"product_brand","embeddable":true,"href":"https:\/\/nfc-readers.com\/cs\/wp-json\/wp\/v2\/product_brand?post=2780"},{"taxonomy":"product_cat","embeddable":true,"href":"https:\/\/nfc-readers.com\/cs\/wp-json\/wp\/v2\/product_cat?post=2780"},{"taxonomy":"product_tag","embeddable":true,"href":"https:\/\/nfc-readers.com\/cs\/wp-json\/wp\/v2\/product_tag?post=2780"}],"curies":[{"name":"wp","href":"https:\/\/api.w.org\/{rel}","templated":true}]}}