{"id":2784,"date":"2024-06-12T02:17:57","date_gmt":"2024-06-12T02:17:57","guid":{"rendered":"https:\/\/nfc-readers.com\/?post_type=product&#038;p=2784"},"modified":"2024-09-23T06:09:10","modified_gmt":"2024-09-23T06:09:10","slug":"acr40t-premium-high-speed-usb-contact-sim-sized-smartcard-reader-writer","status":"publish","type":"product","link":"https:\/\/nfc-readers.com\/cs\/ic-reader\/acr40t-premium-high-speed-usb-contact-sim-sized-smartcard-reader-writer\/","title":{"rendered":"ACR40T Premium vysokorychlostn\u00ed USB kontakt \u010cte\u010dka karet Smartcard a zapisova\u010d velikosti SIM"},"content":{"rendered":"<h1>ACR40T Premium vysokorychlostn\u00ed USB kontakt \u010cte\u010dka karet Smartcard a zapisova\u010d velikosti SIM<\/h1>\n<div class=\"auto-hide-last-sibling-br paragraph_1252f paragraph-element\">P\u0159edstavujeme ACR40T, nejnov\u011bj\u0161\u00ed kompaktn\u00ed vysokorychlostn\u00ed USB kontaktn\u00ed \u010dte\u010dku \u010dipov\u00fdch karet velikosti SIM. Podporuje upgrady firmwaru a je kompatibiln\u00ed s inteligentn\u00edmi kartami ISO 7816 t\u0159\u00eddy A, B a C (5 V, 3 V, 1,8 V), mikroprocesorov\u00fdmi kartami s protokoly T=0 a T=1 a \u0161irokou \u0161k\u00e1lou dostupn\u00fdch pam\u011b\u0165ov\u00fdch karet. na trhu.<\/div>\n<div class=\"auto-hide-last-sibling-br paragraph_1252f paragraph-element\">Charakteristick\u00fdm rysem ACR40T je kompaktn\u00ed design a posuvn\u00fd vstupn\u00ed slot pro \u010dipovou kartu, kter\u00fd kombinuje pokro\u010dilou inovativn\u00ed technologii. Pr\u00e9miov\u00fd design ACR40T-A6\/A7 obsahuje vestav\u011bn\u00e9 tla\u010d\u00edtko pro specifick\u00e9 aplikace, funkce z\u00e1sadn\u00ed pro ov\u011b\u0159en\u00ed p\u0159\u00edtomnosti u\u017eivatele, kter\u00e1 zaji\u0161\u0165uje, \u017ee u\u017eivatel je fyzicky p\u0159\u00edtomen k interakci s aplikac\u00ed. V souladu se standardy CCID a PC\/SC a tak\u00e9 Microsoft\u00ae WHQL je ACR40T kompatibiln\u00ed s v\u00edce opera\u010dn\u00edmi syst\u00e9my, jako jsou Windows\u00ae, Linux\u00ae, macOS, Android\u2122. Umo\u017e\u0148uje p\u0159ipojen\u00ed USB Type-A i USB Type-C.<\/div>\n<div>\n<ul>\n<li>\n<h2><strong>Podporuje r\u016fzn\u00e9 typy kontaktn\u00edch karet<\/strong><\/h2>\n<ul>\n<li>\n<h3>ISO 7816 T\u0159\u00edda A, B a C (5 V, 3 V a 1,8 V)<\/h3>\n<\/li>\n<li>\n<h3>Mikroprocesorov\u00e1 karta (T=0, T=1)<\/h3>\n<\/li>\n<li>\n<h3>Pam\u011b\u0165ov\u00e1 karta<\/h3>\n<\/li>\n<li>\n<h3>Funkce Ochrana proti zkratu<\/h3>\n<\/li>\n<\/ul>\n<\/li>\n<li>\n<h2><strong>Aplika\u010dn\u00ed programovac\u00ed rozhran\u00ed:<\/strong><\/h2>\n<ul>\n<li>\n<h3>Podporuje PC\/SC<\/h3>\n<\/li>\n<\/ul>\n<\/li>\n<li>\n<h2><strong>Vestav\u011bn\u00e9 periferie<\/strong><\/h2>\n<ul>\n<li>\n<h3>1 x programovateln\u00e1 LED (zelen\u00e1)<\/h3>\n<\/li>\n<li>\n<h3>1 x vestav\u011bn\u00e9 tla\u010d\u00edtko<\/h3>\n<\/li>\n<\/ul>\n<\/li>\n<\/ul>\n<table width=\"560\">\n<tbody>\n<tr>\n<td colspan=\"2\" width=\"560\">Fyzik\u00e1ln\u00ed vlastnosti<\/td>\n<\/tr>\n<tr>\n<td rowspan=\"2\" width=\"197\">Rozm\u011bry (mm)<\/td>\n<td width=\"363\">ACR40T-A6: 49,5 mm (D) \u00d7 17,7 mm (\u0160) \u00d7 8,0 mm (V)<\/td>\n<\/tr>\n<tr>\n<td width=\"363\">ACR40T-A7: 45,9 mm (D) \u00d7 17,7 mm (\u0160) \u00d7 8,0 mm (V)<\/td>\n<\/tr>\n<tr>\n<td rowspan=\"2\" width=\"197\">Hmotnost (g)<\/td>\n<td width=\"363\">ACR40T-A6: 8,1 g \u00b1 1,0 g<\/td>\n<\/tr>\n<tr>\n<td width=\"363\">ACR40T-A7: 6,2 g \u00b1 1,0 g<\/td>\n<\/tr>\n<tr>\n<td colspan=\"2\" width=\"560\">Rozhran\u00ed USB<\/td>\n<\/tr>\n<tr>\n<td width=\"197\">Protokol<\/td>\n<td width=\"363\">USB CCID<\/td>\n<\/tr>\n<tr>\n<td rowspan=\"2\" width=\"197\">Typ konektoru<\/td>\n<td width=\"363\">USB typu A<\/td>\n<\/tr>\n<tr>\n<td width=\"363\">USB Type-C<\/td>\n<\/tr>\n<tr>\n<td width=\"197\">Zdroj nap\u00e1jen\u00ed<\/td>\n<td width=\"363\">Z USB portu<\/td>\n<\/tr>\n<tr>\n<td width=\"197\">Rychlost<\/td>\n<td width=\"363\">USB Full Speed (12 Mbps)<\/td>\n<\/tr>\n<tr>\n<td colspan=\"2\" width=\"560\">Kontaktujte rozhran\u00ed Smart Card<\/td>\n<\/tr>\n<tr>\n<td width=\"197\">Po\u010det slot\u016f<\/td>\n<td width=\"363\">1 slot pro kartu SIM (2FF)<\/td>\n<\/tr>\n<tr>\n<td width=\"197\">Protokol<\/td>\n<td width=\"363\">T=0; T=1<\/td>\n<\/tr>\n<tr>\n<td colspan=\"2\" width=\"560\">Vestav\u011bn\u00e9 periferie<\/td>\n<\/tr>\n<tr>\n<td width=\"197\">Tla\u010d\u00edtka<\/td>\n<td width=\"363\">1<\/td>\n<\/tr>\n<tr>\n<td width=\"197\">LED<\/td>\n<td width=\"363\">Zelen\u00fd<\/td>\n<\/tr>\n<tr>\n<td colspan=\"2\" width=\"560\">Dal\u0161\u00ed funkce<\/td>\n<\/tr>\n<tr>\n<td width=\"197\">Dal\u0161\u00ed funkce<\/td>\n<td width=\"363\">Podporuje upgrade firmwaru<\/td>\n<\/tr>\n<tr>\n<td colspan=\"2\" width=\"560\">Certifikace\/shoda<\/td>\n<\/tr>\n<tr>\n<td rowspan=\"12\" width=\"197\">Certifikace\/shoda<\/td>\n<td width=\"363\">certifikace:<\/td>\n<\/tr>\n<tr>\n<td width=\"363\">UL 62368<\/td>\n<\/tr>\n<tr>\n<td width=\"363\">CE<\/td>\n<\/tr>\n<tr>\n<td width=\"363\">UKCA<\/td>\n<\/tr>\n<tr>\n<td width=\"363\">FCC<\/td>\n<\/tr>\n<tr>\n<td width=\"363\">RoHS<\/td>\n<\/tr>\n<tr>\n<td width=\"363\">DOSAH<\/td>\n<\/tr>\n<tr>\n<td width=\"363\">VCCI<\/td>\n<\/tr>\n<tr>\n<td width=\"363\">Microsoft\u00ae WHQL<\/td>\n<\/tr>\n<tr>\n<td width=\"363\">Soulad:<\/td>\n<\/tr>\n<tr>\n<td width=\"363\">USB CCID<\/td>\n<\/tr>\n<tr>\n<td width=\"363\">PC\/SC<\/td>\n<\/tr>\n<tr>\n<td colspan=\"2\" width=\"560\">Podpora opera\u010dn\u00edho syst\u00e9mu ovlada\u010de za\u0159\u00edzen\u00ed<\/td>\n<\/tr>\n<tr>\n<td rowspan=\"4\" width=\"197\">Podpora opera\u010dn\u00edho syst\u00e9mu ovlada\u010de za\u0159\u00edzen\u00ed<\/td>\n<td width=\"363\">Windows\u00ae<\/td>\n<\/tr>\n<tr>\n<td width=\"363\">Linux\u00ae<\/td>\n<\/tr>\n<tr>\n<td width=\"363\">macOS<\/td>\n<\/tr>\n<tr>\n<td width=\"363\">Android\u2122<\/td>\n<\/tr>\n<\/tbody>\n<\/table>\n<\/div>","protected":false},"excerpt":{"rendered":"<div class=\"auto-hide-last-sibling-br paragraph_1252f paragraph-element\">ACR40T je kompaktn\u00ed \u010dte\u010dka \u010dipov\u00fdch karet CCID, kter\u00e1 podporuje r\u016fzn\u00e9 \u010dipov\u00e9 karty a je kompatibiln\u00ed s v\u00edce opera\u010dn\u00edmi syst\u00e9my.<\/div>","protected":false},"featured_media":2785,"template":"","meta":[],"product_brand":[],"product_cat":[39],"product_tag":[],"class_list":{"0":"post-2784","1":"product","2":"type-product","3":"status-publish","4":"has-post-thumbnail","6":"product_cat-usb-ic-smartcard-reader","8":"first","9":"instock","10":"shipping-taxable","11":"product-type-simple"},"_links":{"self":[{"href":"https:\/\/nfc-readers.com\/cs\/wp-json\/wp\/v2\/product\/2784","targetHints":{"allow":["GET"]}}],"collection":[{"href":"https:\/\/nfc-readers.com\/cs\/wp-json\/wp\/v2\/product"}],"about":[{"href":"https:\/\/nfc-readers.com\/cs\/wp-json\/wp\/v2\/types\/product"}],"wp:featuredmedia":[{"embeddable":true,"href":"https:\/\/nfc-readers.com\/cs\/wp-json\/wp\/v2\/media\/2785"}],"wp:attachment":[{"href":"https:\/\/nfc-readers.com\/cs\/wp-json\/wp\/v2\/media?parent=2784"}],"wp:term":[{"taxonomy":"product_brand","embeddable":true,"href":"https:\/\/nfc-readers.com\/cs\/wp-json\/wp\/v2\/product_brand?post=2784"},{"taxonomy":"product_cat","embeddable":true,"href":"https:\/\/nfc-readers.com\/cs\/wp-json\/wp\/v2\/product_cat?post=2784"},{"taxonomy":"product_tag","embeddable":true,"href":"https:\/\/nfc-readers.com\/cs\/wp-json\/wp\/v2\/product_tag?post=2784"}],"curies":[{"name":"wp","href":"https:\/\/api.w.org\/{rel}","templated":true}]}}