{"id":2815,"date":"2024-06-19T06:35:44","date_gmt":"2024-06-19T06:35:44","guid":{"rendered":"https:\/\/nfc-readers.com\/?post_type=product&#038;p=2815"},"modified":"2024-09-23T05:48:48","modified_gmt":"2024-09-23T05:48:48","slug":"acr39u-h1-high-speed-usb-contact-smartcard-reader-writer","status":"publish","type":"product","link":"https:\/\/nfc-readers.com\/cs\/ic-reader\/acr39u-h1-high-speed-usb-contact-smartcard-reader-writer\/","title":{"rendered":"ACR39U-H1 Vysokorychlostn\u00ed USB kontaktn\u00ed \u010dte\u010dka \u010dipov\u00fdch karet Zapisova\u010dka"},"content":{"rendered":"<h1>ACR39U-H1 Vysokorychlostn\u00ed USB kontaktn\u00ed \u010dte\u010dka \u010dipov\u00fdch karet Zapisova\u010dka<\/h1>\n<p>ACR39U-H1 je v\u0161estrann\u00e1 \u010dte\u010dka \u010dipov\u00fdch karet, kter\u00e1 podporuje \u010dipov\u00e9 karty ISO 7816 t\u0159\u00eddy A, B a C (5 V, 3 V a 1,8 V), mikroprocesorov\u00e9 karty s protokolem T=0 nebo T=1 a pam\u011b\u0165 karty. Je pozoruhodn\u00e9, \u017ee je tak\u00e9 kompatibiln\u00ed s malajskou identifika\u010dn\u00ed kartou (Mykad). Je vybaven rozhran\u00edm USB s plnou rychlost\u00ed a m\u016f\u017ee se pochlubit rychlost\u00ed \u010dten\u00ed\/z\u00e1pisu \u010dipov\u00e9 karty a\u017e 600 Kbps. ACR39U-H1 je neuv\u011b\u0159iteln\u011b odoln\u00fd, s \u017eivotnost\u00ed 200 000 cykl\u016f vlo\u017een\u00ed karty. Je dr\u017eitelem r\u016fzn\u00fdch certifikac\u00ed, v\u010detn\u011b EMV\u2122 Level 1 (Kontakt) a PBOC (\u010c\u00ednsk\u00e1 lidov\u00e1 banka), d\u00edky \u010demu\u017e je dokonalou \u010dte\u010dkou \u010dipov\u00fdch karet pro va\u0161e aplikace elektronick\u00e9ho bankovnictv\u00ed a elektronick\u00fdch plateb.<\/p>\n<ul>\n<li>\n<h2>Rozhran\u00ed USB Full Speed<\/h2>\n<\/li>\n<li>\n<h2>Kompatibiln\u00ed s USB 3.0<\/h2>\n<\/li>\n<li>\n<h2>Konektor USB typu A<\/h2>\n<\/li>\n<li>\n<h2>Plug and Play \u2013 podpora CCID p\u0159in\u00e1\u0161\u00ed maxim\u00e1ln\u00ed mobilitu<\/h2>\n<\/li>\n<li>\n<h2>\u010cte\u010dka \u010dipov\u00fdch karet:<\/h2>\n<ul>\n<li>\n<h3>Kontaktn\u00ed rozhran\u00ed:<\/h3>\n<ul>\n<li>Podporuje karty ISO 7816 t\u0159\u00eddy A, B a C (5 V, 3 V, 1,8 V)<\/li>\n<li>Podporuje CAC (Common Access Card)<\/li>\n<li>Podporuje SIPRNET Card<\/li>\n<li>Podporuje mikroprocesorov\u00e9 karty s protokolem T=0 nebo T=1<\/li>\n<li>Podporuje pam\u011b\u0165ov\u00e9 karty<\/li>\n<li>Podporuje Mykad Card<\/li>\n<li>Podporuje PPS (v\u00fdb\u011br protokolu a parametr\u016f)<\/li>\n<li>Funkce Ochrana proti zkratu<\/li>\n<\/ul>\n<\/li>\n<\/ul>\n<\/li>\n<li>\n<h2>Aplika\u010dn\u00ed programovac\u00ed rozhran\u00ed:<\/h2>\n<ul>\n<li>\n<h3>Podporuje PC\/SC<\/h3>\n<\/li>\n<li>\n<h3>Podporuje CT-API (p\u0159es obal na PC\/SC)<\/h3>\n<\/li>\n<\/ul>\n<\/li>\n<li>\n<h2>Podporuje Android\u2122 3.1 a nov\u011bj\u0161\u00ed<\/h2>\n<\/li>\n<\/ul>\n<table width=\"478\">\n<tbody>\n<tr>\n<td colspan=\"2\" width=\"478\">Fyzik\u00e1ln\u00ed vlastnosti<\/td>\n<\/tr>\n<tr>\n<td width=\"237\">Rozm\u011bry (mm)<\/td>\n<td width=\"241\">71,5 mm (D) x 80,0 mm (\u0160) x 80,0 mm (V)<\/td>\n<\/tr>\n<tr>\n<td width=\"237\">Hmotnost (g)<\/td>\n<td width=\"241\">174 g<\/td>\n<\/tr>\n<tr>\n<td colspan=\"2\" width=\"478\">Samostatn\u00fd re\u017eim<\/td>\n<\/tr>\n<tr>\n<td width=\"237\">Opera\u010dn\u00ed syst\u00e9m<\/td>\n<td width=\"241\">1 Slot pro kartu pln\u00e9 velikosti<\/td>\n<\/tr>\n<tr>\n<td colspan=\"2\" width=\"478\">Rozhran\u00ed USB<\/td>\n<\/tr>\n<tr>\n<td width=\"237\">Protokol<\/td>\n<td width=\"241\">USB CCID<\/td>\n<\/tr>\n<tr>\n<td width=\"237\">Typ konektoru<\/td>\n<td width=\"241\">Standardn\u00ed typ A<\/td>\n<\/tr>\n<tr>\n<td width=\"237\">Zdroj nap\u00e1jen\u00ed<\/td>\n<td width=\"241\">Z USB portu<\/td>\n<\/tr>\n<tr>\n<td width=\"237\">Rychlost<\/td>\n<td width=\"241\">USB 2.0 Full Speed (12 Mbps)<\/td>\n<\/tr>\n<tr>\n<td width=\"237\">D\u00e9lka kabelu<\/td>\n<td width=\"241\">1,5 m, Pevn\u00e9<\/td>\n<\/tr>\n<tr>\n<td colspan=\"2\" width=\"478\">Kontaktujte rozhran\u00ed Smart Card<\/td>\n<\/tr>\n<tr>\n<td width=\"237\">Po\u010det slot\u016f<\/td>\n<td width=\"241\">1 Slot pro kartu pln\u00e9 velikosti<\/td>\n<\/tr>\n<tr>\n<td width=\"237\">Norma<\/td>\n<td width=\"241\">ISO 7816 \u010c\u00e1sti 1-4, T\u0159\u00edda A, B, C (5 V, 3 V, 1,8 V)<\/td>\n<\/tr>\n<tr>\n<td width=\"237\">Protokol<\/td>\n<td width=\"241\">T=0; T = 1; Podpora pam\u011b\u0165ov\u00fdch karet<\/td>\n<\/tr>\n<tr>\n<td width=\"237\">Ostatn\u00ed<\/td>\n<td width=\"241\">Chytr\u00e9 karty Mykad, CAC, PIV, SIPRNET<\/td>\n<\/tr>\n<tr>\n<td colspan=\"2\" width=\"478\">Certifikace\/shoda<\/td>\n<\/tr>\n<tr>\n<td rowspan=\"17\" width=\"237\">Certifikace\/shoda<\/td>\n<td width=\"241\">EN62368\/IEC 62368<\/td>\n<\/tr>\n<tr>\n<td width=\"241\">CE<\/td>\n<\/tr>\n<tr>\n<td width=\"241\">FCC<\/td>\n<\/tr>\n<tr>\n<td width=\"241\">RoHS<\/td>\n<\/tr>\n<tr>\n<td width=\"241\">DOSAH<\/td>\n<\/tr>\n<tr>\n<td width=\"241\">EMV\u2122 Level 1 (Kontakt)<\/td>\n<\/tr>\n<tr>\n<td width=\"241\">KCC<\/td>\n<\/tr>\n<tr>\n<td width=\"241\">PBOC<\/td>\n<\/tr>\n<tr>\n<td width=\"241\">TAA (USA)<\/td>\n<\/tr>\n<tr>\n<td width=\"241\">UKCA<\/td>\n<\/tr>\n<tr>\n<td width=\"241\">VCCI<\/td>\n<\/tr>\n<tr>\n<td width=\"241\">OEEZ<\/td>\n<\/tr>\n<tr>\n<td width=\"241\">ISO 7816<\/td>\n<\/tr>\n<tr>\n<td width=\"241\">USB 2.0 Full Speed<\/td>\n<\/tr>\n<tr>\n<td width=\"241\">PC\/SC<\/td>\n<\/tr>\n<tr>\n<td width=\"241\">CCID<\/td>\n<\/tr>\n<tr>\n<td width=\"241\">Microsoft\u00ae WHQL<\/td>\n<\/tr>\n<tr>\n<td colspan=\"2\" width=\"478\">Podpora opera\u010dn\u00edho syst\u00e9mu ovlada\u010de za\u0159\u00edzen\u00ed<\/td>\n<\/tr>\n<tr>\n<td rowspan=\"5\" width=\"237\">Podpora opera\u010dn\u00edho syst\u00e9mu ovlada\u010de za\u0159\u00edzen\u00ed<\/td>\n<td width=\"241\">Windows\u00ae<\/td>\n<\/tr>\n<tr>\n<td width=\"241\">Linux\u00ae<\/td>\n<\/tr>\n<tr>\n<td width=\"241\">macOS\u00ae<\/td>\n<\/tr>\n<tr>\n<td width=\"241\">Solaris\u2122<\/td>\n<\/tr>\n<tr>\n<td width=\"241\">Android\u2122<\/td>\n<\/tr>\n<tr>\n<td><\/td>\n<td><\/td>\n<\/tr>\n<\/tbody>\n<\/table>","protected":false},"excerpt":{"rendered":"<p>ACR39U-H1 je u\u017eivatelsky p\u0159\u00edv\u011btiv\u00e1 \u010dte\u010dka karet EMV PBOC navr\u017een\u00e1 pro r\u016fzn\u00e9 aplikace, v\u010detn\u011b e-Governmentu a \u0159\u00edzen\u00ed p\u0159\u00edstupu.<\/p>","protected":false},"featured_media":2816,"template":"","meta":[],"product_brand":[],"product_cat":[39],"product_tag":[],"class_list":{"0":"post-2815","1":"product","2":"type-product","3":"status-publish","4":"has-post-thumbnail","6":"product_cat-usb-ic-smartcard-reader","8":"first","9":"instock","10":"shipping-taxable","11":"product-type-simple"},"_links":{"self":[{"href":"https:\/\/nfc-readers.com\/cs\/wp-json\/wp\/v2\/product\/2815","targetHints":{"allow":["GET"]}}],"collection":[{"href":"https:\/\/nfc-readers.com\/cs\/wp-json\/wp\/v2\/product"}],"about":[{"href":"https:\/\/nfc-readers.com\/cs\/wp-json\/wp\/v2\/types\/product"}],"wp:featuredmedia":[{"embeddable":true,"href":"https:\/\/nfc-readers.com\/cs\/wp-json\/wp\/v2\/media\/2816"}],"wp:attachment":[{"href":"https:\/\/nfc-readers.com\/cs\/wp-json\/wp\/v2\/media?parent=2815"}],"wp:term":[{"taxonomy":"product_brand","embeddable":true,"href":"https:\/\/nfc-readers.com\/cs\/wp-json\/wp\/v2\/product_brand?post=2815"},{"taxonomy":"product_cat","embeddable":true,"href":"https:\/\/nfc-readers.com\/cs\/wp-json\/wp\/v2\/product_cat?post=2815"},{"taxonomy":"product_tag","embeddable":true,"href":"https:\/\/nfc-readers.com\/cs\/wp-json\/wp\/v2\/product_tag?post=2815"}],"curies":[{"name":"wp","href":"https:\/\/api.w.org\/{rel}","templated":true}]}}