{"id":2875,"date":"2024-07-02T01:48:57","date_gmt":"2024-07-02T01:48:57","guid":{"rendered":"https:\/\/nfc-readers.com\/?post_type=product&#038;p=2875"},"modified":"2024-09-23T05:44:47","modified_gmt":"2024-09-23T05:44:47","slug":"acr39t-a5-usb-type-c-contact-sim-sized-smartcard-reader-writer","status":"publish","type":"product","link":"https:\/\/nfc-readers.com\/cs\/ic-reader\/acr39t-a5-usb-type-c-contact-sim-sized-smartcard-reader-writer\/","title":{"rendered":"ACR39T-A5 USB typu C \u010cte\u010dka karet Smart Card s velikost\u00ed kontaktu C a zapisovac\u00ed jednotka"},"content":{"rendered":"<h1>ACR39T-A5 USB typu C \u010cte\u010dka karet Smart Card s velikost\u00ed kontaktu C a zapisovac\u00ed jednotka<\/h1>\n<div class=\"auto-hide-last-sibling-br paragraph_9dc5f paragraph-element\">ACR39T-A5 p\u0159edstavuje pr\u016flom v oblasti \u010dte\u010dek \u010dipov\u00fdch karet a p\u0159edstavuje jak pokro\u010dilou technologii, tak sou\u010dasn\u00fd design. Tato \u010dte\u010dka \u010dipov\u00fdch karet velikosti SIM m\u016f\u017ee b\u00fdt kompaktn\u00ed, ale je nabit\u00e1 mnoha funkcemi. Kombinac\u00ed \u0161pi\u010dkov\u00e9 technologie s elegantn\u00edm designem je ACR39T-A5 zkonstruov\u00e1n tak, aby spl\u0148oval p\u0159\u00edsn\u00e9 po\u017eadavky v r\u016fzn\u00fdch aplikac\u00edch \u010dipov\u00fdch karet. ACR39T-A5 je kompatibiln\u00ed s \u010dipov\u00fdmi kartami ISO 7816 t\u0159\u00eddy A, B a C (pracuj\u00edc\u00ed p\u0159i 5 V, 3 V a 1,8 V) a efektivn\u011b zpracuje \u0161irokou \u0161k\u00e1lu pam\u011b\u0165ov\u00fdch karet a mikroprocesorov\u00fdch karet, kter\u00e9 pou\u017e\u00edvaj\u00ed protokol T=0 a T=1. Za\u0159\u00edzen\u00ed je vybaveno rozhran\u00edm USB Full Speed s konektorem USB typu C a podporuje rychlost \u010dten\u00ed\/z\u00e1pisu \u010dipov\u00fdch karet a\u017e 600 Kb\/s. D\u00edky tomu je vynikaj\u00edc\u00ed volbou pro \u0159adu \u0159e\u0161en\u00ed, v\u010detn\u011b \u0159\u00edzen\u00ed fyzick\u00e9ho a logick\u00e9ho p\u0159\u00edstupu, digit\u00e1ln\u00edch podpis\u016f a online bankovnictv\u00ed.<\/div>\n<div>\n<ul>\n<li>\n<h2>Rozhran\u00ed USB 2.0 Full Speed<\/h2>\n<\/li>\n<li>\n<h2>Konektor USB typu C<\/h2>\n<\/li>\n<li>\n<h2>Plug and Play \u2013 podpora CCID p\u0159in\u00e1\u0161\u00ed maxim\u00e1ln\u00ed mobilitu<\/h2>\n<\/li>\n<li>\n<h2>\u010cte\u010dka \u010dipov\u00fdch karet:<\/h2>\n<ul>\n<li>\n<h3>Podporuje karty ISO 7816 t\u0159\u00eddy A, B a C (5 V, 3 V, 1,8 V)<\/h3>\n<\/li>\n<li>\n<h3>Podporuje mikroprocesorov\u00e9 karty s protokolem T=0 nebo T=1<\/h3>\n<\/li>\n<li>\n<h3>Podporuje pam\u011b\u0165ov\u00e9 karty<\/h3>\n<\/li>\n<li>\n<h3>Podporuje PPS (v\u00fdb\u011br protokolu a parametr\u016f)<\/h3>\n<\/li>\n<li>\n<h3>Obsahuje ochranu proti zkratu<\/h3>\n<\/li>\n<\/ul>\n<\/li>\n<li>\n<h2>Aplika\u010dn\u00ed programovac\u00ed rozhran\u00ed:<\/h2>\n<ul>\n<li>\n<h3>Podporuje PC\/SC<\/h3>\n<\/li>\n<li>\n<h3>Podporuje CT-API (p\u0159es obal na PC\/SC)<\/h3>\n<\/li>\n<\/ul>\n<\/li>\n<li>\n<h2>Podporuje Android\u2122 3.1 a nov\u011bj\u0161\u00ed<\/h2>\n<\/li>\n<\/ul>\n<table width=\"636\">\n<tbody>\n<tr>\n<td colspan=\"2\" width=\"636\">\n<h2>Fyzik\u00e1ln\u00ed vlastnosti<\/h2>\n<\/td>\n<\/tr>\n<tr>\n<td width=\"223\">Rozm\u011bry (mm)<\/td>\n<td width=\"413\">49,5 mm (D) \u00d7 21,5 mm (\u0160) \u00d7 9,0 mm (V)<\/td>\n<\/tr>\n<tr>\n<td width=\"223\">Hmotnost (g)<\/td>\n<td width=\"413\">7 g<\/td>\n<\/tr>\n<tr>\n<td colspan=\"2\" width=\"636\">Rozhran\u00ed USB<\/td>\n<\/tr>\n<tr>\n<td width=\"223\">Protokol<\/td>\n<td width=\"413\">USB CCID<\/td>\n<\/tr>\n<tr>\n<td width=\"223\">Typ konektoru<\/td>\n<td width=\"413\">Standardn\u00ed typ C<\/td>\n<\/tr>\n<tr>\n<td width=\"223\">Zdroj nap\u00e1jen\u00ed<\/td>\n<td width=\"413\">Z USB portu<\/td>\n<\/tr>\n<tr>\n<td width=\"223\">Rychlost<\/td>\n<td width=\"413\">USB Full Speed (12 Mbps)<\/td>\n<\/tr>\n<tr>\n<td colspan=\"2\" width=\"636\">Kontaktujte rozhran\u00ed Smart Card<\/td>\n<\/tr>\n<tr>\n<td width=\"223\">Po\u010det slot\u016f<\/td>\n<td width=\"413\">1 slot pro kartu SIM<\/td>\n<\/tr>\n<tr>\n<td width=\"223\">Norma<\/td>\n<td width=\"413\">ISO 7816 \u010c\u00e1sti 1-4, T\u0159\u00edda A, B, C (5 V, 3 V, 1,8 V)<\/td>\n<\/tr>\n<tr>\n<td width=\"223\">Protokol<\/td>\n<td width=\"413\">T=0; T = 1; Podpora pam\u011b\u0165ov\u00fdch karet<\/td>\n<\/tr>\n<tr>\n<td colspan=\"2\" width=\"636\">Vestav\u011bn\u00e9 periferie<\/td>\n<\/tr>\n<tr>\n<td width=\"223\">LED<\/td>\n<td width=\"413\">1 jednobarevn\u00fd: Zelen\u00fd<\/td>\n<\/tr>\n<tr>\n<td colspan=\"2\" width=\"636\">Certifikace\/shoda<\/td>\n<\/tr>\n<tr>\n<td rowspan=\"13\" width=\"223\">Certifikace\/shoda<\/td>\n<td width=\"413\">EN62368\/IEC 62368<\/td>\n<\/tr>\n<tr>\n<td width=\"413\">CE<\/td>\n<\/tr>\n<tr>\n<td width=\"413\">FCC<\/td>\n<\/tr>\n<tr>\n<td width=\"413\">RoHS<\/td>\n<\/tr>\n<tr>\n<td width=\"413\">DOSAH<\/td>\n<\/tr>\n<tr>\n<td width=\"413\">UKCA<\/td>\n<\/tr>\n<tr>\n<td width=\"413\">VCCI<\/td>\n<\/tr>\n<tr>\n<td width=\"413\">OEEZ<\/td>\n<\/tr>\n<tr>\n<td width=\"413\">ISO 7816<\/td>\n<\/tr>\n<tr>\n<td width=\"413\">USB 2.0 Full Speed<\/td>\n<\/tr>\n<tr>\n<td width=\"413\">PC\/SC<\/td>\n<\/tr>\n<tr>\n<td width=\"413\">CCID<\/td>\n<\/tr>\n<tr>\n<td width=\"413\">Microsoft\u00ae WHQL<\/td>\n<\/tr>\n<tr>\n<td colspan=\"2\" width=\"636\">Podpora opera\u010dn\u00edho syst\u00e9mu ovlada\u010de za\u0159\u00edzen\u00ed<\/td>\n<\/tr>\n<tr>\n<td rowspan=\"4\" width=\"223\">Podpora opera\u010dn\u00edho syst\u00e9mu ovlada\u010de za\u0159\u00edzen\u00ed<\/td>\n<td width=\"413\">Windows\u00ae<\/td>\n<\/tr>\n<tr>\n<td width=\"413\">Linux\u00ae<\/td>\n<\/tr>\n<tr>\n<td width=\"413\">macOS\u00ae 10.7 a nov\u011bj\u0161\u00ed<\/td>\n<\/tr>\n<tr>\n<td width=\"413\">Android\u2122 3.1 a nov\u011bj\u0161\u00ed Solaris\u2122<\/td>\n<\/tr>\n<\/tbody>\n<\/table>\n<\/div>\n<div><\/div>","protected":false},"excerpt":{"rendered":"<div class=\"auto-hide-last-sibling-br paragraph_9dc5f paragraph-element\">ACR39T-A5 je kompaktn\u00ed \u010dte\u010dka SIM karet, kter\u00e1 vyu\u017e\u00edv\u00e1 pokro\u010dil\u00e9 technologie pro efektivn\u00ed operace s \u010dipov\u00fdmi kartami.<\/div>","protected":false},"featured_media":2876,"template":"","meta":[],"product_brand":[],"product_cat":[39],"product_tag":[],"class_list":{"0":"post-2875","1":"product","2":"type-product","3":"status-publish","4":"has-post-thumbnail","6":"product_cat-usb-ic-smartcard-reader","8":"first","9":"instock","10":"shipping-taxable","11":"product-type-simple"},"_links":{"self":[{"href":"https:\/\/nfc-readers.com\/cs\/wp-json\/wp\/v2\/product\/2875","targetHints":{"allow":["GET"]}}],"collection":[{"href":"https:\/\/nfc-readers.com\/cs\/wp-json\/wp\/v2\/product"}],"about":[{"href":"https:\/\/nfc-readers.com\/cs\/wp-json\/wp\/v2\/types\/product"}],"wp:featuredmedia":[{"embeddable":true,"href":"https:\/\/nfc-readers.com\/cs\/wp-json\/wp\/v2\/media\/2876"}],"wp:attachment":[{"href":"https:\/\/nfc-readers.com\/cs\/wp-json\/wp\/v2\/media?parent=2875"}],"wp:term":[{"taxonomy":"product_brand","embeddable":true,"href":"https:\/\/nfc-readers.com\/cs\/wp-json\/wp\/v2\/product_brand?post=2875"},{"taxonomy":"product_cat","embeddable":true,"href":"https:\/\/nfc-readers.com\/cs\/wp-json\/wp\/v2\/product_cat?post=2875"},{"taxonomy":"product_tag","embeddable":true,"href":"https:\/\/nfc-readers.com\/cs\/wp-json\/wp\/v2\/product_tag?post=2875"}],"curies":[{"name":"wp","href":"https:\/\/api.w.org\/{rel}","templated":true}]}}