{"id":2877,"date":"2024-07-02T01:58:12","date_gmt":"2024-07-02T01:58:12","guid":{"rendered":"https:\/\/nfc-readers.com\/?post_type=product&#038;p=2877"},"modified":"2024-09-23T05:42:11","modified_gmt":"2024-09-23T05:42:11","slug":"acr39f-a2-usb-contact-smartcard-reader-writer","status":"publish","type":"product","link":"https:\/\/nfc-readers.com\/cs\/ic-reader\/acr39f-a2-usb-contact-smartcard-reader-writer\/","title":{"rendered":"ACR39F A2 USB kontaktn\u00ed \u010dte\u010dka \u010dipov\u00fdch karet Zapisova\u010dka"},"content":{"rendered":"<h1>ACR39F A2 USB kontaktn\u00ed \u010dte\u010dka \u010dipov\u00fdch karet Zapisova\u010dka<\/h1>\n<div class=\"auto-hide-last-sibling-br paragraph_9dc5f paragraph-element\">ACR39F Smart Floppy nab\u00edz\u00ed optim\u00e1ln\u00ed \u0159e\u0161en\u00ed pro snadnou integraci \u010dte\u010dek \u010dipov\u00fdch karet do nastaven\u00ed stoln\u00edho po\u010d\u00edta\u010de. P\u0159ipojuje se p\u0159es rozhran\u00ed USB a je nap\u00e1jena intern\u00edm nap\u00e1jec\u00edm zdrojem po\u010d\u00edta\u010de, co\u017e umo\u017e\u0148uje p\u0159izp\u016fsoben\u00ed podle preferenc\u00ed u\u017eivatele. ACR39F Smart Floppy podporuje inteligentn\u00ed karty ISO 7816 t\u0159\u00eddy A, B a C a je tak\u00e9 kompatibiln\u00ed s r\u016fzn\u00fdmi pam\u011b\u0165ov\u00fdmi kartami a mikroprocesorov\u00fdmi kartami. kter\u00e9 pou\u017e\u00edvaj\u00ed protokoly T=0 a T=1. Je vybaven rozhran\u00edm USB Full Speed a poskytuje rychlost \u010dten\u00ed\/z\u00e1pisu 600 Kbps pro \u010dipov\u00e9 karty. Toto robustn\u00ed za\u0159\u00edzen\u00ed je navr\u017eeno tak, aby vydr\u017eelo nejm\u00e9n\u011b 100 000 cykl\u016f vlo\u017een\u00ed karty a zajistilo tak dlouhotrvaj\u00edc\u00ed v\u00fdkon.<\/div>\n<div>\n<ul>\n<li>\n<h2>Rozhran\u00ed USB 2.0 Full Speed (p\u0159es odn\u00edmateln\u00fd kabel)<\/h2>\n<\/li>\n<li>\n<h2>Kompatibiln\u00ed s USB 3.0<\/h2>\n<\/li>\n<li>\n<h2>Plug and Play \u2013 podpora CCID p\u0159in\u00e1\u0161\u00ed maxim\u00e1ln\u00ed mobilitu<\/h2>\n<\/li>\n<li>\n<h2>\u010cte\u010dka \u010dipov\u00fdch karet:<\/h2>\n<ul>\n<li>\n<h3>Podporuje karty ISO 7816 t\u0159\u00eddy A, B a C (5 V, 3 V, 1,8 V)<\/h3>\n<\/li>\n<li>\n<h3>Podporuje CAC<\/h3>\n<\/li>\n<li>\n<h3>Podporuje SIPRNET Card<\/h3>\n<\/li>\n<li>\n<h3>Podporuje kartu J-LIS<\/h3>\n<\/li>\n<li>\n<h3>Podporuje mikroprocesorov\u00e9 karty s protokolem T=0 nebo T=1<\/h3>\n<\/li>\n<li>\n<h3>Podporuje pam\u011b\u0165ov\u00e9 karty<\/h3>\n<\/li>\n<li>\n<h3>Podporuje PPS (v\u00fdb\u011br protokolu a parametr\u016f)<\/h3>\n<\/li>\n<li>\n<h3>Funkce Ochrana proti zkratu<\/h3>\n<\/li>\n<\/ul>\n<\/li>\n<li>\n<h2>Aplika\u010dn\u00ed programovac\u00ed rozhran\u00ed:<\/h2>\n<ul>\n<li>\n<h3>Podporuje PC\/SC<\/h3>\n<\/li>\n<li>\n<h3>Podporuje CT-API (p\u0159es obal na PC\/SC)<\/h3>\n<\/li>\n<\/ul>\n<\/li>\n<li>\n<h2>Podporuje Android\u2122 verze 3.1 a nov\u011bj\u0161\u00ed<\/h2>\n<\/li>\n<\/ul>\n<table style=\"height: 695px;\" width=\"639\">\n<tbody>\n<tr>\n<td colspan=\"2\" width=\"473\">\n<h2>Fyzik\u00e1ln\u00ed vlastnosti<\/h2>\n<\/td>\n<\/tr>\n<tr>\n<td width=\"179\">Rozm\u011bry (mm)<\/td>\n<td width=\"294\">125,0 mm (D) \u00d7 101,0 mm (\u0160) \u00d7 25,5 mm (V)<\/td>\n<\/tr>\n<tr>\n<td width=\"179\">Hmotnost (g)<\/td>\n<td width=\"294\">82,5 g<\/td>\n<\/tr>\n<tr>\n<td colspan=\"2\" width=\"473\">Rozhran\u00ed USB<\/td>\n<\/tr>\n<tr>\n<td width=\"179\">Protokol<\/td>\n<td width=\"294\">USB CCID<\/td>\n<\/tr>\n<tr>\n<td width=\"179\">Typ konektoru<\/td>\n<td width=\"294\">1 x 5pinov\u00fd konektor z\u00e1hlav\u00ed<\/td>\n<\/tr>\n<tr>\n<td width=\"179\">Zdroj nap\u00e1jen\u00ed<\/td>\n<td width=\"294\">Z USB portu<\/td>\n<\/tr>\n<tr>\n<td width=\"179\">Rychlost<\/td>\n<td width=\"294\">USB Full Speed (12 Mbps)<\/td>\n<\/tr>\n<tr>\n<td width=\"179\">D\u00e9lka kabelu<\/td>\n<td width=\"294\">1,0 m, odn\u00edmateln\u00e9<\/td>\n<\/tr>\n<tr>\n<td colspan=\"2\" width=\"473\">Kontaktujte rozhran\u00ed Smart Card<\/td>\n<\/tr>\n<tr>\n<td width=\"179\">Po\u010det slot\u016f<\/td>\n<td width=\"294\">1 Slot pro kartu pln\u00e9 velikosti<\/td>\n<\/tr>\n<tr>\n<td width=\"179\">Norma<\/td>\n<td width=\"294\">ISO 7816 \u010c\u00e1sti 1-4, T\u0159\u00edda A, B, C (5 V, 3 V, 1,8 V)<\/td>\n<\/tr>\n<tr>\n<td width=\"179\">Protokol<\/td>\n<td width=\"294\">T=0; T = 1; Podpora pam\u011b\u0165ov\u00fdch karet<\/td>\n<\/tr>\n<tr>\n<td width=\"179\">Ostatn\u00ed<\/td>\n<td width=\"294\">Chytr\u00e9 karty CAC, PIV, SIPRNET, J-LIS<\/td>\n<\/tr>\n<tr>\n<td colspan=\"2\" width=\"473\">Certifikace\/shoda<\/td>\n<\/tr>\n<tr>\n<td rowspan=\"9\" width=\"179\">Certifikace\/shoda<\/td>\n<td width=\"294\">EN60950\/IEC 60950<\/td>\n<\/tr>\n<tr>\n<td width=\"294\">ISO 7816<\/td>\n<\/tr>\n<tr>\n<td width=\"294\">USB pln\u00e1 rychlost<\/td>\n<\/tr>\n<tr>\n<td width=\"294\">EMV\u2122 Level 1 (Kontakt)<\/td>\n<\/tr>\n<tr>\n<td width=\"294\">PC\/SC<\/td>\n<\/tr>\n<tr>\n<td width=\"294\">CCID<\/td>\n<\/tr>\n<tr>\n<td width=\"294\">CE<\/td>\n<\/tr>\n<tr>\n<td width=\"294\">FCC<\/td>\n<\/tr>\n<tr>\n<td width=\"294\">OEEZ<\/td>\n<\/tr>\n<\/tbody>\n<\/table>\n<\/div>","protected":false},"excerpt":{"rendered":"<div class=\"auto-hide-last-sibling-br paragraph_9dc5f paragraph-element\">ACR39F Smart Floppy je v\u0161estrann\u00e1 EMV USB \u010dte\u010dka karet, kter\u00e1 snadno integruje \u010dte\u010dky \u010dipov\u00fdch karet do nastaven\u00ed stoln\u00edho po\u010d\u00edta\u010de.<\/div>","protected":false},"featured_media":2881,"template":"","meta":[],"product_brand":[],"product_cat":[39],"product_tag":[],"class_list":{"0":"post-2877","1":"product","2":"type-product","3":"status-publish","4":"has-post-thumbnail","6":"product_cat-usb-ic-smartcard-reader","8":"first","9":"instock","10":"shipping-taxable","11":"product-type-simple"},"_links":{"self":[{"href":"https:\/\/nfc-readers.com\/cs\/wp-json\/wp\/v2\/product\/2877","targetHints":{"allow":["GET"]}}],"collection":[{"href":"https:\/\/nfc-readers.com\/cs\/wp-json\/wp\/v2\/product"}],"about":[{"href":"https:\/\/nfc-readers.com\/cs\/wp-json\/wp\/v2\/types\/product"}],"wp:featuredmedia":[{"embeddable":true,"href":"https:\/\/nfc-readers.com\/cs\/wp-json\/wp\/v2\/media\/2881"}],"wp:attachment":[{"href":"https:\/\/nfc-readers.com\/cs\/wp-json\/wp\/v2\/media?parent=2877"}],"wp:term":[{"taxonomy":"product_brand","embeddable":true,"href":"https:\/\/nfc-readers.com\/cs\/wp-json\/wp\/v2\/product_brand?post=2877"},{"taxonomy":"product_cat","embeddable":true,"href":"https:\/\/nfc-readers.com\/cs\/wp-json\/wp\/v2\/product_cat?post=2877"},{"taxonomy":"product_tag","embeddable":true,"href":"https:\/\/nfc-readers.com\/cs\/wp-json\/wp\/v2\/product_tag?post=2877"}],"curies":[{"name":"wp","href":"https:\/\/api.w.org\/{rel}","templated":true}]}}