{"id":3396,"date":"2024-11-03T02:56:29","date_gmt":"2024-11-03T02:56:29","guid":{"rendered":"https:\/\/nfc-readers.com\/?post_type=product&#038;p=3396"},"modified":"2024-11-03T02:56:30","modified_gmt":"2024-11-03T02:56:30","slug":"fast-read-encrypted-rfid-nfc-event-wristband-ntag215-mifare","status":"publish","type":"product","link":"https:\/\/nfc-readers.com\/cs\/ic-reader\/fast-read-encrypted-rfid-nfc-event-wristband-ntag215-mifare\/","title":{"rendered":"Rychl\u00fd n\u00e1ramek Ntag215 MIFARE s \u0161ifrovan\u00fdm RFID ud\u00e1lostem NFC"},"content":{"rendered":"<h1 style=\"text-align: center;\">Rychl\u00fd n\u00e1ramek Ntag215 MIFARE s \u0161ifrovan\u00fdm RFID ud\u00e1lostem NFC<\/h1>\n<p>&nbsp;<\/p>\n<p>V digit\u00e1ln\u00edm v\u011bku se bezprobl\u00e9mov\u00e1 kontrola p\u0159\u00edstupu a \u0159e\u0161en\u00ed bezhotovostn\u00edch transakc\u00ed staly nezbytn\u00fdmi pro akce v\u0161ech velikost\u00ed. P\u0159edstavujeme <strong>Rychl\u00fd n\u00e1ramek Ntag215 MIFARE s \u0161ifrovan\u00fdm RFID ud\u00e1lostem NFC<\/strong>\u00a0z\u00a0<em>SXNFC<\/em>, dokonal\u00e9 \u0159e\u0161en\u00ed pro zlep\u0161en\u00ed z\u00e1\u017eitku host\u016f a zaji\u0161t\u011bn\u00ed efektivn\u00ed spr\u00e1vy ud\u00e1lost\u00ed. Tento n\u00e1ramek navr\u017een\u00fd speci\u00e1ln\u011b pro r\u016fzn\u00e9 akce \u2013 od hudebn\u00edch festival\u016f a sportovn\u00edch akc\u00ed a\u017e po konference a sc\u00e9n\u00e1\u0159e \u0159\u00edzen\u00ed p\u0159\u00edstupu \u2013 kombinuje \u0161pi\u010dkovou technologii s u\u017eivatelsky p\u0159\u00edjemn\u00fdmi funkcemi.<\/p>\n<p>&nbsp;<\/p>\n<h3>Pro\u010d si koupit n\u00e1ramek pro rychl\u00e9 \u010dten\u00ed \u0161ifrovan\u00e9ho RFID NFC Event Wristband?<\/h3>\n<p>The\u00a0<strong>Ntag215 MIFARE<\/strong>\u00a0RFID\/NFC n\u00e1ramek je inovativn\u00ed produkt, kter\u00fd nab\u00edz\u00ed \u0159adu v\u00fdhod. Vyrobeno z odoln\u00e9ho PVC a tkan\u00fdch materi\u00e1l\u016f, slibuje dlouhou \u017eivotnost a spolehlivost. Jeho funkce rychl\u00e9ho \u010dten\u00ed zaji\u0161\u0165uje krat\u0161\u00ed \u010dekac\u00ed doby a zlep\u0161uje tok host\u016f na vstupn\u00edch bodech. Nav\u00edc d\u00edky vod\u011bodoln\u00e9mu proveden\u00ed m\u016f\u017eete tyto n\u00e1ramky s jistotou pou\u017e\u00edvat na venkovn\u00edch akc\u00edch, vodn\u00edch parc\u00edch a dal\u0161\u00edch m\u00edstech, kde je vystaven\u00ed vlhkosti probl\u00e9mem.<\/p>\n<p>s\u00a0<strong>NFC n\u00e1ramek<\/strong>, nekupujete pouze produkt; investujete do lep\u0161\u00edho z\u00e1\u017eitku pro \u00fa\u010dastn\u00edky. Tyto n\u00e1ramky jsou ide\u00e1ln\u00ed pro bezhotovostn\u00ed transakce, zefektiv\u0148uj\u00ed n\u00e1kupy pomoc\u00ed bezkontaktn\u00edch platebn\u00edch \u0159e\u0161en\u00ed. U\u017e se nebudete muset starat o manipulaci s hotovost\u00ed nebo fyzick\u00fdmi vstupenkami \u2013 v\u0161e lze pohodln\u011b spravovat prost\u0159ednictv\u00edm n\u00e1ramku.<\/p>\n<p>&nbsp;<\/p>\n<h2>Speci\u00e1ln\u00ed vlastnosti n\u00e1ramku RFID NFC Event Wristband<\/h2>\n<p>The\u00a0<strong>Rychl\u00fd n\u00e1ramek Ntag215 MIFARE s \u0161ifrovan\u00fdm RFID ud\u00e1lostem NFC<\/strong>\u00a0je nabit\u00fd funkcemi, kter\u00e9 z n\u011bj d\u011blaj\u00ed chytrou volbu pro ka\u017edou p\u0159\u00edle\u017eitost.<\/p>\n<ul>\n<li><strong>Zabezpe\u010den\u00ed odoln\u00e9 proti neopr\u00e1vn\u011bn\u00e9 manipulaci:<\/strong>\u00a0Ka\u017ed\u00fd n\u00e1ramek je dod\u00e1v\u00e1n se \u0161ifrovanou technologi\u00ed pro ochranu citliv\u00fdch dat, kter\u00e1 poskytuje klid jak organiz\u00e1tor\u016fm akce, tak \u00fa\u010dastn\u00edk\u016fm.<\/li>\n<li><strong>U\u017eivatelsky p\u0159\u00edv\u011btiv\u00e9:<\/strong>\u00a0N\u00e1ramky se snadno pou\u017e\u00edvaj\u00ed; sta\u010d\u00ed na n\u011b klepnout na \u010dte\u010dce s podporou NFC a z\u00edsk\u00e1te p\u0159\u00edstup nebo provedete bezhotovostn\u00ed platbu.<\/li>\n<li><strong>Rozsah \u010dten\u00ed:<\/strong>\u00a0D\u00edky \u010dtec\u00ed vzd\u00e1lenosti a\u017e 10 cm funguj\u00ed tyto n\u00e1ramky efektivn\u011b, ani\u017e by pot\u0159ebovaly p\u0159\u00edm\u00fd kontakt se \u010dte\u010dkou.<\/li>\n<\/ul>\n<p>Kombinace t\u011bchto speci\u00e1ln\u00edch funkc\u00ed zaji\u0161\u0165uje nejen zv\u00fd\u0161enou bezpe\u010dnost, ale tak\u00e9 zlep\u0161uje celkov\u00fd u\u017eivatelsk\u00fd z\u00e1\u017eitek.<\/p>\n<p>&nbsp;<\/p>\n<h2>V\u00fdhody bezhotovostn\u00edch transakc\u00ed s NFC n\u00e1ramky<\/h2>\n<p>Vzestup bezhotovostn\u00edch plateb rychle m\u011bn\u00ed odv\u011btv\u00ed ud\u00e1lost\u00ed. Zde jsou hlavn\u00ed v\u00fdhody pou\u017e\u00edv\u00e1n\u00ed\u00a0<strong>NFC n\u00e1ramky<\/strong>\u00a0pro bezhotovostn\u00ed transakce:<\/p>\n<ul>\n<li><strong>Zv\u00fd\u0161en\u00e9 pohodl\u00ed:<\/strong>\u00a0Host\u00e9 mohou nakupovat pouh\u00fdm klepnut\u00edm na n\u00e1ramek, tak\u017ee transakce jsou rychl\u00e9 a snadn\u00e9.<\/li>\n<li><strong>Zkr\u00e1cen\u00e9 \u010dekac\u00ed doby:<\/strong>\u00a0M\u00e9n\u011b \u010dasu str\u00e1ven\u00e9ho ve front\u00e1ch znamen\u00e1 zlep\u0161en\u00ed<\/li>\n<\/ul>\n<h2>V\u00fdhody bezhotovostn\u00edch transakc\u00ed s NFC n\u00e1ramky<\/h2>\n<p>Vzestup bezhotovostn\u00edch plateb rychle m\u011bn\u00ed odv\u011btv\u00ed ud\u00e1lost\u00ed. Zde jsou hlavn\u00ed v\u00fdhody pou\u017e\u00edv\u00e1n\u00ed\u00a0<strong>NFC n\u00e1ramky<\/strong>\u00a0pro bezhotovostn\u00ed transakce:<\/p>\n<ul>\n<li><strong>Zv\u00fd\u0161en\u00e9 pohodl\u00ed:<\/strong>\u00a0Host\u00e9 mohou nakupovat pouh\u00fdm klepnut\u00edm na n\u00e1ramek, tak\u017ee transakce jsou rychl\u00e9 a snadn\u00e9.<\/li>\n<li><strong>Zkr\u00e1cen\u00e9 \u010dekac\u00ed doby:<\/strong>\u00a0M\u00e9n\u011b \u010dasu str\u00e1ven\u00e9ho ve front\u00e1ch znamen\u00e1 zlep\u0161en\u00ed<\/li>\n<\/ul>\n<p>&nbsp;<\/p>\n<h3>\u010cast\u00e9 dotazy o RFID NFC Event Wristbands<\/h3>\n<h4>1.\u00a0<strong>Co jsou to RFID NFC eventov\u00e9 n\u00e1ramky?<\/strong><\/h4>\n<p>RFID NFC eventov\u00e9 n\u00e1ramky jsou nositeln\u00e1 za\u0159\u00edzen\u00ed vybaven\u00e1 radiofrekven\u010dn\u00ed identifikac\u00ed (RFID) a technologi\u00ed Near Field Communication (NFC). Usnad\u0148uj\u00ed bezpe\u010dnou kontrolu p\u0159\u00edstupu, bezhotovostn\u00ed transakce a sb\u011br dat pro ud\u00e1losti.<\/p>\n<h4>2.\u00a0<strong>Jak funguj\u00ed RFID n\u00e1ramky?<\/strong><\/h4>\n<p>RFID n\u00e1ramky funguj\u00ed tak, \u017ee bezdr\u00e1tov\u011b p\u0159en\u00e1\u0161ej\u00ed informace prost\u0159ednictv\u00edm r\u00e1diov\u00fdch vln do \u010dte\u010dky RFID. Kdy\u017e \u00fa\u010dastn\u00edk klepne na sv\u016fj n\u00e1ramek pobl\u00ed\u017e \u010dte\u010dky, ode\u0161le se data pro \u0159\u00edzen\u00ed p\u0159\u00edstupu nebo zpracov\u00e1n\u00ed plateb.<\/p>\n<h4>3.\u00a0<strong>Z jak\u00fdch materi\u00e1l\u016f jsou RFID NFC n\u00e1ramky vyrobeny?<\/strong><\/h4>\n<p>Na\u0161e n\u00e1ramky RFID jsou prim\u00e1rn\u011b vyrobeny z odoln\u00e9ho PVC a tkan\u00fdch materi\u00e1l\u016f, navr\u017eeny tak, aby byly vodot\u011bsn\u00e9 a odoln\u00e9 v\u016f\u010di pov\u011btrnostn\u00edm vliv\u016fm, aby vydr\u017eely r\u016fzn\u00e9 podm\u00ednky.<\/p>\n<h4>4.\u00a0<strong>Jak\u00e1 je v\u00fdhoda pou\u017eit\u00ed technologie NFC v n\u00e1ramkech?<\/strong><\/h4>\n<p>Technologie NFC umo\u017e\u0148uje rychl\u00e9 a bezpe\u010dn\u00e9 bezkontaktn\u00ed transakce, co\u017e zlep\u0161uje z\u00e1\u017eitek host\u016f t\u00edm, \u017ee zkracuje \u010dekac\u00ed doby a minimalizuje pot\u0159ebu fyzick\u00e9 hotovosti nebo l\u00edstk\u016f.<\/p>\n<h4>5.\u00a0<strong>Daj\u00ed se n\u00e1ramky p\u0159izp\u016fsobit?<\/strong><\/h4>\n<p>Ano! Na\u0161e n\u00e1ramky RFID lze p\u0159izp\u016fsobit zna\u010dce, log\u016fm a barv\u00e1m va\u0161\u00ed ud\u00e1losti, abyste zv\u00fd\u0161ili zapojen\u00ed \u00fa\u010dastn\u00edk\u016f a propagovali va\u0161i ud\u00e1lost.<\/p>","protected":false},"excerpt":{"rendered":"<p>Rychl\u00fd k\u00f3dovan\u00fd n\u00e1ramek RFID NFC Event Wristband Ntag215 MIFARE umo\u017e\u0148uje bezpe\u010dnou kontrolu p\u0159\u00edstupu a bezhotovostn\u00ed platby, co\u017e zlep\u0161uje z\u00e1\u017eitek host\u016f na akc\u00edch. Vodot\u011bsn\u00fd a p\u0159izp\u016fsobiteln\u00fd, zaji\u0161\u0165uje spolehlivost a pohodl\u00ed pro ka\u017edou p\u0159\u00edle\u017eitost.<\/p>","protected":false},"featured_media":3397,"template":"","meta":[],"product_brand":[],"product_cat":[50],"product_tag":[],"class_list":{"0":"post-3396","1":"product","2":"type-product","3":"status-publish","4":"has-post-thumbnail","6":"product_cat-silicone-rfid-nfc-wristbands","8":"first","9":"instock","10":"shipping-taxable","11":"product-type-simple"},"_links":{"self":[{"href":"https:\/\/nfc-readers.com\/cs\/wp-json\/wp\/v2\/product\/3396","targetHints":{"allow":["GET"]}}],"collection":[{"href":"https:\/\/nfc-readers.com\/cs\/wp-json\/wp\/v2\/product"}],"about":[{"href":"https:\/\/nfc-readers.com\/cs\/wp-json\/wp\/v2\/types\/product"}],"wp:featuredmedia":[{"embeddable":true,"href":"https:\/\/nfc-readers.com\/cs\/wp-json\/wp\/v2\/media\/3397"}],"wp:attachment":[{"href":"https:\/\/nfc-readers.com\/cs\/wp-json\/wp\/v2\/media?parent=3396"}],"wp:term":[{"taxonomy":"product_brand","embeddable":true,"href":"https:\/\/nfc-readers.com\/cs\/wp-json\/wp\/v2\/product_brand?post=3396"},{"taxonomy":"product_cat","embeddable":true,"href":"https:\/\/nfc-readers.com\/cs\/wp-json\/wp\/v2\/product_cat?post=3396"},{"taxonomy":"product_tag","embeddable":true,"href":"https:\/\/nfc-readers.com\/cs\/wp-json\/wp\/v2\/product_tag?post=3396"}],"curies":[{"name":"wp","href":"https:\/\/api.w.org\/{rel}","templated":true}]}}