{"id":3437,"date":"2024-11-03T04:49:53","date_gmt":"2024-11-03T04:49:53","guid":{"rendered":"https:\/\/nfc-readers.com\/?post_type=product&#038;p=3437"},"modified":"2024-11-05T10:39:50","modified_gmt":"2024-11-05T10:39:50","slug":"disposable-hf-uhf-rfid-nfc-wristband-for-event-ticket","status":"publish","type":"product","link":"https:\/\/nfc-readers.com\/cs\/ic-reader\/disposable-hf-uhf-rfid-nfc-wristband-for-event-ticket\/","title":{"rendered":"Jednor\u00e1zov\u00fd HF rfid NFC n\u00e1ramek pro vstupenku na akci"},"content":{"rendered":"<h1 style=\"text-align: center;\"><strong>Jednor\u00e1zov\u00fd HF rfid NFC n\u00e1ramek pro vstupenku na akci<\/strong><\/h1>\n<p>&nbsp;<\/p>\n<p>V dne\u0161n\u00edm usp\u011bchan\u00e9m sv\u011bt\u011b mus\u00ed organiz\u00e1to\u0159i akc\u00ed dr\u017eet krok s nejnov\u011bj\u0161\u00edmi technologiemi, aby sv\u00fdm \u00fa\u010dastn\u00edk\u016fm zajistili nezapomenuteln\u00fd z\u00e1\u017eitek. Jedn\u00edm z nej\u00fa\u010dinn\u011bj\u0161\u00edch zp\u016fsob\u016f, jak toho dos\u00e1hnout, je prost\u0159ednictv\u00edm <strong>Jednor\u00e1zov\u00e9 HF RFID NFC n\u00e1ramky<\/strong>. Tyto inovativn\u00ed n\u00e1ramky p\u0159edstavuj\u00ed revoluci ve zp\u016fsobu \u0159\u00edzen\u00ed ud\u00e1lost\u00ed, zvy\u0161uj\u00ed bezpe\u010dnost, zjednodu\u0161uj\u00ed kontrolu p\u0159\u00edstupu a podporuj\u00ed bezhotovostn\u00ed platby. A\u0165 u\u017e na hudebn\u00ed festivaly, aquaparky nebo firemn\u00ed akce, tyto n\u00e1ramky zajist\u00ed bezprobl\u00e9mov\u00fd z\u00e1\u017eitek jak pro hosty, tak pro po\u0159adatele.<\/p>\n<p>&nbsp;<\/p>\n<h3><strong>Pro\u010d zvolit jednor\u00e1zov\u00e9 RFID\/NFC n\u00e1ramky?<\/strong><\/h3>\n<p>The\u00a0<strong>Jednor\u00e1zov\u00fd HF RFID NFC n\u00e1ramek<\/strong>\u00a0je navr\u017een speci\u00e1ln\u011b pro akce a kombinuje pohodl\u00ed se \u0161pi\u010dkovou technologi\u00ed. Zde je d\u016fvod, pro\u010d se investice do t\u011bchto n\u00e1ramk\u016f vyplat\u00ed za ka\u017ed\u00fd cent:<\/p>\n<ol>\n<li><strong>Vylep\u0161en\u00e9 zabezpe\u010den\u00ed:<\/strong>\u00a0N\u00e1ramky vyu\u017e\u00edvaj\u00ed technologii RFID, kter\u00e1 nab\u00edz\u00ed \u0159e\u0161en\u00ed pro bezpe\u010dn\u00fd vstup, co\u017e v\u00fdrazn\u011b sni\u017euje riziko neopr\u00e1vn\u011bn\u00e9ho p\u0159\u00edstupu. Odoln\u00fd materi\u00e1l a design zaji\u0161\u0165uj\u00ed, \u017ee jsou odoln\u00e9 proti neopr\u00e1vn\u011bn\u00e9 manipulaci.<\/li>\n<li><strong>Bezhotovostn\u00ed \u0159e\u0161en\u00ed:<\/strong>\u00a0S rostouc\u00edmi preferencemi spot\u0159ebitel\u016f pro bezhotovostn\u00ed platby lze tyto n\u00e1ramky integrovat se syst\u00e9my zpracov\u00e1n\u00ed plateb, co\u017e \u00fa\u010dastn\u00edk\u016fm umo\u017e\u0148uje prov\u00e1d\u011bt n\u00e1kupy rychle a bez n\u00e1mahy. To zjednodu\u0161uje tok obchodu b\u011bhem akc\u00ed a zlep\u0161uje z\u00e1\u017eitek host\u016f.<\/li>\n<li><strong>Pohodl\u00ed a u\u017eivatelsk\u00e1 p\u0159\u00edv\u011btivost:<\/strong>\u00a0\u00da\u010dastn\u00edci mohou jednodu\u0161e naskenovat sv\u00e9 n\u00e1ramky pro vstup a n\u00e1kupy, \u010d\u00edm\u017e zkr\u00e1t\u00ed \u010dekac\u00ed dobu a zp\u0159\u00edjemn\u00ed si z\u00e1\u017eitek.<\/li>\n<li><strong>P\u0159izp\u016fsoben\u00ed:<\/strong>\u00a0Zna\u010dky maj\u00ed mo\u017enost personalizovat ka\u017ed\u00fd n\u00e1ramek logy, detaily ud\u00e1losti a QR k\u00f3dy, co\u017e umo\u017e\u0148uje efektivn\u00ed branding a marketing.<\/li>\n<li><strong>N\u00e1kladov\u011b efektivn\u00ed:<\/strong>\u00a0Tyto n\u00e1ramky jsou jednor\u00e1zov\u00e9 a poskytuj\u00ed ekonomickou volbu bez kompromis\u016f v oblasti kvality nebo bezpe\u010dnosti.<\/li>\n<\/ol>\n<p>Nyn\u00ed se poj\u010fme hloub\u011bji pono\u0159it do funkc\u00ed na\u0161eho\u00a0<strong>Jednor\u00e1zov\u00fd HF RFID NFC n\u00e1ramek pro vstupenky na akce<\/strong>.<\/p>\n<p>&nbsp;<\/p>\n<h3><strong>Technick\u00e9 specifikace<\/strong><\/h3>\n<table class=\"w-fit !mb-0 !max-w-none\">\n<thead>\n<tr>\n<th>Funkce<\/th>\n<th>Specifikace<\/th>\n<\/tr>\n<\/thead>\n<tbody>\n<tr>\n<td>N\u00e1zev zna\u010dky<\/td>\n<td>SXNFC<\/td>\n<\/tr>\n<tr>\n<td>M\u00edsto p\u016fvodu<\/td>\n<td>Guangdong, \u010c\u00edna<\/td>\n<\/tr>\n<tr>\n<td>Frekvence<\/td>\n<td>13,56 MHz<\/td>\n<\/tr>\n<tr>\n<td>Protokol<\/td>\n<td>ISO14443A<\/td>\n<\/tr>\n<tr>\n<td>Typ \u010dipu<\/td>\n<td>NFC \u010dip\/HF<\/td>\n<\/tr>\n<tr>\n<td>Pou\u017e\u00edv\u00e1n\u00ed<\/td>\n<td>Vstupenky na akce, kontrola p\u0159\u00edstupu, bezhotovostn\u00ed platby<\/td>\n<\/tr>\n<tr>\n<td>Materi\u00e1l<\/td>\n<td>Pap\u00edr Dupont<\/td>\n<\/tr>\n<tr>\n<td>Velikost<\/td>\n<td>250*19,5mm<\/td>\n<\/tr>\n<tr>\n<td>Tisk<\/td>\n<td>Plnobarevn\u00fd ofsetov\u00fd tisk<\/td>\n<\/tr>\n<\/tbody>\n<\/table>\n<p>&nbsp;<\/p>\n<h3><strong>\u010casto kladen\u00e9 ot\u00e1zky (FAQ)<\/strong><\/h3>\n<p><strong>Q1: Jak si p\u0159izp\u016fsob\u00edm n\u00e1ramky?<\/strong><br \/>\nOdpov\u011b\u010f: P\u0159izp\u016fsoben\u00ed lze vy\u017e\u00e1dat b\u011bhem procesu objedn\u00e1vky. M\u016f\u017eete zadat sv\u016fj design, logo, QR k\u00f3dy nebo s\u00e9riov\u00e1 \u010d\u00edsla.<\/p>\n<p><strong>Q2: Jsou n\u00e1ramky vodot\u011bsn\u00e9?<\/strong><br \/>\nA: Ano, ten\u00a0<strong>Pap\u00edr Dupont<\/strong>\u00a0materi\u00e1l pou\u017eit\u00fd p\u0159i v\u00fdrob\u011b je vod\u011bodoln\u00fd, co\u017e zaji\u0161\u0165uje odolnost v\u016f\u010di r\u016fzn\u00fdm podm\u00ednk\u00e1m.<\/p>\n<p><strong>Q3: Mohou b\u00fdt n\u00e1ramky znovu pou\u017eity?<\/strong><br \/>\nOdpov\u011b\u010f: Tyto n\u00e1ramky jsou ur\u010deny pouze pro jednor\u00e1zov\u00e9 pou\u017eit\u00ed; zaji\u0161\u0165uj\u00ed maxim\u00e1ln\u00ed bezpe\u010dnost a odolnost proti neopr\u00e1vn\u011bn\u00e9 manipulaci po celou dobu akce.<\/p>\n<p>&nbsp;<\/p>\n<h3><strong>P\u0159i sni\u017eov\u00e1n\u00ed odpadu: \u0159e\u0161en\u00ed zodpov\u011bdn\u00e1 k \u017eivotn\u00edmu prost\u0159ed\u00ed<\/strong><\/h3>\n<p>P\u0159i na\u0161em hled\u00e1n\u00ed inovativn\u00edch \u0159e\u0161en\u00ed db\u00e1me tak\u00e9 na n\u00e1\u0161 dopad na \u017eivotn\u00ed prost\u0159ed\u00ed. The\u00a0<strong>Jednor\u00e1zov\u00fd HF UHF RFID NFC n\u00e1ramek<\/strong>\u00a0podporuje ekologickou udr\u017eitelnost n\u00e1sleduj\u00edc\u00edmi zp\u016fsoby:<\/p>\n<ul>\n<li><strong>Design na jedno pou\u017eit\u00ed:<\/strong>\u00a0Jako a\u00a0<strong>n\u00e1ramek na jedno pou\u017eit\u00ed<\/strong>, eliminujete pot\u0159ebu vracen\u00ed a myt\u00ed, co\u017e \u0161et\u0159\u00ed zdroje a energii.<\/li>\n<li><strong>Ohled na materi\u00e1l:<\/strong>\u00a0Pou\u017eit\u00ed\u00a0<strong>Pap\u00edr Dupont<\/strong>, zn\u00e1m\u00fd t\u00edm, \u017ee je recyklovateln\u00fd, p\u0159isp\u00edv\u00e1 ke sn\u00ed\u017een\u00ed celkov\u00e9 uhl\u00edkov\u00e9 stopy spojen\u00e9 s dod\u00e1vkami pro akce.<\/li>\n<\/ul>","protected":false},"excerpt":{"rendered":"<p>Jednor\u00e1zov\u00fd HF RFID NFC n\u00e1ramek pro vstupenky na akce nab\u00edz\u00ed bezpe\u010dn\u00fd a efektivn\u00ed zp\u016fsob, jak \u0159\u00eddit kontrolu p\u0159\u00edstupu na jak\u00e9koli ud\u00e1losti. Jeho p\u0159izp\u016fsobiteln\u00fd design zaji\u0161\u0165uje bezprobl\u00e9mov\u00fd z\u00e1\u017eitek \u00fa\u010dastn\u00edk\u016f a z\u00e1rove\u0148 umo\u017e\u0148uje bezhotovostn\u00ed platby a vylep\u0161en\u00e1 bezpe\u010dnostn\u00ed opat\u0159en\u00ed.<\/p>","protected":false},"featured_media":3438,"template":"","meta":[],"product_brand":[],"product_cat":[50],"product_tag":[],"class_list":{"0":"post-3437","1":"product","2":"type-product","3":"status-publish","4":"has-post-thumbnail","6":"product_cat-silicone-rfid-nfc-wristbands","8":"first","9":"instock","10":"shipping-taxable","11":"product-type-simple"},"_links":{"self":[{"href":"https:\/\/nfc-readers.com\/cs\/wp-json\/wp\/v2\/product\/3437","targetHints":{"allow":["GET"]}}],"collection":[{"href":"https:\/\/nfc-readers.com\/cs\/wp-json\/wp\/v2\/product"}],"about":[{"href":"https:\/\/nfc-readers.com\/cs\/wp-json\/wp\/v2\/types\/product"}],"wp:featuredmedia":[{"embeddable":true,"href":"https:\/\/nfc-readers.com\/cs\/wp-json\/wp\/v2\/media\/3438"}],"wp:attachment":[{"href":"https:\/\/nfc-readers.com\/cs\/wp-json\/wp\/v2\/media?parent=3437"}],"wp:term":[{"taxonomy":"product_brand","embeddable":true,"href":"https:\/\/nfc-readers.com\/cs\/wp-json\/wp\/v2\/product_brand?post=3437"},{"taxonomy":"product_cat","embeddable":true,"href":"https:\/\/nfc-readers.com\/cs\/wp-json\/wp\/v2\/product_cat?post=3437"},{"taxonomy":"product_tag","embeddable":true,"href":"https:\/\/nfc-readers.com\/cs\/wp-json\/wp\/v2\/product_tag?post=3437"}],"curies":[{"name":"wp","href":"https:\/\/api.w.org\/{rel}","templated":true}]}}