{"id":3444,"date":"2024-11-03T06:44:10","date_gmt":"2024-11-03T06:44:10","guid":{"rendered":"https:\/\/nfc-readers.com\/?post_type=product&#038;p=3444"},"modified":"2024-11-04T08:51:14","modified_gmt":"2024-11-04T08:51:14","slug":"custom-fm1208-8k-memory-smart-campus-card","status":"publish","type":"product","link":"https:\/\/nfc-readers.com\/cs\/ic-reader\/custom-fm1208-8k-memory-smart-campus-card\/","title":{"rendered":"Vlastn\u00ed pam\u011b\u0165ov\u00e1 karta FM1208 8k Smart Campus"},"content":{"rendered":"<h1><span style=\"color: #000080;\"><strong>Vlastn\u00ed pam\u011b\u0165ov\u00e1 karta FM1208 8k Smart Campus<\/strong><\/span><\/h1>\n<p><span style=\"color: #666699;\">Budoucnost \u0159e\u0161en\u00ed \u0159\u00edzen\u00ed p\u0159\u00edstupuVe st\u00e1le digit\u00e1ln\u011bj\u0161\u00edm sv\u011bt\u011b je bezprobl\u00e9mov\u00e9 \u0159\u00edzen\u00ed p\u0159\u00edstupu d\u016fle\u017eit\u011bj\u0161\u00ed ne\u017e kdy jindy. The <strong>Vlastn\u00ed pam\u011b\u0165ov\u00e1 karta FM12088K Smart Campus<\/strong>\u00a0je ur\u010den pro modern\u00ed instituce, kter\u00e9 hledaj\u00ed bezpe\u010dn\u00e9 a efektivn\u00ed zp\u016fsoby spr\u00e1vy p\u0159\u00edstupu, identifikace a transakc\u00ed na akademick\u00e9 p\u016fd\u011b. S pam\u011bt\u00ed 8K, komunika\u010dn\u00edmi schopnostmi RFID a NFC a robustn\u00edm designem tato karta vynik\u00e1 jako z\u00e1kladn\u00ed \u0159e\u0161en\u00ed pro vzd\u011bl\u00e1vac\u00ed instituce, podniky a organizace. Tento produkt nab\u00edz\u00ed \u010detn\u00e9 v\u00fdhody, kter\u00e9 z n\u011bj d\u011blaj\u00ed cennou investici pro v\u0161echny subjekty zam\u011b\u0159en\u00e9 na lep\u0161\u00ed zabezpe\u010den\u00ed a zefektivn\u011bn\u00ed provozu.<\/span><\/p>\n<p>&nbsp;<\/p>\n<h2 style=\"text-align: center;\"><em><strong><span style=\"color: #000080;\">Pro\u010d zvolit vlastn\u00ed pam\u011b\u0165ovou Smart Campus kartu FM12088K?<\/span><\/strong><\/em><\/h2>\n<p>Custom FM12088K Memory Smart Campus Card je v\u00edc ne\u017e jen kus plastu; je to inovativn\u00ed n\u00e1stroj, kter\u00fd integruje pokro\u010dil\u00e9 technologie s praktick\u00fdmi aplikacemi. Mezi kl\u00ed\u010dov\u00e9 v\u00fdhody pat\u0159\u00ed:<\/p>\n<ul>\n<li><strong>Zv\u00fd\u0161en\u00e1 bezpe\u010dnost<\/strong>: S pokro\u010dil\u00fdm\u00a0<strong>Mifare Desfire<\/strong>\u00a0schopnosti a\u00a0<strong>vz\u00e1jemn\u00e9 ov\u011b\u0159ov\u00e1n\u00ed<\/strong>se v\u00e1\u0161 syst\u00e9m kontroly p\u0159\u00edstupu stane v\u00fdrazn\u011b zabezpe\u010den\u011bj\u0161\u00edm.<\/li>\n<li><strong>Vylep\u0161en\u00e1 u\u017eivatelsk\u00e1 zku\u0161enost<\/strong>: Navr\u017eeno pro snadn\u00e9 ovl\u00e1d\u00e1n\u00ed karty\u00a0<strong>bezkontaktn\u00ed proveden\u00ed<\/strong>\u00a0umo\u017e\u0148uje rychl\u00fd a pohodln\u00fd p\u0159\u00edstup \u2013 ide\u00e1ln\u00ed pro ru\u0161n\u00e1 prost\u0159ed\u00ed kampus\u016f.<\/li>\n<li><strong>V\u0161estrann\u00e9 aplikace<\/strong>: Tyto karty lze pou\u017e\u00edt nejen pro \u0159\u00edzen\u00ed p\u0159\u00edstupu, ale tak\u00e9 pro finan\u010dn\u00ed transakce, prodej vstupenek a v\u011brnostn\u00ed programy.<\/li>\n<li><strong>Odolnost a \u017eivotnost<\/strong>: Vyrobeno z\u00a0<strong>PVC<\/strong>, tyto karty jsou\u00a0<strong>vod\u011bodoln\u00fd\/odoln\u00fd pov\u011btrnostn\u00edm vliv\u016fm<\/strong>zaji\u0161\u0165uj\u00edc\u00ed dlouhou \u017eivotnost i v n\u00e1ro\u010dn\u00fdch podm\u00ednk\u00e1ch prost\u0159ed\u00ed.<\/li>\n<\/ul>\n<hr \/>\n<h2><\/h2>\n<h2 style=\"text-align: center;\"><span style=\"color: #000080;\"><em><strong>Evoluce technologie Mifare<\/strong><\/em><\/span><\/h2>\n<p><span style=\"color: #008080;\">Technologie Mifare se v pr\u016fb\u011bhu let vyv\u00edjela a p\u0159ech\u00e1zela od origin\u00e1lu <strong>Mifare Classic<\/strong>\u00a0rodiny a\u017e po pokro\u010dil\u00e9 iterace, jako je nap\u0159\u00a0<strong>Mifare Desfire<\/strong>\u00a0s\u00e9rie. <\/span><\/p>\n<p><span style=\"color: #008080;\">Tato vylep\u0161en\u00ed umo\u017e\u0148uj\u00ed v\u011bt\u0161\u00ed kapacitu pam\u011bti, vy\u0161\u0161\u00ed bezpe\u010dnostn\u00ed funkce a rozmanit\u00e9 aplikace. FM1208\u00a0<strong>8K pam\u011b\u0165<\/strong>\u00a0znovu potvrzuje sv\u00e9 schopnosti bezpe\u010dn\u011b a efektivn\u011b zpracov\u00e1vat slo\u017eit\u00e9 datov\u00e9 transakce.<\/span><\/p>\n<p>&nbsp;<\/p>\n<h2 style=\"text-align: center;\"><em><strong><span style=\"color: #000080;\">Kl\u00ed\u010dov\u00e9 vlastnosti \u010dipov\u00fdch karet<\/span><\/strong><\/em><\/h2>\n<h3>Chytr\u00e9 karty jako FM1208 nab\u00edzej\u00ed n\u011bkolik kl\u00ed\u010dov\u00fdch vlastnost\u00ed, v\u010detn\u011b:<\/h3>\n<ul>\n<li><strong>Bezkontaktn\u00ed komunikace<\/strong>: Vyu\u017eit\u00ed\u00a0<strong>RFID\/NFC<\/strong>\u00a0technologii lze kartu rychle naskenovat bez fyzick\u00e9ho kontaktu, co\u017e poskytuje rychl\u00fd p\u0159\u00edstup.<\/li>\n<li><strong>Vysok\u00e1 bezpe\u010dnost<\/strong>: S\u00a0<strong>\u0161ifrovac\u00ed kl\u00ed\u010de<\/strong>\u00a0a vz\u00e1jemn\u00e9 autentiza\u010dn\u00ed schopnosti, u\u017eivatel\u00e9 si mohou b\u00fdt jisti, \u017ee jejich p\u0159ihla\u0161ovac\u00ed \u00fadaje jsou v bezpe\u010d\u00ed.<\/li>\n<li><strong>\u0160k\u00e1lovatelnost<\/strong>: FM1208 lze snadno integrovat do st\u00e1vaj\u00edc\u00edch syst\u00e9m\u016f nebo \u0161k\u00e1lovat tak, aby vyhovovaly rostouc\u00edm pot\u0159eb\u00e1m kampusu, \u010d\u00edm\u017e se zvy\u0161uje celkov\u00e1 provozn\u00ed efektivita.<\/li>\n<\/ul>\n<hr \/>\n<h2><\/h2>\n<h2 style=\"text-align: center;\"><em><span style=\"color: #000080;\"><strong>Jedine\u010dn\u00e9 vlastnosti<\/strong><\/span><\/em><\/h2>\n<p><span style=\"color: #666699;\">Vlastn\u00ed karta FM1208 Smart Campus Card je nabit\u00e1 jedine\u010dn\u00fdmi funkcemi navr\u017een\u00fdmi pro dne\u0161n\u00ed technologick\u00e9 prost\u0159ed\u00ed.<\/span><\/p>\n<h3><span style=\"color: #333399;\"><strong>Vodot\u011bsn\u00fd a odoln\u00fd v\u016f\u010di pov\u011btrnostn\u00edm vliv\u016fm<\/strong><\/span><\/h3>\n<p>Tato \u010dipov\u00e1 karta je navr\u017eena tak, aby vydr\u017eela drsn\u00e9 podm\u00ednky, tak\u017ee je vhodn\u00e1 pro vnit\u0159n\u00ed i venkovn\u00ed aplikace. The\u00a0<strong>PVC<\/strong>\u00a0pou\u017eit\u00fd materi\u00e1l zaji\u0161\u0165uje, \u017ee z\u016fstane neporu\u0161en\u00fd a pln\u011b funk\u010dn\u00ed i p\u0159i r\u016fzn\u00fdch z\u00e1t\u011b\u017e\u00edch prost\u0159ed\u00ed.<\/p>\n<p>&nbsp;<\/p>\n<h3><span style=\"color: #333399;\"><strong>Kompatibilita Mini Tag<\/strong><\/span><\/h3>\n<p>FM1208 m\u016f\u017ee tak\u00e9 fungovat jako a\u00a0<strong>mini tag<\/strong>, co\u017e umo\u017e\u0148uje r\u016fzn\u00e9 sc\u00e9n\u00e1\u0159e pou\u017eit\u00ed. A\u0165 u\u017e je integrov\u00e1n do oble\u010den\u00ed, batoh\u016f nebo pen\u011b\u017eenek, nab\u00edz\u00ed flexibilitu pro studenty i zam\u011bstnance.<\/p>\n<hr \/>\n<h3><span style=\"color: #333399;\"><strong>Technick\u00e9 specifikace<\/strong><\/span><\/h3>\n<p><strong>Zde je podrobn\u00fd p\u0159ehled technick\u00fdch specifikac\u00ed karty Custom FM12088K Memory Smart Campus Card:<\/strong><\/p>\n<div class=\"table-with-header rounded-lg border border-solid border-grey-line2-normal w-fit max-w-full mb-2\">\n<div class=\"overflow-x-auto custom-scrollbar custom-scrollbar-float max-w-full\">\n<table class=\"w-fit !mb-0 !max-w-none\">\n<thead>\n<tr>\n<th>Funkce<\/th>\n<th>Specifikace<\/th>\n<\/tr>\n<\/thead>\n<tbody>\n<tr>\n<td><strong>N\u00e1zev produktu<\/strong><\/td>\n<td>RFID karta<\/td>\n<\/tr>\n<tr>\n<td><strong>\u010cip<\/strong><\/td>\n<td>FM1208<\/td>\n<\/tr>\n<tr>\n<td><strong>Pam\u011b\u0165<\/strong><\/td>\n<td>8 tis<\/td>\n<\/tr>\n<tr>\n<td><strong>Materi\u00e1l<\/strong><\/td>\n<td>PVC<\/td>\n<\/tr>\n<tr>\n<td><strong>Velikost<\/strong><\/td>\n<td>85,5 x 54 mm<\/td>\n<\/tr>\n<tr>\n<td><strong>Frekvence<\/strong><\/td>\n<td>13,56 MHz<\/td>\n<\/tr>\n<tr>\n<td><strong>Vzd\u00e1lenost \u010dten\u00ed<\/strong><\/td>\n<td>1-10 cm<\/td>\n<\/tr>\n<tr>\n<td><strong>MOQ (minim\u00e1ln\u00ed mno\u017estv\u00ed objedn\u00e1vky)<\/strong><\/td>\n<td>500<\/td>\n<\/tr>\n<tr>\n<td><strong>Tisk<\/strong><\/td>\n<td>Ofsetov\u00fd tisk<\/td>\n<\/tr>\n<tr>\n<td><strong>M\u00edsto p\u016fvodu<\/strong><\/td>\n<td>Guangdong, \u010c\u00edna<\/td>\n<\/tr>\n<tr>\n<td><strong>Aplikace<\/strong><\/td>\n<td>\u0158\u00edzen\u00ed p\u0159\u00edstupu, transakce<\/td>\n<\/tr>\n<\/tbody>\n<\/table>\n<\/div>\n<\/div>\n<p><strong>Tyto specifikace p\u0159edstavuj\u00ed kartu, kter\u00e1 klade d\u016fraz na bezpe\u010dnost, odolnost a efektivitu.<\/strong><\/p>\n<hr \/>\n<h2><\/h2>\n<h2 style=\"text-align: center;\"><em><span style=\"color: #000080;\"><strong>Dopad na \u017eivotn\u00ed prost\u0159ed\u00ed a udr\u017eitelnost<\/strong><\/span><\/em><\/h2>\n<p><span style=\"color: #666699;\">Karta Custom FM1208 uzn\u00e1v\u00e1 ekologickou stopu technologie a p\u0159ij\u00edm\u00e1 udr\u017eiteln\u00fd p\u0159\u00edstup. B\u00fdt postaven z\u00a0<strong>PVC<\/strong>, nab\u00edz\u00ed odolnost, ani\u017e by ohrozil \u017eivotn\u00ed prost\u0159ed\u00ed. Udr\u017eiteln\u00e9 postupy- <strong>Recyklovatelnost<\/strong>: Pou\u017eit\u00e9 materi\u00e1ly lze recyklovat, co\u017e zd\u016fraz\u0148uje z\u00e1vazek k ochran\u011b \u017eivotn\u00edho prost\u0159ed\u00ed.<\/span><\/p>\n<ul>\n<li><strong>Dlouh\u00e1 \u017eivotnost<\/strong>: D\u00edky odoln\u00e9mu designu karta sni\u017euje pot\u0159ebu \u010dast\u00fdch v\u00fdm\u011bn a v kone\u010dn\u00e9m d\u016fsledku sni\u017euje mno\u017estv\u00ed odpadu.<\/li>\n<\/ul>\n<hr \/>\n<h2><\/h2>\n<h2 style=\"text-align: center;\"><em><span style=\"color: #000080;\"><strong>Aplikace ve vzd\u011bl\u00e1v\u00e1n\u00ed a mimo n\u011b<\/strong><\/span><\/em><\/h2>\n<p><span style=\"color: #666699;\">Vlastn\u00ed karta FM1208 Smart Campus Card slou\u017e\u00ed r\u016fzn\u00fdm aplikac\u00edm, zejm\u00e9na ve vzd\u011bl\u00e1vac\u00edch instituc\u00edch, a zlep\u0161uje celkov\u00fd z\u00e1\u017eitek z kampusu.<\/span><\/p>\n<p>&nbsp;<\/p>\n<h2 style=\"text-align: center;\"><em><strong><span style=\"color: #000080;\">In Vzd\u011bl\u00e1vac\u00ed instituce<\/span><\/strong><\/em><\/h2>\n<p style=\"text-align: left;\">1.\u00a0<strong>\u0158\u00edzen\u00ed p\u0159\u00edstupu<\/strong>: Bezpe\u010dn\u00fd vstup do budov, knihoven nebo laborato\u0159\u00ed.<\/p>\n<ol start=\"2\">\n<li><strong>ID kampusu<\/strong>: Karty slou\u017e\u00ed jako studentsk\u00e9 pr\u016fkazy a zjednodu\u0161uj\u00ed identifika\u010dn\u00ed procesy.<\/li>\n<li><strong>Platebn\u00ed syst\u00e9my<\/strong>: Integrace se \u0161koln\u00edmi \u00fa\u010dty pro bezhotovostn\u00ed transakce v bufetech a prodejn\u00edch automatech.<\/li>\n<\/ol>","protected":false},"excerpt":{"rendered":"<p>Custom FM12088K Memory Smart Campus Card nab\u00edz\u00ed bezpe\u010dn\u00e9, bezkontaktn\u00ed \u0159\u00edzen\u00ed p\u0159\u00edstupu, ide\u00e1ln\u00ed pro vzd\u011bl\u00e1vac\u00ed instituce a podniky. Odoln\u00fd a v\u0161estrann\u00fd!<\/p>","protected":false},"featured_media":3449,"template":"","meta":[],"product_brand":[],"product_cat":[46],"product_tag":[],"class_list":{"0":"post-3444","1":"product","2":"type-product","3":"status-publish","4":"has-post-thumbnail","6":"product_cat-nfc-cards","8":"first","9":"instock","10":"shipping-taxable","11":"product-type-simple"},"_links":{"self":[{"href":"https:\/\/nfc-readers.com\/cs\/wp-json\/wp\/v2\/product\/3444","targetHints":{"allow":["GET"]}}],"collection":[{"href":"https:\/\/nfc-readers.com\/cs\/wp-json\/wp\/v2\/product"}],"about":[{"href":"https:\/\/nfc-readers.com\/cs\/wp-json\/wp\/v2\/types\/product"}],"wp:featuredmedia":[{"embeddable":true,"href":"https:\/\/nfc-readers.com\/cs\/wp-json\/wp\/v2\/media\/3449"}],"wp:attachment":[{"href":"https:\/\/nfc-readers.com\/cs\/wp-json\/wp\/v2\/media?parent=3444"}],"wp:term":[{"taxonomy":"product_brand","embeddable":true,"href":"https:\/\/nfc-readers.com\/cs\/wp-json\/wp\/v2\/product_brand?post=3444"},{"taxonomy":"product_cat","embeddable":true,"href":"https:\/\/nfc-readers.com\/cs\/wp-json\/wp\/v2\/product_cat?post=3444"},{"taxonomy":"product_tag","embeddable":true,"href":"https:\/\/nfc-readers.com\/cs\/wp-json\/wp\/v2\/product_tag?post=3444"}],"curies":[{"name":"wp","href":"https:\/\/api.w.org\/{rel}","templated":true}]}}