{"id":3450,"date":"2024-11-03T08:01:44","date_gmt":"2024-11-03T08:01:44","guid":{"rendered":"https:\/\/nfc-readers.com\/?post_type=product&#038;p=3450"},"modified":"2024-11-04T08:45:59","modified_gmt":"2024-11-04T08:45:59","slug":"nfc-with-qr-code-stainless-contactless-business-card","status":"publish","type":"product","link":"https:\/\/nfc-readers.com\/cs\/ic-reader\/nfc-with-qr-code-stainless-contactless-business-card\/","title":{"rendered":"NFC s QR k\u00f3dem Nerezov\u00e1 bezkontaktn\u00ed vizitka"},"content":{"rendered":"<h1><span style=\"color: #000080;\"><strong>NFC s QR k\u00f3dem Nerezov\u00e1 bezkontaktn\u00ed vizitka<\/strong><\/span><\/h1>\n<p><span style=\"color: #666699;\">V dne\u0161n\u00edm rychle se m\u011bn\u00edc\u00edm digit\u00e1ln\u00edm sv\u011bt\u011b je pot\u0159eba inovativn\u00edch a efektivn\u00edch s\u00ed\u0165ov\u00fdch \u0159e\u0161en\u00ed d\u016fle\u017eit\u011bj\u0161\u00ed ne\u017e kdy jindy. Zadejte <strong>Nerezov\u00e1 bezkontaktn\u00ed vizitka NFC s QR k\u00f3dem<\/strong>, \u0161pi\u010dkov\u00fd n\u00e1stroj ur\u010den\u00fd k p\u0159edefinov\u00e1n\u00ed zp\u016fsobu, jak\u00fdm profesion\u00e1lov\u00e9 sd\u00edlej\u00ed sv\u00e9 informace. Tato vizitka spojuj\u00edc\u00ed modern\u00ed technologii s elegantn\u00edm designem umo\u017e\u0148uje u\u017eivatel\u016fm bez n\u00e1mahy sd\u00edlet sv\u00e9 kontaktn\u00ed \u00fadaje, soci\u00e1ln\u00ed profily a dal\u0161\u00ed prost\u0159ednictv\u00edm jednoduch\u00fdch klepnut\u00ed a skenov\u00e1n\u00ed. S nes\u010detn\u00fdmi mo\u017enostmi p\u0159izp\u016fsoben\u00ed tato bezkontaktn\u00ed vizitka nejen vylep\u0161\u00ed va\u0161i profesion\u00e1ln\u00ed image, ale tak\u00e9 zefektivn\u00ed s\u00ed\u0165ov\u00e9 procesy.<\/span><\/p>\n<p>&nbsp;<\/p>\n<h2 style=\"text-align: center;\"><span style=\"color: #000080;\"><strong>Kl\u00ed\u010dov\u00e9 atributy vizitek NFC\u00a0<\/strong><\/span><\/h2>\n<p>Technologie NFC p\u0159etv\u00e1\u0159\u00ed s\u00edt\u011b t\u00edm, \u017ee poskytuje jedine\u010dn\u00e9 atributy, kter\u00e9 je odli\u0161uj\u00ed od tradi\u010dn\u00edch vizitek. Tyto karty umo\u017e\u0148uj\u00ed rychl\u00e9 a efektivn\u00ed sd\u00edlen\u00ed informac\u00ed a umo\u017e\u0148uj\u00ed u\u017eivatel\u016fm p\u0159en\u00e9st sv\u00e9 kontaktn\u00ed \u00fadaje pouh\u00fdm klepnut\u00edm na smartphone. The\u00a0<strong>Nerezov\u00e1 bezkontaktn\u00ed vizitka NFC s QR k\u00f3dem<\/strong>\u00a0obsahuje pokro\u010dil\u00e9 technologie, jako jsou:<\/p>\n<ul>\n<li><strong>RFID komunikace:<\/strong>\u00a0Pracuje na frekvenci 13,56 MHz, co\u017e umo\u017e\u0148uje rychl\u00e9 spojen\u00ed mezi za\u0159\u00edzen\u00edmi.<\/li>\n<li><strong>Vlastn\u00ed mo\u017enosti \u010dipu:<\/strong>\u00a0K dispozici s \u010dipy NTAG213, NTAG215 nebo NTAG216, kter\u00e9 poskytuj\u00ed flexibilitu podle pot\u0159eb u\u017eivatele.<\/li>\n<\/ul>\n<p>Vyu\u017eit\u00edm t\u011bchto kl\u00ed\u010dov\u00fdch atribut\u016f tato vizitka nejen reprezentuje va\u0161i profesion\u00e1ln\u00ed zna\u010dku, ale tak\u00e9 ukazuje v\u00e1\u0161 z\u00e1vazek k inovac\u00edm.<\/p>\n<p>&nbsp;<\/p>\n<h2 style=\"text-align: center;\"><span style=\"color: #000080;\"><em><strong>Vlastnosti designu: <\/strong><\/em><\/span><\/h2>\n<h2>Ud\u011blat trval\u00fd dojem<\/h2>\n<p><strong>Estetick\u00e1 p\u0159ita\u017elivost<\/strong>\u00a0je z\u00e1sadn\u00ed v jak\u00e9koli obchodn\u00ed interakci. The\u00a0<strong>Nerezov\u00e1 bezkontaktn\u00ed vizitka NFC s QR k\u00f3dem<\/strong>\u00a0je navr\u017een s \u0159adou p\u0159izp\u016fsobiteln\u00fdch funkc\u00ed, aby vyhovovaly individu\u00e1ln\u00edm preferenc\u00edm, co\u017e zaji\u0161\u0165uje, \u017ee nejen vynikne, ale tak\u00e9 bude v souladu s identitou va\u0161\u00ed zna\u010dky. Mezi hlavn\u00ed konstruk\u010dn\u00ed vlastnosti pat\u0159\u00ed:<\/p>\n<ul>\n<li><strong>Dokon\u010den\u00ed:<\/strong>\u00a0Vyberte si mezi leskl\u00fdm nebo matn\u00fdm povrchem pro sofistikovan\u00fd vzhled, kter\u00fd se hod\u00ed k va\u0161emu stylu.<\/li>\n<li><strong>Mo\u017enosti materi\u00e1lu:<\/strong>\u00a0Tyto karty, vyroben\u00e9 z vysoce kvalitn\u00ed nerezov\u00e9 oceli, nejen vypadaj\u00ed luxusn\u011b, ale tak\u00e9 poskytuj\u00ed odolnost proti opot\u0159eben\u00ed.<\/li>\n<li><strong>Vlastn\u00ed loga a vzory:<\/strong>\u00a0P\u0159izp\u016fsobte si kartu vyleptan\u00fdm logem a vytvo\u0159te jedine\u010dn\u00fd n\u00e1dech, kter\u00fd zlep\u0161\u00ed viditelnost va\u0161\u00ed zna\u010dky.<\/li>\n<\/ul>\n<p>Investic\u00ed do profesion\u00e1ln\u011b navr\u017een\u00e9 NFC vizitky se odli\u0161\u00edte od konkurence.<\/p>\n<p>&nbsp;<\/p>\n<h2 style=\"text-align: center;\"><span style=\"color: #000080;\"><em><strong>Odolnost v\u016f\u010di vod\u011b a pov\u011btrnostn\u00edm vliv\u016fm <\/strong><\/em><\/span><\/h2>\n<p><span style=\"color: #666699;\">Ve shonu ka\u017edodenn\u00edho networkingu pot\u0159ebujete vizitku, kter\u00e1 odol\u00e1 r\u016fzn\u00fdm podm\u00ednk\u00e1m prost\u0159ed\u00ed. <\/span><\/p>\n<p><span style=\"color: #666699;\">Nerezov\u00fd materi\u00e1l\u00a0<strong>Nerezov\u00e1 bezkontaktn\u00ed vizitka NFC s QR k\u00f3dem<\/strong>\u00a0je:<\/span><\/p>\n<ul>\n<li><strong>Vodot\u011bsn\u00fd:<\/strong>\u00a0Chr\u00e1n\u00ed va\u0161e informace p\u0159ed n\u00e1hodn\u00fdm polit\u00edm a vlhk\u00fdmi podm\u00ednkami.<\/li>\n<li><strong>Odoln\u00fd v\u016f\u010di pov\u011btrnostn\u00edm vliv\u016fm:<\/strong>\u00a0Ide\u00e1ln\u00ed pro jak\u00e9koli klima, zajist\u00ed, \u017ee va\u0161e karta z\u016fstane neporu\u0161en\u00e1 a pln\u011b funk\u010dn\u00ed bez ohledu na vn\u011bj\u0161\u00ed prvky.<\/li>\n<\/ul>\n<p>Tato odolnost zaji\u0161\u0165uje, \u017ee si va\u0161e karta zachov\u00e1 sv\u00e9 estetick\u00e9 a funk\u010dn\u00ed vlastnosti v pr\u016fb\u011bhu \u010dasu, co\u017e z n\u00ed d\u011bl\u00e1 rozumnou investici.<\/p>\n<p>&nbsp;<\/p>\n<h2 style=\"text-align: center;\"><em><strong><span style=\"color: #000080;\">U\u017eivatelsky p\u0159\u00edv\u011btiv\u00e9 komunika\u010dn\u00ed rozhran\u00ed\u00a0<\/span><\/strong><\/em><\/h2>\n<p>Jedna z nejpozoruhodn\u011bj\u0161\u00edch vlastnost\u00ed\u00a0<strong>Nerezov\u00e1 bezkontaktn\u00ed vizitka NFC s QR k\u00f3dem<\/strong>\u00a0je jeho u\u017eivatelsky p\u0159\u00edv\u011btiv\u00e9 komunika\u010dn\u00ed rozhran\u00ed. Schopnost vyu\u017e\u00edvat oboj\u00ed\u00a0<strong>NFC a RFID<\/strong>\u00a0technologie zaji\u0161\u0165uj\u00ed rychl\u00fd a snadn\u00fd p\u0159\u00edstup k va\u0161im informac\u00edm z r\u016fzn\u00fdch za\u0159\u00edzen\u00ed. Funguje to takto:<\/p>\n<ul>\n<li><strong>Technologie NFC:<\/strong>\u00a0U\u017eivatel\u00e9 jednodu\u0161e p\u0159ilo\u017e\u00ed sv\u016fj smartphone ke kart\u011b, aby z\u00edskali kontaktn\u00ed \u00fadaje. Tato jednoduchost podporuje rychl\u00e9 interakce v nastaven\u00ed s\u00edt\u011b.<\/li>\n<li><strong>Integrace QR k\u00f3du:<\/strong>\u00a0Karta je vybavena integrovan\u00fdm QR k\u00f3dem, kter\u00fd poskytuje dal\u0161\u00ed zp\u016fsob sd\u00edlen\u00ed informac\u00ed pro ty, kte\u0159\u00ed nemaj\u00ed za\u0159\u00edzen\u00ed s podporou NFC.<\/li>\n<\/ul>\n<p>Toto du\u00e1ln\u00ed komunika\u010dn\u00ed rozhran\u00ed zaji\u0161\u0165uje, \u017ee se m\u016f\u017eete bez n\u00e1mahy spojit s potenci\u00e1ln\u00edmi klienty nebo partnery.<\/p>\n<p>&nbsp;<\/p>\n<h2 style=\"text-align: center;\"><span style=\"color: #000080;\"><em><strong>Specifikace, na kter\u00fdch z\u00e1le\u017e\u00ed<\/strong><\/em><\/span><\/h2>\n<p>|\u00a0<strong>Materi\u00e1l<\/strong>\u00a0| Nerezov\u00e1 ocel |<br \/>\n|\u00a0<strong>Frekvence<\/strong>\u00a0|13,56 MHz |<br \/>\n|\u00a0<strong>Velikost<\/strong>\u00a0|85,5 mm x 54 mm \/ Vlastn\u00ed |<br \/>\n|\u00a0<strong>Tlou\u0161\u0165ka<\/strong>\u00a0|0,8 mm \/ Vlastn\u00ed |<br \/>\n|\u00a0<strong>Mo\u017enosti \u010dipu<\/strong> | Vlastn\u00ed \/ NTAG213 \/215 \/216 |<br \/>\n|\u00a0<strong>Mo\u017enosti barev<\/strong>\u00a0| \u010cern\u00e1, B\u00edl\u00e1, R\u016f\u017eov\u00e9 zlato, Zlat\u00e1, Modr\u00e1 |<br \/>\n|\u00a0<strong>Speci\u00e1ln\u00ed funkce<\/strong>\u00a0| Vodot\u011bsn\u00e9 \/ odoln\u00e9 proti pov\u011btrnostn\u00edm vliv\u016fm, luxusn\u00ed|<\/p>\n<p>&nbsp;<\/p>\n<h2 style=\"text-align: center;\"><span style=\"color: #000080;\"><em><strong>Sekce FAQ<\/strong><\/em><\/span><\/h2>\n<p><strong><span style=\"color: #008080;\">Ot\u00e1zka: Mohu p\u0159izp\u016fsobit design karty?<\/span><\/strong><\/p>\n<p>A: Rozhodn\u011b! M\u016f\u017eete si vybrat barvy, povrchov\u00e9 \u00fapravy a dokonce i rytiny pro loga, d\u00edky \u010demu\u017e bude va\u0161e karta skute\u010dn\u011b jedine\u010dn\u00e1.<\/p>\n<p>&nbsp;<\/p>\n<p><strong><span style=\"color: #008080;\">Ot\u00e1zka: Je funkce NFC kompatibiln\u00ed se v\u0161emi smartphony?<\/span><\/strong><\/p>\n<p>Odpov\u011b\u010f: Ano, karta NFC je navr\u017eena tak, aby fungovala s v\u011bt\u0161inou smartphon\u016f, kter\u00e9 podporuj\u00ed technologii NFC.<\/p>","protected":false},"excerpt":{"rendered":"<p>Revolu\u010dn\u00ed s\u00ed\u0165 s na\u0161\u00ed bezkontaktn\u00ed vizitkou NFC &amp; QR Code \u2013 sd\u00edlejte informace bez n\u00e1mahy s elegantn\u00edm, p\u0159izp\u016fsobiteln\u00fdm designem!<\/p>","protected":false},"featured_media":3448,"template":"","meta":[],"product_brand":[],"product_cat":[46],"product_tag":[],"class_list":{"0":"post-3450","1":"product","2":"type-product","3":"status-publish","4":"has-post-thumbnail","6":"product_cat-nfc-cards","8":"first","9":"instock","10":"shipping-taxable","11":"product-type-simple"},"_links":{"self":[{"href":"https:\/\/nfc-readers.com\/cs\/wp-json\/wp\/v2\/product\/3450","targetHints":{"allow":["GET"]}}],"collection":[{"href":"https:\/\/nfc-readers.com\/cs\/wp-json\/wp\/v2\/product"}],"about":[{"href":"https:\/\/nfc-readers.com\/cs\/wp-json\/wp\/v2\/types\/product"}],"wp:featuredmedia":[{"embeddable":true,"href":"https:\/\/nfc-readers.com\/cs\/wp-json\/wp\/v2\/media\/3448"}],"wp:attachment":[{"href":"https:\/\/nfc-readers.com\/cs\/wp-json\/wp\/v2\/media?parent=3450"}],"wp:term":[{"taxonomy":"product_brand","embeddable":true,"href":"https:\/\/nfc-readers.com\/cs\/wp-json\/wp\/v2\/product_brand?post=3450"},{"taxonomy":"product_cat","embeddable":true,"href":"https:\/\/nfc-readers.com\/cs\/wp-json\/wp\/v2\/product_cat?post=3450"},{"taxonomy":"product_tag","embeddable":true,"href":"https:\/\/nfc-readers.com\/cs\/wp-json\/wp\/v2\/product_tag?post=3450"}],"curies":[{"name":"wp","href":"https:\/\/api.w.org\/{rel}","templated":true}]}}