{"id":1493,"date":"2024-04-07T02:35:08","date_gmt":"2024-04-07T02:35:08","guid":{"rendered":"https:\/\/nfc-readers.com\/?post_type=product&#038;p=1493"},"modified":"2024-10-16T07:54:06","modified_gmt":"2024-10-16T07:54:06","slug":"acr1255u-j1-bluetooth-nfc-reader-writer","status":"publish","type":"product","link":"https:\/\/nfc-readers.com\/da\/ic-reader\/acr1255u-j1-bluetooth-nfc-reader-writer\/","title":{"rendered":"ACR1255U-J1 \u2013 Bluetooth\u00ae NFC-l\u00e6ser\/skriver"},"content":{"rendered":"<h1>ACR1255U-J1 \u2013 Bluetooth\u00ae NFC-l\u00e6ser\/skriver<\/h1>\n<p>ACR1255U-J1 ACS Secure Bluetooth\u00ae NFC-l\u00e6ser\/skriver er konstrueret til at muligg\u00f8re mobile smartkort- og NFC-applikationer med lethed. Med avanceret 13,56 MHz kontaktl\u00f8s teknologi sammen med Bluetooth\u00ae-integration er denne enhed et vidnesbyrd om moderne b\u00e6rbar teknologi. Den underst\u00f8tter en r\u00e6kke forskellige formater, herunder ISO 14443 Type A- og B-chipkort, MIFARE\u00ae, FeliCa\u00ae, samt de fleste NFC-tags og enheder, der opfylder ISO 18092-standarden, hvilket sikrer ACR1255U-J1&#039;s anvendelighed til en bred vifte af anvendelser. Fra no-touch autentificering til adgangskontrol til logistisk lagerstyring, dens r\u00e6kke af applikationer er mangfoldige. ACR1255U-J1 tilbyder dobbelte gr\u00e6nseflader. Den bruger Bluetooth Low Energy (BLE), ogs\u00e5 kendt som Bluetooth, til mobilforbindelse og USB Full Speed til direkte pc-interaktioner. Enheden udf\u00f8rer l\u00e6se\/skrive-operationer med hastigheder, der n\u00e5r 424 Kbps, hvilket muligg\u00f8r hurtige dataoverf\u00f8rsler med kontaktl\u00f8se smartkort og NFC-enheder. ACR1255U-J1 er designet til aktivitet p\u00e5 farten og har en kompakt konstruktion og tr\u00e6kker str\u00f8m fra en intern genopladelig Lithium-ion batteri. Dens portabilitet g\u00f8r det til et v\u00e6rkt\u00f8j, der er klar til brug med de fleste Bluetooth-aktiverede smartphones og tablets, uanset hvor du er. Felt-opgraderbar firmware er en ekstra fordel ved ACR1255U-J1, der tilbyder omkostningseffektive og tidsbesparende fordele, mens den holder trit med hurtige teknologiske fremskridt og tilpasning til forskellige brugerkrav. NFC Bluetooth-l\u00e6seren er sikret med AES-128-kryptering og forbinder ubesv\u00e6ret og sikkert til enheder p\u00e5 Android\u2122 (version 4.3 og nyere), iOS (version 8.0 og nyere) samt Windows\u00ae ( 7 og derover), og Mac OS\u00ae (10.7 og nyere). Til desktopbrug er ACR1255U-J1 en leg at installere p\u00e5 computere med Windows\u00ae, takket v\u00e6re PC\/SC og CCID-overholdelse. Desuden er den kompatibel med Linux\u00ae- og Mac OS\u00ae-drivere.<\/p>\n<ul>\n<li>\n<h2>Bluetooth\u00ae-gr\u00e6nseflade<\/h2>\n<\/li>\n<li>\n<h2>USB 2.0 fuld hastighed interface<\/h2>\n<\/li>\n<li>\n<h2>Str\u00f8mkilde:<\/h2>\n<ul>\n<li>\n<h3>Batteridrevet (inkorporerer et litium-ion-batteri, der kan genoplades via USB Mini-B-port)<\/h3>\n<\/li>\n<li>\n<h3>USB-drevet (via pc-forbundet tilstand)<\/h3>\n<\/li>\n<\/ul>\n<\/li>\n<li>\n<h2>CCID-overholdelse<\/h2>\n<\/li>\n<li>\n<h2>Smartkortl\u00e6ser:<\/h2>\n<ul>\n<li>\n<h3>Kontaktl\u00f8s gr\u00e6nseflade:<\/h3>\n<ul>\n<li>\n<h4>L\u00e6se\/skrivehastighed op til 424 kbps<\/h4>\n<\/li>\n<li>\n<h4>Indbygget antenne til kontaktl\u00f8s tag-adgang, med kortl\u00e6seafstand p\u00e5 op til 60 mm (afh\u00e6ngigt af tag-type)<\/h4>\n<\/li>\n<li>\n<h4>Underst\u00f8tter ISO 14443 Type A og B-kort, MIFARE, FeliCa og alle 4 typer NFC (ISO\/IEC 18092) tags<\/h4>\n<\/li>\n<li>\n<h4>Indbygget anti-kollisionsfunktion (kun 1 tag er tilg\u00e6ngelig p\u00e5 ethvert tidspunkt)<\/h4>\n<\/li>\n<li>\n<h4>NFC support<\/h4>\n<\/li>\n<li>\n<h4>Kortl\u00e6ser\/skrivertilstand<\/h4>\n<\/li>\n<\/ul>\n<\/li>\n<\/ul>\n<\/li>\n<li>\n<h2>Indbygget periferiudstyr:<\/h2>\n<ul>\n<li>\n<h3>To brugerkontrollerbare tofarvede LED&#039;er<\/h3>\n<\/li>\n<li>\n<h3>Brugerkontrollerbar summer<\/h3>\n<\/li>\n<\/ul>\n<\/li>\n<li>\n<h2>Applikationsprogrammeringsgr\u00e6nseflade:<\/h2>\n<ul>\n<li>\n<h3>Underst\u00f8tter PC\/SC<\/h3>\n<\/li>\n<li>\n<h3>Underst\u00f8tter CT-API (gennem indpakning oven p\u00e5 PC\/SC)<\/h3>\n<\/li>\n<\/ul>\n<\/li>\n<li>\n<h2>USB-firmwareopgraderingsmuligheder<\/h2>\n<\/li>\n<li>\n<h2>Underst\u00f8tter Android\u2122 4.3 og nyere<\/h2>\n<\/li>\n<li>\n<h2>Underst\u00f8tter iOS 8.0 og nyere<\/h2>\n<\/li>\n<li>\n<table width=\"719\">\n<tbody>\n<tr>\n<td colspan=\"2\" width=\"719\">Fysiske egenskaber<\/td>\n<\/tr>\n<tr>\n<td width=\"326\">Dimensioner (mm)<\/td>\n<td width=\"393\">85 mm (L) x 54 mm (B) x 10 mm (H)<\/td>\n<\/tr>\n<tr>\n<td width=\"326\">V\u00e6gt (g)<\/td>\n<td width=\"393\">37,5 g (74,1 g med kabel \u00b1 5 g tolerance)<\/td>\n<\/tr>\n<tr>\n<td colspan=\"2\" width=\"719\">Bluetooth-gr\u00e6nseflade<\/td>\n<\/tr>\n<tr>\n<td width=\"326\">Protokol<\/td>\n<td width=\"393\">Bluetooth\u00ae (Bluetooth 4.0)<\/td>\n<\/tr>\n<tr>\n<td width=\"326\">Str\u00f8mkilde<\/td>\n<td width=\"393\">Genopladeligt lithium-ion-batteri (oplades via USB)<\/td>\n<\/tr>\n<tr>\n<td width=\"326\">Hastighed<\/td>\n<td width=\"393\">1 Mbps<\/td>\n<\/tr>\n<tr>\n<td colspan=\"2\" width=\"719\">USB interface<\/td>\n<\/tr>\n<tr>\n<td width=\"326\">Protokol<\/td>\n<td width=\"393\">USB CCID<\/td>\n<\/tr>\n<tr>\n<td width=\"326\">Connector Type<\/td>\n<td width=\"393\">USB Mini-B<\/td>\n<\/tr>\n<tr>\n<td width=\"326\">Str\u00f8mkilde<\/td>\n<td width=\"393\">Fra USB-port<\/td>\n<\/tr>\n<tr>\n<td width=\"326\">Hastighed<\/td>\n<td width=\"393\">USB fuld hastighed (12 Mbps)<\/td>\n<\/tr>\n<tr>\n<td width=\"326\">Kabell\u00e6ngde<\/td>\n<td width=\"393\">1 m, aftagelig<\/td>\n<\/tr>\n<tr>\n<td colspan=\"2\" width=\"719\">Kontaktl\u00f8s Smart Card-interface<\/td>\n<\/tr>\n<tr>\n<td width=\"326\">Standard<\/td>\n<td width=\"393\">ISO\/IEC 18092 NFC, ISO 14443 Type A &amp; B, MIFARE, FeliCa<\/td>\n<\/tr>\n<tr>\n<td width=\"326\">Protokol<\/td>\n<td width=\"393\">ISO 14443-4 kompatibelt kort, T=CL<br \/>\nMIFARE Classic Card, T=CL<br \/>\nISO 18092, NFC-tags<br \/>\nFeliCa<\/td>\n<\/tr>\n<tr>\n<td colspan=\"2\" width=\"719\">Indbygget periferiudstyr<\/td>\n<\/tr>\n<tr>\n<td width=\"326\">LED<\/td>\n<td width=\"393\">2 bi-farver: r\u00f8d og bl\u00e5, r\u00f8d og gr\u00f8n<\/td>\n<\/tr>\n<tr>\n<td width=\"326\">Summer<\/td>\n<td width=\"393\">Monotone<\/td>\n<\/tr>\n<tr>\n<td colspan=\"2\" width=\"719\">Andre funktioner<\/td>\n<\/tr>\n<tr>\n<td width=\"326\">Kryptering<\/td>\n<td width=\"393\">AES-krypteringsalgoritme i enheden<\/td>\n<\/tr>\n<tr>\n<td width=\"326\">Firmware opgradering<\/td>\n<td width=\"393\">Underst\u00f8ttet<\/td>\n<\/tr>\n<tr>\n<td colspan=\"2\" width=\"719\">Certificeringer\/overholdelse<\/td>\n<\/tr>\n<tr>\n<td rowspan=\"14\" width=\"326\">Certificeringer\/overholdelse<\/td>\n<td>EN 60950\/IEC 60950<\/td>\n<\/tr>\n<tr>\n<td>ISO 18092<\/td>\n<\/tr>\n<tr>\n<td>ISO 14443<\/td>\n<\/tr>\n<tr>\n<td>USB fuld hastighed<\/td>\n<\/tr>\n<tr>\n<td>Bluetooth\u00ae<\/td>\n<\/tr>\n<tr>\n<td>PC\/SC<\/td>\n<\/tr>\n<tr>\n<td>CCID<\/td>\n<\/tr>\n<tr>\n<td>CE<\/td>\n<\/tr>\n<tr>\n<td>FCC<\/td>\n<\/tr>\n<tr>\n<td>RoHS<\/td>\n<\/tr>\n<tr>\n<td>N\u00c5<\/td>\n<\/tr>\n<tr>\n<td>VCCI (Japan)<\/td>\n<\/tr>\n<tr>\n<td>BIS (Indien)<\/td>\n<\/tr>\n<tr>\n<td>Microsoft\u00ae WHQL<\/td>\n<\/tr>\n<tr>\n<td colspan=\"2\" width=\"719\">Underst\u00f8ttelse af styresystem til enhedsdriver<\/td>\n<\/tr>\n<tr>\n<td rowspan=\"5\" width=\"326\">Underst\u00f8ttelse af styresystem til enhedsdriver<\/td>\n<td width=\"393\">Windows\u00ae<\/td>\n<\/tr>\n<tr>\n<td width=\"393\">Linux\u00ae<\/td>\n<\/tr>\n<tr>\n<td width=\"393\">MAC OS\u00ae 10.7 og nyere<\/td>\n<\/tr>\n<tr>\n<td width=\"393\">Android\u2122 4.3 og nyere<\/td>\n<\/tr>\n<tr>\n<td width=\"393\">iOS 8.0 og nyere<\/td>\n<\/tr>\n<\/tbody>\n<\/table>\n<\/li>\n<\/ul>","protected":false},"excerpt":{"rendered":"<p>ACR1255U-J1 er en alsidig Bluetooth\u00ae NFC-l\u00e6ser udstyret med RFID-teknologi, der muligg\u00f8r problemfri mobil- og desktop-interaktion med smart cards og NFC-enheder.<\/p>","protected":false},"featured_media":1496,"template":"","meta":[],"product_brand":[],"product_cat":[38,40],"product_tag":[],"class_list":{"0":"post-1493","1":"product","2":"type-product","3":"status-publish","4":"has-post-thumbnail","6":"product_cat-mobile-ble-nfc-reader","7":"product_cat-rfid-nfc-reader","9":"first","10":"instock","11":"shipping-taxable","12":"product-type-simple"},"_links":{"self":[{"href":"https:\/\/nfc-readers.com\/da\/wp-json\/wp\/v2\/product\/1493","targetHints":{"allow":["GET"]}}],"collection":[{"href":"https:\/\/nfc-readers.com\/da\/wp-json\/wp\/v2\/product"}],"about":[{"href":"https:\/\/nfc-readers.com\/da\/wp-json\/wp\/v2\/types\/product"}],"wp:featuredmedia":[{"embeddable":true,"href":"https:\/\/nfc-readers.com\/da\/wp-json\/wp\/v2\/media\/1496"}],"wp:attachment":[{"href":"https:\/\/nfc-readers.com\/da\/wp-json\/wp\/v2\/media?parent=1493"}],"wp:term":[{"taxonomy":"product_brand","embeddable":true,"href":"https:\/\/nfc-readers.com\/da\/wp-json\/wp\/v2\/product_brand?post=1493"},{"taxonomy":"product_cat","embeddable":true,"href":"https:\/\/nfc-readers.com\/da\/wp-json\/wp\/v2\/product_cat?post=1493"},{"taxonomy":"product_tag","embeddable":true,"href":"https:\/\/nfc-readers.com\/da\/wp-json\/wp\/v2\/product_tag?post=1493"}],"curies":[{"name":"wp","href":"https:\/\/api.w.org\/{rel}","templated":true}]}}