{"id":1511,"date":"2024-04-07T02:55:34","date_gmt":"2024-04-07T02:55:34","guid":{"rendered":"https:\/\/nfc-readers.com\/?post_type=product&#038;p=1511"},"modified":"2024-10-16T08:11:19","modified_gmt":"2024-10-16T08:11:19","slug":"acr1311u-n2-nfc-bluetooth-reader","status":"publish","type":"product","link":"https:\/\/nfc-readers.com\/da\/ic-reader\/acr1311u-n2-nfc-bluetooth-reader\/","title":{"rendered":"ACR1311U-N2 NFC Bluetooth-l\u00e6ser"},"content":{"rendered":"<h1>ACR1311U-N2 NFC Bluetooth-l\u00e6ser<\/h1>\n<p>ACR1311U-N2 er et eksempel p\u00e5 en tilpasningsdygtig og effektiv NFC-l\u00e6ser Bluetooth-enhed. Dens brede kompatibilitet med flere smart card- og NFC-standarder kombineret med brugervenlig, opgraderbar firmware sikrer, at den skiller sig ud som et fremtidssikret og multifunktionelt v\u00e6rkt\u00f8j, der er velegnet til forskellige RFID- og NFC-applikationer.<\/p>\n<ul>\n<li><iframe loading=\"lazy\" title=\"ACR1311 Bluetooth NFC Reader Writer\" width=\"1020\" height=\"574\" src=\"https:\/\/www.youtube.com\/embed\/gTAp1gC83Q8?feature=oembed\" frameborder=\"0\" allow=\"accelerometer; autoplay; clipboard-write; encrypted-media; gyroscope; picture-in-picture; web-share\" referrerpolicy=\"strict-origin-when-cross-origin\" allowfullscreen><\/iframe>\n<p>Bluetooth\u00ae-gr\u00e6nseflade<\/li>\n<li>\n<h2>USB 2.0 fuld hastighed interface<\/h2>\n<\/li>\n<li>\n<h2>Str\u00f8mkilde:<\/h2>\n<ul>\n<li>\n<h3>Batteridrevet (inkorporerer et litium-ion-batteri, der kan genoplades via USB Mini-B-port)<\/h3>\n<\/li>\n<li>\n<h3>USB-drevet (via pc-forbundet tilstand)<\/h3>\n<\/li>\n<\/ul>\n<\/li>\n<li>\n<h2>CCID-overholdelse<\/h2>\n<\/li>\n<li>\n<h2>Smartkortl\u00e6ser:<\/h2>\n<ul>\n<li>\n<h3>Kontaktl\u00f8s gr\u00e6nseflade:<\/h3>\n<ul>\n<li>\n<h4>L\u00e6se\/skrivehastighed op til 424 kbps<\/h4>\n<\/li>\n<li>\n<h4>Indbygget antenne til kontaktl\u00f8s tag-adgang, med kortl\u00e6seafstand p\u00e5 op til 60 mm (afh\u00e6ngigt af tag-type)<\/h4>\n<\/li>\n<li>\n<h4>Underst\u00f8tter ISO 14443 Type A og B-kort, MIFARE, FeliCa og alle 4 typer NFC (ISO\/IEC 18092) tags<\/h4>\n<\/li>\n<li>\n<h4>Indbygget anti-kollisionsfunktion (kun 1 tag er tilg\u00e6ngelig p\u00e5 ethvert tidspunkt)<\/h4>\n<\/li>\n<li>\n<h4>NFC support<\/h4>\n<\/li>\n<li>\n<h4>Kortl\u00e6ser\/skrivertilstand<\/h4>\n<\/li>\n<\/ul>\n<\/li>\n<\/ul>\n<\/li>\n<li>\n<h2>Indbygget periferiudstyr:<\/h2>\n<ul>\n<li>\n<h3>To brugerkontrollerbare tofarvede LED&#039;er<\/h3>\n<\/li>\n<li>\n<h3>Brugerkontrollerbar summer<\/h3>\n<\/li>\n<\/ul>\n<\/li>\n<li>\n<h2>Applikationsprogrammeringsgr\u00e6nseflade:<\/h2>\n<ul>\n<li>\n<h3>Underst\u00f8tter PC\/SC<\/h3>\n<\/li>\n<li>\n<h3>Underst\u00f8tter CT-API (gennem indpakning oven p\u00e5 PC\/SC)<\/h3>\n<\/li>\n<\/ul>\n<\/li>\n<li>\n<h2>USB-firmwareopgraderingsmuligheder<\/h2>\n<\/li>\n<li>\n<h2>Underst\u00f8tter Android\u2122 4.3 og nyere<\/h2>\n<\/li>\n<li>\n<h2>Underst\u00f8tter iOS 8.0 og nyere<\/h2>\n<\/li>\n<\/ul>\n<p><iframe loading=\"lazy\" title=\"Tr\u00e5dl\u00f8s NFC-kortl\u00e6serskriver | ACR1311U N2\" width=\"1020\" height=\"574\" src=\"https:\/\/www.youtube.com\/embed\/mSzbe8xRJLQ?feature=oembed\" frameborder=\"0\" allow=\"accelerometer; autoplay; clipboard-write; encrypted-media; gyroscope; picture-in-picture; web-share\" referrerpolicy=\"strict-origin-when-cross-origin\" allowfullscreen><\/iframe><\/p>\n<ul>\n<li>\n<table style=\"height: 1029px;\" width=\"722\">\n<tbody>\n<tr>\n<td colspan=\"2\" width=\"775\">Fysiske egenskaber<\/td>\n<\/tr>\n<tr>\n<td width=\"382\">Dimensioner (mm)<\/td>\n<td width=\"393\">60 mm (L) \u00d7 47,98 mm (B) \u00d7 12 mm (H)<\/td>\n<\/tr>\n<tr>\n<td width=\"382\">V\u00e6gt (g)<\/td>\n<td width=\"393\">30 g<\/td>\n<\/tr>\n<tr>\n<td colspan=\"2\" width=\"775\">Bluetooth-gr\u00e6nseflade<\/td>\n<\/tr>\n<tr>\n<td width=\"382\">Protokol<\/td>\n<td width=\"393\">Bluetooth\u00ae (Bluetooth 4.0)<\/td>\n<\/tr>\n<tr>\n<td width=\"382\">Str\u00f8mkilde<\/td>\n<td width=\"393\">Genopladeligt lithium-ion-batteri (oplades via USB)<\/td>\n<\/tr>\n<tr>\n<td width=\"382\">Hastighed<\/td>\n<td width=\"393\">1 Mbps<\/td>\n<\/tr>\n<tr>\n<td colspan=\"2\" width=\"775\">USB interface<\/td>\n<\/tr>\n<tr>\n<td width=\"382\">Protokol<\/td>\n<td width=\"393\">USB CCID<\/td>\n<\/tr>\n<tr>\n<td width=\"382\">Connector Type<\/td>\n<td width=\"393\">USB mikro<\/td>\n<\/tr>\n<tr>\n<td width=\"382\">Str\u00f8mkilde<\/td>\n<td width=\"393\">Fra USB-port<\/td>\n<\/tr>\n<tr>\n<td width=\"382\">Hastighed<\/td>\n<td width=\"393\">USB fuld hastighed (12 Mbps)<\/td>\n<\/tr>\n<tr>\n<td width=\"382\">Kabell\u00e6ngde<\/td>\n<td width=\"393\">1 m, aftagelig<\/td>\n<\/tr>\n<tr>\n<td colspan=\"2\" width=\"775\">Kontaktl\u00f8s Smart Card-interface<\/td>\n<\/tr>\n<tr>\n<td width=\"382\">Standard<\/td>\n<td width=\"393\">ISO 14443 Type A &amp; B, MIFARE, DESFire<\/td>\n<\/tr>\n<tr>\n<td width=\"382\">Protokol<\/td>\n<td width=\"393\">ISO 14443 T=CL for ISO14443-4-kompatible kort og T=CL-emulering til MIFARE Classic 1K\/4K og NFC-tags<\/td>\n<\/tr>\n<tr>\n<td colspan=\"2\" width=\"775\">Indbygget periferiudstyr<\/td>\n<\/tr>\n<tr>\n<td width=\"382\">LED<\/td>\n<td width=\"393\">2 bi-farver: r\u00f8d og bl\u00e5, r\u00f8d og gr\u00f8n<\/td>\n<\/tr>\n<tr>\n<td width=\"382\">Summer<\/td>\n<td width=\"393\">Monotone<\/td>\n<\/tr>\n<tr>\n<td colspan=\"2\" width=\"775\">Andre funktioner<\/td>\n<\/tr>\n<tr>\n<td width=\"382\">Firmware opgradering<\/td>\n<td width=\"393\">Underst\u00f8ttet<\/td>\n<\/tr>\n<tr>\n<td colspan=\"2\" width=\"775\">Certificeringer\/overholdelse<\/td>\n<\/tr>\n<tr>\n<td rowspan=\"9\" width=\"382\">Certificeringer\/overholdelse<\/td>\n<td>EN 60950\/IEC 60950<\/td>\n<\/tr>\n<tr>\n<td>ISO 14443<\/td>\n<\/tr>\n<tr>\n<td>USB fuld hastighed<\/td>\n<\/tr>\n<tr>\n<td>Bluetooth\u00ae<\/td>\n<\/tr>\n<tr>\n<td>PC\/SC<\/td>\n<\/tr>\n<tr>\n<td>CCID<\/td>\n<\/tr>\n<tr>\n<td>RoHS2<\/td>\n<\/tr>\n<tr>\n<td>N\u00c5<\/td>\n<\/tr>\n<tr>\n<td>Microsoft\u00ae WHQL<\/td>\n<\/tr>\n<tr>\n<td colspan=\"2\" width=\"775\">Underst\u00f8ttelse af styresystem til enhedsdriver<\/td>\n<\/tr>\n<tr>\n<td rowspan=\"5\" width=\"382\">Underst\u00f8ttelse af styresystem til enhedsdriver<\/td>\n<td width=\"393\">Windows\u00ae<\/td>\n<\/tr>\n<tr>\n<td width=\"393\">Linux\u00ae<\/td>\n<\/tr>\n<tr>\n<td width=\"393\">MAC OS\u00ae 10.7 og nyere<\/td>\n<\/tr>\n<tr>\n<td width=\"393\">Android\u2122 4.3 og nyere<\/td>\n<\/tr>\n<tr>\n<td width=\"393\">iOS 8.0 og nyere<\/td>\n<\/tr>\n<\/tbody>\n<\/table>\n<\/li>\n<\/ul>","protected":false},"excerpt":{"rendered":"<p>ACR1311U-N2 er en alsidig Bluetooth NFC Secure Reader, der underst\u00f8tter RFID-applikationer til adgangskontrol og lagerstyring.<\/p>","protected":false},"featured_media":1507,"template":"","meta":[],"product_brand":[],"product_cat":[38,40],"product_tag":[],"class_list":{"0":"post-1511","1":"product","2":"type-product","3":"status-publish","4":"has-post-thumbnail","6":"product_cat-mobile-ble-nfc-reader","7":"product_cat-rfid-nfc-reader","9":"first","10":"instock","11":"shipping-taxable","12":"product-type-simple"},"_links":{"self":[{"href":"https:\/\/nfc-readers.com\/da\/wp-json\/wp\/v2\/product\/1511","targetHints":{"allow":["GET"]}}],"collection":[{"href":"https:\/\/nfc-readers.com\/da\/wp-json\/wp\/v2\/product"}],"about":[{"href":"https:\/\/nfc-readers.com\/da\/wp-json\/wp\/v2\/types\/product"}],"wp:featuredmedia":[{"embeddable":true,"href":"https:\/\/nfc-readers.com\/da\/wp-json\/wp\/v2\/media\/1507"}],"wp:attachment":[{"href":"https:\/\/nfc-readers.com\/da\/wp-json\/wp\/v2\/media?parent=1511"}],"wp:term":[{"taxonomy":"product_brand","embeddable":true,"href":"https:\/\/nfc-readers.com\/da\/wp-json\/wp\/v2\/product_brand?post=1511"},{"taxonomy":"product_cat","embeddable":true,"href":"https:\/\/nfc-readers.com\/da\/wp-json\/wp\/v2\/product_cat?post=1511"},{"taxonomy":"product_tag","embeddable":true,"href":"https:\/\/nfc-readers.com\/da\/wp-json\/wp\/v2\/product_tag?post=1511"}],"curies":[{"name":"wp","href":"https:\/\/api.w.org\/{rel}","templated":true}]}}