{"id":1512,"date":"2024-04-07T03:03:03","date_gmt":"2024-04-07T03:03:03","guid":{"rendered":"https:\/\/nfc-readers.com\/?post_type=product&#038;p=1512"},"modified":"2024-10-16T08:13:55","modified_gmt":"2024-10-16T08:13:55","slug":"acr35-nfc-mobilemate-card-reader","status":"publish","type":"product","link":"https:\/\/nfc-readers.com\/da\/ic-reader\/acr35-nfc-mobilemate-card-reader\/","title":{"rendered":"ACR35 NFC MobileMate kortl\u00e6ser"},"content":{"rendered":"<h1>ACR35 NFC MobileMate kortl\u00e6ser<\/h1>\n<p>ACR35 NFC MobileMate-kortl\u00e6seren er en kompakt, stilfuld og b\u00e6rbar NFC-l\u00e6ser, der tilbyder en sikker, brugervenlig oplevelse. Dens avancerede krypteringsfunktioner og bekvemmeligheden ved en genopladelig str\u00f8mforsyning g\u00f8r den til et v\u00e6rdifuldt aktiv for sikre mobiltransaktioner, der inkorporerer den perfekte blanding af funktionalitet og portabilitet for aktive brugere.<\/p>\n<p>&nbsp;<\/p>\n<p>3,5 mm Audio Jack Interface<br \/>\nDrevet af et lithium-ion-batteri (genopladeligt via pc-forbundet tilstand)<br \/>\nSmartkortl\u00e6ser:<br \/>\nIndbygget antenne til kontaktl\u00f8s tag-adgang, med l\u00e6seafstand p\u00e5 op til 50 mm (afh\u00e6ngigt af tag-type)<br \/>\nUnderst\u00f8tter ISO 14443 Part 4 Type A- og B-kort<br \/>\nUnderst\u00f8tter MIFARE<br \/>\nUnderst\u00f8tter FeliCa<br \/>\nUnderst\u00f8tter ISO 18092-tags (NFC-tags)*<br \/>\nIndbygget anti-kollisionsfunktion<br \/>\nNFC support:<br \/>\nKortl\u00e6ser\/skrivertilstand<br \/>\nMagnetstribe kortl\u00e6ser:<br \/>\nL\u00e6ser op til to spor med kortdata (spor 1 \/ spor 2)<br \/>\nKan l\u00e6se tovejs<br \/>\nUnderst\u00f8tter AES128 krypteringsalgoritme<br \/>\nUnderst\u00f8tter DUKPT Key Management System<br \/>\nUnderst\u00f8tter ISO 7810 \/ 7811 magnetiske kort<br \/>\nUnderst\u00f8tter Hi-Coercivity og Low-Coercivity magnetiske kort<br \/>\nUnderst\u00f8tter JIS1 og JIS2<\/p>\n<table width=\"769\">\n<tbody>\n<tr>\n<td colspan=\"2\" width=\"769\">Fysiske egenskaber<\/td>\n<\/tr>\n<tr>\n<td width=\"376\">Dimensioner (mm)<\/td>\n<td width=\"393\">60,0 mm (L) x 45,0 mm (B) x 13,3 mm (H)<\/td>\n<\/tr>\n<tr>\n<td width=\"376\">V\u00e6gt (g)<\/td>\n<td width=\"393\">29,0 g (med batteri)<\/td>\n<\/tr>\n<tr>\n<td colspan=\"2\" width=\"769\">Audio Jack kommunikationsgr\u00e6nseflade<\/td>\n<\/tr>\n<tr>\n<td width=\"376\">Protokol<\/td>\n<td width=\"393\">Tovejs audiojack-interface<\/td>\n<\/tr>\n<tr>\n<td width=\"376\">Connector Type<\/td>\n<td width=\"393\">3,5 mm 4-polet lydstik<\/td>\n<\/tr>\n<tr>\n<td width=\"376\">Str\u00f8mkilde<\/td>\n<td width=\"393\">Batteridrevet<\/td>\n<\/tr>\n<tr>\n<td colspan=\"2\" width=\"769\">USB interface<\/td>\n<\/tr>\n<tr>\n<td width=\"376\">Connector Type<\/td>\n<td width=\"393\">Mikro-USB<\/td>\n<\/tr>\n<tr>\n<td width=\"376\">Str\u00f8mkilde<\/td>\n<td width=\"393\">Fra USB-port<\/td>\n<\/tr>\n<tr>\n<td width=\"376\">Kabell\u00e6ngde<\/td>\n<td width=\"393\">1 m, aftagelig<\/td>\n<\/tr>\n<tr>\n<td colspan=\"2\" width=\"769\">Kontaktl\u00f8s Smart Card-interface<\/td>\n<\/tr>\n<tr>\n<td width=\"376\">Standard<\/td>\n<td width=\"393\">ISO\/IEC 18092 NFC, ISO 14443 Type A &amp; B, MIFARE, FeliCa<\/td>\n<\/tr>\n<tr>\n<td rowspan=\"4\" width=\"376\">Protokol<\/td>\n<td width=\"393\">ISO 14443-4 kompatibelt kort, T=CL<\/td>\n<\/tr>\n<tr>\n<td width=\"393\">MIFARE Classic Card, T=CL<\/td>\n<\/tr>\n<tr>\n<td width=\"393\">ISO 18092, NFC-tags<\/td>\n<\/tr>\n<tr>\n<td width=\"393\">FeliCa<\/td>\n<\/tr>\n<tr>\n<td colspan=\"2\" width=\"769\">Magnetisk kort interface<\/td>\n<\/tr>\n<tr>\n<td rowspan=\"2\" width=\"376\">Standard<\/td>\n<td width=\"393\">ISO 7810\/7811 Hi-Co og Low-Co magnetkort<\/td>\n<\/tr>\n<tr>\n<td width=\"393\">JIS 1 og JIS 2<\/td>\n<\/tr>\n<tr>\n<td colspan=\"2\" width=\"769\">Andre funktioner<\/td>\n<\/tr>\n<tr>\n<td rowspan=\"2\" width=\"376\">Kryptering<\/td>\n<td width=\"393\">AES-krypteringsalgoritme i enheden<\/td>\n<\/tr>\n<tr>\n<td width=\"393\">DUKPT n\u00f8glestyringssystem<\/td>\n<\/tr>\n<tr>\n<td colspan=\"2\" width=\"769\">Certificeringer\/overholdelse<\/td>\n<\/tr>\n<tr>\n<td rowspan=\"10\" width=\"376\">Certificeringer\/overholdelse<\/td>\n<td>EN 60950\/IEC 60950<\/td>\n<\/tr>\n<tr>\n<td>ISO 7811<\/td>\n<\/tr>\n<tr>\n<td>ISO 18092<\/td>\n<\/tr>\n<tr>\n<td>ISO 14443<\/td>\n<\/tr>\n<tr>\n<td>VCCI (Japan)<\/td>\n<\/tr>\n<tr>\n<td>KC (Korea)<\/td>\n<\/tr>\n<tr>\n<td>CE<\/td>\n<\/tr>\n<tr>\n<td>FCC<\/td>\n<\/tr>\n<tr>\n<td>RoHS 2<\/td>\n<\/tr>\n<tr>\n<td>N\u00c5<\/td>\n<\/tr>\n<tr>\n<td colspan=\"2\" width=\"769\">Underst\u00f8ttelse af styresystem til enhedsdriver<\/td>\n<\/tr>\n<tr>\n<td rowspan=\"2\" width=\"376\">Underst\u00f8ttelse af styresystem til enhedsdriver<\/td>\n<td>Android\u2122 2.0 og nyere<\/td>\n<\/tr>\n<tr>\n<td>iOS 5.0 og nyere<\/td>\n<\/tr>\n<\/tbody>\n<\/table>","protected":false},"excerpt":{"rendered":"<p>ACR35 NFC MobileMate Reader er en b\u00e6rbar, kontaktl\u00f8s l\u00e6ser, der forbedrer mobile enheder og tilbyder sikre NFC-transaktioner til brugere p\u00e5 farten.<\/p>","protected":false},"featured_media":1499,"template":"","meta":[],"product_brand":[],"product_cat":[38],"product_tag":[],"class_list":{"0":"post-1512","1":"product","2":"type-product","3":"status-publish","4":"has-post-thumbnail","6":"product_cat-mobile-ble-nfc-reader","8":"first","9":"instock","10":"shipping-taxable","11":"product-type-simple"},"_links":{"self":[{"href":"https:\/\/nfc-readers.com\/da\/wp-json\/wp\/v2\/product\/1512","targetHints":{"allow":["GET"]}}],"collection":[{"href":"https:\/\/nfc-readers.com\/da\/wp-json\/wp\/v2\/product"}],"about":[{"href":"https:\/\/nfc-readers.com\/da\/wp-json\/wp\/v2\/types\/product"}],"wp:featuredmedia":[{"embeddable":true,"href":"https:\/\/nfc-readers.com\/da\/wp-json\/wp\/v2\/media\/1499"}],"wp:attachment":[{"href":"https:\/\/nfc-readers.com\/da\/wp-json\/wp\/v2\/media?parent=1512"}],"wp:term":[{"taxonomy":"product_brand","embeddable":true,"href":"https:\/\/nfc-readers.com\/da\/wp-json\/wp\/v2\/product_brand?post=1512"},{"taxonomy":"product_cat","embeddable":true,"href":"https:\/\/nfc-readers.com\/da\/wp-json\/wp\/v2\/product_cat?post=1512"},{"taxonomy":"product_tag","embeddable":true,"href":"https:\/\/nfc-readers.com\/da\/wp-json\/wp\/v2\/product_tag?post=1512"}],"curies":[{"name":"wp","href":"https:\/\/api.w.org\/{rel}","templated":true}]}}