{"id":1520,"date":"2024-04-07T03:57:14","date_gmt":"2024-04-07T03:57:14","guid":{"rendered":"https:\/\/nfc-readers.com\/?post_type=product&#038;p=1520"},"modified":"2024-10-16T08:07:41","modified_gmt":"2024-10-16T08:07:41","slug":"acr39u-uf-type-c-connector-smart-card-reader","status":"publish","type":"product","link":"https:\/\/nfc-readers.com\/da\/ic-reader\/acr39u-uf-type-c-connector-smart-card-reader\/","title":{"rendered":"ACR39U-UF-TYPE C-stik-smartkortl\u00e6ser"},"content":{"rendered":"<h1>ACR39U-UF-TYPE C-stik-smartkortl\u00e6ser<\/h1>\n<p>ACR39U-UF Smart Card-l\u00e6seren fremst\u00e5r som et meget alsidigt og innovativt v\u00e6rkt\u00f8j, der inkorporerer USB Type C-tilslutning for lettere og mere fleksibel brug. Dens underst\u00f8ttelse af en lang r\u00e6kke smartkort og overholdelse af kritiske industristandarder g\u00f8r den til en vigtig b\u00e6rbar NFC-l\u00e6ser til en lang r\u00e6kke sikre applikationer p\u00e5 tv\u00e6rs af b\u00e5de desktop- og mobilplatforme.<\/p>\n<ul>\n<li>\n<h2>USB 2.0 fuld hastighed interface<\/h2>\n<\/li>\n<li>\n<h2>USB Type-C stik<\/h2>\n<\/li>\n<li>\n<h2>Plug and Play \u2013 CCID-underst\u00f8ttelse giver den st\u00f8rste mobilitet<\/h2>\n<\/li>\n<li>\n<h2>Smartkortl\u00e6ser:<\/h2>\n<ul>\n<li>\n<h3>Underst\u00f8tter ISO 7816 klasse A, B og C (5 V, 3 V, 1,8 V) kort<\/h3>\n<\/li>\n<li>\n<h3>Underst\u00f8tter CAC<\/h3>\n<\/li>\n<li>\n<h3>Underst\u00f8tter SIPRNET-kort<\/h3>\n<\/li>\n<li>\n<h3>Underst\u00f8tter J-LIS-kort<\/h3>\n<\/li>\n<li>\n<h3>Underst\u00f8tter mikroprocessorkort med T=0 eller T=1 protokol<\/h3>\n<\/li>\n<li>\n<h3>Underst\u00f8tter hukommelseskort<\/h3>\n<\/li>\n<li>\n<h3>Underst\u00f8tter Mykad Card<\/h3>\n<\/li>\n<li>\n<h3>Underst\u00f8tter PPS (Protocol and Parameter Selection)<\/h3>\n<\/li>\n<li>\n<h3>Har kortslutningsbeskyttelse<\/h3>\n<\/li>\n<\/ul>\n<\/li>\n<li>\n<h2>Applikationsprogrammeringsgr\u00e6nseflade:<\/h2>\n<ul>\n<li>\n<h3>Underst\u00f8tter PC\/SC<\/h3>\n<\/li>\n<li>\n<h3>Underst\u00f8tter CT-API CT-API (gennem indpakning oven p\u00e5 PC\/SC)<\/h3>\n<\/li>\n<\/ul>\n<\/li>\n<li>\n<h2>Underst\u00f8tter Android\u2122 3.1 og nyere<\/h2>\n<\/li>\n<li>\n<div>\n<table width=\"581\">\n<tbody>\n<tr>\n<td colspan=\"2\" width=\"581\">Fysiske egenskaber<\/td>\n<\/tr>\n<tr>\n<td width=\"236\">Dimensioner (mm)<\/td>\n<td width=\"345\">72,2 mm (L) x 69,0 mm (B) x 14,5 mm (H)<\/td>\n<\/tr>\n<tr>\n<td width=\"236\">V\u00e6gt (g)<\/td>\n<td width=\"345\">65,0 g<\/td>\n<\/tr>\n<tr>\n<td colspan=\"2\" width=\"581\">USB interface<\/td>\n<\/tr>\n<tr>\n<td width=\"236\">Protokol<\/td>\n<td width=\"345\">USB CCID<\/td>\n<\/tr>\n<tr>\n<td width=\"236\">Connector Type<\/td>\n<td width=\"345\">Standard Type-C<\/td>\n<\/tr>\n<tr>\n<td width=\"236\">Str\u00f8mkilde<\/td>\n<td width=\"345\">Fra USB-port<\/td>\n<\/tr>\n<tr>\n<td width=\"236\">Hastighed<\/td>\n<td width=\"345\">USB 2.0 fuld hastighed (12 Mbps)<\/td>\n<\/tr>\n<tr>\n<td width=\"236\">Kabell\u00e6ngde<\/td>\n<td width=\"345\">1,5 m, Fast<\/td>\n<\/tr>\n<tr>\n<td colspan=\"2\" width=\"581\">Kontakt Smart Card Interface<\/td>\n<\/tr>\n<tr>\n<td width=\"236\">Antal slots<\/td>\n<td width=\"345\">1 kortplads i fuld st\u00f8rrelse<\/td>\n<\/tr>\n<tr>\n<td width=\"236\">Standard<\/td>\n<td width=\"345\">ISO 7816 del 1-4, klasse A, B, C (5 V, 3 V, 1,8 V)<\/td>\n<\/tr>\n<tr>\n<td width=\"236\">Protokol<\/td>\n<td width=\"345\">T=0; T=1; Underst\u00f8ttelse af hukommelseskort<\/td>\n<\/tr>\n<tr>\n<td width=\"236\">Andre<\/td>\n<td width=\"345\">Mykad Card, CAC, PIV, SIPRNET, J-LIS Smart Cards<\/td>\n<\/tr>\n<tr>\n<td colspan=\"2\" width=\"581\">Certificeringer\/overholdelse<\/td>\n<\/tr>\n<tr>\n<td rowspan=\"18\" width=\"236\">Certificeringer\/overholdelse<\/td>\n<td width=\"345\">EN62368\/IEC 62368<\/td>\n<\/tr>\n<tr>\n<td width=\"345\">CE<\/td>\n<\/tr>\n<tr>\n<td width=\"345\">FCC<\/td>\n<\/tr>\n<tr>\n<td width=\"345\">RoHS<\/td>\n<\/tr>\n<tr>\n<td width=\"345\">N\u00c5<\/td>\n<\/tr>\n<tr>\n<td width=\"345\">EMV\u2122 niveau 1 (kontakt)<\/td>\n<\/tr>\n<tr>\n<td width=\"345\">J-LIS<\/td>\n<\/tr>\n<tr>\n<td width=\"345\">KCC<\/td>\n<\/tr>\n<tr>\n<td width=\"345\">PBOC<\/td>\n<\/tr>\n<tr>\n<td width=\"345\">TAA (USA)<\/td>\n<\/tr>\n<tr>\n<td width=\"345\">UKCA<\/td>\n<\/tr>\n<tr>\n<td width=\"345\">VCCI<\/td>\n<\/tr>\n<tr>\n<td width=\"345\">WEEE<\/td>\n<\/tr>\n<tr>\n<td width=\"345\">ISO 7816<\/td>\n<\/tr>\n<tr>\n<td width=\"345\">USB 2.0 fuld hastighed<\/td>\n<\/tr>\n<tr>\n<td width=\"345\">PC\/SC<\/td>\n<\/tr>\n<tr>\n<td width=\"345\">CCID<\/td>\n<\/tr>\n<tr>\n<td width=\"345\">Microsoft\u00ae WHQL<\/td>\n<\/tr>\n<tr>\n<td colspan=\"2\" width=\"581\">Underst\u00f8ttelse af styresystem til enhedsdriver<\/td>\n<\/tr>\n<tr>\n<td rowspan=\"5\" width=\"236\">Underst\u00f8ttelse af styresystem til enhedsdriver<\/td>\n<td width=\"345\">Windows\u00ae<\/td>\n<\/tr>\n<tr>\n<td width=\"345\">Linux\u00ae<\/td>\n<\/tr>\n<tr>\n<td width=\"345\">macOS\u00ae<\/td>\n<\/tr>\n<tr>\n<td width=\"345\">Solaris\u2122<\/td>\n<\/tr>\n<tr>\n<td width=\"345\">Android\u2122<\/td>\n<\/tr>\n<\/tbody>\n<\/table>\n<\/div>\n<\/li>\n<\/ul>","protected":false},"excerpt":{"rendered":"<p>ACR39U-UF er en kompakt USB Type C Secure Reader og h\u00f8jhastighedskontakt, designet til problemfri integration med forskellige smart card-applikationer p\u00e5 flere enheder.<\/p>","protected":false},"featured_media":1524,"template":"","meta":[],"product_brand":[],"product_cat":[39],"product_tag":[],"class_list":{"0":"post-1520","1":"product","2":"type-product","3":"status-publish","4":"has-post-thumbnail","6":"product_cat-usb-ic-smartcard-reader","8":"first","9":"instock","10":"shipping-taxable","11":"product-type-simple"},"_links":{"self":[{"href":"https:\/\/nfc-readers.com\/da\/wp-json\/wp\/v2\/product\/1520","targetHints":{"allow":["GET"]}}],"collection":[{"href":"https:\/\/nfc-readers.com\/da\/wp-json\/wp\/v2\/product"}],"about":[{"href":"https:\/\/nfc-readers.com\/da\/wp-json\/wp\/v2\/types\/product"}],"wp:featuredmedia":[{"embeddable":true,"href":"https:\/\/nfc-readers.com\/da\/wp-json\/wp\/v2\/media\/1524"}],"wp:attachment":[{"href":"https:\/\/nfc-readers.com\/da\/wp-json\/wp\/v2\/media?parent=1520"}],"wp:term":[{"taxonomy":"product_brand","embeddable":true,"href":"https:\/\/nfc-readers.com\/da\/wp-json\/wp\/v2\/product_brand?post=1520"},{"taxonomy":"product_cat","embeddable":true,"href":"https:\/\/nfc-readers.com\/da\/wp-json\/wp\/v2\/product_cat?post=1520"},{"taxonomy":"product_tag","embeddable":true,"href":"https:\/\/nfc-readers.com\/da\/wp-json\/wp\/v2\/product_tag?post=1520"}],"curies":[{"name":"wp","href":"https:\/\/api.w.org\/{rel}","templated":true}]}}