{"id":1532,"date":"2024-04-07T04:16:02","date_gmt":"2024-04-07T04:16:02","guid":{"rendered":"https:\/\/nfc-readers.com\/?post_type=product&#038;p=1532"},"modified":"2024-10-16T08:01:13","modified_gmt":"2024-10-16T08:01:13","slug":"acr39u-nd-pocketmate-ii-micro-usb-smart-card-reader","status":"publish","type":"product","link":"https:\/\/nfc-readers.com\/da\/ic-reader\/acr39u-nd-pocketmate-ii-micro-usb-smart-card-reader\/","title":{"rendered":"ACR39U-ND PocketMate II (Micro-USB) smartkortl\u00e6ser"},"content":{"rendered":"<div>\n<h1>ACR39U-ND PocketMate II (Micro-USB) smartkortl\u00e6ser<\/h1>\n<p>ACR39 Pocketmate II, udstyret med et Micro-USB-stik, udvikler sig genialt til en kontakt-smartkortl\u00e6ser i fuld st\u00f8rrelse med en enkel drejehandling. Denne enhed er kompakt nok til at passe p\u00e5 en n\u00f8glering, og den er klar til at underst\u00f8tte sofistikerede smartkortapplikationer med effektivitet. Denne b\u00e6rbare l\u00e6ser rummer dygtigt smartkort, der er i overensstemmelse med ISO 7816 klasse A, B og C (5 V, 3 V og 1,8 V) , sammen med mikroprocessorkort, der fungerer p\u00e5 b\u00e5de T=0- og T=1-protokoller. Dens alsidighed str\u00e6kker sig til en r\u00e6kke hukommelseskort, inklusive dem, der bruges af Department of Defense for Common Access (CAC) og SIPRNET. ACR39U PocketMate II trives i forskellige scenarier, herunder personlig identitetsbekr\u00e6ftelse, adgangskontrol, digitale signaturer og sikre onlinetransaktioner. Micro-USB-varianten sikrer, at ACR39U Pocketmate II bevarer alle de kendte funktioner i ACR39U-serien, samtidig med at den ogs\u00e5 giver omvendt kompatibilitet og let orientering. Dens drivere er velegnet til desktop- og mobilintegrationer og harmonerer med en lang r\u00e6kke operativsystemer som Windows\u00ae, Linux\u00ae, Solaris og Mac OS\u00ae. Derudover har ACR39U PocketMate II udvidet sin funktion til Android\u2122-enheder, der k\u00f8rer version 3.1 eller nyere.<\/p>\n<ul>\n<li>\n<h2>USB 2.0 fuld hastighed interface<\/h2>\n<\/li>\n<li>\n<h2>USB mikro-USB stik<\/h2>\n<\/li>\n<li>\n<h2>Plug and Play \u2013 CCID-underst\u00f8ttelse giver den st\u00f8rste mobilitet<\/h2>\n<\/li>\n<li>\n<h2>Swivel Motion Design<\/h2>\n<\/li>\n<li>\n<h2>Smartkortl\u00e6ser:<\/h2>\n<ul>\n<li>\n<h3>Underst\u00f8tter ISO 7816 klasse A, B og C (5 V, 3 V, 1,8 V) kort<\/h3>\n<\/li>\n<li>\n<h3>Underst\u00f8tter CAC<\/h3>\n<\/li>\n<li>\n<h3>Underst\u00f8tter SIPRNET-kort<\/h3>\n<\/li>\n<li>\n<h3>Underst\u00f8tter J-LIS-kort<\/h3>\n<\/li>\n<li>\n<h3>Underst\u00f8tter Mykad Card<\/h3>\n<\/li>\n<li>\n<h3>Underst\u00f8tter mikroprocessorkort med T=0 eller T=1 protokol<\/h3>\n<\/li>\n<li>\n<h3>Underst\u00f8tter hukommelseskort<\/h3>\n<\/li>\n<li>\n<h3>Underst\u00f8tter PPS (Protocol and Parameter Selection)<\/h3>\n<\/li>\n<li>\n<h3>Har kortslutningsbeskyttelse<\/h3>\n<\/li>\n<\/ul>\n<\/li>\n<li>\n<h2>Applikationsprogrammeringsgr\u00e6nseflade:<\/h2>\n<ul>\n<li>\n<h3>Underst\u00f8tter PC\/SC<\/h3>\n<\/li>\n<li>\n<h3>Underst\u00f8tter CT-API CT-API (gennem indpakning oven p\u00e5 PC\/SC)<\/h3>\n<\/li>\n<\/ul>\n<\/li>\n<li>\n<h2>Underst\u00f8tter Android\u2122 3.1 og nyere<\/h2>\n<\/li>\n<li>\n<table width=\"719\">\n<tbody>\n<tr>\n<td colspan=\"2\" width=\"719\">Fysiske egenskaber<\/td>\n<\/tr>\n<tr>\n<td width=\"326\">Dimensioner (mm)<\/td>\n<td width=\"393\">58,0 mm (L) x 20,0 mm (B) x 13,7 mm (H)<\/td>\n<\/tr>\n<tr>\n<td width=\"326\">V\u00e6gt (g)<\/td>\n<td width=\"393\">9,7 g<\/td>\n<\/tr>\n<tr>\n<td colspan=\"2\" width=\"719\">USB interface<\/td>\n<\/tr>\n<tr>\n<td width=\"326\">Protokol<\/td>\n<td width=\"393\">USB CCID<\/td>\n<\/tr>\n<tr>\n<td width=\"326\">Connector Type<\/td>\n<td width=\"393\">Mikro-USB<\/td>\n<\/tr>\n<tr>\n<td width=\"326\">Str\u00f8mkilde<\/td>\n<td width=\"393\">Fra USB-port<\/td>\n<\/tr>\n<tr>\n<td width=\"326\">Hastighed<\/td>\n<td width=\"393\">USB fuld hastighed (12 Mbps)<\/td>\n<\/tr>\n<tr>\n<td colspan=\"2\" width=\"719\">Kontakt Smart Card Interface<\/td>\n<\/tr>\n<tr>\n<td width=\"326\">Antal slots<\/td>\n<td width=\"393\">1 kortplads i fuld st\u00f8rrelse<\/td>\n<\/tr>\n<tr>\n<td width=\"326\">Standard<\/td>\n<td width=\"393\">ISO 7816 del 1-3, klasse A, B, C (5 V, 3 V, 1,8 V)<\/td>\n<\/tr>\n<tr>\n<td width=\"326\">Protokol<\/td>\n<td width=\"393\">T=0; T=1; Underst\u00f8ttelse af hukommelseskort<\/td>\n<\/tr>\n<tr>\n<td width=\"326\">Andre<\/td>\n<td width=\"393\">CAC, PIV, SIPRNET, J-LIS Smart Cards<\/td>\n<\/tr>\n<tr>\n<td colspan=\"2\" width=\"719\">Certificeringer\/overholdelse<\/td>\n<\/tr>\n<tr>\n<td rowspan=\"16\" width=\"326\">Certificeringer\/overholdelse<\/td>\n<td>EN 60950\/IEC 60950<\/td>\n<\/tr>\n<tr>\n<td>ISO 7816<\/td>\n<\/tr>\n<tr>\n<td>USB fuld hastighed<\/td>\n<\/tr>\n<tr>\n<td>EMV\u2122 niveau 1 (kontakt)<\/td>\n<\/tr>\n<tr>\n<td>PC\/SC<\/td>\n<\/tr>\n<tr>\n<td>CCID<\/td>\n<\/tr>\n<tr>\n<td>TAA (USA)<\/td>\n<\/tr>\n<tr>\n<td>VCCI (Japan)<\/td>\n<\/tr>\n<tr>\n<td>J-LIS (Japan)<\/td>\n<\/tr>\n<tr>\n<td>PBOC (Kina)<\/td>\n<\/tr>\n<tr>\n<td>CE<\/td>\n<\/tr>\n<tr>\n<td>FCC<\/td>\n<\/tr>\n<tr>\n<td>WEEE<\/td>\n<\/tr>\n<tr>\n<td>RoHS 2<\/td>\n<\/tr>\n<tr>\n<td>N\u00c5<\/td>\n<\/tr>\n<tr>\n<td>Microsoft\u00ae WHQL<\/td>\n<\/tr>\n<tr>\n<td colspan=\"2\" width=\"719\">Underst\u00f8ttelse af styresystem til enhedsdriver<\/td>\n<\/tr>\n<tr>\n<td rowspan=\"5\" width=\"326\">Underst\u00f8ttelse af styresystem til enhedsdriver<\/td>\n<td>Windows\u00ae<\/td>\n<\/tr>\n<tr>\n<td>Linux\u00ae<\/td>\n<\/tr>\n<tr>\n<td>MAC OS\u00ae<\/td>\n<\/tr>\n<tr>\n<td>Solaris<\/td>\n<\/tr>\n<tr>\n<td>Android\u2122 3.1 og nyere<\/td>\n<\/tr>\n<\/tbody>\n<\/table>\n<\/li>\n<\/ul>\n<\/div>\n<div><\/div>","protected":false},"excerpt":{"rendered":"<p>ACR39U Pocketmate II er en kompakt USB Secure Reader, der tilbyder h\u00f8jhastighedsunderst\u00f8ttelse af forskellige smart card-applikationer.<\/p>","protected":false},"featured_media":1534,"template":"","meta":[],"product_brand":[],"product_cat":[39],"product_tag":[],"class_list":{"0":"post-1532","1":"product","2":"type-product","3":"status-publish","4":"has-post-thumbnail","6":"product_cat-usb-ic-smartcard-reader","8":"first","9":"instock","10":"shipping-taxable","11":"product-type-simple"},"_links":{"self":[{"href":"https:\/\/nfc-readers.com\/da\/wp-json\/wp\/v2\/product\/1532","targetHints":{"allow":["GET"]}}],"collection":[{"href":"https:\/\/nfc-readers.com\/da\/wp-json\/wp\/v2\/product"}],"about":[{"href":"https:\/\/nfc-readers.com\/da\/wp-json\/wp\/v2\/types\/product"}],"wp:featuredmedia":[{"embeddable":true,"href":"https:\/\/nfc-readers.com\/da\/wp-json\/wp\/v2\/media\/1534"}],"wp:attachment":[{"href":"https:\/\/nfc-readers.com\/da\/wp-json\/wp\/v2\/media?parent=1532"}],"wp:term":[{"taxonomy":"product_brand","embeddable":true,"href":"https:\/\/nfc-readers.com\/da\/wp-json\/wp\/v2\/product_brand?post=1532"},{"taxonomy":"product_cat","embeddable":true,"href":"https:\/\/nfc-readers.com\/da\/wp-json\/wp\/v2\/product_cat?post=1532"},{"taxonomy":"product_tag","embeddable":true,"href":"https:\/\/nfc-readers.com\/da\/wp-json\/wp\/v2\/product_tag?post=1532"}],"curies":[{"name":"wp","href":"https:\/\/api.w.org\/{rel}","templated":true}]}}