{"id":1545,"date":"2024-04-07T06:11:51","date_gmt":"2024-04-07T06:11:51","guid":{"rendered":"https:\/\/nfc-readers.com\/?post_type=product&#038;p=1545"},"modified":"2024-10-16T06:54:40","modified_gmt":"2024-10-16T06:54:40","slug":"acr1251u-nfc-reader-writer","status":"publish","type":"product","link":"https:\/\/nfc-readers.com\/da\/ic-reader\/acr1251u-nfc-reader-writer\/","title":{"rendered":"ACR1251U NFC l\u00e6ser\/skriver"},"content":{"rendered":"<h1>ACR1251U NFC l\u00e6ser\/skriver<\/h1>\n<p>ACR1251U-A1 fremst\u00e5r som n\u00e6ste generations kontaktl\u00f8se NFC-l\u00e6ser, der forbedrer brugeroplevelsen med funktioner som firmwareopgradering, en SAM-slot (Secure Access Module) og muligheden for at interagere med NFC-tags og -enheder. Det skiller sig ud inden for kontaktl\u00f8se funktionaliteter og tilbyder et ekstra lag af sikkerhed. Takket v\u00e6re SAM kan den udf\u00f8re n\u00f8glediversificering og gensidig autentificering, hvilket kraftigt reducerer n\u00f8gleeksponering og minimerer risikoen for n\u00f8glekompromittering, hvilket \u00f8ger sikkerheden ved kontaktl\u00f8se operationer. ACR1251U-A1 er designet til en r\u00e6kke kontaktl\u00f8se smartkortform\u00e5l og er velegnet til applikationer som personlig identitetsgodkendelse, netv\u00e6rksadgang, e-banking og sm\u00e5transaktioner. Dens avancerede NFC-funktioner g\u00f8r den ogs\u00e5 velegnet til innovative anvendelser som Smart Posters til reklame og kommunikation med et bredt spektrum af NFC-kompatible smartphones. Kompatibilitet med PC\/SC fremmer en j\u00e6vn integration p\u00e5 tv\u00e6rs af platforme. ACR1251U-A1 underst\u00f8tter yderligere eksterne firmwareopdateringer efter implementering, hvilket omg\u00e5r behovet for fysiske hardware\u00e6ndringer. Dens slanke, pladsbevidste design og omfattende funktionalitet g\u00f8r ACR1251U-A1 til et f\u00f8rsteklasses v\u00e6rkt\u00f8j for alle, der s\u00f8ger de fulde fordele ved NFC-teknologi.<\/p>\n<p><iframe loading=\"lazy\" title=\"ACR1251U C1 NFC L\u00c6SER\" width=\"1020\" height=\"574\" src=\"https:\/\/www.youtube.com\/embed\/8QiOKOoec6k?feature=oembed\" frameborder=\"0\" allow=\"accelerometer; autoplay; clipboard-write; encrypted-media; gyroscope; picture-in-picture; web-share\" referrerpolicy=\"strict-origin-when-cross-origin\" allowfullscreen><\/iframe><\/p>\n<ul>\n<li>\n<h2>USB fuld hastighed interface<\/h2>\n<\/li>\n<li>\n<h2>CCID-overholdelse<\/h2>\n<\/li>\n<li>\n<h2>Smartkortl\u00e6ser:<\/h2>\n<ul>\n<li>\n<h3>Kontaktl\u00f8s gr\u00e6nseflade:<\/h3>\n<ul>\n<li>\n<h4>L\u00e6se\/skrivehastighed op til 424 kbps<\/h4>\n<\/li>\n<li>\n<h4>Indbygget antenne til kontaktl\u00f8s tag-adgang, med kortl\u00e6seafstand p\u00e5 op til 30 mm (afh\u00e6ngigt af tag-type)<\/h4>\n<\/li>\n<li>\n<h4>Underst\u00f8tter ISO 14443 Type A og B-kort, MIFARE\u00ae, FeliCa og alle 4 typer NFC (ISO\/IEC 18092) tags<\/h4>\n<\/li>\n<li>\n<h4>Indbygget anti-kollisionsfunktion (kun 1 tag er tilg\u00e6ngelig p\u00e5 ethvert tidspunkt)<\/h4>\n<\/li>\n<li>\n<h4>NFC support<\/h4>\n<\/li>\n<li>\n<h4>Kortl\u00e6ser\/skrivertilstand<\/h4>\n<\/li>\n<\/ul>\n<\/li>\n<\/ul>\n<\/li>\n<li>\n<h2>Indbygget periferiudstyr:<\/h2>\n<ul>\n<li>\n<h3>LED&#039;er:<\/h3>\n<ul>\n<li>\n<h4>Brugerkontrollerbar tofarvet LED<\/h4>\n<\/li>\n<\/ul>\n<\/li>\n<\/ul>\n<\/li>\n<li>\n<h2>Applikationsprogrammeringsgr\u00e6nseflade:<\/h2>\n<ul>\n<li>\n<h3>Underst\u00f8tter PC\/SC<\/h3>\n<\/li>\n<li>\n<h3>Underst\u00f8tter CT-API (gennem indpakning oven p\u00e5 PC\/SC)<\/h3>\n<\/li>\n<\/ul>\n<\/li>\n<li>\n<h2>USB-firmwareopgraderingsmuligheder<\/h2>\n<\/li>\n<li>\n<h2>Underst\u00f8tter Android\u2122 3.1 og nyere<\/h2>\n<\/li>\n<li>\n<div>\n<table width=\"843\">\n<tbody>\n<tr>\n<td colspan=\"2\" width=\"843\">Fysiske egenskaber<\/td>\n<\/tr>\n<tr>\n<td width=\"450\">Dimensioner (mm)<\/td>\n<td width=\"393\">98,0 mm (L) x 65,0 mm (B) x 12,8 mm (H)<\/td>\n<\/tr>\n<tr>\n<td width=\"450\">V\u00e6gt (g)<\/td>\n<td width=\"393\">70 g<\/td>\n<\/tr>\n<tr>\n<td colspan=\"2\" width=\"843\">USB interface<\/td>\n<\/tr>\n<tr>\n<td width=\"450\">Protokol<\/td>\n<td width=\"393\">USB CCID<\/td>\n<\/tr>\n<tr>\n<td width=\"450\">Str\u00f8mkilde<\/td>\n<td width=\"393\">Fra USB-port<\/td>\n<\/tr>\n<tr>\n<td width=\"450\">Hastighed<\/td>\n<td width=\"393\">USB fuld hastighed (12 Mbps)<\/td>\n<\/tr>\n<tr>\n<td width=\"450\">Kabell\u00e6ngde<\/td>\n<td width=\"393\">1,0 m, Fast<\/td>\n<\/tr>\n<tr>\n<td colspan=\"2\" width=\"843\">Kontaktl\u00f8s Smart Card-interface<\/td>\n<\/tr>\n<tr>\n<td width=\"450\">Standard<\/td>\n<td width=\"393\">ISO\/IEC 18092 NFC, ISO 14443 Type A &amp; B, MIFARE\u00ae, FeliCa<\/td>\n<\/tr>\n<tr>\n<td rowspan=\"4\" width=\"450\">Protokol<\/td>\n<td width=\"393\">ISO 14443-4 kompatibelt kort, T=CL<\/td>\n<\/tr>\n<tr>\n<td width=\"393\">MIFARE\u00ae Classic Card, T=CL<\/td>\n<\/tr>\n<tr>\n<td width=\"393\">ISO18092, NFC-tags<\/td>\n<\/tr>\n<tr>\n<td width=\"393\">FeliCa<\/td>\n<\/tr>\n<tr>\n<td colspan=\"2\" width=\"843\">Indbygget periferiudstyr<\/td>\n<\/tr>\n<tr>\n<td width=\"450\">LED<\/td>\n<td width=\"393\">1 tofarvet: R\u00f8d og Gr\u00f8n<\/td>\n<\/tr>\n<tr>\n<td width=\"450\">Summer<\/td>\n<td width=\"393\">Monotone<\/td>\n<\/tr>\n<tr>\n<td colspan=\"2\" width=\"843\">Certificeringer\/overholdelse<\/td>\n<\/tr>\n<tr>\n<td rowspan=\"13\" width=\"450\">Certificeringer\/overholdelse<\/td>\n<td width=\"393\">EN 60950\/IEC 60950<\/td>\n<\/tr>\n<tr>\n<td width=\"393\">ISO 18092<\/td>\n<\/tr>\n<tr>\n<td width=\"393\">ISO 14443<\/td>\n<\/tr>\n<tr>\n<td width=\"393\">USB fuld hastighed<\/td>\n<\/tr>\n<tr>\n<td width=\"393\">PC\/SC<\/td>\n<\/tr>\n<tr>\n<td width=\"393\">CCID<\/td>\n<\/tr>\n<tr>\n<td width=\"393\">VCCI (Japan)<\/td>\n<\/tr>\n<tr>\n<td width=\"393\">KC (Korea)<\/td>\n<\/tr>\n<tr>\n<td width=\"393\">Microsoft\u00ae WHQL<\/td>\n<\/tr>\n<tr>\n<td width=\"393\">CE<\/td>\n<\/tr>\n<tr>\n<td width=\"393\">FCC<\/td>\n<\/tr>\n<tr>\n<td width=\"393\">RoHS 2<\/td>\n<\/tr>\n<tr>\n<td width=\"393\">N\u00c5<\/td>\n<\/tr>\n<tr>\n<td colspan=\"2\" width=\"843\">Underst\u00f8ttelse af styresystem til enhedsdriver<\/td>\n<\/tr>\n<tr>\n<td rowspan=\"6\" width=\"450\">Underst\u00f8ttelse af styresystem til enhedsdriver<\/td>\n<td width=\"393\">Windows\u00ae CE<\/td>\n<\/tr>\n<tr>\n<td width=\"393\">Windows\u00ae<\/td>\n<\/tr>\n<tr>\n<td width=\"393\">Linux\u00ae<\/td>\n<\/tr>\n<tr>\n<td width=\"393\">MAC OS\u00ae<\/td>\n<\/tr>\n<tr>\n<td width=\"393\">Solaris<\/td>\n<\/tr>\n<tr>\n<td width=\"393\">Android\u2122<\/td>\n<\/tr>\n<\/tbody>\n<\/table>\n<\/div>\n<\/li>\n<\/ul>","protected":false},"excerpt":{"rendered":"<p>ACR1251U-A1 er en banebrydende USB NFC-l\u00e6ser med en SAM-slot, der tilbyder forbedret sikkerhed og alsidighed til forskellige kontaktl\u00f8se applikationer.<\/p>","protected":false},"featured_media":1549,"template":"","meta":[],"product_brand":[],"product_cat":[45,40],"product_tag":[],"class_list":{"0":"post-1545","1":"product","2":"type-product","3":"status-publish","4":"has-post-thumbnail","6":"product_cat-contactless-nfc-reader","7":"product_cat-rfid-nfc-reader","9":"first","10":"instock","11":"shipping-taxable","12":"product-type-simple"},"_links":{"self":[{"href":"https:\/\/nfc-readers.com\/da\/wp-json\/wp\/v2\/product\/1545","targetHints":{"allow":["GET"]}}],"collection":[{"href":"https:\/\/nfc-readers.com\/da\/wp-json\/wp\/v2\/product"}],"about":[{"href":"https:\/\/nfc-readers.com\/da\/wp-json\/wp\/v2\/types\/product"}],"wp:featuredmedia":[{"embeddable":true,"href":"https:\/\/nfc-readers.com\/da\/wp-json\/wp\/v2\/media\/1549"}],"wp:attachment":[{"href":"https:\/\/nfc-readers.com\/da\/wp-json\/wp\/v2\/media?parent=1545"}],"wp:term":[{"taxonomy":"product_brand","embeddable":true,"href":"https:\/\/nfc-readers.com\/da\/wp-json\/wp\/v2\/product_brand?post=1545"},{"taxonomy":"product_cat","embeddable":true,"href":"https:\/\/nfc-readers.com\/da\/wp-json\/wp\/v2\/product_cat?post=1545"},{"taxonomy":"product_tag","embeddable":true,"href":"https:\/\/nfc-readers.com\/da\/wp-json\/wp\/v2\/product_tag?post=1545"}],"curies":[{"name":"wp","href":"https:\/\/api.w.org\/{rel}","templated":true}]}}