{"id":1550,"date":"2024-04-07T06:15:08","date_gmt":"2024-04-07T06:15:08","guid":{"rendered":"https:\/\/nfc-readers.com\/?post_type=product&#038;p=1550"},"modified":"2024-10-16T06:43:39","modified_gmt":"2024-10-16T06:43:39","slug":"acr1281u-c1-usb-dual-interface-reader","status":"publish","type":"product","link":"https:\/\/nfc-readers.com\/da\/ic-reader\/acr1281u-c1-usb-dual-interface-reader\/","title":{"rendered":"ACR1281U-C1 usb dual-interface l\u00e6ser"},"content":{"rendered":"<h1>ACR1281U-C1 usb dual-interface l\u00e6ser<\/h1>\n<p>ACR1281U-C1 DualBoost II er en opgraderet version af ACR128 DualBoost Reader. Den fungerer som en smartkortl\u00e6ser og giver en effektiv dobbelt gr\u00e6nseflade, der er i stand til at kommunikere med alle smartkort, der overholder ISO 7816 og ISO 14443 standarder. Denne anden generation af DualBoost II kombinerer traditionelt adskilte kontakt- og kontaktl\u00f8se smartkort-operationer i en enkelt sammenh\u00e6ngende enhed, der tillader brugen af \u00e9t kort til forskellige applikationer. Dets nytte skinner i e-handel, hvilket muligg\u00f8r sikker behandling af onlinebetalinger via kreditkort, og det spiller en n\u00f8glerolle i offentlig transport og hj\u00e6lper med at genoplade kontaktl\u00f8se kort i automatiserede billetsystemer. Det legemligg\u00f8r visionen om et-kort-l\u00f8sningen, hvor et utal af smartkort-funktioner er forenet til \u00e9t kort. Den opgraderede DualBoost-serie er fuldt PC\/SC-kompatibel for problemfri interaktion med b\u00e5de kontakt- og kontaktl\u00f8se gr\u00e6nseflader. Som en b\u00e6rbar NFC-l\u00e6ser booster den kommunikationen for kontaktl\u00f8se kort til hastigheder p\u00e5 op til 848 kbps, hvilket passer til avancerede applikationer, der kr\u00e6ver h\u00f8j ydeevne. L\u00e6seren er ogs\u00e5 udstyret med intelligente mekanismer til at h\u00e5ndtere hybrid- og kombikort, der giver mulighed for at identificere kontaktl\u00f8se kort, der er indtastet forkert i kontaktkort\u00e5bningen. Integreret i dets design er SAM-slot, som forst\u00e6rker sikkerheden p\u00e5 tv\u00e6rs af begge gr\u00e6nseflader. Forbedrede funktioner s\u00e5som muligheden for at opgradere firmware via USB, kompatibilitet med kontakthukommelseskort og underst\u00f8ttelse af udvidede APDU-kommandoer understreger ACR1281U-C1 DualBoost II som en omkostnings- effektivt og kraftfuldt altomfattende v\u00e6rkt\u00f8j, der \u00f8ger bekvemmelighed og alsidighed inden for adskillige smartkortsystemer.<\/p>\n<p><iframe loading=\"lazy\" title=\"ACR1281U C1 kontakt- og kontaktl\u00f8s smartkortl\u00e6ser\" width=\"1020\" height=\"574\" src=\"https:\/\/www.youtube.com\/embed\/dABTVMG9dvI?feature=oembed\" frameborder=\"0\" allow=\"accelerometer; autoplay; clipboard-write; encrypted-media; gyroscope; picture-in-picture; web-share\" referrerpolicy=\"strict-origin-when-cross-origin\" allowfullscreen><\/iframe><\/p>\n<ul>\n<li>\n<h2>USB 2.0 fuld hastighed interface<\/h2>\n<\/li>\n<li>\n<h2>CCID-overholdelse<\/h2>\n<\/li>\n<li>\n<h2>Kontaktl\u00f8s smartkortl\u00e6ser:<\/h2>\n<ul>\n<li>\n<h3>L\u00e6se\/skrivehastighed p\u00e5 op til 848 kbps<\/h3>\n<\/li>\n<li>\n<h3>Indbygget antenne til kontaktl\u00f8s tag-adgang, med kortl\u00e6seafstand p\u00e5 op til 50 mm (afh\u00e6ngigt af tag-type)<\/h3>\n<\/li>\n<li>\n<h3>Underst\u00f8tter ISO 14443 Part 4 Type A- og B-kort og MIFARE\u00ae-serien<\/h3>\n<\/li>\n<li>\n<h3>Indbygget anti-kollisionsfunktion (kun \u00e9t tag er tilg\u00e6ngeligt til enhver tid)<\/h3>\n<\/li>\n<li>\n<h3>Underst\u00f8tter udvidet APDU (maks. 64 kbytes)<\/h3>\n<\/li>\n<\/ul>\n<\/li>\n<li>\n<h2>Kontakt smartkortl\u00e6ser:<\/h2>\n<ul>\n<li>\n<h3>Underst\u00f8tter ISO 7816 klasse A, B og C (5 V, 3V og 1,8 V)<\/h3>\n<\/li>\n<li>\n<h3>Underst\u00f8tter CAC (Common Access Card)<\/h3>\n<\/li>\n<li>\n<h3>Underst\u00f8tter PIV (Personal Identity Verification Card)<\/h3>\n<\/li>\n<li>\n<h3>Underst\u00f8tter mikroprocessorkort med T=0 eller T=1 protokol<\/h3>\n<\/li>\n<li>\n<h3>Underst\u00f8tter hukommelseskort<\/h3>\n<\/li>\n<li>\n<h3>ISO 7816-kompatibel SAM slot<\/h3>\n<\/li>\n<\/ul>\n<\/li>\n<li>\n<h2>Applikationsprogrammeringsgr\u00e6nseflade:<\/h2>\n<ul>\n<li>\n<h3>Underst\u00f8tter PC\/SC<\/h3>\n<\/li>\n<li>\n<h3>Underst\u00f8tter CT-API (gennem indpakning oven p\u00e5 PC\/SC)<\/h3>\n<\/li>\n<\/ul>\n<\/li>\n<li>\n<h2>Indbygget periferiudstyr:<\/h2>\n<ul>\n<li>\n<h3>To brugerstyrbare LED&#039;er<\/h3>\n<\/li>\n<li>\n<h3>Brugerkontrollerbar summer<\/h3>\n<\/li>\n<\/ul>\n<\/li>\n<li>\n<h2>USB-firmwareopgradering<\/h2>\n<\/li>\n<li>\n<div>\n<table width=\"551\">\n<tbody>\n<tr>\n<td colspan=\"2\" width=\"551\">Fysiske egenskaber<\/td>\n<\/tr>\n<tr>\n<td width=\"230\">Dimensioner (mm)<\/td>\n<td width=\"321\">120,5 mm (L) x 72,0 mm (B) x 20,4 mm (H)<\/td>\n<\/tr>\n<tr>\n<td width=\"230\">V\u00e6gt (g)<\/td>\n<td width=\"321\">140 g<\/td>\n<\/tr>\n<tr>\n<td colspan=\"2\" width=\"551\">USB interface<\/td>\n<\/tr>\n<tr>\n<td width=\"230\">Protokol<\/td>\n<td width=\"321\">USB CCID<\/td>\n<\/tr>\n<tr>\n<td width=\"230\">Connector Type<\/td>\n<td width=\"321\">Standard type A<\/td>\n<\/tr>\n<tr>\n<td width=\"230\">Str\u00f8mkilde<\/td>\n<td width=\"321\">Fra USB-port<\/td>\n<\/tr>\n<tr>\n<td width=\"230\">Hastighed<\/td>\n<td width=\"321\">USB fuld hastighed (12 Mbps)<\/td>\n<\/tr>\n<tr>\n<td width=\"230\">Kabell\u00e6ngde<\/td>\n<td width=\"321\">2,0 m, Fast<\/td>\n<\/tr>\n<tr>\n<td colspan=\"2\" width=\"551\">Kontakt Smart Card Interface<\/td>\n<\/tr>\n<tr>\n<td width=\"230\">Antal slots<\/td>\n<td width=\"321\">1 kortplads i fuld st\u00f8rrelse<\/td>\n<\/tr>\n<tr>\n<td width=\"230\">Standard<\/td>\n<td width=\"321\">ISO 7816 Klasse A, B, C (5 V, 3 V, 1,8 V)<\/td>\n<\/tr>\n<tr>\n<td width=\"230\">Protokol<\/td>\n<td width=\"321\">T=0; T=1<\/td>\n<\/tr>\n<tr>\n<td colspan=\"2\" width=\"551\">Kontaktl\u00f8s Smart Card-interface<\/td>\n<\/tr>\n<tr>\n<td width=\"230\">Standard<\/td>\n<td width=\"321\">ISO 14443 A &amp; B del 1-4<\/td>\n<\/tr>\n<tr>\n<td rowspan=\"2\" width=\"230\">Protokol<\/td>\n<td width=\"321\">ISO 14443-4 kompatibelt kort, T=CL<\/td>\n<\/tr>\n<tr>\n<td width=\"321\">MIFARE\u00ae Classic Card, T=CL<\/td>\n<\/tr>\n<tr>\n<td colspan=\"2\" width=\"551\">SAM kort interface<\/td>\n<\/tr>\n<tr>\n<td width=\"230\">Antal slots<\/td>\n<td width=\"321\">1 kortslot i standard SIM-st\u00f8rrelse<\/td>\n<\/tr>\n<tr>\n<td width=\"230\">Standard<\/td>\n<td width=\"321\">ISO 7816 Klasse A (5 V)<\/td>\n<\/tr>\n<tr>\n<td width=\"230\">Protokol<\/td>\n<td width=\"321\">T=0; T=1<\/td>\n<\/tr>\n<tr>\n<td colspan=\"2\" width=\"551\">Indbygget periferiudstyr<\/td>\n<\/tr>\n<tr>\n<td width=\"230\">LED<\/td>\n<td width=\"321\">2 ensfarvede: R\u00f8d og Gr\u00f8n<\/td>\n<\/tr>\n<tr>\n<td width=\"230\">Summer<\/td>\n<td width=\"321\">Monotone<\/td>\n<\/tr>\n<tr>\n<td colspan=\"2\" width=\"551\">Andre funktioner<\/td>\n<\/tr>\n<tr>\n<td width=\"230\">Firmware opgradering<\/td>\n<td width=\"321\">Underst\u00f8ttet<\/td>\n<\/tr>\n<tr>\n<td colspan=\"2\" width=\"551\">Certificeringer\/overholdelse<\/td>\n<\/tr>\n<tr>\n<td rowspan=\"10\" width=\"230\">Certificeringer\/overholdelse<\/td>\n<td width=\"321\">ISO 14443<\/td>\n<\/tr>\n<tr>\n<td width=\"321\">ISO 7816<\/td>\n<\/tr>\n<tr>\n<td width=\"321\">USB fuld hastighed<\/td>\n<\/tr>\n<tr>\n<td width=\"321\">PC\/SC<\/td>\n<\/tr>\n<tr>\n<td width=\"321\">CCID<\/td>\n<\/tr>\n<tr>\n<td width=\"321\">Microsoft\u00ae WHQL<\/td>\n<\/tr>\n<tr>\n<td width=\"321\">CE<\/td>\n<\/tr>\n<tr>\n<td width=\"321\">FCC<\/td>\n<\/tr>\n<tr>\n<td width=\"321\">RoHS<\/td>\n<\/tr>\n<tr>\n<td width=\"321\">N\u00c5<\/td>\n<\/tr>\n<tr>\n<td colspan=\"2\" width=\"551\">Underst\u00f8ttelse af styresystem til enhedsdriver<\/td>\n<\/tr>\n<tr>\n<td rowspan=\"5\" width=\"230\">Underst\u00f8ttelse af styresystem til enhedsdriver<\/td>\n<td width=\"321\">Windows\u00ae<\/td>\n<\/tr>\n<tr>\n<td width=\"321\">Linux\u00ae<\/td>\n<\/tr>\n<tr>\n<td width=\"321\">MAC OS\u00ae<\/td>\n<\/tr>\n<tr>\n<td width=\"321\">Solaris<\/td>\n<\/tr>\n<tr>\n<td width=\"321\">Android\u2122<\/td>\n<\/tr>\n<\/tbody>\n<\/table>\n<\/div>\n<\/li>\n<\/ul>","protected":false},"excerpt":{"rendered":"<p>ACR1281U-C1 er en alsidig USB-kontakt- og kontaktl\u00f8s l\u00e6ser, der har en SAM-slot og b\u00e6rbare NFC-funktioner for forbedret ydeevne i smart card-applikationer.<\/p>","protected":false},"featured_media":1557,"template":"","meta":[],"product_brand":[],"product_cat":[45],"product_tag":[],"class_list":{"0":"post-1550","1":"product","2":"type-product","3":"status-publish","4":"has-post-thumbnail","6":"product_cat-contactless-nfc-reader","8":"first","9":"instock","10":"shipping-taxable","11":"product-type-simple"},"_links":{"self":[{"href":"https:\/\/nfc-readers.com\/da\/wp-json\/wp\/v2\/product\/1550","targetHints":{"allow":["GET"]}}],"collection":[{"href":"https:\/\/nfc-readers.com\/da\/wp-json\/wp\/v2\/product"}],"about":[{"href":"https:\/\/nfc-readers.com\/da\/wp-json\/wp\/v2\/types\/product"}],"wp:featuredmedia":[{"embeddable":true,"href":"https:\/\/nfc-readers.com\/da\/wp-json\/wp\/v2\/media\/1557"}],"wp:attachment":[{"href":"https:\/\/nfc-readers.com\/da\/wp-json\/wp\/v2\/media?parent=1550"}],"wp:term":[{"taxonomy":"product_brand","embeddable":true,"href":"https:\/\/nfc-readers.com\/da\/wp-json\/wp\/v2\/product_brand?post=1550"},{"taxonomy":"product_cat","embeddable":true,"href":"https:\/\/nfc-readers.com\/da\/wp-json\/wp\/v2\/product_cat?post=1550"},{"taxonomy":"product_tag","embeddable":true,"href":"https:\/\/nfc-readers.com\/da\/wp-json\/wp\/v2\/product_tag?post=1550"}],"curies":[{"name":"wp","href":"https:\/\/api.w.org\/{rel}","templated":true}]}}