{"id":1555,"date":"2024-04-07T06:18:18","date_gmt":"2024-04-07T06:18:18","guid":{"rendered":"https:\/\/nfc-readers.com\/?post_type=product&#038;p=1555"},"modified":"2024-10-16T06:39:36","modified_gmt":"2024-10-16T06:39:36","slug":"acr1281s-c1-dualboost-ii-serial-reader","status":"publish","type":"product","link":"https:\/\/nfc-readers.com\/da\/ic-reader\/acr1281s-c1-dualboost-ii-serial-reader\/","title":{"rendered":"ACR1281S-C1 DualBoost II seriel l\u00e6ser"},"content":{"rendered":"<h1>ACR1281S-C1 DualBoost II seriel l\u00e6ser<\/h1>\n<p>ACR1281S-C1 DualBoost II er en mangefacetteret l\u00e6ser, der letter interaktioner med b\u00e5de kontakt- og kontaktl\u00f8se smartkort i overensstemmelse med henholdsvis ISO 7816 og ISO 14443-standarderne. Denne dobbeltgr\u00e6nsefladel\u00e6ser kombinerer problemfrit funktionaliteter, der traditionelt findes i diskrete systemer, til en enkelt enhed, der rummer b\u00e5de kontakt- og kontaktl\u00f8se kort. Det str\u00f8mliner forskellige transaktioner, hvad enten det drejer sig om at afvikle betalinger i e-handel og banksektorer ved hj\u00e6lp af kreditkort eller validering af kontaktl\u00f8se kort for sikker adgang til udpegede omr\u00e5der eller systemer. Dette integreres godt med konceptet med et universelt smartkort, der samler flere smartkortfunktioner i en enkelt fysisk enhed. Karakteristisk for plug and play-enheder kr\u00e6ver ACR1281S-C1 ikke komplekse driverinstallationer. Den inkorporerer en SAM-slot (Secure Access Module), der styrker sikkerheden p\u00e5 tv\u00e6rs af b\u00e5de kontakt og kontaktl\u00f8se interaktioner. Enhedens kapacitet til hurtig kommunikation n\u00e5r op til 848 kbps ved h\u00e5ndtering af kontaktl\u00f8se kort, hvilket sikrer dens egnethed til h\u00f8jtydende og intensive applikationer. Med funktioner s\u00e5som USB-firmwareopgradering, underst\u00f8ttelse af kontakthukommelseskort og evnen til at h\u00e5ndtere udvidet APDU, ACR1281S-C1 Serial DualBoost II repr\u00e6senterer en \u00f8konomisk og robust l\u00f8sning. Det giver den dobbelte fordel ved bekvemmelighed og tilpasningsevne p\u00e5 tv\u00e6rs af et bredt spektrum af smartkort-applikationer.<\/p>\n<ul>\n<li>\n<h2>Seriel RS232-gr\u00e6nseflade<\/h2>\n<\/li>\n<li>\n<h2>USB-interface til str\u00f8mforsyning<\/h2>\n<\/li>\n<li>\n<h2>CCID-lignende rammeformat (bin\u00e6rt format)<\/h2>\n<\/li>\n<li>\n<h2>Kontaktl\u00f8s smartkortl\u00e6ser:<\/h2>\n<ul>\n<li>\n<h3>L\u00e6se\/skrivehastighed p\u00e5 op til 848 kbps<\/h3>\n<\/li>\n<li>\n<h3>Indbygget antenne til kontaktl\u00f8s tag-adgang, med kortl\u00e6seafstand p\u00e5 op til 50 mm (afh\u00e6ngigt af tag-type)<\/h3>\n<\/li>\n<li>\n<h3>Underst\u00f8tter ISO 14443 Part 4 Type A- og B-kort og MIFARE\u00ae-serien<\/h3>\n<\/li>\n<li>\n<h3>Indbygget anti-kollisionsfunktion (kun \u00e9t tag er tilg\u00e6ngeligt til enhver tid)<\/h3>\n<\/li>\n<li>\n<h3>Underst\u00f8tter udvidet APDU (maks. 64 kbytes)<\/h3>\n<\/li>\n<\/ul>\n<\/li>\n<li>\n<h2>Kontakt smartkortl\u00e6ser:<\/h2>\n<ul>\n<li>\n<h3>Underst\u00f8tter ISO 7816 klasse A, B og C (5 V, 3V og 1,8 V)<\/h3>\n<\/li>\n<li>\n<h3>Underst\u00f8tter mikroprocessorkort med T=0 eller T=1 protokol<\/h3>\n<\/li>\n<li>\n<h3>Underst\u00f8tter hukommelseskort<\/h3>\n<\/li>\n<li>\n<h3>ISO 7816 kompatibel SAM slot<\/h3>\n<\/li>\n<\/ul>\n<\/li>\n<li>\n<h2>Indbygget periferiudstyr:<\/h2>\n<ul>\n<li>\n<h3>To brugerstyrbare LED&#039;er<\/h3>\n<\/li>\n<li>\n<h3>Brugerkontrollerbar summer<\/h3>\n<\/li>\n<\/ul>\n<\/li>\n<li>\n<h2>USB-firmwareopgradering<\/h2>\n<\/li>\n<li>\n<div>\n<table width=\"500\">\n<tbody>\n<tr>\n<td colspan=\"2\" width=\"500\">Fysiske egenskaber<\/td>\n<\/tr>\n<tr>\n<td width=\"181\">Dimensioner (mm)<\/td>\n<td width=\"319\">120,5 mm (L) x 72,0 mm (B) x 20,4 mm (H)<\/td>\n<\/tr>\n<tr>\n<td width=\"181\">V\u00e6gt (g)<\/td>\n<td width=\"319\">150 g<\/td>\n<\/tr>\n<tr>\n<td colspan=\"2\" width=\"500\">Seriel gr\u00e6nseflade<\/td>\n<\/tr>\n<tr>\n<td width=\"181\">Protokol<\/td>\n<td width=\"319\">RS-232<\/td>\n<\/tr>\n<tr>\n<td width=\"181\">Connector Type<\/td>\n<td width=\"319\">DB-9 stik<\/td>\n<\/tr>\n<tr>\n<td width=\"181\">Str\u00f8mkilde<\/td>\n<td width=\"319\">Fra USB-port<\/td>\n<\/tr>\n<tr>\n<td width=\"181\">Kabell\u00e6ngde<\/td>\n<td width=\"319\">1,5 m, fast (DB9 + USB)<\/td>\n<\/tr>\n<tr>\n<td colspan=\"2\" width=\"500\">Kontakt Smart Card Interface<\/td>\n<\/tr>\n<tr>\n<td width=\"181\">Antal slots<\/td>\n<td width=\"319\">1 kortplads i fuld st\u00f8rrelse<\/td>\n<\/tr>\n<tr>\n<td width=\"181\">Standard<\/td>\n<td width=\"319\">ISO 7816 Klasse A, B, C (5 V, 3 V, 1,8 V)<\/td>\n<\/tr>\n<tr>\n<td width=\"181\">Protokol<\/td>\n<td width=\"319\">T=0; T=1<\/td>\n<\/tr>\n<tr>\n<td colspan=\"2\" width=\"500\">Kontaktl\u00f8s Smart Card-interface<\/td>\n<\/tr>\n<tr>\n<td width=\"181\">Standard<\/td>\n<td width=\"319\">ISO 14443 A &amp; B del 1-4<\/td>\n<\/tr>\n<tr>\n<td rowspan=\"2\" width=\"181\">Protokol<\/td>\n<td width=\"319\">ISO 14443-4 kompatibelt kort, T=CL<\/td>\n<\/tr>\n<tr>\n<td width=\"319\">MIFARE\u00ae Classic Card, T=CL<\/td>\n<\/tr>\n<tr>\n<td colspan=\"2\" width=\"500\">SAM kort interface<\/td>\n<\/tr>\n<tr>\n<td width=\"181\">Antal slots<\/td>\n<td width=\"319\">1 kortslot i standard SIM-st\u00f8rrelse<\/td>\n<\/tr>\n<tr>\n<td width=\"181\">Standard<\/td>\n<td width=\"319\">ISO 7816 Klasse A (5 V)<\/td>\n<\/tr>\n<tr>\n<td width=\"181\">Protokol<\/td>\n<td width=\"319\">T=0; T=1<\/td>\n<\/tr>\n<tr>\n<td colspan=\"2\" width=\"500\">Indbygget periferiudstyr<\/td>\n<\/tr>\n<tr>\n<td width=\"181\">LED<\/td>\n<td width=\"319\">2 ensfarvede: R\u00f8d og Gr\u00f8n<\/td>\n<\/tr>\n<tr>\n<td width=\"181\">Summer<\/td>\n<td width=\"319\">Monotone<\/td>\n<\/tr>\n<tr>\n<td colspan=\"2\" width=\"500\">Andre funktioner<\/td>\n<\/tr>\n<tr>\n<td width=\"181\">Firmware opgradering<\/td>\n<td width=\"319\">Underst\u00f8ttet<\/td>\n<\/tr>\n<tr>\n<td colspan=\"2\" width=\"500\">Certificeringer\/overholdelse<\/td>\n<\/tr>\n<tr>\n<td rowspan=\"5\" width=\"181\">Certificeringer\/overholdelse<\/td>\n<td width=\"319\">ISO 14443<\/td>\n<\/tr>\n<tr>\n<td width=\"319\">ISO 7816<\/td>\n<\/tr>\n<tr>\n<td width=\"319\">CE<\/td>\n<\/tr>\n<tr>\n<td width=\"319\">FCC<\/td>\n<\/tr>\n<tr>\n<td width=\"319\">RoHS<\/td>\n<\/tr>\n<tr>\n<td colspan=\"2\" width=\"500\">Underst\u00f8ttelse af styresystem til enhedsdriver<\/td>\n<\/tr>\n<tr>\n<td rowspan=\"2\" width=\"181\">Underst\u00f8ttelse af styresystem til enhedsdriver<\/td>\n<td width=\"319\">Windows\u00ae<\/td>\n<\/tr>\n<tr>\n<td width=\"319\">Linux\u00ae<\/td>\n<\/tr>\n<\/tbody>\n<\/table>\n<\/div>\n<\/li>\n<\/ul>","protected":false},"excerpt":{"rendered":"<p>ACR1281S-C1 er en dobbeltfunktions kontakt- og kontaktl\u00f8s l\u00e6ser med en SAM-slot for \u00f8get sikkerhed og h\u00f8jhastighedsydelse i smart card-applikationer.<\/p>","protected":false},"featured_media":1556,"template":"","meta":[],"product_brand":[],"product_cat":[45],"product_tag":[],"class_list":{"0":"post-1555","1":"product","2":"type-product","3":"status-publish","4":"has-post-thumbnail","6":"product_cat-contactless-nfc-reader","8":"first","9":"instock","10":"shipping-taxable","11":"product-type-simple"},"_links":{"self":[{"href":"https:\/\/nfc-readers.com\/da\/wp-json\/wp\/v2\/product\/1555","targetHints":{"allow":["GET"]}}],"collection":[{"href":"https:\/\/nfc-readers.com\/da\/wp-json\/wp\/v2\/product"}],"about":[{"href":"https:\/\/nfc-readers.com\/da\/wp-json\/wp\/v2\/types\/product"}],"wp:featuredmedia":[{"embeddable":true,"href":"https:\/\/nfc-readers.com\/da\/wp-json\/wp\/v2\/media\/1556"}],"wp:attachment":[{"href":"https:\/\/nfc-readers.com\/da\/wp-json\/wp\/v2\/media?parent=1555"}],"wp:term":[{"taxonomy":"product_brand","embeddable":true,"href":"https:\/\/nfc-readers.com\/da\/wp-json\/wp\/v2\/product_brand?post=1555"},{"taxonomy":"product_cat","embeddable":true,"href":"https:\/\/nfc-readers.com\/da\/wp-json\/wp\/v2\/product_cat?post=1555"},{"taxonomy":"product_tag","embeddable":true,"href":"https:\/\/nfc-readers.com\/da\/wp-json\/wp\/v2\/product_tag?post=1555"}],"curies":[{"name":"wp","href":"https:\/\/api.w.org\/{rel}","templated":true}]}}