{"id":1564,"date":"2024-04-07T06:24:04","date_gmt":"2024-04-07T06:24:04","guid":{"rendered":"https:\/\/nfc-readers.com\/?post_type=product&#038;p=1564"},"modified":"2024-10-16T06:23:32","modified_gmt":"2024-10-16T06:23:32","slug":"acm1281u-c7-usb-contactless-reader-module-with-sam-slot","status":"publish","type":"product","link":"https:\/\/nfc-readers.com\/da\/ic-reader\/acm1281u-c7-usb-contactless-reader-module-with-sam-slot\/","title":{"rendered":"ACM1281U-C7 USB-kontaktl\u00f8st l\u00e6semodul med SAM-slot"},"content":{"rendered":"<h1>ACM1281U-C7 USB-kontaktl\u00f8st l\u00e6semodul med SAM-slot<\/h1>\n<p>ACM1281U-C7 skiller sig ud som en sofistikeret smartkortl\u00e6ser designet til problemfri integration i forskellige indlejrede systemer. Ved at underst\u00f8tte ISO 14443 A\/B til st\u00f8rre kortteknologier og tilbyde dybdeg\u00e5ende sikkerhed gennem dens kompatible SAM-slot, sammen med fleksibiliteten af feltopgraderbar firmware, er denne b\u00e6rbare NFC-l\u00e6ser skr\u00e6ddersyet til milj\u00f8er, hvor sikkerhed og p\u00e5lidelighed er altafg\u00f8rende, som f.eks. betalings- og spillesystemer.<\/p>\n<ul>\n<li>\n<h2>USB 2.0 fuld hastighed interface<\/h2>\n<\/li>\n<li>\n<h2>CCID-overholdelse<\/h2>\n<\/li>\n<li>\n<h2>USB-firmwareopgraderingsmuligheder<\/h2>\n<\/li>\n<li>\n<h2>Smartkortl\u00e6ser:<\/h2>\n<ul>\n<li>\n<h3>Kontaktl\u00f8s gr\u00e6nseflade:<\/h3>\n<ul>\n<li>\n<h4>L\u00e6se\/skrivehastighed op til 848 kbps<\/h4>\n<\/li>\n<li>\n<h4>Indbygget antenne til kontaktl\u00f8s tag-adgang, med kortl\u00e6seafstand p\u00e5 op til 50 mm (afh\u00e6ngigt af tag-type)<\/h4>\n<\/li>\n<li>\n<h4>Underst\u00f8tter ISO 14443 Part 4 Type A- og B-kort og MIFARE\u00ae Classic-serien<\/h4>\n<\/li>\n<li>\n<h4>Indbygget anti-kollisionsfunktion (kun 1 tag er tilg\u00e6ngelig p\u00e5 ethvert tidspunkt)<\/h4>\n<\/li>\n<li>\n<h4>Underst\u00f8tter udvidet APDU (maks. 64 kbytes)<\/h4>\n<\/li>\n<\/ul>\n<\/li>\n<li>\n<h3>SAM-gr\u00e6nseflade:<\/h3>\n<ul>\n<li>\n<h4>ISO 7816-kompatibel SAM-slot, klasse A (5V)<\/h4>\n<\/li>\n<\/ul>\n<\/li>\n<\/ul>\n<\/li>\n<li>\n<h2>Applikationsprogrammeringsgr\u00e6nseflade:<\/h2>\n<ul>\n<li>\n<h3>Underst\u00f8tter PC\/SC<\/h3>\n<\/li>\n<li>\n<h3>Underst\u00f8tter CT-API (gennem indpakning oven p\u00e5 PC\/SC)<\/h3>\n<\/li>\n<\/ul>\n<\/li>\n<li>\n<h2>Periferiudstyr:<\/h2>\n<ul>\n<li>\n<h3>Brugerkontrollerbar tofarvet LED<\/h3>\n<\/li>\n<li>\n<h3>Brugerkontrollerbar summer<\/h3>\n<\/li>\n<li>\n<div>\n<table width=\"558\">\n<tbody>\n<tr>\n<td colspan=\"2\" width=\"558\">Fysiske egenskaber<\/td>\n<\/tr>\n<tr>\n<td width=\"234\">Dimensioner (mm)<\/td>\n<td width=\"324\">106,6 mm (L) x 67,0 mm (B) x 16,0 mm (H)<\/td>\n<\/tr>\n<tr>\n<td width=\"234\">V\u00e6gt (g)<\/td>\n<td width=\"324\">20,8 g<\/td>\n<\/tr>\n<tr>\n<td colspan=\"2\" width=\"558\">USB interface<\/td>\n<\/tr>\n<tr>\n<td width=\"234\">Protokol<\/td>\n<td width=\"324\">USB CCID<\/td>\n<\/tr>\n<tr>\n<td width=\"234\">Connector Type<\/td>\n<td width=\"324\">Standard type A<\/td>\n<\/tr>\n<tr>\n<td width=\"234\">Str\u00f8mkilde<\/td>\n<td width=\"324\">Fra USB-port<\/td>\n<\/tr>\n<tr>\n<td width=\"234\">Hastighed<\/td>\n<td width=\"324\">USB fuld hastighed (12 Mbps)<\/td>\n<\/tr>\n<tr>\n<td width=\"234\">Kabell\u00e6ngde<\/td>\n<td width=\"324\">1,0 m, aftagelig (valgfri)<\/td>\n<\/tr>\n<tr>\n<td colspan=\"2\" width=\"558\">Kontaktl\u00f8s Smart Card-interface<\/td>\n<\/tr>\n<tr>\n<td width=\"234\">Standard<\/td>\n<td width=\"324\">ISO 14443 A og B del 1-4<\/td>\n<\/tr>\n<tr>\n<td rowspan=\"2\" width=\"234\">Protokol<\/td>\n<td width=\"324\">ISO14443-4-kompatible kort, T=CL<\/td>\n<\/tr>\n<tr>\n<td width=\"324\">MIFARE\u00ae Classic Card Protocol, T=CL<\/td>\n<\/tr>\n<tr>\n<td width=\"234\">Antenne<\/td>\n<td width=\"324\">65 mm x 60 mm<\/td>\n<\/tr>\n<tr>\n<td colspan=\"2\" width=\"558\">SAM kort interface<\/td>\n<\/tr>\n<tr>\n<td width=\"234\">Antal slots<\/td>\n<td width=\"324\">1<\/td>\n<\/tr>\n<tr>\n<td width=\"234\">Standard<\/td>\n<td width=\"324\">ISO 7816 del 1-3, klasse A (5 V)<\/td>\n<\/tr>\n<tr>\n<td width=\"234\">Protokol<\/td>\n<td width=\"324\">T=0; T=1<\/td>\n<\/tr>\n<tr>\n<td colspan=\"2\" width=\"558\">Indbygget periferiudstyr<\/td>\n<\/tr>\n<tr>\n<td width=\"234\">LED<\/td>\n<td width=\"324\">2 ensfarvede: R\u00f8d og Gr\u00f8n<\/td>\n<\/tr>\n<tr>\n<td width=\"234\">Summer<\/td>\n<td width=\"324\">Monotone<\/td>\n<\/tr>\n<tr>\n<td colspan=\"2\" width=\"558\">Andre funktioner<\/td>\n<\/tr>\n<tr>\n<td width=\"234\">Firmware opgradering<\/td>\n<td width=\"324\">Underst\u00f8ttet<\/td>\n<\/tr>\n<tr>\n<td colspan=\"2\" width=\"558\">Certificeringer\/overholdelse<\/td>\n<\/tr>\n<tr>\n<td rowspan=\"10\" width=\"234\">Certificeringer\/overholdelse<\/td>\n<td width=\"324\">ISO 7816 (SAM-slot)<\/td>\n<\/tr>\n<tr>\n<td width=\"324\">ISO 14443<\/td>\n<\/tr>\n<tr>\n<td width=\"324\">USB fuld hastighed<\/td>\n<\/tr>\n<tr>\n<td width=\"324\">PC\/SC<\/td>\n<\/tr>\n<tr>\n<td width=\"324\">CCID<\/td>\n<\/tr>\n<tr>\n<td width=\"324\">CE<\/td>\n<\/tr>\n<tr>\n<td width=\"324\">FCC<\/td>\n<\/tr>\n<tr>\n<td width=\"324\">RoHS<\/td>\n<\/tr>\n<tr>\n<td width=\"324\">N\u00c5<\/td>\n<\/tr>\n<tr>\n<td width=\"324\">Microsoft\u00ae WHQL<\/td>\n<\/tr>\n<tr>\n<td colspan=\"2\" width=\"558\">Underst\u00f8ttelse af styresystem til enhedsdriver<\/td>\n<\/tr>\n<tr>\n<td rowspan=\"5\" width=\"234\">Underst\u00f8ttelse af styresystem til enhedsdriver<\/td>\n<td width=\"324\">Windows\u00ae<\/td>\n<\/tr>\n<tr>\n<td width=\"324\">Linux\u00ae<\/td>\n<\/tr>\n<tr>\n<td width=\"324\">MAC OS\u00ae<\/td>\n<\/tr>\n<tr>\n<td width=\"324\">Solaris<\/td>\n<\/tr>\n<tr>\n<td width=\"324\">Android\u2122<\/td>\n<\/tr>\n<\/tbody>\n<\/table>\n<\/div>\n<\/li>\n<\/ul>\n<\/li>\n<\/ul>","protected":false},"excerpt":{"rendered":"<p>ACM1281U-C7 er en alsidig kontaktl\u00f8s USB-l\u00e6ser med en SAM, der underst\u00f8tter CCID og PC\/SC, ideel til sikre NFC-applikationer s\u00e5som salgsautomater.<\/p>","protected":false},"featured_media":1565,"template":"","meta":[],"product_brand":[],"product_cat":[41],"product_tag":[],"class_list":{"0":"post-1564","1":"product","2":"type-product","3":"status-publish","4":"has-post-thumbnail","6":"product_cat-module-ic-reader","8":"first","9":"instock","10":"shipping-taxable","11":"product-type-simple"},"_links":{"self":[{"href":"https:\/\/nfc-readers.com\/da\/wp-json\/wp\/v2\/product\/1564","targetHints":{"allow":["GET"]}}],"collection":[{"href":"https:\/\/nfc-readers.com\/da\/wp-json\/wp\/v2\/product"}],"about":[{"href":"https:\/\/nfc-readers.com\/da\/wp-json\/wp\/v2\/types\/product"}],"wp:featuredmedia":[{"embeddable":true,"href":"https:\/\/nfc-readers.com\/da\/wp-json\/wp\/v2\/media\/1565"}],"wp:attachment":[{"href":"https:\/\/nfc-readers.com\/da\/wp-json\/wp\/v2\/media?parent=1564"}],"wp:term":[{"taxonomy":"product_brand","embeddable":true,"href":"https:\/\/nfc-readers.com\/da\/wp-json\/wp\/v2\/product_brand?post=1564"},{"taxonomy":"product_cat","embeddable":true,"href":"https:\/\/nfc-readers.com\/da\/wp-json\/wp\/v2\/product_cat?post=1564"},{"taxonomy":"product_tag","embeddable":true,"href":"https:\/\/nfc-readers.com\/da\/wp-json\/wp\/v2\/product_tag?post=1564"}],"curies":[{"name":"wp","href":"https:\/\/api.w.org\/{rel}","templated":true}]}}