{"id":1566,"date":"2024-04-07T06:26:05","date_gmt":"2024-04-07T06:26:05","guid":{"rendered":"https:\/\/nfc-readers.com\/?post_type=product&#038;p=1566"},"modified":"2024-10-16T06:20:36","modified_gmt":"2024-10-16T06:20:36","slug":"acm1281s-c7-serial-contactless-reader-module-with-sam-slot","status":"publish","type":"product","link":"https:\/\/nfc-readers.com\/da\/ic-reader\/acm1281s-c7-serial-contactless-reader-module-with-sam-slot\/","title":{"rendered":"ACM1281S-C7 seriel kontaktl\u00f8s l\u00e6semodul med SAM-slot"},"content":{"rendered":"<h1>ACM1281S-C7 seriel kontaktl\u00f8s l\u00e6semodul med SAM-slot<\/h1>\n<p>ACM1281S-C7 repr\u00e6senterer en avanceret seriel kontaktl\u00f8s smartkortl\u00e6ser med h\u00f8jhastigheds- og b\u00e6rbare egenskaber, velegnet til en bred vifte af applikationer, der kr\u00e6ver hurtig, p\u00e5lidelig og sikker interaktion. Dens evne til at underst\u00f8tte udvidet APDU, kombineret med dens brugervenlighed, g\u00f8r denne l\u00e6ser til en robust l\u00f8sning til b\u00e5de mobile og faste milj\u00f8er.<\/p>\n<ul>\n<li>\n<h2>Seriel RS232-gr\u00e6nseflade<\/h2>\n<\/li>\n<li>\n<h2>USB-interface til str\u00f8mforsyning<\/h2>\n<\/li>\n<li>\n<h2>CCID-lignende rammeformat (bin\u00e6rt format)<\/h2>\n<\/li>\n<li>\n<h2>USB-firmwareopgraderingsmuligheder<\/h2>\n<\/li>\n<li>\n<h2>Smartkortl\u00e6ser:<\/h2>\n<ul>\n<li>\n<h3>Kontaktl\u00f8s gr\u00e6nseflade:<\/h3>\n<ul>\n<li>\n<h4>L\u00e6se\/skrivehastighed op til 848 kbps<\/h4>\n<\/li>\n<li>\n<h4>Indbygget antenne til kontaktl\u00f8s tag-adgang, med kortl\u00e6seafstand p\u00e5 op til 50 mm (afh\u00e6ngigt af tag-type)<\/h4>\n<\/li>\n<li>\n<h4>Underst\u00f8tter ISO 14443 Part 4 Type A- og B-kort og MIFARE\u00ae Classic-serien<\/h4>\n<\/li>\n<li>\n<h4>Indbygget anti-kollisionsfunktion (kun 1 tag er tilg\u00e6ngelig p\u00e5 ethvert tidspunkt)<\/h4>\n<\/li>\n<li>\n<h4>Underst\u00f8tter udvidet APDU (maks. 64 kbytes)<\/h4>\n<\/li>\n<\/ul>\n<\/li>\n<li>\n<h3>SAM-gr\u00e6nseflade:<\/h3>\n<ul>\n<li>\n<h4>ISO 7816-kompatibel SAM-slot, klasse A (5V)<\/h4>\n<\/li>\n<\/ul>\n<\/li>\n<\/ul>\n<\/li>\n<li>\n<h2>Periferiudstyr:<\/h2>\n<ul>\n<li>\n<h3>Brugerkontrollerbar tofarvet LED<\/h3>\n<\/li>\n<li>\n<h3>Brugerkontrollerbar summer<\/h3>\n<\/li>\n<li>\n<div>\n<table width=\"551\">\n<tbody>\n<tr>\n<td colspan=\"2\" width=\"551\">Fysiske egenskaber<\/td>\n<\/tr>\n<tr>\n<td width=\"226\">Dimensioner (mm)<\/td>\n<td width=\"325\">106,6 mm (L) x 67,0 g (B) x 16,0 g (H)<\/td>\n<\/tr>\n<tr>\n<td width=\"226\">V\u00e6gt (g)<\/td>\n<td width=\"325\">20,8 g<\/td>\n<\/tr>\n<tr>\n<td colspan=\"2\" width=\"551\">Seriel gr\u00e6nseflade<\/td>\n<\/tr>\n<tr>\n<td width=\"226\">Protokol<\/td>\n<td width=\"325\">RS-232<\/td>\n<\/tr>\n<tr>\n<td width=\"226\">Connector Type<\/td>\n<td width=\"325\">DB-9 stik<\/td>\n<\/tr>\n<tr>\n<td width=\"226\">Str\u00f8mkilde<\/td>\n<td width=\"325\">Via USB-kabel<\/td>\n<\/tr>\n<tr>\n<td width=\"226\">Kabell\u00e6ngde<\/td>\n<td width=\"325\">1,5 m, aftagelig (valgfri)<\/td>\n<\/tr>\n<tr>\n<td colspan=\"2\" width=\"551\">Kontaktl\u00f8s Smart Card-interface<\/td>\n<\/tr>\n<tr>\n<td width=\"226\">Standard<\/td>\n<td width=\"325\">ISO 14443 A og B del 1-4<\/td>\n<\/tr>\n<tr>\n<td rowspan=\"2\" width=\"226\">Protokol<\/td>\n<td width=\"325\">ISO14443-4-kompatible kort, T=CL<\/td>\n<\/tr>\n<tr>\n<td width=\"325\">MIFARE\u00ae Classic Card Protocol, T=CL<\/td>\n<\/tr>\n<tr>\n<td width=\"226\">Antenne<\/td>\n<td width=\"325\">65 mm x 60 mm<\/td>\n<\/tr>\n<tr>\n<td colspan=\"2\" width=\"551\">SAM kort interface<\/td>\n<\/tr>\n<tr>\n<td width=\"226\">Antal slots<\/td>\n<td width=\"325\">1<\/td>\n<\/tr>\n<tr>\n<td width=\"226\">Standard<\/td>\n<td width=\"325\">ISO 7816 del 1-3, klasse A (5 V)<\/td>\n<\/tr>\n<tr>\n<td width=\"226\">Protokol<\/td>\n<td width=\"325\">T=0; T=1<\/td>\n<\/tr>\n<tr>\n<td colspan=\"2\" width=\"551\">Indbygget periferiudstyr<\/td>\n<\/tr>\n<tr>\n<td width=\"226\">LED<\/td>\n<td width=\"325\">2 ensfarvede: R\u00f8d og Gr\u00f8n<\/td>\n<\/tr>\n<tr>\n<td width=\"226\">Summer<\/td>\n<td width=\"325\">Monotone<\/td>\n<\/tr>\n<tr>\n<td colspan=\"2\" width=\"551\">Andre funktioner<\/td>\n<\/tr>\n<tr>\n<td width=\"226\">Firmware opgradering<\/td>\n<td width=\"325\">Underst\u00f8ttet<\/td>\n<\/tr>\n<tr>\n<td colspan=\"2\" width=\"551\">Certificeringer\/overholdelse<\/td>\n<\/tr>\n<tr>\n<td rowspan=\"6\" width=\"226\">Certificeringer\/overholdelse<\/td>\n<td width=\"325\">ISO 7816 (SAM-slot)<\/td>\n<\/tr>\n<tr>\n<td width=\"325\">ISO 14443<\/td>\n<\/tr>\n<tr>\n<td width=\"325\">CE<\/td>\n<\/tr>\n<tr>\n<td width=\"325\">FCC<\/td>\n<\/tr>\n<tr>\n<td width=\"325\">RoHS<\/td>\n<\/tr>\n<tr>\n<td width=\"325\">N\u00c5<\/td>\n<\/tr>\n<tr>\n<td colspan=\"2\" width=\"551\">Underst\u00f8ttelse af styresystem til enhedsdriver<\/td>\n<\/tr>\n<tr>\n<td rowspan=\"2\" width=\"226\">Underst\u00f8ttelse af styresystem til enhedsdriver<\/td>\n<td width=\"325\">Windows\u00ae<\/td>\n<\/tr>\n<tr>\n<td width=\"325\">Linux\u00ae<\/td>\n<\/tr>\n<\/tbody>\n<\/table>\n<\/div>\n<\/li>\n<\/ul>\n<\/li>\n<\/ul>","protected":false},"excerpt":{"rendered":"<p>ACM1281S-C7 er en kompakt seriel kontaktl\u00f8s l\u00e6ser med et SAM-modul, der tilbyder h\u00f8jhastighedsydelse og nem integration til forskellige indlejrede applikationer.<\/p>","protected":false},"featured_media":1567,"template":"","meta":[],"product_brand":[],"product_cat":[45,41],"product_tag":[],"class_list":{"0":"post-1566","1":"product","2":"type-product","3":"status-publish","4":"has-post-thumbnail","6":"product_cat-contactless-nfc-reader","7":"product_cat-module-ic-reader","9":"first","10":"instock","11":"shipping-taxable","12":"product-type-simple"},"_links":{"self":[{"href":"https:\/\/nfc-readers.com\/da\/wp-json\/wp\/v2\/product\/1566","targetHints":{"allow":["GET"]}}],"collection":[{"href":"https:\/\/nfc-readers.com\/da\/wp-json\/wp\/v2\/product"}],"about":[{"href":"https:\/\/nfc-readers.com\/da\/wp-json\/wp\/v2\/types\/product"}],"wp:featuredmedia":[{"embeddable":true,"href":"https:\/\/nfc-readers.com\/da\/wp-json\/wp\/v2\/media\/1567"}],"wp:attachment":[{"href":"https:\/\/nfc-readers.com\/da\/wp-json\/wp\/v2\/media?parent=1566"}],"wp:term":[{"taxonomy":"product_brand","embeddable":true,"href":"https:\/\/nfc-readers.com\/da\/wp-json\/wp\/v2\/product_brand?post=1566"},{"taxonomy":"product_cat","embeddable":true,"href":"https:\/\/nfc-readers.com\/da\/wp-json\/wp\/v2\/product_cat?post=1566"},{"taxonomy":"product_tag","embeddable":true,"href":"https:\/\/nfc-readers.com\/da\/wp-json\/wp\/v2\/product_tag?post=1566"}],"curies":[{"name":"wp","href":"https:\/\/api.w.org\/{rel}","templated":true}]}}