{"id":1568,"date":"2024-04-07T06:30:24","date_gmt":"2024-04-07T06:30:24","guid":{"rendered":"https:\/\/nfc-readers.com\/?post_type=product&#038;p=1568"},"modified":"2024-10-16T06:16:19","modified_gmt":"2024-10-16T06:16:19","slug":"acm1252u-y3-usb-nfc-reader-module-with-detachable-antenna-board","status":"publish","type":"product","link":"https:\/\/nfc-readers.com\/da\/ic-reader\/acm1252u-y3-usb-nfc-reader-module-with-detachable-antenna-board\/","title":{"rendered":"ACM1252U-Y3 USB NFC-l\u00e6sermodul med aftageligt antennekort"},"content":{"rendered":"<h1>ACM1252U-Y3 USB NFC-l\u00e6sermodul med aftageligt antennekort<\/h1>\n<p>ACM1252U-Y3 er et avanceret NFC-smartkort-USB-l\u00e6sermodul, perfekt til diversificerede applikationer, der kr\u00e6ver indlejret NFC-teknologi. Med dets udvidede r\u00e6kkevidde, h\u00f8jhastighedsdataoverf\u00f8rsel og yderligere funktioner, der fremmer tilpasningsevne og brugervenlighed, er dette modul et f\u00f8rsteklasses valg til at aktivere NFC-transaktioner i integrerede systemapplikationer.<\/p>\n<ul>\n<li>\n<h2>USB 2.0 fuld hastighed interface<\/h2>\n<\/li>\n<li>\n<h2>CCID-overholdelse<\/h2>\n<\/li>\n<li>\n<h2>USB-firmwareopgraderingsmuligheder<\/h2>\n<\/li>\n<li>\n<h2>Smartkortl\u00e6ser:<\/h2>\n<ul>\n<li>\n<h3>Kontaktl\u00f8s gr\u00e6nseflade:<\/h3>\n<ul>\n<li>\n<h4>L\u00e6se\/skrivehastighed op til 424 kbps<\/h4>\n<\/li>\n<li>\n<h4>Indbygget antenne til kontaktl\u00f8s tag-adgang, med kortl\u00e6seafstand p\u00e5 op til 50 mm (afh\u00e6ngigt af tag-type)<\/h4>\n<\/li>\n<li>\n<h4>Underst\u00f8tter ISO 14443 Type A og B, MIFARE\u00ae og FeliCa kort og alle 4 typer NFC (ISO\/IEC 18092) tags<\/h4>\n<\/li>\n<li>\n<h4>Underst\u00f8tter MIFARE\u00ae 7-byte UID, MIFARE\u00ae Plus og MIFARE\u00ae DESfire<\/h4>\n<\/li>\n<li>\n<h4>Indbygget anti-kollisionsfunktion (kun 1 tag er tilg\u00e6ngelig p\u00e5 ethvert tidspunkt)<\/h4>\n<\/li>\n<li>\n<h4>NFC support:<\/h4>\n<ul>\n<li>NFC-l\u00e6ser\/skrivertilstand<\/li>\n<li>Peer-to-Peer-tilstand<\/li>\n<li>Kortemuleringstilstand<\/li>\n<\/ul>\n<\/li>\n<\/ul>\n<\/li>\n<\/ul>\n<\/li>\n<li>\n<h2>Applikationsprogrammeringsgr\u00e6nseflade:<\/h2>\n<ul>\n<li>\n<h3>Underst\u00f8tter PC\/SC<\/h3>\n<\/li>\n<li>\n<h3>Underst\u00f8tter CT-API (gennem indpakning oven p\u00e5 PC\/SC)<\/h3>\n<\/li>\n<\/ul>\n<\/li>\n<li>\n<h2>Periferiudstyr:<\/h2>\n<ul>\n<li>\n<h3>Brugerkontrollerbar tofarvet LED<\/h3>\n<\/li>\n<li>\n<h3>Brugerkontrollerbar summer<\/h3>\n<\/li>\n<li>\n<div>\n<table width=\"495\">\n<tbody>\n<tr>\n<td colspan=\"2\" width=\"495\">Fysiske egenskaber<\/td>\n<\/tr>\n<tr>\n<td rowspan=\"2\" width=\"187\">Dimensioner (mm)<\/td>\n<td width=\"308\">Hovedkort: 55,0 mm (L) x 45,0 mm (B) x 5,1 mm (H)<\/td>\n<\/tr>\n<tr>\n<td width=\"308\">Antennekort: 91,0 mm (L) x 49,5 mm (B) x 5,1 mm (H)<\/td>\n<\/tr>\n<tr>\n<td width=\"187\">V\u00e6gt (g)<\/td>\n<td width=\"308\">26,6 g<\/td>\n<\/tr>\n<tr>\n<td colspan=\"2\" width=\"495\">USB interface<\/td>\n<\/tr>\n<tr>\n<td width=\"187\">Protokol<\/td>\n<td width=\"308\">USB CCID<\/td>\n<\/tr>\n<tr>\n<td width=\"187\">Connector Type<\/td>\n<td width=\"308\">Standard type A<\/td>\n<\/tr>\n<tr>\n<td width=\"187\">Str\u00f8mkilde<\/td>\n<td width=\"308\">Fra USB-port<\/td>\n<\/tr>\n<tr>\n<td width=\"187\">Hastighed<\/td>\n<td width=\"308\">USB fuld hastighed (12 Mbps)<\/td>\n<\/tr>\n<tr>\n<td width=\"187\">Kabell\u00e6ngde<\/td>\n<td width=\"308\">1,0 m, aftagelig (valgfri)<\/td>\n<\/tr>\n<tr>\n<td colspan=\"2\" width=\"495\">Kontaktl\u00f8s Smart Card-interface<\/td>\n<\/tr>\n<tr>\n<td width=\"187\">Standard<\/td>\n<td width=\"308\">ISO\/IEC 18092 NFC, ISO 14443 Type A &amp; B, MIFARE\u00ae, FeliCa<\/td>\n<\/tr>\n<tr>\n<td rowspan=\"4\" width=\"187\">Protokol<\/td>\n<td width=\"308\">ISO 14443-4 kompatibelt kort, T=CL<\/td>\n<\/tr>\n<tr>\n<td width=\"308\">MIFARE\u00ae Classic Card, T=CL<\/td>\n<\/tr>\n<tr>\n<td width=\"308\">ISO18092, NFC-tags<\/td>\n<\/tr>\n<tr>\n<td width=\"308\">FeliCa<\/td>\n<\/tr>\n<tr>\n<td width=\"187\">Antenne<\/td>\n<td width=\"308\">77 mm x 49,5 mm<\/td>\n<\/tr>\n<tr>\n<td colspan=\"2\" width=\"495\">SAM kort interface<\/td>\n<\/tr>\n<tr>\n<td width=\"187\">Antal slots<\/td>\n<td width=\"308\">1 (valgfrit)<\/td>\n<\/tr>\n<tr>\n<td colspan=\"2\" width=\"495\">Indbygget periferiudstyr<\/td>\n<\/tr>\n<tr>\n<td width=\"187\">LED<\/td>\n<td width=\"308\">1 tofarvet: R\u00f8d og Gr\u00f8n<\/td>\n<\/tr>\n<tr>\n<td width=\"187\">Summer<\/td>\n<td width=\"308\">Monotone<\/td>\n<\/tr>\n<tr>\n<td colspan=\"2\" width=\"495\">Andre funktioner<\/td>\n<\/tr>\n<tr>\n<td width=\"187\">Firmware opgradering<\/td>\n<td width=\"308\">Underst\u00f8ttet<\/td>\n<\/tr>\n<tr>\n<td colspan=\"2\" width=\"495\">Certificeringer\/overholdelse<\/td>\n<\/tr>\n<tr>\n<td rowspan=\"13\" width=\"187\">Certificeringer\/overholdelse<\/td>\n<td width=\"308\">EN 60950\/IEC 60950<\/td>\n<\/tr>\n<tr>\n<td width=\"308\">ISO 7816 (SAM-slot)<\/td>\n<\/tr>\n<tr>\n<td width=\"308\">ISO 14443<\/td>\n<\/tr>\n<tr>\n<td width=\"308\">ISO 18092<\/td>\n<\/tr>\n<tr>\n<td width=\"308\">USB fuld hastighed<\/td>\n<\/tr>\n<tr>\n<td width=\"308\">PC\/SC<\/td>\n<\/tr>\n<tr>\n<td width=\"308\">CCID<\/td>\n<\/tr>\n<tr>\n<td width=\"308\">VCCI (Japan)<\/td>\n<\/tr>\n<tr>\n<td width=\"308\">CE<\/td>\n<\/tr>\n<tr>\n<td width=\"308\">FCC<\/td>\n<\/tr>\n<tr>\n<td width=\"308\">RoHS<\/td>\n<\/tr>\n<tr>\n<td width=\"308\">N\u00c5<\/td>\n<\/tr>\n<tr>\n<td width=\"308\">Microsoft\u00ae WHQL<\/td>\n<\/tr>\n<tr>\n<td colspan=\"2\" width=\"495\">Underst\u00f8ttelse af styresystem til enhedsdriver<\/td>\n<\/tr>\n<tr>\n<td rowspan=\"5\" width=\"187\">Underst\u00f8ttelse af styresystem til enhedsdriver<\/td>\n<td width=\"308\">Windows\u00ae<\/td>\n<\/tr>\n<tr>\n<td width=\"308\">Linux\u00ae<\/td>\n<\/tr>\n<tr>\n<td width=\"308\">MAC OS\u00ae<\/td>\n<\/tr>\n<tr>\n<td width=\"308\">Solaris<\/td>\n<\/tr>\n<tr>\n<td width=\"308\">Android\u2122<\/td>\n<\/tr>\n<\/tbody>\n<\/table>\n<\/div>\n<\/li>\n<\/ul>\n<\/li>\n<\/ul>","protected":false},"excerpt":{"rendered":"<p>ACM1252U-Y3 er et alsidigt NFC USB-modul, der bruger 13,56M teknologi, der underst\u00f8tter h\u00f8jhastighedsdataudveksling og er ideelt til forskellige indlejrede applikationer.<\/p>","protected":false},"featured_media":1570,"template":"","meta":[],"product_brand":[],"product_cat":[45,41,40],"product_tag":[],"class_list":{"0":"post-1568","1":"product","2":"type-product","3":"status-publish","4":"has-post-thumbnail","6":"product_cat-contactless-nfc-reader","7":"product_cat-module-ic-reader","8":"product_cat-rfid-nfc-reader","10":"first","11":"instock","12":"shipping-taxable","13":"product-type-simple"},"_links":{"self":[{"href":"https:\/\/nfc-readers.com\/da\/wp-json\/wp\/v2\/product\/1568","targetHints":{"allow":["GET"]}}],"collection":[{"href":"https:\/\/nfc-readers.com\/da\/wp-json\/wp\/v2\/product"}],"about":[{"href":"https:\/\/nfc-readers.com\/da\/wp-json\/wp\/v2\/types\/product"}],"wp:featuredmedia":[{"embeddable":true,"href":"https:\/\/nfc-readers.com\/da\/wp-json\/wp\/v2\/media\/1570"}],"wp:attachment":[{"href":"https:\/\/nfc-readers.com\/da\/wp-json\/wp\/v2\/media?parent=1568"}],"wp:term":[{"taxonomy":"product_brand","embeddable":true,"href":"https:\/\/nfc-readers.com\/da\/wp-json\/wp\/v2\/product_brand?post=1568"},{"taxonomy":"product_cat","embeddable":true,"href":"https:\/\/nfc-readers.com\/da\/wp-json\/wp\/v2\/product_cat?post=1568"},{"taxonomy":"product_tag","embeddable":true,"href":"https:\/\/nfc-readers.com\/da\/wp-json\/wp\/v2\/product_tag?post=1568"}],"curies":[{"name":"wp","href":"https:\/\/api.w.org\/{rel}","templated":true}]}}