{"id":1579,"date":"2024-04-07T06:47:40","date_gmt":"2024-04-07T06:47:40","guid":{"rendered":"https:\/\/nfc-readers.com\/?post_type=product&#038;p=1579"},"modified":"2024-10-16T03:17:58","modified_gmt":"2024-10-16T03:17:58","slug":"acm1252u-z6-small-nfc-reader-module","status":"publish","type":"product","link":"https:\/\/nfc-readers.com\/da\/ic-reader\/acm1252u-z6-small-nfc-reader-module\/","title":{"rendered":"ACM1252U-Z6 Lille NFC-l\u00e6sermodul"},"content":{"rendered":"<h1>ACM1252U-Z6 Lille NFC-l\u00e6sermodul<\/h1>\n<p>ACM1252U-Z6-modulet er indbegrebet af kompakt og effektiv NFC-kortl\u00e6seteknologi, velegnet til problemfri integration i indlejrede systemer, samtidig med at det giver en sofistikeret l\u00f8sning til behov for kontaktl\u00f8s kommunikation. Det sikrer kompatibilitet med en bred vifte af NFC-aktiverede enheder kombineret med den praktiske og fleksibilitet, der kr\u00e6ves af pladsf\u00f8lsomme applikationer.<\/p>\n<ul>\n<li>\n<h2><span class=\"s1\">USB Full Speed Interface via 6-benet FFC-stik<\/span><\/h2>\n<\/li>\n<li>\n<h2><span class=\"s1\">CCID-overholdelse<\/span><\/h2>\n<\/li>\n<li>\n<h2><span class=\"s1\">USB-firmwareopgraderingsmuligheder<\/span><\/h2>\n<\/li>\n<li>\n<h2><span class=\"s1\">Smartkortl\u00e6ser:<\/span><\/h2>\n<ul>\n<li>\n<h3>Kontaktl\u00f8s gr\u00e6nseflade:<\/h3>\n<ul>\n<li>\n<h4>L\u00e6se\/skrivehastighed op til 424 kbps<\/h4>\n<\/li>\n<li>\n<h4>Indbygget antenne til kontaktl\u00f8s tag-adgang, med kortl\u00e6seafstand p\u00e5 op til 30 mm (afh\u00e6ngigt af tag-type)<\/h4>\n<\/li>\n<li>\n<h4>Underst\u00f8tter ISO 14443 Part 4 Type A- og B-kort, MIFARE\u00ae, FeliCa og alle fire typer NFC (ISO 18092-tags)<\/h4>\n<\/li>\n<li>\n<h4>Indbygget anti-kollisionsfunktion (kun 1 tag er tilg\u00e6ngelig p\u00e5 ethvert tidspunkt)<\/h4>\n<\/li>\n<li>\n<h4>NFC support:<\/h4>\n<ul>\n<li>\n<h5>Kortl\u00e6ser\/skrivertilstand<\/h5>\n<\/li>\n<li>\n<h5>Peer-to-Peer-tilstand<\/h5>\n<\/li>\n<li>\n<h5>Kortemuleringstilstand<\/h5>\n<\/li>\n<\/ul>\n<\/li>\n<\/ul>\n<\/li>\n<\/ul>\n<\/li>\n<li>\n<h2>Indbygget periferiudstyr:<\/h2>\n<ul>\n<li>\n<h3><span class=\"s1\">Brugerkontrollerbar tofarvet LED<\/span><\/h3>\n<\/li>\n<\/ul>\n<\/li>\n<li>\n<h2>Applikationsprogrammeringsgr\u00e6nseflade:<\/h2>\n<ul>\n<li>\n<h3><span class=\"s1\">Underst\u00f8tter PC\/SC<\/span><\/h3>\n<\/li>\n<li>\n<h3><span class=\"s1\">Underst\u00f8tter CT-API (gennem indpakning oven p\u00e5 PC\/SC)<\/span><\/h3>\n<\/li>\n<\/ul>\n<\/li>\n<li>\n<h2>Underst\u00f8tter Android\u2122 3.1 og nyere<\/h2>\n<\/li>\n<li>\n<div>\n<table width=\"536\">\n<tbody>\n<tr>\n<td colspan=\"2\" width=\"536\">Fysiske egenskaber<\/td>\n<\/tr>\n<tr>\n<td width=\"182\">Dimensioner (mm)<\/td>\n<td width=\"354\">52,0 mm (L) x 20,0 mm (B) x 6,0 mm (H)<\/td>\n<\/tr>\n<tr>\n<td width=\"182\">V\u00e6gt (g)<\/td>\n<td width=\"354\">3,45 g<\/td>\n<\/tr>\n<tr>\n<td colspan=\"2\" width=\"536\">USB interface<\/td>\n<\/tr>\n<tr>\n<td width=\"182\">Protokol<\/td>\n<td width=\"354\">USB CCID<\/td>\n<\/tr>\n<tr>\n<td width=\"182\">Connector Type<\/td>\n<td width=\"354\">6-benet FFC<\/td>\n<\/tr>\n<tr>\n<td width=\"182\">Str\u00f8mkilde<\/td>\n<td width=\"354\">Fra FFC Connector<\/td>\n<\/tr>\n<tr>\n<td width=\"182\">Hastighed<\/td>\n<td width=\"354\">USB fuld hastighed (12 Mbps)<\/td>\n<\/tr>\n<tr>\n<td colspan=\"2\" width=\"536\">Kontaktl\u00f8s Smart Card-interface<\/td>\n<\/tr>\n<tr>\n<td width=\"182\">Standard<\/td>\n<td width=\"354\">ISO\/IEC 18092 NFC, ISO 14443 Type A &amp; B, MIFARE\u00ae, FeliCa<\/td>\n<\/tr>\n<tr>\n<td rowspan=\"4\" width=\"182\">Protokol<\/td>\n<td width=\"354\">ISO14443-4-kompatible kort, T=CL<\/td>\n<\/tr>\n<tr>\n<td width=\"354\">MIFARE\u00ae Classic Card Protocol, T=CL<\/td>\n<\/tr>\n<tr>\n<td width=\"354\">ISO 18092, NFC-tags<\/td>\n<\/tr>\n<tr>\n<td width=\"354\">FeliCa<\/td>\n<\/tr>\n<tr>\n<td width=\"182\">Antenne<\/td>\n<td width=\"354\">20 mm x 22 mm<\/td>\n<\/tr>\n<tr>\n<td colspan=\"2\" width=\"536\">Indbygget periferiudstyr<\/td>\n<\/tr>\n<tr>\n<td width=\"182\">LED<\/td>\n<td width=\"354\">1 tofarvet: R\u00f8d og Gr\u00f8n<\/td>\n<\/tr>\n<tr>\n<td colspan=\"2\" width=\"536\">Andre funktioner<\/td>\n<\/tr>\n<tr>\n<td width=\"182\">Firmware opgradering<\/td>\n<td width=\"354\">Underst\u00f8ttet<\/td>\n<\/tr>\n<tr>\n<td colspan=\"2\" width=\"536\">Certificeringer\/overholdelse<\/td>\n<\/tr>\n<tr>\n<td rowspan=\"10\" width=\"182\">Certificeringer\/overholdelse<\/td>\n<td width=\"354\">ISO 18092<\/td>\n<\/tr>\n<tr>\n<td width=\"354\">ISO 14443<\/td>\n<\/tr>\n<tr>\n<td width=\"354\">USB fuld hastighed<\/td>\n<\/tr>\n<tr>\n<td width=\"354\">PC\/SC<\/td>\n<\/tr>\n<tr>\n<td width=\"354\">CCID<\/td>\n<\/tr>\n<tr>\n<td width=\"354\">CE<\/td>\n<\/tr>\n<tr>\n<td width=\"354\">FCC<\/td>\n<\/tr>\n<tr>\n<td width=\"354\">RoHS<\/td>\n<\/tr>\n<tr>\n<td width=\"354\">N\u00c5<\/td>\n<\/tr>\n<tr>\n<td width=\"354\">Microsoft\u00ae WHQL<\/td>\n<\/tr>\n<tr>\n<td colspan=\"2\" width=\"536\">Underst\u00f8ttelse af styresystem til enhedsdriver<\/td>\n<\/tr>\n<tr>\n<td rowspan=\"5\" width=\"182\">Underst\u00f8ttelse af styresystem til enhedsdriver<\/td>\n<td width=\"354\">Windows\u00ae<\/td>\n<\/tr>\n<tr>\n<td width=\"354\">Linux\u00ae<\/td>\n<\/tr>\n<tr>\n<td width=\"354\">MAC OS\u00ae<\/td>\n<\/tr>\n<tr>\n<td width=\"354\">Solaris<\/td>\n<\/tr>\n<tr>\n<td width=\"354\">Android\u2122<\/td>\n<\/tr>\n<\/tbody>\n<\/table>\n<\/div>\n<\/li>\n<\/ul>","protected":false},"excerpt":{"rendered":"<p>ACM1252U-Z6 er et alsidigt NFC USB-l\u00e6ser- og RFID-modul, der er kompatibelt med CCID og PC\/SC, der underst\u00f8tter ISO 14443 og 18092 for effektiv chipkortdrift.<\/p>","protected":false},"featured_media":1580,"template":"","meta":[],"product_brand":[],"product_cat":[41,40],"product_tag":[],"class_list":{"0":"post-1579","1":"product","2":"type-product","3":"status-publish","4":"has-post-thumbnail","6":"product_cat-module-ic-reader","7":"product_cat-rfid-nfc-reader","9":"first","10":"instock","11":"shipping-taxable","12":"product-type-simple"},"_links":{"self":[{"href":"https:\/\/nfc-readers.com\/da\/wp-json\/wp\/v2\/product\/1579","targetHints":{"allow":["GET"]}}],"collection":[{"href":"https:\/\/nfc-readers.com\/da\/wp-json\/wp\/v2\/product"}],"about":[{"href":"https:\/\/nfc-readers.com\/da\/wp-json\/wp\/v2\/types\/product"}],"wp:featuredmedia":[{"embeddable":true,"href":"https:\/\/nfc-readers.com\/da\/wp-json\/wp\/v2\/media\/1580"}],"wp:attachment":[{"href":"https:\/\/nfc-readers.com\/da\/wp-json\/wp\/v2\/media?parent=1579"}],"wp:term":[{"taxonomy":"product_brand","embeddable":true,"href":"https:\/\/nfc-readers.com\/da\/wp-json\/wp\/v2\/product_brand?post=1579"},{"taxonomy":"product_cat","embeddable":true,"href":"https:\/\/nfc-readers.com\/da\/wp-json\/wp\/v2\/product_cat?post=1579"},{"taxonomy":"product_tag","embeddable":true,"href":"https:\/\/nfc-readers.com\/da\/wp-json\/wp\/v2\/product_tag?post=1579"}],"curies":[{"name":"wp","href":"https:\/\/api.w.org\/{rel}","templated":true}]}}