{"id":1598,"date":"2024-04-07T07:36:03","date_gmt":"2024-04-07T07:36:03","guid":{"rendered":"https:\/\/nfc-readers.com\/?post_type=product&#038;p=1598"},"modified":"2024-10-16T03:12:59","modified_gmt":"2024-10-16T03:12:59","slug":"acr1552u-m1-nfc-rfid-reader-writer","status":"publish","type":"product","link":"https:\/\/nfc-readers.com\/da\/ic-reader\/acr1552u-m1-nfc-rfid-reader-writer\/","title":{"rendered":"ACR1552U-M1 NFC rfid l\u00e6ser\/skriver"},"content":{"rendered":"<h1>ACR1552U-M1 NFC rfid l\u00e6ser\/skriver<\/h1>\n<p>ACR1552U-M1 USB-C NFC-l\u00e6seren indkapsler en kraftfuld, alsidig enhed, der henvender sig til en lang r\u00e6kke smartkort-funktioner. Det beroliger brugerne med avancerede funktioner, der understreger sikkerhed, tilpasningsevne og omfattende smartkortkompatibilitet, hvilket g\u00f8r det til et uundv\u00e6rligt v\u00e6rkt\u00f8j p\u00e5 tv\u00e6rs af en r\u00e6kke industrier.<\/p>\n<ul>\n<li>\n<h2>USB 2.0 fuld hastighed interface<\/h2>\n<\/li>\n<li>\n<h2>CCID-overholdelse<\/h2>\n<\/li>\n<li>\n<h2>Kontaktl\u00f8s smartkortl\u00e6ser:<\/h2>\n<ul>\n<li>\n<h3>L\u00e6se-\/skrivehastighed op til 848 kbps<\/h3>\n<\/li>\n<li>\n<h3>Indbygget antenne til kontaktl\u00f8s tag-adgang, med kortl\u00e6seafstand p\u00e5 op til 70 mm (afh\u00e6ngigt af tag-type)<\/h3>\n<\/li>\n<li>\n<h3>Underst\u00f8tter ISO 14443 Type A og B-kort, ISO 15693-kort og ISO18092 NFC<\/h3>\n<\/li>\n<li>\n<h3>Underst\u00f8tter MIFARE\u00ae (T=CL), FeliCa, NFC tags, SRI\/SRIX, CTS, Innovatron, Picopass, Topaz Card<\/h3>\n<\/li>\n<li>\n<h3>Indbygget anti-kollisionsfunktion<\/h3>\n<\/li>\n<li>\n<h3>Underst\u00f8tter udvidet APDU (maks. 64 kbytes)<\/h3>\n<\/li>\n<li>\n<h3>\u00c9t ISO7816-kompatibelt SAM slot (klasse A)<\/h3>\n<\/li>\n<li>\n<h3>NFC support<\/h3>\n<ul>\n<li>\n<h4>\u00a0 \u00a0Smart Card Reader\/Writer Mode<\/h4>\n<\/li>\n<li>\n<h4>\u00a0 \u00a0Kortemuleringstilstand<\/h4>\n<\/li>\n<li>\n<h4>\u00a0 \u00a0Tastaturemuleringstilstand<\/h4>\n<\/li>\n<\/ul>\n<\/li>\n<\/ul>\n<\/li>\n<li>\n<h2>Applikationsprogrammeringsgr\u00e6nseflade:<\/h2>\n<ul>\n<li>\n<h3>Underst\u00f8tter PC\/SC<\/h3>\n<\/li>\n<li>\n<h3>Underst\u00f8tter CT-API (gennem indpakning oven p\u00e5 PC\/SC)<\/h3>\n<\/li>\n<\/ul>\n<\/li>\n<li>\n<h2>Periferiudstyr:<\/h2>\n<ul>\n<li>\n<h3>Brugerkontrollerbar tofarvet LED (bl\u00e5 og gr\u00f8n)<\/h3>\n<\/li>\n<li>\n<h3>Brugerkontrollerbar summer (monotone)<\/h3>\n<\/li>\n<li>\n<h3>\u00c9t SAM slot<\/h3>\n<\/li>\n<\/ul>\n<\/li>\n<li>\n<h2>USB-firmwareopgradering<\/h2>\n<\/li>\n<li>\n<div>\n<table width=\"528\">\n<tbody>\n<tr>\n<td colspan=\"2\" width=\"528\">Fysiske egenskaber<\/td>\n<\/tr>\n<tr>\n<td rowspan=\"2\" width=\"215\">Dimensioner (mm)<\/td>\n<td width=\"313\">Hovedkrop: 98 x 65 x 12,8 mm<\/td>\n<\/tr>\n<tr>\n<td width=\"313\">Antennest\u00f8rrelse: 50 x 40 mm<\/td>\n<\/tr>\n<tr>\n<td width=\"215\">V\u00e6gt (g)<\/td>\n<td width=\"313\">89 g<\/td>\n<\/tr>\n<tr>\n<td colspan=\"2\" width=\"528\">USB interface<\/td>\n<\/tr>\n<tr>\n<td width=\"215\">Protokol<\/td>\n<td width=\"313\">USB CCID<\/td>\n<\/tr>\n<tr>\n<td width=\"215\">Connector Type<\/td>\n<td width=\"313\">USB Type-A (ACR1552U-M1), USB Type-C (ACR1552U-MF)<\/td>\n<\/tr>\n<tr>\n<td width=\"215\">Str\u00f8mkilde<\/td>\n<td width=\"313\">Fra USB-port<\/td>\n<\/tr>\n<tr>\n<td width=\"215\">Hastighed<\/td>\n<td width=\"313\">USB fuld hastighed (12 Mbps)<\/td>\n<\/tr>\n<tr>\n<td width=\"215\">Kabell\u00e6ngde<\/td>\n<td width=\"313\">1m, ikke aftagelig<\/td>\n<\/tr>\n<tr>\n<td colspan=\"2\" width=\"528\">Kontaktl\u00f8s Smart Card-interface<\/td>\n<\/tr>\n<tr>\n<td width=\"215\">Standard<\/td>\n<td width=\"313\">ISO\/IEC 18092 NFC, ISO 14443 Type A &amp; B, ISO 15693, MIFARE\u00ae, FeliCa<\/td>\n<\/tr>\n<tr>\n<td rowspan=\"5\" width=\"215\">Protokol<\/td>\n<td width=\"313\">ISO 14443-4 kompatibelt kort, T=CL<\/td>\n<\/tr>\n<tr>\n<td width=\"313\">MIFARE\u00ae Classic Card, T=CL<\/td>\n<\/tr>\n<tr>\n<td width=\"313\">ISO 15693<\/td>\n<\/tr>\n<tr>\n<td width=\"313\">ISO 18092 NFC-tags<\/td>\n<\/tr>\n<tr>\n<td width=\"313\">FeliCa<\/td>\n<\/tr>\n<tr>\n<td colspan=\"2\" width=\"528\">SAM kort interface<\/td>\n<\/tr>\n<tr>\n<td width=\"215\">Antal slots<\/td>\n<td width=\"313\">1 kortslot i standard SIM-st\u00f8rrelse<\/td>\n<\/tr>\n<tr>\n<td width=\"215\">Standard<\/td>\n<td width=\"313\">ISO 7816 Klasse A (5V)<\/td>\n<\/tr>\n<tr>\n<td width=\"215\">Protokol<\/td>\n<td width=\"313\">T=0; T=1<\/td>\n<\/tr>\n<tr>\n<td colspan=\"2\" width=\"528\">Indbygget periferiudstyr<\/td>\n<\/tr>\n<tr>\n<td width=\"215\">LED<\/td>\n<td width=\"313\">1 tofarvet: bl\u00e5 og gr\u00f8n<\/td>\n<\/tr>\n<tr>\n<td width=\"215\">Summer<\/td>\n<td width=\"313\">Ja<\/td>\n<\/tr>\n<tr>\n<td colspan=\"2\" width=\"528\">Andre funktioner<\/td>\n<\/tr>\n<tr>\n<td rowspan=\"4\" width=\"215\">Andre funktioner<\/td>\n<td width=\"313\">Underst\u00f8ttede korttyper:<\/td>\n<\/tr>\n<tr>\n<td width=\"313\">ISO 14443 Type A &amp; B Parts 1-4, ISO 15693, ISO 18092 NFC, MIFARE\u00ae, FeliCa, SRI\/SRIX, CTS, Innovatron, Picopass, Topaz Card<\/td>\n<\/tr>\n<tr>\n<td width=\"313\">\u00a0 NFC-funktioner:<\/td>\n<\/tr>\n<tr>\n<td width=\"313\">Smartkortl\u00e6ser\/skriver, tastaturemulering, kortemulering<\/td>\n<\/tr>\n<tr>\n<td width=\"215\">Firmware opgradering<\/td>\n<td width=\"313\">Underst\u00f8ttet<\/td>\n<\/tr>\n<tr>\n<td colspan=\"2\" width=\"528\">Certificeringer\/overholdelse<\/td>\n<\/tr>\n<tr>\n<td rowspan=\"4\" width=\"215\">Certificeringer\/overholdelse<\/td>\n<td width=\"313\">Certificeringer:<\/td>\n<\/tr>\n<tr>\n<td width=\"313\">IEC\/EN 62368, CE, UKCA, FCC, VCCI, KC, J-LIS, RoHS, REACH, WEEE, Microsoft\u00ae WHQL<\/td>\n<\/tr>\n<tr>\n<td width=\"313\">Overholdelse:<\/td>\n<\/tr>\n<tr>\n<td width=\"313\">USB CCID, PC\/SC<\/td>\n<\/tr>\n<tr>\n<td colspan=\"2\" width=\"528\">Underst\u00f8ttelse af styresystem til enhedsdriver<\/td>\n<\/tr>\n<tr>\n<td width=\"215\">Underst\u00f8ttelse af styresystem til enhedsdriver<\/td>\n<td width=\"313\">Windows\u00ae, Linux\u00ae, macOS, Android\u2122, iOS\/iPadOS (16 eller derover)<\/td>\n<\/tr>\n<\/tbody>\n<\/table>\n<\/div>\n<\/li>\n<\/ul>","protected":false},"excerpt":{"rendered":"<p>ACR1552U er en h\u00f8jhastigheds NFC USB-l\u00e6ser, der er kompatibel med CCID og PC\/SC, der underst\u00f8tter ISO 14443 og 15693, ideel til forskellige smartkort-applikationer.<\/p>","protected":false},"featured_media":1599,"template":"","meta":[],"product_brand":[],"product_cat":[45,40],"product_tag":[],"class_list":{"0":"post-1598","1":"product","2":"type-product","3":"status-publish","4":"has-post-thumbnail","6":"product_cat-contactless-nfc-reader","7":"product_cat-rfid-nfc-reader","9":"first","10":"instock","11":"shipping-taxable","12":"product-type-simple"},"_links":{"self":[{"href":"https:\/\/nfc-readers.com\/da\/wp-json\/wp\/v2\/product\/1598","targetHints":{"allow":["GET"]}}],"collection":[{"href":"https:\/\/nfc-readers.com\/da\/wp-json\/wp\/v2\/product"}],"about":[{"href":"https:\/\/nfc-readers.com\/da\/wp-json\/wp\/v2\/types\/product"}],"wp:featuredmedia":[{"embeddable":true,"href":"https:\/\/nfc-readers.com\/da\/wp-json\/wp\/v2\/media\/1599"}],"wp:attachment":[{"href":"https:\/\/nfc-readers.com\/da\/wp-json\/wp\/v2\/media?parent=1598"}],"wp:term":[{"taxonomy":"product_brand","embeddable":true,"href":"https:\/\/nfc-readers.com\/da\/wp-json\/wp\/v2\/product_brand?post=1598"},{"taxonomy":"product_cat","embeddable":true,"href":"https:\/\/nfc-readers.com\/da\/wp-json\/wp\/v2\/product_cat?post=1598"},{"taxonomy":"product_tag","embeddable":true,"href":"https:\/\/nfc-readers.com\/da\/wp-json\/wp\/v2\/product_tag?post=1598"}],"curies":[{"name":"wp","href":"https:\/\/api.w.org\/{rel}","templated":true}]}}