{"id":1613,"date":"2024-04-07T07:49:24","date_gmt":"2024-04-07T07:49:24","guid":{"rendered":"https:\/\/nfc-readers.com\/?post_type=product&#038;p=1613"},"modified":"2024-10-16T02:39:20","modified_gmt":"2024-10-16T02:39:20","slug":"acm1552u-y3-nfc-module-reader","status":"publish","type":"product","link":"https:\/\/nfc-readers.com\/da\/ic-reader\/acm1552u-y3-nfc-module-reader\/","title":{"rendered":"ACM1552U-Y3 NFC MODUL L\u00c6SER"},"content":{"rendered":"<h1>ACM1552U-Y3 NFC MODUL L\u00c6SER<\/h1>\n<p>ACM1552U-Y3 st\u00e5r som et alsidigt og kraftfuldt NFC-l\u00e6sermodul, der tilbyder avanceret hastighed og et bredt driftsomr\u00e5de. Dens kompatibilitet med flere NFC- og ISO-protokoller kombineret med dens brugervenlige tilstande placerer den som en ideel l\u00f8sning til implementering af NFC-baserede transaktioner i forskellige applikationsomr\u00e5der.<\/p>\n<ul>\n<li>\n<h2>USB 2.0 fuld hastighed interface<\/h2>\n<\/li>\n<li>\n<h2>CCID-overholdelse<\/h2>\n<\/li>\n<li>\n<h2>Kontaktl\u00f8s smartkortl\u00e6ser:<\/h2>\n<ul>\n<li>\n<h3>L\u00e6se-\/skrivehastighed op til 848 kbps<\/h3>\n<\/li>\n<li>\n<h3>Indbygget antenne til kontaktl\u00f8s tag-adgang, med kortl\u00e6seafstand p\u00e5 op til 70 mm (afh\u00e6ngigt af tag-type)<\/h3>\n<\/li>\n<li>\n<h3>Underst\u00f8tter ISO 14443 Type A- og B-kort, ISO 15693-kort og ISO18092 NFC<\/h3>\n<\/li>\n<li>\n<h3>Underst\u00f8tter MIFARE Classic\u00ae, MIFARE\u00ae Mini, MIFARE Ultralight\u00ae (T=CL), FeliCa og Topaz Card<\/h3>\n<\/li>\n<li>\n<h3>Indbygget anti-kollisionsfunktion<\/h3>\n<\/li>\n<li>\n<h3>Underst\u00f8tter udvidet APDU (maks. 64 kbytes)<\/h3>\n<\/li>\n<li>\n<h3>\u00c9t ISO7816-kompatibelt SAM slot (klasse A) (efter anmodning)<\/h3>\n<\/li>\n<\/ul>\n<\/li>\n<li>\n<h2>NFC support<\/h2>\n<ul>\n<li>\n<h3>Smart Card Reader\/Writer Mode<\/h3>\n<\/li>\n<li>\n<h3>Kortemuleringstilstand<\/h3>\n<\/li>\n<li>\n<h3>Tastaturemuleringstilstand<\/h3>\n<\/li>\n<\/ul>\n<\/li>\n<li>\n<h2>Applikationsprogrammeringsgr\u00e6nseflade:<\/h2>\n<ul>\n<li>\n<h3>Underst\u00f8tter PC\/SC<\/h3>\n<\/li>\n<li>\n<h3>Underst\u00f8tter CT-API (gennem indpakning oven p\u00e5 PC\/SC)<\/h3>\n<\/li>\n<\/ul>\n<\/li>\n<li>\n<h2>Periferiudstyr:<\/h2>\n<ul>\n<li>\n<h3>Brugerkontrollerbar tofarvet LED (bl\u00e5 og gr\u00f8n)<\/h3>\n<\/li>\n<li>\n<h3>Brugerkontrollerbar summer (monotone)<\/h3>\n<\/li>\n<li>\n<h3>\u00c9t SAM slot (efter anmodning)<\/h3>\n<\/li>\n<\/ul>\n<\/li>\n<li>\n<h2>USB-firmwareopgradering<\/h2>\n<\/li>\n<li>\n<div>\n<table width=\"640\">\n<tbody>\n<tr>\n<td colspan=\"2\" width=\"640\">Fysiske egenskaber<\/td>\n<\/tr>\n<tr>\n<td rowspan=\"2\" width=\"257\">Dimensioner (mm)<\/td>\n<td width=\"383\">Hovedkort: 55,0 x 45,0 x 6,5<\/td>\n<\/tr>\n<tr>\n<td width=\"383\">Antennekort: 91,0 x 49,5 x 5,0<\/td>\n<\/tr>\n<tr>\n<td width=\"257\">V\u00e6gt (g)<\/td>\n<td width=\"383\">27.7<\/td>\n<\/tr>\n<tr>\n<td colspan=\"2\" width=\"640\">USB interface<\/td>\n<\/tr>\n<tr>\n<td width=\"257\">Protokol<\/td>\n<td width=\"383\">USB CCID<\/td>\n<\/tr>\n<tr>\n<td width=\"257\">Connector Type<\/td>\n<td width=\"383\">USB Type-A<\/td>\n<\/tr>\n<tr>\n<td width=\"257\">Str\u00f8mkilde<\/td>\n<td width=\"383\">Fra USB-port<\/td>\n<\/tr>\n<tr>\n<td width=\"257\">Hastighed<\/td>\n<td width=\"383\">USB fuld hastighed (12 Mbps)<\/td>\n<\/tr>\n<tr>\n<td width=\"257\">Kabell\u00e6ngde<\/td>\n<td width=\"383\">1m, aftagelig (valgfri)<\/td>\n<\/tr>\n<tr>\n<td colspan=\"2\" width=\"640\">Kontaktl\u00f8s Smart Card-interface<\/td>\n<\/tr>\n<tr>\n<td width=\"257\">Standard<\/td>\n<td width=\"383\">ISO 18092 NFC, ISO 14443 Type A &amp; B, ISO 15693, MIFARE\u00ae, FeliCa<\/td>\n<\/tr>\n<tr>\n<td rowspan=\"5\" width=\"257\">Protokol<\/td>\n<td width=\"383\">ISO 14443-4 kompatibelt kort, T=CL<\/td>\n<\/tr>\n<tr>\n<td width=\"383\">MIFARE\u00ae Classic Card, T=CL<\/td>\n<\/tr>\n<tr>\n<td width=\"383\">ISO 15693<\/td>\n<\/tr>\n<tr>\n<td width=\"383\">ISO 18092 NFC-tags<\/td>\n<\/tr>\n<tr>\n<td width=\"383\">FeliCa<\/td>\n<\/tr>\n<tr>\n<td colspan=\"2\" width=\"640\">Indbygget periferiudstyr<\/td>\n<\/tr>\n<tr>\n<td width=\"257\">LED<\/td>\n<td width=\"383\">1 tofarvet: bl\u00e5 og gr\u00f8n<\/td>\n<\/tr>\n<tr>\n<td width=\"257\">Summer<\/td>\n<td width=\"383\">Monotone<\/td>\n<\/tr>\n<tr>\n<td colspan=\"2\" width=\"640\">Andre funktioner<\/td>\n<\/tr>\n<tr>\n<td rowspan=\"4\" width=\"257\">Andre funktioner<\/td>\n<td width=\"383\">Underst\u00f8ttede korttyper:<\/td>\n<\/tr>\n<tr>\n<td width=\"383\">ISO 14443 Type A &amp; B Parts 1-4, ISO 15693, ISO 18092 NFC, MIFARE Classic\u00ae, MIFARE\u00ae Mini, MIFARE Ultralight\u00ae (T=CL), FeliCa og Topaz Card<\/td>\n<\/tr>\n<tr>\n<td width=\"383\">Andre NFC-funktioner:<\/td>\n<\/tr>\n<tr>\n<td width=\"383\">Smartkortl\u00e6ser\/skriver, tastaturemulering, kortemulering<\/td>\n<\/tr>\n<tr>\n<td width=\"257\">Firmware opgradering<\/td>\n<td width=\"383\">Underst\u00f8ttet<\/td>\n<\/tr>\n<tr>\n<td colspan=\"2\" width=\"640\">Certificeringer\/overholdelse<\/td>\n<\/tr>\n<tr>\n<td rowspan=\"4\" width=\"257\">Certificeringer\/overholdelse<\/td>\n<td width=\"383\">Certificeringer:<\/td>\n<\/tr>\n<tr>\n<td width=\"383\">IEC\/EN 62368, CE, UKCA, FCC, VCCI, RoHS, REACH, WEEE, Microsoft\u00ae WHQL<\/td>\n<\/tr>\n<tr>\n<td width=\"383\">Overholdelse:<\/td>\n<\/tr>\n<tr>\n<td width=\"383\">USB CCID, PC\/SC<\/td>\n<\/tr>\n<tr>\n<td colspan=\"2\" width=\"640\">Underst\u00f8ttelse af styresystem til enhedsdriver<\/td>\n<\/tr>\n<tr>\n<td width=\"257\">Underst\u00f8ttelse af styresystem til enhedsdriver<\/td>\n<td width=\"383\">Windows\u00ae, Linux\u00ae, macOS, Android\u2122<\/td>\n<\/tr>\n<\/tbody>\n<\/table>\n<\/div>\n<\/li>\n<\/ul>","protected":false},"excerpt":{"rendered":"<p>ACM1552U-Y3 er et h\u00f8jhastigheds USB NFC-modul, der underst\u00f8tter forskellige teknologier, inklusive kortemulering, ideel til forskellige NFC-applikationer.<\/p>","protected":false},"featured_media":1614,"template":"","meta":[],"product_brand":[],"product_cat":[41,40],"product_tag":[],"class_list":{"0":"post-1613","1":"product","2":"type-product","3":"status-publish","4":"has-post-thumbnail","6":"product_cat-module-ic-reader","7":"product_cat-rfid-nfc-reader","9":"first","10":"instock","11":"shipping-taxable","12":"product-type-simple"},"_links":{"self":[{"href":"https:\/\/nfc-readers.com\/da\/wp-json\/wp\/v2\/product\/1613","targetHints":{"allow":["GET"]}}],"collection":[{"href":"https:\/\/nfc-readers.com\/da\/wp-json\/wp\/v2\/product"}],"about":[{"href":"https:\/\/nfc-readers.com\/da\/wp-json\/wp\/v2\/types\/product"}],"wp:featuredmedia":[{"embeddable":true,"href":"https:\/\/nfc-readers.com\/da\/wp-json\/wp\/v2\/media\/1614"}],"wp:attachment":[{"href":"https:\/\/nfc-readers.com\/da\/wp-json\/wp\/v2\/media?parent=1613"}],"wp:term":[{"taxonomy":"product_brand","embeddable":true,"href":"https:\/\/nfc-readers.com\/da\/wp-json\/wp\/v2\/product_brand?post=1613"},{"taxonomy":"product_cat","embeddable":true,"href":"https:\/\/nfc-readers.com\/da\/wp-json\/wp\/v2\/product_cat?post=1613"},{"taxonomy":"product_tag","embeddable":true,"href":"https:\/\/nfc-readers.com\/da\/wp-json\/wp\/v2\/product_tag?post=1613"}],"curies":[{"name":"wp","href":"https:\/\/api.w.org\/{rel}","templated":true}]}}