{"id":1626,"date":"2024-04-07T08:02:18","date_gmt":"2024-04-07T08:02:18","guid":{"rendered":"https:\/\/nfc-readers.com\/?post_type=product&#038;p=1626"},"modified":"2024-09-29T07:31:36","modified_gmt":"2024-09-29T07:31:36","slug":"acr40u-high-speed-contact-reader-writer","status":"publish","type":"product","link":"https:\/\/nfc-readers.com\/da\/ic-reader\/acr40u-high-speed-contact-reader-writer\/","title":{"rendered":"ACR40U H\u00f8jhastigheds kontaktl\u00e6serskriver"},"content":{"rendered":"<h1>ACR40U H\u00f8jhastigheds kontaktl\u00e6serskriver<\/h1>\n<p>ACR40U Smart Card Reader tilbyder en sofistikeret l\u00f8sning til sikre digitale transaktioner og adgangskontrol, der l\u00e6gger v\u00e6gt p\u00e5 hastighed, holdbarhed og brugervenlighed p\u00e5 tv\u00e6rs af forskellige platforme og applikationer.<\/p>\n<ul>\n<li>\n<h2>USB 2.0 fuld hastighed interface<\/h2>\n<\/li>\n<li>\n<h2>USB Type A<\/h2>\n<\/li>\n<li>\n<h2>Plug and Play \u2013 CCID-underst\u00f8ttelse giver den st\u00f8rste mobilitet<\/h2>\n<\/li>\n<li>\n<h2>Smartkortl\u00e6ser:<\/h2>\n<\/li>\n<li>\n<h2>Underst\u00f8tter ISO 7816 klasse A, B og C (5 V, 3 V, 1,8 V) kort<\/h2>\n<ul>\n<li>\n<h3>Underst\u00f8tter CAC<\/h3>\n<\/li>\n<li>\n<h3>Underst\u00f8tter SIPRNET-kort<\/h3>\n<\/li>\n<li>\n<h3>Underst\u00f8tter MyKad<\/h3>\n<\/li>\n<li>\n<h3>Underst\u00f8tter J-LIS-kort<\/h3>\n<\/li>\n<li>\n<h3>Underst\u00f8tter mikroprocessorkort med T=0 eller T=1 protokol<\/h3>\n<\/li>\n<li>\n<h3>Underst\u00f8tter hukommelseskort<\/h3>\n<\/li>\n<li>\n<h3>Underst\u00f8tter PPS (Protocol and Parameter Selection)<\/h3>\n<\/li>\n<li>\n<h3>Har kortslutningsbeskyttelse<\/h3>\n<\/li>\n<\/ul>\n<\/li>\n<li>\n<h2>Applikationsprogrammeringsgr\u00e6nseflade:<\/h2>\n<ul>\n<li>\n<h3>Underst\u00f8tter PC\/SC<\/h3>\n<\/li>\n<li>\n<h3>Underst\u00f8tter CT-API<\/h3>\n<\/li>\n<\/ul>\n<\/li>\n<li>\n<h2>Underst\u00f8tter alle st\u00f8rre operativsystemer<\/h2>\n<ul>\n<li>\n<h3>Windows\u00ae, Linux\u00ae, macOS, iOS, iPadOS, Android\u2122, Solaris\u2122<\/h3>\n<\/li>\n<li>\n<div>\n<table width=\"566\">\n<tbody>\n<tr>\n<td colspan=\"2\" width=\"566\">Fysiske egenskaber<\/td>\n<\/tr>\n<tr>\n<td width=\"207\">Dimensioner (mm)<\/td>\n<td width=\"359\">55 mm (L) \u00d7 65,0 mm (B) \u00d7 9,0 mm (H)<\/td>\n<\/tr>\n<tr>\n<td width=\"207\">V\u00e6gt (g)<\/td>\n<td width=\"359\">40,0 g \u00b1 5,0 g<\/td>\n<\/tr>\n<tr>\n<td colspan=\"2\" width=\"566\">USB interface<\/td>\n<\/tr>\n<tr>\n<td width=\"207\">Protokol<\/td>\n<td width=\"359\">USB CCID<\/td>\n<\/tr>\n<tr>\n<td width=\"207\">Connector Type<\/td>\n<td width=\"359\">Standard Type A, Type C<\/td>\n<\/tr>\n<tr>\n<td width=\"207\">Str\u00f8mkilde<\/td>\n<td width=\"359\">Fra USB-port<\/td>\n<\/tr>\n<tr>\n<td width=\"207\">Hastighed<\/td>\n<td width=\"359\">USB 2.0 fuld hastighed (12 Mbps)<\/td>\n<\/tr>\n<tr>\n<td width=\"207\">Kabell\u00e6ngde<\/td>\n<td width=\"359\">1 m, fast<\/td>\n<\/tr>\n<tr>\n<td colspan=\"2\" width=\"566\">Kontakt Smart Card Interface<\/td>\n<\/tr>\n<tr>\n<td width=\"207\">Antal slots<\/td>\n<td width=\"359\">1 kortplads i fuld st\u00f8rrelse<\/td>\n<\/tr>\n<tr>\n<td width=\"207\">Standard<\/td>\n<td width=\"359\">ISO 7816 del 1-4, klasse A, B, C (5 V, 3 V, 1,8 V)<\/td>\n<\/tr>\n<tr>\n<td width=\"207\">Protokol<\/td>\n<td width=\"359\">T=0; T=1; Underst\u00f8ttelse af hukommelseskort<\/td>\n<\/tr>\n<tr>\n<td width=\"207\">Andre<\/td>\n<td width=\"359\">Mykad, CAC, J-LIS, SIPRNET-kort<\/td>\n<\/tr>\n<tr>\n<td colspan=\"2\" width=\"566\">Certificeringer\/overholdelse<\/td>\n<\/tr>\n<tr>\n<td rowspan=\"17\" width=\"207\">Certificeringer\/overholdelse<\/td>\n<td width=\"359\">EN62368\/IEC 62368<\/td>\n<\/tr>\n<tr>\n<td width=\"359\">CE<\/td>\n<\/tr>\n<tr>\n<td width=\"359\">FCC<\/td>\n<\/tr>\n<tr>\n<td width=\"359\">RoHS<\/td>\n<\/tr>\n<tr>\n<td width=\"359\">N\u00c5<\/td>\n<\/tr>\n<tr>\n<td width=\"359\">EMV\u2122 niveau 1 (kontakt)<\/td>\n<\/tr>\n<tr>\n<td width=\"359\">UL 62368<\/td>\n<\/tr>\n<tr>\n<td width=\"359\">J-LIS<\/td>\n<\/tr>\n<tr>\n<td width=\"359\">KC<\/td>\n<\/tr>\n<tr>\n<td width=\"359\">PBOC niveau 1 (kontakt)<\/td>\n<\/tr>\n<tr>\n<td width=\"359\">TAA<\/td>\n<\/tr>\n<tr>\n<td width=\"359\">UKCA<\/td>\n<\/tr>\n<tr>\n<td width=\"359\">UL<\/td>\n<\/tr>\n<tr>\n<td width=\"359\">VCCI<\/td>\n<\/tr>\n<tr>\n<td width=\"359\">WEEE<\/td>\n<\/tr>\n<tr>\n<td width=\"359\">USB 2.0 fuld hastighed<\/td>\n<\/tr>\n<tr>\n<td width=\"359\">Microsoft\u00ae WHQL<\/td>\n<\/tr>\n<tr>\n<td colspan=\"2\" width=\"566\">Underst\u00f8ttelse af styresystem til enhedsdriver<\/td>\n<\/tr>\n<tr>\n<td rowspan=\"7\" width=\"207\">Underst\u00f8ttelse af styresystem til enhedsdriver<\/td>\n<td width=\"359\">Windows\u00ae<\/td>\n<\/tr>\n<tr>\n<td width=\"359\">Linux\u00ae<\/td>\n<\/tr>\n<tr>\n<td width=\"359\">macOS<\/td>\n<\/tr>\n<tr>\n<td width=\"359\">IOS<\/td>\n<\/tr>\n<tr>\n<td width=\"359\">iPadOS<\/td>\n<\/tr>\n<tr>\n<td width=\"359\">Android\u2122<\/td>\n<\/tr>\n<tr>\n<td width=\"359\">Solaris\u2122<\/td>\n<\/tr>\n<\/tbody>\n<\/table>\n<\/div>\n<\/li>\n<\/ul>\n<\/li>\n<\/ul>","protected":false},"excerpt":{"rendered":"<p>ACR40U er en h\u00f8jhastigheds USB-kontaktl\u00e6ser, der underst\u00f8tter EMV-kort, der tilbyder p\u00e5lidelig ydeevne og kompatibilitet p\u00e5 tv\u00e6rs af flere operativsystemer til forskellige applikationer.<\/p>","protected":false},"featured_media":1628,"template":"","meta":[],"product_brand":[],"product_cat":[39],"product_tag":[],"class_list":{"0":"post-1626","1":"product","2":"type-product","3":"status-publish","4":"has-post-thumbnail","6":"product_cat-usb-ic-smartcard-reader","8":"first","9":"instock","10":"shipping-taxable","11":"product-type-simple"},"_links":{"self":[{"href":"https:\/\/nfc-readers.com\/da\/wp-json\/wp\/v2\/product\/1626","targetHints":{"allow":["GET"]}}],"collection":[{"href":"https:\/\/nfc-readers.com\/da\/wp-json\/wp\/v2\/product"}],"about":[{"href":"https:\/\/nfc-readers.com\/da\/wp-json\/wp\/v2\/types\/product"}],"wp:featuredmedia":[{"embeddable":true,"href":"https:\/\/nfc-readers.com\/da\/wp-json\/wp\/v2\/media\/1628"}],"wp:attachment":[{"href":"https:\/\/nfc-readers.com\/da\/wp-json\/wp\/v2\/media?parent=1626"}],"wp:term":[{"taxonomy":"product_brand","embeddable":true,"href":"https:\/\/nfc-readers.com\/da\/wp-json\/wp\/v2\/product_brand?post=1626"},{"taxonomy":"product_cat","embeddable":true,"href":"https:\/\/nfc-readers.com\/da\/wp-json\/wp\/v2\/product_cat?post=1626"},{"taxonomy":"product_tag","embeddable":true,"href":"https:\/\/nfc-readers.com\/da\/wp-json\/wp\/v2\/product_tag?post=1626"}],"curies":[{"name":"wp","href":"https:\/\/api.w.org\/{rel}","templated":true}]}}