{"id":2046,"date":"2024-04-20T12:17:56","date_gmt":"2024-04-20T12:17:56","guid":{"rendered":"https:\/\/nfc-readers.com\/?post_type=product&#038;p=2046"},"modified":"2024-09-29T07:20:59","modified_gmt":"2024-09-29T07:20:59","slug":"fudan-f08-nfc-card","status":"publish","type":"product","link":"https:\/\/nfc-readers.com\/da\/ic-reader\/fudan-f08-nfc-card\/","title":{"rendered":"Fudan F08 NFC-kort"},"content":{"rendered":"<h1>Fudan F08 NFC-kort<\/h1>\n<p>Fudan F08 NFC-kortet er et h\u00f8jfrekvent kontaktl\u00f8st smartkort udviklet af Fudan Microelectronics Group med base i Shanghai, Kina. Den inkorporerer avancerede sikkerhedsteknologier og krypteringsalgoritmer, der tilbyder sikker og p\u00e5lidelig identitetsbekr\u00e6ftelse og datatransmission til forskellige applikationer. Fudan F08 er prim\u00e6rt ansat i adgangskontrolsystemer, fremm\u00f8desystemer, transportbilletter, campuskort og mere. Fudan F08-kortet er kompatibelt med applikationer af MIFARE Classic\u00ae 1K-kortet, hvilket giver brugerne yderligere valg.<\/p>\n<table width=\"388\">\n<tbody>\n<tr style=\"font-style: inherit; font-weight: inherit;\">\n<td style=\"font-style: inherit;\" width=\"137\">\n<p data-spm-anchor-id=\"a2700.details.0.i74.641d36fcHPDT7G\">Materiale<\/p>\n<\/td>\n<td style=\"font-style: inherit;\" width=\"251\">PVC, PETG<\/td>\n<\/tr>\n<tr style=\"font-style: inherit; font-weight: inherit;\">\n<td style=\"font-style: inherit;\" width=\"137\">St\u00f8rrelse<\/td>\n<td style=\"font-style: inherit;\" width=\"251\">\n<p data-spm-anchor-id=\"a2700.details.0.i69.641d36fcHPDT7G\">CR80 85,5*54mm som kreditkort eller tilpasset st\u00f8rrelse eller uregelm\u00e6ssig form<\/p>\n<\/td>\n<\/tr>\n<tr style=\"font-style: inherit; font-weight: inherit;\">\n<td style=\"font-style: inherit;\" width=\"137\">Tykkelse<\/td>\n<td style=\"font-style: inherit;\" width=\"251\">0,84 mm som kreditkort eller tilpasset tykkelse<\/td>\n<\/tr>\n<tr style=\"font-style: inherit; font-weight: inherit;\">\n<td style=\"font-style: inherit;\" width=\"137\">Trykning<\/td>\n<td style=\"font-style: inherit;\" width=\"251\">Heidelberg offsettryk \/ Pantone farvetryk \/Sk\u00e6rmtryk: 100% matcher kundens kr\u00e6vede farve eller pr\u00f8ve<\/td>\n<\/tr>\n<tr style=\"font-style: inherit; font-weight: inherit;\">\n<td style=\"font-style: inherit;\" width=\"137\">Overflade<\/td>\n<td style=\"font-style: inherit;\" width=\"251\">Blank, mat, glitter, metallisk, laser eller med overlay til termoprinter eller med speciallak til Epson inkjet printer<\/td>\n<\/tr>\n<tr style=\"font-style: inherit; font-weight: inherit;\">\n<td style=\"font-style: inherit;\" rowspan=\"10\" width=\"137\">Personligg\u00f8relse eller s\u00e6rligt h\u00e5ndv\u00e6rk<\/td>\n<td style=\"font-style: inherit;\" width=\"251\">Magnetstribe: Loco 300oe, Hico 2750oe, 2 eller 3 spor, sort\/guld\/s\u00f8lv mag<\/td>\n<\/tr>\n<tr>\n<td width=\"251\">Stregkode: EAN-13, EAN-128, CODE128, CODE39, QR-stregkode osv.<\/td>\n<\/tr>\n<tr>\n<td width=\"251\">Pr\u00e6gning af tal eller bogstaver i s\u00f8lv eller guldfarve<\/td>\n<\/tr>\n<tr>\n<td width=\"251\">Metallisk tryk i guld eller s\u00f8lv baggrund<\/td>\n<\/tr>\n<tr>\n<td width=\"251\">Signaturpanel \/ Afskrabningspanel<\/td>\n<\/tr>\n<tr>\n<td width=\"251\">Lasergraveringsnumre<\/td>\n<\/tr>\n<tr>\n<td width=\"251\">Guld\/siver foliestempling<\/td>\n<\/tr>\n<tr>\n<td width=\"251\">UV-spot print<\/td>\n<\/tr>\n<tr>\n<td width=\"251\">Pung rundt eller ovalt hul<\/td>\n<\/tr>\n<tr>\n<td width=\"251\">Sikkerhedsudskrivning: Hologram, OVI-sikringsudskrivning, Braille, Fluorescerende anti-forfalskning, mikrotekstudskrivning<\/td>\n<\/tr>\n<tr style=\"font-style: inherit; font-weight: inherit;\">\n<td style=\"font-style: inherit;\" width=\"137\">13,56Mhz Chip tilg\u00e6ngelig<\/td>\n<td style=\"font-style: inherit;\" width=\"251\">NTAG213, NTAG215, NTAG216 osv.<\/td>\n<\/tr>\n<tr style=\"font-style: inherit; font-weight: inherit;\">\n<td style=\"font-style: inherit;\" rowspan=\"2\" width=\"137\">Ans\u00f8gninger<\/td>\n<td style=\"font-style: inherit;\" width=\"251\">\n<p data-spm-anchor-id=\"a2700.details.0.i70.641d36fcHPDT7G\">Virksomheder, skole, klub, reklame, trafik, supermarked, parkering, bank, regering, forsikring, l\u00e6gehj\u00e6lp, forfremmelse,<\/p>\n<\/td>\n<\/tr>\n<tr>\n<td width=\"251\">bes\u00f8g osv.<\/td>\n<\/tr>\n<\/tbody>\n<\/table>","protected":false},"excerpt":{"rendered":"<p>Fudan F08 NFC-chippen er et sikkert smartkort, der er ideelt til adgangskontrol og billetsalg, kompatibelt med RFID MIFARE Classic\u00ae 1K-applikationer for \u00f8get fleksibilitet.<\/p>","protected":false},"featured_media":2047,"template":"","meta":[],"product_brand":[],"product_cat":[46],"product_tag":[],"class_list":{"0":"post-2046","1":"product","2":"type-product","3":"status-publish","4":"has-post-thumbnail","6":"product_cat-nfc-cards","8":"first","9":"instock","10":"shipping-taxable","11":"product-type-simple"},"_links":{"self":[{"href":"https:\/\/nfc-readers.com\/da\/wp-json\/wp\/v2\/product\/2046","targetHints":{"allow":["GET"]}}],"collection":[{"href":"https:\/\/nfc-readers.com\/da\/wp-json\/wp\/v2\/product"}],"about":[{"href":"https:\/\/nfc-readers.com\/da\/wp-json\/wp\/v2\/types\/product"}],"wp:featuredmedia":[{"embeddable":true,"href":"https:\/\/nfc-readers.com\/da\/wp-json\/wp\/v2\/media\/2047"}],"wp:attachment":[{"href":"https:\/\/nfc-readers.com\/da\/wp-json\/wp\/v2\/media?parent=2046"}],"wp:term":[{"taxonomy":"product_brand","embeddable":true,"href":"https:\/\/nfc-readers.com\/da\/wp-json\/wp\/v2\/product_brand?post=2046"},{"taxonomy":"product_cat","embeddable":true,"href":"https:\/\/nfc-readers.com\/da\/wp-json\/wp\/v2\/product_cat?post=2046"},{"taxonomy":"product_tag","embeddable":true,"href":"https:\/\/nfc-readers.com\/da\/wp-json\/wp\/v2\/product_tag?post=2046"}],"curies":[{"name":"wp","href":"https:\/\/api.w.org\/{rel}","templated":true}]}}