{"id":2103,"date":"2024-04-22T02:06:11","date_gmt":"2024-04-22T02:06:11","guid":{"rendered":"https:\/\/nfc-readers.com\/?post_type=product&#038;p=2103"},"modified":"2024-09-29T02:13:25","modified_gmt":"2024-09-29T02:13:25","slug":"ntag424","status":"publish","type":"product","link":"https:\/\/nfc-readers.com\/da\/ic-reader\/ntag424\/","title":{"rendered":"NTAG 424 DNA"},"content":{"rendered":"<h1>NTAG 424 DNA<\/h1>\n<table width=\"537\">\n<tbody>\n<tr style=\"font-style: inherit; font-weight: inherit;\">\n<td style=\"font-style: inherit;\" width=\"95\" data-spm-anchor-id=\"a2700.details.0.i69.1fd12d83P0Adf1\"><span style=\"font-style: inherit; font-weight: inherit;\">Materiale<\/span><\/td>\n<td style=\"font-style: inherit;\" width=\"442\"><span style=\"font-style: inherit; font-weight: inherit;\">Papir, PVC, PET eller tilpasset<\/span><\/td>\n<\/tr>\n<tr style=\"font-style: inherit; font-weight: inherit;\">\n<td style=\"font-style: inherit;\" width=\"95\"><span style=\"font-style: inherit; font-weight: inherit;\">Trykning<\/span><\/td>\n<td style=\"font-style: inherit;\" width=\"442\"><span style=\"font-style: inherit; font-weight: inherit;\">offsettryk eller digitaltryk, silketryk ect<\/span><\/td>\n<\/tr>\n<tr style=\"font-style: inherit; font-weight: inherit;\">\n<td style=\"font-style: inherit;\" width=\"95\"><span style=\"font-style: inherit; font-weight: inherit;\">H\u00e5ndv\u00e6rk<\/span><\/td>\n<td style=\"font-style: inherit;\" width=\"442\"><span style=\"font-style: inherit; font-weight: inherit;\">Magnetstribe, stregkode\/QR-kode, blank\/matter\/frosting ect<\/span><\/td>\n<\/tr>\n<tr style=\"font-style: inherit; font-weight: inherit;\">\n<td style=\"font-style: inherit;\" width=\"95\"><span style=\"font-style: inherit; font-weight: inherit;\">Dimension<\/span><\/td>\n<td style=\"font-style: inherit;\" width=\"442\" data-spm-anchor-id=\"a2700.details.0.i68.1fd12d83P0Adf1\"><span style=\"font-style: inherit; font-weight: inherit;\">40*25mm, 25mm, 30mm, 45*45mm eller tilpasset<\/span><\/td>\n<\/tr>\n<tr style=\"font-style: inherit; font-weight: inherit;\">\n<td style=\"font-style: inherit;\" width=\"95\"><span style=\"font-style: inherit; font-weight: inherit;\">Frekvens<\/span><\/td>\n<td style=\"font-style: inherit;\" width=\"442\"><span style=\"font-style: inherit; font-weight: inherit;\">13,56 MHz<\/span><\/td>\n<\/tr>\n<tr style=\"font-style: inherit; font-weight: inherit;\">\n<td style=\"font-style: inherit;\" width=\"95\"><span style=\"font-style: inherit; font-weight: inherit;\">L\u00e6s r\u00e6kkevidde<\/span><\/td>\n<td style=\"font-style: inherit;\" width=\"442\"><span style=\"font-style: inherit; font-weight: inherit;\">1-10 cm afh\u00e6nger af l\u00e6seren og l\u00e6semilj\u00f8et<\/span><\/td>\n<\/tr>\n<tr style=\"font-style: inherit; font-weight: inherit;\">\n<td style=\"font-style: inherit;\" width=\"95\"><span style=\"font-style: inherit; font-weight: inherit;\">Anvendelse<\/span><\/td>\n<td style=\"font-style: inherit;\" width=\"442\"><span style=\"font-style: inherit; font-weight: inherit;\">Aktiviteter, produktm\u00e6rke mv<\/span><\/td>\n<\/tr>\n<tr style=\"font-style: inherit; font-weight: inherit;\">\n<td style=\"font-style: inherit;\" width=\"95\"><span style=\"font-style: inherit; font-weight: inherit;\">Leveringstid<\/span><\/td>\n<td style=\"font-style: inherit;\" width=\"442\"><span style=\"font-style: inherit; font-weight: inherit;\">Generelt omkring 7-8 arbejdsdage, det afh\u00e6nger af m\u00e6ngde og din anmodning<\/span><\/td>\n<\/tr>\n<tr style=\"font-style: inherit; font-weight: inherit;\">\n<td style=\"font-style: inherit;\" width=\"95\"><span style=\"font-style: inherit; font-weight: inherit;\">Betalingsm\u00e5de<\/span><\/td>\n<td style=\"font-style: inherit;\" width=\"442\"><span style=\"font-style: inherit; font-weight: inherit;\">WesterUnion, TT, Trade assurance eller paypal ect<\/span><\/td>\n<\/tr>\n<\/tbody>\n<\/table>\n<p>Flere chip mulighed for at v\u00e6lge<\/p>\n<table width=\"537\">\n<tbody>\n<tr style=\"font-style: inherit; font-weight: inherit;\">\n<td style=\"font-style: inherit;\" width=\"95\" data-spm-anchor-id=\"a2700.details.0.i71.1fd12d83P0Adf1\"><span style=\"font-style: inherit; font-weight: inherit;\" data-spm-anchor-id=\"a2700.details.0.i72.1fd12d83P0Adf1\">rotocol<\/span><\/td>\n<td style=\"font-style: inherit;\" width=\"442\"><span style=\"font-style: inherit; font-weight: inherit;\">Chips<\/span><\/td>\n<\/tr>\n<tr style=\"font-style: inherit; font-weight: inherit;\">\n<td style=\"font-style: inherit;\" rowspan=\"8\" width=\"95\"><span style=\"font-style: inherit; font-weight: inherit;\">ISO14443A<\/span><\/td>\n<td style=\"font-style: inherit;\" width=\"442\"><span style=\"font-style: inherit; font-weight: inherit;\">MIFARE Classic\u00ae 1K, MIFARE Classic\u00ae 4K<\/span><\/td>\n<\/tr>\n<tr>\n<td width=\"442\"><span style=\"font-style: inherit; font-weight: inherit;\">MIFARE\u00ae Mini<\/span><\/td>\n<\/tr>\n<tr>\n<td width=\"442\"><span style=\"font-style: inherit; font-weight: inherit;\">MIFARE Ultralight\u00ae, MIFARE Ultralight\u00ae EV1, MIFARE Ultralight\u00ae C<\/span><\/td>\n<\/tr>\n<tr>\n<td width=\"442\"><span style=\"font-style: inherit; font-weight: inherit;\">NTAG213 \/ NTAG215 \/ NTAG216<\/span><\/td>\n<\/tr>\n<tr>\n<td width=\"442\"><span style=\"font-style: inherit; font-weight: inherit;\">MIFARE \u00ae DESFire\u00ae EV1 (2K\/4K\/8K)<\/span><\/td>\n<\/tr>\n<tr>\n<td width=\"442\"><span style=\"font-style: inherit; font-weight: inherit;\">MIFARE \u00ae DESFire\u00ae EV2 (2K\/4K\/8K)<\/span><\/td>\n<\/tr>\n<tr>\n<td width=\"442\"><span style=\"font-style: inherit; font-weight: inherit;\">MIFARE Plus\u00ae (2K\/4K)<\/span><\/td>\n<\/tr>\n<tr>\n<td width=\"442\"><span style=\"font-style: inherit; font-weight: inherit;\">Topaz 512<\/span><\/td>\n<\/tr>\n<tr style=\"font-style: inherit; font-weight: inherit;\">\n<td style=\"font-style: inherit;\" width=\"95\"><span style=\"font-style: inherit; font-weight: inherit;\">ISO15693<\/span><\/td>\n<td style=\"font-style: inherit;\" width=\"442\"><span style=\"font-style: inherit; font-weight: inherit;\">ICODE SLIX, ICODE SLI-S<\/span><\/td>\n<\/tr>\n<\/tbody>\n<\/table>\n<p><img loading=\"lazy\" decoding=\"async\" class=\"alignnone wp-image-2108\" src=\"https:\/\/nfc-readers.com\/wp-content\/uploads\/2024\/04\/Hde00c6f42d8549a48e8df66ca6d59227x-300x226.png\" alt=\"\" width=\"572\" height=\"431\" srcset=\"https:\/\/nfc-readers.com\/wp-content\/uploads\/2024\/04\/Hde00c6f42d8549a48e8df66ca6d59227x-300x226.png 300w, https:\/\/nfc-readers.com\/wp-content\/uploads\/2024\/04\/Hde00c6f42d8549a48e8df66ca6d59227x-600x451.png 600w, https:\/\/nfc-readers.com\/wp-content\/uploads\/2024\/04\/Hde00c6f42d8549a48e8df66ca6d59227x.png 750w\" sizes=\"auto, (max-width: 572px) 100vw, 572px\" \/><\/p>","protected":false},"excerpt":{"rendered":"<p>NTAG 424 DNA&#039;et er et sikkert NFC-tag, der tilbyder bank-grade beskyttelse til anti-forfalskning, brandsikkerhed, sikker billetsalg og identitetsbekr\u00e6ftelse i RFID-applikationer.<\/p>","protected":false},"featured_media":2104,"template":"","meta":[],"product_brand":[],"product_cat":[47],"product_tag":[],"class_list":{"0":"post-2103","1":"product","2":"type-product","3":"status-publish","4":"has-post-thumbnail","6":"product_cat-nfc-tags","8":"first","9":"instock","10":"shipping-taxable","11":"product-type-simple"},"_links":{"self":[{"href":"https:\/\/nfc-readers.com\/da\/wp-json\/wp\/v2\/product\/2103","targetHints":{"allow":["GET"]}}],"collection":[{"href":"https:\/\/nfc-readers.com\/da\/wp-json\/wp\/v2\/product"}],"about":[{"href":"https:\/\/nfc-readers.com\/da\/wp-json\/wp\/v2\/types\/product"}],"wp:featuredmedia":[{"embeddable":true,"href":"https:\/\/nfc-readers.com\/da\/wp-json\/wp\/v2\/media\/2104"}],"wp:attachment":[{"href":"https:\/\/nfc-readers.com\/da\/wp-json\/wp\/v2\/media?parent=2103"}],"wp:term":[{"taxonomy":"product_brand","embeddable":true,"href":"https:\/\/nfc-readers.com\/da\/wp-json\/wp\/v2\/product_brand?post=2103"},{"taxonomy":"product_cat","embeddable":true,"href":"https:\/\/nfc-readers.com\/da\/wp-json\/wp\/v2\/product_cat?post=2103"},{"taxonomy":"product_tag","embeddable":true,"href":"https:\/\/nfc-readers.com\/da\/wp-json\/wp\/v2\/product_tag?post=2103"}],"curies":[{"name":"wp","href":"https:\/\/api.w.org\/{rel}","templated":true}]}}