{"id":2109,"date":"2024-04-22T02:26:55","date_gmt":"2024-04-22T02:26:55","guid":{"rendered":"https:\/\/nfc-readers.com\/?post_type=product&#038;p=2109"},"modified":"2024-09-29T01:56:55","modified_gmt":"2024-09-29T01:56:55","slug":"nfc-stickers-ntag213216","status":"publish","type":"product","link":"https:\/\/nfc-readers.com\/da\/ic-reader\/nfc-stickers-ntag213216\/","title":{"rendered":"NFC-klisterm\u00e6rker NTAG213 215 216"},"content":{"rendered":"<h1>NFC-klisterm\u00e6rker NTAG213 215 216<\/h1>\n<table width=\"534\">\n<tbody>\n<tr style=\"font-style: inherit; font-weight: inherit;\">\n<td style=\"font-style: inherit;\" width=\"215\">\n<p data-spm-anchor-id=\"a2700.pc-decorate.0.i49.7c5c3333IeSDv6\">punkt<\/p>\n<\/td>\n<td width=\"319\">Specifikationer<\/td>\n<\/tr>\n<tr style=\"font-style: inherit; font-weight: inherit;\">\n<td style=\"font-style: inherit;\" width=\"215\">\n<p data-spm-anchor-id=\"a2700.pc-decorate.0.i22.bd1b3333wXnVY0\">Oprindelsessted<\/p>\n<\/td>\n<td width=\"319\">Kina<\/td>\n<\/tr>\n<tr style=\"font-style: inherit; font-weight: inherit;\">\n<td style=\"font-style: inherit;\" width=\"215\">\n<p data-spm-anchor-id=\"0.0.0.i10.277b4f05XiiaMd\">Certificering<\/p>\n<\/td>\n<td width=\"319\">\n<p data-spm-anchor-id=\"a2700.pc-decorate.0.i10.bd1b3333wXnVY0\">CE\/ROHS<\/p>\n<\/td>\n<\/tr>\n<tr style=\"font-style: inherit; font-weight: inherit;\">\n<td style=\"font-style: inherit;\" width=\"215\">Materiale<\/td>\n<td width=\"319\">\n<p data-spm-anchor-id=\"a2700.pc-decorate.0.i50.7c5c3333IeSDv6\">PET, belagt papir, epoxy, termisk papir osv.<\/p>\n<\/td>\n<\/tr>\n<tr style=\"font-style: inherit; font-weight: inherit;\">\n<td style=\"font-style: inherit;\" width=\"215\">Chip<\/td>\n<td width=\"319\">\n<p data-spm-anchor-id=\"a2700.pc-decorate.0.i50.bd1b3333wXnVY0\">NTAG 213\/ NTAG 215\/Ntag 216\/Fudan F08 eller tilpas<\/p>\n<\/td>\n<\/tr>\n<tr style=\"font-style: inherit; font-weight: inherit;\">\n<td style=\"font-style: inherit;\" width=\"215\">Frekvens<\/td>\n<td width=\"319\">\n<p data-spm-anchor-id=\"0.0.0.i5.277b4f05QIK8KU\">13,56 MHz<\/p>\n<\/td>\n<\/tr>\n<tr style=\"font-style: inherit; font-weight: inherit;\">\n<td style=\"font-style: inherit;\" width=\"215\">\n<p data-spm-anchor-id=\"a2700.pc-decorate.0.i90.6e273333nK6FqH\">Protokol<\/p>\n<\/td>\n<td width=\"319\">\n<p data-spm-anchor-id=\"a2700.pc-decorate.0.i51.bd1b3333wXnVY0\">ISO 14443A<\/p>\n<\/td>\n<\/tr>\n<tr style=\"font-style: inherit; font-weight: inherit;\">\n<td style=\"font-style: inherit;\" rowspan=\"3\" width=\"215\">St\u00f8rrelse<\/td>\n<td width=\"319\">\n<p data-spm-anchor-id=\"a2700.pc-decorate.0.i53.bd1b3333wXnVY0\">Rund 18,25, 30, 35,40 mm<\/p>\n<\/td>\n<\/tr>\n<tr>\n<td width=\"319\">\n<p data-spm-anchor-id=\"a2700.pc-decorate.0.i53.bd1b3333wXnVY0\">Kvadrat 86*54,40*25,55*18,10*20,18*18,30*15<\/p>\n<\/td>\n<\/tr>\n<tr>\n<td width=\"319\">\n<p data-spm-anchor-id=\"a2700.pc-decorate.0.i53.bd1b3333wXnVY0\">eller tilpasset st\u00f8rrelse<\/p>\n<\/td>\n<\/tr>\n<tr style=\"font-style: inherit; font-weight: inherit;\">\n<td style=\"font-style: inherit;\" width=\"215\">\n<p data-spm-anchor-id=\"0.0.0.i1.277b4f05XiiaMd\">Feature<\/p>\n<\/td>\n<td width=\"319\">\n<p data-spm-anchor-id=\"a2700.pc-decorate.0.i47.bd1b3333wXnVY0\">ok for at dele data med nfc-aktiveret telefon, hurtigere og mere praktisk end normale tags<\/p>\n<\/td>\n<\/tr>\n<tr style=\"font-style: inherit; font-weight: inherit;\">\n<td style=\"font-style: inherit;\" width=\"215\">\n<p data-spm-anchor-id=\"0.0.0.i8.277b4f05XiiaMd\">Pr\u00f8ve<\/p>\n<\/td>\n<td width=\"319\">\n<p data-spm-anchor-id=\"a2700.pc-decorate.0.i39.6e273333nK6FqH\">gratis tilg\u00e6ngelig<\/p>\n<\/td>\n<\/tr>\n<tr style=\"font-style: inherit; font-weight: inherit;\">\n<td style=\"font-style: inherit;\" width=\"215\">\n<p data-spm-anchor-id=\"a2700.pc-decorate.0.i95.6e273333nK6FqH\">L\u00e6s afstand<\/p>\n<\/td>\n<td width=\"319\">\n<p data-spm-anchor-id=\"a2700.pc-decorate.0.i89.6e273333nK6FqH\">0-10 cm<\/p>\n<\/td>\n<\/tr>\n<tr style=\"font-style: inherit; font-weight: inherit;\">\n<td style=\"font-style: inherit;\" width=\"215\">\n<p data-spm-anchor-id=\"a2700.pc-decorate.0.i35.6e273333nK6FqH\">Produktnavn<\/p>\n<\/td>\n<td width=\"319\">\n<p data-spm-anchor-id=\"a2700.pc-decorate.0.i12.bd1b3333wXnVY0\">Brugerdefinerede NTAG 213 NFC-klisterm\u00e6rker Runde 18 mm blank hvid etiket NTAG 213-tags fungerer perfekt med NFC-aktiveret mobiltelefon<\/p>\n<\/td>\n<\/tr>\n<tr style=\"font-style: inherit; font-weight: inherit;\">\n<td style=\"font-style: inherit;\" rowspan=\"3\" width=\"215\">Personalisering<\/td>\n<td style=\"font-style: inherit;\" width=\"319\">-brugerdefineret logo, farvetrykt til overfladepapir<\/td>\n<\/tr>\n<tr>\n<td width=\"319\">- brugerdefineret overflademateriale<\/td>\n<\/tr>\n<tr>\n<td width=\"319\">-tilpasset datainformation, der kan skrives i chippen, s\u00e5som url (hjemmeside), serienumre osv.<\/td>\n<\/tr>\n<tr style=\"font-style: inherit; font-weight: inherit;\">\n<td style=\"font-style: inherit;\" rowspan=\"3\" width=\"215\">Anvendelse<\/td>\n<td style=\"font-style: inherit;\" width=\"319\">NFC sociale medier, logistik, ledelse, asset management, supply chain management, k\u00f8ret\u00f8jsstyring, produktionskontrol,<\/td>\n<\/tr>\n<tr>\n<td width=\"319\">lagerstyring, produktstyring, produktverifikation, aktivsporing, sporing af bagageh\u00e5ndtering, lagerstyring,<\/td>\n<\/tr>\n<tr>\n<td width=\"319\">osv.<\/td>\n<\/tr>\n<\/tbody>\n<\/table>\n<p>&nbsp;<\/p>\n<p><img loading=\"lazy\" decoding=\"async\" class=\"alignnone wp-image-2110\" src=\"https:\/\/nfc-readers.com\/wp-content\/uploads\/2024\/04\/H13e28f218c5e4df380794f87c5769ff4e-300x252.jpg\" alt=\"\" width=\"573\" height=\"481\" srcset=\"https:\/\/nfc-readers.com\/wp-content\/uploads\/2024\/04\/H13e28f218c5e4df380794f87c5769ff4e-300x252.jpg 300w, https:\/\/nfc-readers.com\/wp-content\/uploads\/2024\/04\/H13e28f218c5e4df380794f87c5769ff4e-600x503.jpg 600w, https:\/\/nfc-readers.com\/wp-content\/uploads\/2024\/04\/H13e28f218c5e4df380794f87c5769ff4e.jpg 750w\" sizes=\"auto, (max-width: 573px) 100vw, 573px\" \/><\/p>\n<div class=\"J_module\">\n<div class=\"detail-decorate-json-renderer-container\">\n<div class=\"magic-1\">\n<div class=\"magic-2\">\n<div class=\"magic-3\">\n<div class=\"magic-4\">\n<div class=\"magic-5\" data-spm-anchor-id=\"a2700.details.0.i69.2c8dabc3vwGabt\"><b class=\"magic-6\"><span class=\"magic-7\">Brugerdefinerede NTAG 213 NFC-klisterm\u00e6rker Runde 18 mm blank hvid etiket NTAG 213-tags fungerer perfekt med NFC-aktiveret mobiltelefon<\/span><\/b><\/div>\n<div>\n<div><\/div>\n<\/div>\n<\/div>\n<\/div>\n<\/div>\n<\/div>\n<\/div>\n<\/div>\n<div class=\"J_module\">\n<div class=\"detail-decorate-json-renderer-container\">\n<div class=\"magic-1\">\n<div class=\"magic-2\">\n<div class=\"magic-3\">\n<div class=\"magic-4\"><b><span class=\"magic-8\">Hvad er et NFC-tag, og hvordan virker det <\/span><\/b><br \/>\nNFC, Near Field Communication, tags er sm\u00e5 integrerede kredsl\u00f8b designet til at lagre information, der kan hentes af<br \/>\nNFC-aktiverede enheder som smartphones og tablets. De er sm\u00e5 klisterm\u00e6rker, i rund eller firkantet form og er p\u00e5 st\u00f8rrelse med en stor m\u00f8nt. Disse sm\u00e5 klisterm\u00e6rker med tr\u00e5dl\u00f8s teknologi tillader ogs\u00e5 dataoverf\u00f8rsel mellem to NFC-aktiverede enheder.<\/p>\n<div>\n<div>NFC-tags kan have forskellige hukommelseskapaciteter; du kan gemme et telefonnummer eller en URL (webadresse), og for at tilf\u00f8je beskyttelse kan NFC-tags l\u00e5ses, s\u00e5 n\u00e5r f\u00f8rst data er skrevet, kan de ikke \u00e6ndres. Men de kan omkodes adskillige gange, indtil de er l\u00e5st, og n\u00e5r f\u00f8rst de er l\u00e5st, kan NFC-tags ikke l\u00e5ses op.<\/div>\n<div><\/div>\n<div>For at bruge et NFC-m\u00e6rke skal du enten trykke p\u00e5 klisterm\u00e6rket med din NFC-aktiverede enhed, eller du skal bringe din enhed t\u00e6t nok p\u00e5 (m\u00e5ske en tomme fra hinanden) til at f\u00e5 enheden til at udf\u00f8re dit programmerede bud.<\/div>\n<\/div>\n<\/div>\n<\/div>\n<\/div>\n<\/div>\n<\/div>\n<\/div>\n<div class=\"J_module\">\n<div class=\"detail-decorate-json-renderer-container\">\n<div class=\"magic-1\">\n<div class=\"magic-2\">\n<div class=\"magic-3\">\n<div class=\"magic-4\"><span class=\"magic-9\"><span class=\"magic-10\"><b>13.56mhz rfid-tag, nfc-tag er let at programmere, ligesom URL-kodet, s\u00e5 det kan fungere med Andriod\/IOS-smartphone med NFC.<br \/>\nN\u00e5r NFC-m\u00e6rket lukkes til NFC-positionen p\u00e5 smartphonen, kommer det programmerede webstedslink ud med det samme. Det bruges hovedsageligt til mange applikationer som visitkort, firmapromovering, smart plakat, arrangementsbilletter, industriel brug osv.<\/b><\/span><\/span><\/p>\n<div><b><span class=\"magic-9\">\u00a0<\/span><\/b><\/div>\n<div><span class=\"magic-10\"><b class=\"magic-9\">Vores funktioner:<br \/>\n<\/b><span class=\"magic-11\" style=\"font-family: Arial;\">1.Tilpasset<br \/>\n2. Hurtig leveringshastighed<br \/>\n3.RFID tag struktur: RFID Chip + RFID Antenne + Overfladematerialer<br \/>\n4.Professionel rfid produkter leverand\u00f8r<\/span><\/span><\/div>\n<\/div>\n<\/div>\n<\/div>\n<\/div>\n<\/div>\n<\/div>\n<p>&nbsp;<\/p>\n<p>&nbsp;<\/p>","protected":false},"excerpt":{"rendered":"<p>Kompakte NFC-klisterm\u00e6rker med NTAG213 215 216-chips muligg\u00f8r smart annoncering, produktgodkendelse og hurtig parring, hvilket g\u00f8r RFID-l\u00f8sninger tilg\u00e6ngelige og effektive.<\/p>","protected":false},"featured_media":2111,"template":"","meta":[],"product_brand":[],"product_cat":[48],"product_tag":[],"class_list":{"0":"post-2109","1":"product","2":"type-product","3":"status-publish","4":"has-post-thumbnail","6":"product_cat-nfc-stickers","8":"first","9":"instock","10":"shipping-taxable","11":"product-type-simple"},"_links":{"self":[{"href":"https:\/\/nfc-readers.com\/da\/wp-json\/wp\/v2\/product\/2109","targetHints":{"allow":["GET"]}}],"collection":[{"href":"https:\/\/nfc-readers.com\/da\/wp-json\/wp\/v2\/product"}],"about":[{"href":"https:\/\/nfc-readers.com\/da\/wp-json\/wp\/v2\/types\/product"}],"wp:featuredmedia":[{"embeddable":true,"href":"https:\/\/nfc-readers.com\/da\/wp-json\/wp\/v2\/media\/2111"}],"wp:attachment":[{"href":"https:\/\/nfc-readers.com\/da\/wp-json\/wp\/v2\/media?parent=2109"}],"wp:term":[{"taxonomy":"product_brand","embeddable":true,"href":"https:\/\/nfc-readers.com\/da\/wp-json\/wp\/v2\/product_brand?post=2109"},{"taxonomy":"product_cat","embeddable":true,"href":"https:\/\/nfc-readers.com\/da\/wp-json\/wp\/v2\/product_cat?post=2109"},{"taxonomy":"product_tag","embeddable":true,"href":"https:\/\/nfc-readers.com\/da\/wp-json\/wp\/v2\/product_tag?post=2109"}],"curies":[{"name":"wp","href":"https:\/\/api.w.org\/{rel}","templated":true}]}}