{"id":2117,"date":"2024-04-22T02:40:43","date_gmt":"2024-04-22T02:40:43","guid":{"rendered":"https:\/\/nfc-readers.com\/?post_type=product&#038;p=2117"},"modified":"2024-09-24T06:42:23","modified_gmt":"2024-09-24T06:42:23","slug":"nfc-wet-inlay-ntag213216","status":"publish","type":"product","link":"https:\/\/nfc-readers.com\/da\/ic-reader\/nfc-wet-inlay-ntag213216\/","title":{"rendered":"NFC t\u00f8r\/v\u00e5d indl\u00e6g NTAG213 215 216"},"content":{"rendered":"<h1>NFC t\u00f8r\/v\u00e5d indl\u00e6g NTAG213 215 216<\/h1>\n<table width=\"504\">\n<tbody>\n<tr style=\"font-style: inherit; font-weight: inherit;\">\n<td style=\"font-style: inherit;\" width=\"149\">\n<p data-spm-anchor-id=\"a2700.details.0.i60.4f6d26e9ifeROs\">Produkt<\/p>\n<\/td>\n<td style=\"font-style: inherit;\" width=\"355\">Fabriksforsyning 13,56mhz rfid-m\u00e6rkat tags NFC t\u00f8r\/v\u00e5d indl\u00e6g NTAG213 215 216<\/td>\n<\/tr>\n<tr style=\"font-style: inherit; font-weight: inherit;\">\n<td style=\"font-style: inherit;\" width=\"149\">Antenne materiale<\/td>\n<td style=\"font-style: inherit;\" width=\"355\">Aluminium Al (30\u03bcm) + PET (38\u03bcm) + Al-bro (10\u03bcm)<\/td>\n<\/tr>\n<tr style=\"font-style: inherit; font-weight: inherit;\">\n<td style=\"font-style: inherit;\" width=\"149\">\n<p data-spm-anchor-id=\"a2700.details.0.i59.4f6d26e9ifeROs\">Antenne form<\/p>\n<\/td>\n<td style=\"font-style: inherit;\" width=\"355\">Rund eller firkantet<\/td>\n<\/tr>\n<tr style=\"font-style: inherit; font-weight: inherit;\">\n<td style=\"font-style: inherit;\" width=\"149\">Tykkelse<\/td>\n<td style=\"font-style: inherit;\" width=\"355\">0,07 mm (chipplacering: 0,23 mm)<\/td>\n<\/tr>\n<tr style=\"font-style: inherit; font-weight: inherit;\">\n<td style=\"font-style: inherit;\" width=\"149\">Frekvens<\/td>\n<td style=\"font-style: inherit;\" width=\"355\">13,56 MHz<\/td>\n<\/tr>\n<tr style=\"font-style: inherit; font-weight: inherit;\">\n<td style=\"font-style: inherit;\" width=\"149\">T\u00f8rt indl\u00e6g<\/td>\n<td style=\"font-style: inherit;\" width=\"355\">12*18mm, 14,5*14,5mm, 76*45mm, dia 20mm, 40mm osv.<\/td>\n<\/tr>\n<tr style=\"font-style: inherit; font-weight: inherit;\">\n<td style=\"font-style: inherit;\" width=\"149\">Arbejdstemperatur<\/td>\n<td style=\"font-style: inherit;\" width=\"355\">-20\u2103 til +60\u2103<\/td>\n<\/tr>\n<tr style=\"font-style: inherit; font-weight: inherit;\">\n<td style=\"font-style: inherit;\" width=\"149\">Opbevaringstemperatur<\/td>\n<td style=\"font-style: inherit;\" width=\"355\">-25\u2103 til +65\u2103<\/td>\n<\/tr>\n<tr style=\"font-style: inherit; font-weight: inherit;\">\n<td style=\"font-style: inherit;\" width=\"149\">Arbejdsliv<\/td>\n<td style=\"font-style: inherit;\" width=\"355\">100.000 gange \/ 10 \u00e5r<\/td>\n<\/tr>\n<tr style=\"font-style: inherit; font-weight: inherit;\">\n<td style=\"font-style: inherit;\" width=\"149\">Nominelt l\u00e6seomr\u00e5de<\/td>\n<td style=\"font-style: inherit;\" width=\"355\">2~6cm afh\u00e6ngig af antennegeometri og l\u00e6serkonfiguration<\/td>\n<\/tr>\n<tr style=\"font-style: inherit; font-weight: inherit;\">\n<td style=\"font-style: inherit;\" width=\"149\">Anvendelse<\/td>\n<td width=\"355\">Identifikation, Kort, Logistik, Bibliotek, Asset Management, Betaling, Adgang<\/td>\n<\/tr>\n<\/tbody>\n<\/table>\n<p>&nbsp;<\/p>\n<p><span style=\"font-size: medium;\"><b>Hvilken dosis bruges RFID-indl\u00e6g til?<\/b><\/span><\/p>\n<p><span style=\"color: #0000ff;\">\u2606<\/span>\u00a0 F\u00f8rst skal vi finde ud af, hvad der er RFID t\u00f8rt indl\u00e6g. RFID t\u00f8rt indl\u00e6g best\u00e5ende af 3 dele: Aluminium, chipset og PET. RFID t\u00f8rt indl\u00e6g er et halvf\u00e6rdigt RFID, det kan v\u00e6re HF eller UHF, og kan l\u00e6ses af l\u00e6seren. Hvert RFID t\u00f8rt indl\u00e6g har deres eget unikke ID-nummer.<\/p>\n<p><span style=\"color: #0000ff;\">\u2606<\/span>\u00a0 Det t\u00f8rre RFID-indl\u00e6g kan bruges til kort, klisterm\u00e6rker, intelligent bolig osv.<br \/>\n<span style=\"color: #0000ff;\">\u2606\u00a0<\/span>\u00a0Faktiske applikationer s\u00e5som adgangskontrol, aktivstyring, tilstedev\u00e6relsesstyring, dyreidentifikationssystem, parkeringssystem, logistikstyring, industriel automation, supermarked, butiksstyring, sikkerhedssystem, administration af medicinske institutioner osv.<\/p>\n<p><img loading=\"lazy\" decoding=\"async\" class=\"alignnone wp-image-2119\" src=\"https:\/\/nfc-readers.com\/wp-content\/uploads\/2024\/04\/HTB1wkZ8X6DuK1Rjy1zjq6zraFXae-300x164.jpg\" alt=\"\" width=\"561\" height=\"307\" srcset=\"https:\/\/nfc-readers.com\/wp-content\/uploads\/2024\/04\/HTB1wkZ8X6DuK1Rjy1zjq6zraFXae-300x164.jpg 300w, https:\/\/nfc-readers.com\/wp-content\/uploads\/2024\/04\/HTB1wkZ8X6DuK1Rjy1zjq6zraFXae-600x329.jpg 600w, https:\/\/nfc-readers.com\/wp-content\/uploads\/2024\/04\/HTB1wkZ8X6DuK1Rjy1zjq6zraFXae.jpg 730w\" sizes=\"auto, (max-width: 561px) 100vw, 561px\" \/><\/p>\n<p><img loading=\"lazy\" decoding=\"async\" class=\"alignnone wp-image-2120\" src=\"https:\/\/nfc-readers.com\/wp-content\/uploads\/2024\/04\/HTB1IBVIDTtYBeNjy1Xdq6xXyVXaq-300x300.jpg\" alt=\"\" width=\"561\" height=\"561\" srcset=\"https:\/\/nfc-readers.com\/wp-content\/uploads\/2024\/04\/HTB1IBVIDTtYBeNjy1Xdq6xXyVXaq-300x300.jpg 300w, https:\/\/nfc-readers.com\/wp-content\/uploads\/2024\/04\/HTB1IBVIDTtYBeNjy1Xdq6xXyVXaq-150x150.jpg 150w, https:\/\/nfc-readers.com\/wp-content\/uploads\/2024\/04\/HTB1IBVIDTtYBeNjy1Xdq6xXyVXaq-600x600.jpg 600w, https:\/\/nfc-readers.com\/wp-content\/uploads\/2024\/04\/HTB1IBVIDTtYBeNjy1Xdq6xXyVXaq-100x100.jpg 100w, https:\/\/nfc-readers.com\/wp-content\/uploads\/2024\/04\/HTB1IBVIDTtYBeNjy1Xdq6xXyVXaq.jpg 750w\" sizes=\"auto, (max-width: 561px) 100vw, 561px\" \/><\/p>","protected":false},"excerpt":{"rendered":"<p>NFC t\u00f8r\/v\u00e5d indl\u00e6g NTAG213 har en NFC chip til alsidige applikationer, med t\u00f8rre indl\u00e6g med kun kl\u00e6bende strukturer og v\u00e5de indl\u00e6g giver ekstra beskyttelse.<\/p>","protected":false},"featured_media":2122,"template":"","meta":[],"product_brand":[],"product_cat":[48],"product_tag":[],"class_list":{"0":"post-2117","1":"product","2":"type-product","3":"status-publish","4":"has-post-thumbnail","6":"product_cat-nfc-stickers","8":"first","9":"instock","10":"shipping-taxable","11":"product-type-simple"},"_links":{"self":[{"href":"https:\/\/nfc-readers.com\/da\/wp-json\/wp\/v2\/product\/2117","targetHints":{"allow":["GET"]}}],"collection":[{"href":"https:\/\/nfc-readers.com\/da\/wp-json\/wp\/v2\/product"}],"about":[{"href":"https:\/\/nfc-readers.com\/da\/wp-json\/wp\/v2\/types\/product"}],"wp:featuredmedia":[{"embeddable":true,"href":"https:\/\/nfc-readers.com\/da\/wp-json\/wp\/v2\/media\/2122"}],"wp:attachment":[{"href":"https:\/\/nfc-readers.com\/da\/wp-json\/wp\/v2\/media?parent=2117"}],"wp:term":[{"taxonomy":"product_brand","embeddable":true,"href":"https:\/\/nfc-readers.com\/da\/wp-json\/wp\/v2\/product_brand?post=2117"},{"taxonomy":"product_cat","embeddable":true,"href":"https:\/\/nfc-readers.com\/da\/wp-json\/wp\/v2\/product_cat?post=2117"},{"taxonomy":"product_tag","embeddable":true,"href":"https:\/\/nfc-readers.com\/da\/wp-json\/wp\/v2\/product_tag?post=2117"}],"curies":[{"name":"wp","href":"https:\/\/api.w.org\/{rel}","templated":true}]}}