{"id":2133,"date":"2024-04-22T03:16:50","date_gmt":"2024-04-22T03:16:50","guid":{"rendered":"https:\/\/nfc-readers.com\/?post_type=product&#038;p=2133"},"modified":"2024-09-24T06:04:13","modified_gmt":"2024-09-24T06:04:13","slug":"silicone-rfid-nfc-wristbands","status":"publish","type":"product","link":"https:\/\/nfc-readers.com\/da\/ic-reader\/silicone-rfid-nfc-wristbands\/","title":{"rendered":"Silikone RFID NFC armb\u00e5nd"},"content":{"rendered":"<table width=\"476\">\n<tbody>\n<tr style=\"font-style: inherit; font-weight: inherit;\">\n<td style=\"font-style: inherit;\" width=\"187\"><span style=\"font-style: inherit; font-weight: inherit;\" data-spm-anchor-id=\"a2700.details.0.i62.23d334f5zYksZe\">Produkt<\/span><\/td>\n<td style=\"font-style: inherit;\" width=\"289\"><span style=\"font-style: inherit; font-weight: inherit;\">\u00a0RFID silikone armb\u00e5nd\u00a0<\/span><\/td>\n<\/tr>\n<tr style=\"font-style: inherit; font-weight: inherit;\">\n<td style=\"font-style: inherit;\" width=\"187\"><span style=\"font-style: inherit; font-weight: inherit;\">\u00a0Materiale\u00a0<\/span><\/td>\n<td style=\"font-style: inherit;\" width=\"289\"><span style=\"font-style: inherit; font-weight: inherit;\">\u00a0Silikone<\/span><\/td>\n<\/tr>\n<tr style=\"font-style: inherit; font-weight: inherit;\">\n<td style=\"font-style: inherit;\" width=\"187\"><span style=\"font-style: inherit; font-weight: inherit;\">\u00a0St\u00f8rrelse<\/span><\/td>\n<td style=\"font-style: inherit;\" width=\"289\"><span style=\"font-style: inherit; font-weight: inherit;\">\u00a0Tilpasset<\/span><\/td>\n<\/tr>\n<tr style=\"font-style: inherit; font-weight: inherit;\">\n<td style=\"font-style: inherit;\" width=\"187\"><span style=\"font-style: inherit; font-weight: inherit;\">\u00a0Farve<\/span><\/td>\n<td style=\"font-style: inherit;\" width=\"289\"><span style=\"font-style: inherit; font-weight: inherit;\">\u00a0Bl\u00e5 \/ r\u00f8d \/ sort \/ hvid \/ gul \/ gr\u00e5 \/ gr\u00f8n \/ pink osv. eller tilpasset<\/span><\/td>\n<\/tr>\n<tr style=\"font-style: inherit; font-weight: inherit;\">\n<td style=\"font-style: inherit;\" width=\"187\"><span style=\"font-style: inherit; font-weight: inherit;\">\u00a0Protokol<\/span><\/td>\n<td width=\"289\"><span style=\"font-style: inherit; font-weight: inherit;\">\u00a0ISO14443A, ISO15693<\/span><\/td>\n<\/tr>\n<tr style=\"font-style: inherit; font-weight: inherit;\">\n<td style=\"font-style: inherit;\" width=\"187\"><span style=\"font-style: inherit; font-weight: inherit;\">\u00a0HF-chip (13,56 MHz)\u00a0<\/span><\/td>\n<td style=\"font-style: inherit;\" width=\"289\"><span style=\"font-style: inherit; font-weight: inherit;\">\u00a0FM11RF08, S50, S70, M1K, nfc tag213\/216 osv.<\/span><\/td>\n<\/tr>\n<tr style=\"font-style: inherit; font-weight: inherit;\">\n<td style=\"font-style: inherit;\" rowspan=\"4\" width=\"187\"><span style=\"font-style: inherit; font-weight: inherit;\">\u00a0H\u00e5ndv\u00e6rk<\/span><\/td>\n<td style=\"font-style: inherit;\" width=\"289\"><span style=\"font-style: inherit; font-weight: inherit;\">\u00a0Tilpas udskrivning<\/span><\/td>\n<\/tr>\n<tr>\n<td width=\"289\"><span style=\"font-style: inherit; font-weight: inherit;\">\u00a0Encode service tilg\u00e6ngelig<\/span><\/td>\n<\/tr>\n<tr>\n<td width=\"289\">\u00a0Laser\/udskrivnings-UID eller serienummer p\u00e5 kortet<\/td>\n<\/tr>\n<tr>\n<td width=\"289\">\u00a0UID og serienummer kan leveres i excel-format<\/td>\n<\/tr>\n<tr style=\"font-style: inherit; font-weight: inherit;\">\n<td style=\"font-style: inherit;\" width=\"187\"><span style=\"font-style: inherit; font-weight: inherit;\">\u00a0Funktioner<\/span><\/td>\n<td style=\"font-style: inherit;\" width=\"289\"><span style=\"font-style: inherit; font-weight: inherit;\">\u00a0Let at b\u00e6re og bruge, h\u00f8j ydeevne, lave omkostninger, milj\u00f8venlig, ikke-giftig<\/span><\/td>\n<\/tr>\n<tr style=\"font-style: inherit; font-weight: inherit;\">\n<td style=\"font-style: inherit;\" width=\"187\"><span style=\"font-style: inherit; font-weight: inherit;\">\u00a0Anvendelse\u00a0<\/span><\/td>\n<td style=\"font-style: inherit;\" width=\"289\"><span style=\"font-style: inherit; font-weight: inherit;\">\u00a0Udbredt i fester, sportsbegivenheder, fitnesscenter, restaurant, maraton osv., som adgangskontrol og betaling<\/span><\/td>\n<\/tr>\n<\/tbody>\n<\/table>\n<div>Silikone RFID-armb\u00e5nd<\/div>\n<div><\/div>\n<div>RFID-ARMB\u00c5ND TIL RVPARKER OG CAMPINGPLADSER Sikker bekvemmelighed. Brug RFID-armb\u00e5nd p\u00e5 din autocamperpark eller campingplads for at tillade sikker adgangskontrol til forskellige omr\u00e5der p\u00e5 dit websted og for at skabe en kontantl\u00f8s ejendom, hvor alt h\u00e5ndteres med et tryk. Kontantl\u00f8se k\u00f8b.<\/div>\n<div><\/div>\n<div>RFID-armb\u00e5nd til familieunderholdningscentre. Brug vores RFID-armb\u00e5nd til sikre debet-, NFC- og POS-transaktioner p\u00e5 familieunderholdningscentre, spillehaller, kasinoer og spillecentre.<\/div>\n<div><\/div>\n<div>For enhver applikation. Implementer vores vandt\u00e6tte silikone RFID-armb\u00e5nd overalt: fitnesscenteret, poolen, spaen, vandparken eller hotellet. Betal for mad, tjenester og faciliteter med et enkelt tryk p\u00e5 vores system eller p\u00e5 din POS-terminal. Silikone RFID-armb\u00e5nd er ogs\u00e5 velegnede til RFID-adgangskontrol, l\u00e5sning og personaleoverv\u00e5gning i din bygning, kontor, laboratorium eller lager.<\/div>\n<div><\/div>\n<div><img loading=\"lazy\" decoding=\"async\" class=\"alignnone wp-image-2134\" src=\"https:\/\/nfc-readers.com\/wp-content\/uploads\/2024\/04\/H41cec2b20d6746e4bf71ea249b81ff01N-300x246.jpg\" alt=\"\" width=\"525\" height=\"431\" srcset=\"https:\/\/nfc-readers.com\/wp-content\/uploads\/2024\/04\/H41cec2b20d6746e4bf71ea249b81ff01N-300x246.jpg 300w, https:\/\/nfc-readers.com\/wp-content\/uploads\/2024\/04\/H41cec2b20d6746e4bf71ea249b81ff01N-1024x839.jpg 1024w, https:\/\/nfc-readers.com\/wp-content\/uploads\/2024\/04\/H41cec2b20d6746e4bf71ea249b81ff01N-768x629.jpg 768w, https:\/\/nfc-readers.com\/wp-content\/uploads\/2024\/04\/H41cec2b20d6746e4bf71ea249b81ff01N-1536x1258.jpg 1536w, https:\/\/nfc-readers.com\/wp-content\/uploads\/2024\/04\/H41cec2b20d6746e4bf71ea249b81ff01N-2048x1678.jpg 2048w, https:\/\/nfc-readers.com\/wp-content\/uploads\/2024\/04\/H41cec2b20d6746e4bf71ea249b81ff01N-600x491.jpg 600w\" sizes=\"auto, (max-width: 525px) 100vw, 525px\" \/><\/div>\n<div><img loading=\"lazy\" decoding=\"async\" class=\"alignnone wp-image-2135\" src=\"https:\/\/nfc-readers.com\/wp-content\/uploads\/2024\/04\/HTB1OdAhDr9YBuNjy0Fgq6AxcXXaH-300x300.jpg\" alt=\"\" width=\"527\" height=\"527\" srcset=\"https:\/\/nfc-readers.com\/wp-content\/uploads\/2024\/04\/HTB1OdAhDr9YBuNjy0Fgq6AxcXXaH-300x300.jpg 300w, https:\/\/nfc-readers.com\/wp-content\/uploads\/2024\/04\/HTB1OdAhDr9YBuNjy0Fgq6AxcXXaH-150x150.jpg 150w, https:\/\/nfc-readers.com\/wp-content\/uploads\/2024\/04\/HTB1OdAhDr9YBuNjy0Fgq6AxcXXaH-600x600.jpg 600w, https:\/\/nfc-readers.com\/wp-content\/uploads\/2024\/04\/HTB1OdAhDr9YBuNjy0Fgq6AxcXXaH-100x100.jpg 100w, https:\/\/nfc-readers.com\/wp-content\/uploads\/2024\/04\/HTB1OdAhDr9YBuNjy0Fgq6AxcXXaH.jpg 750w\" sizes=\"auto, (max-width: 527px) 100vw, 527px\" \/><\/div>\n<div><\/div>\n<div>\n<p>Ofte stillede sp\u00f8rgsm\u00e5l:<\/p>\n<p><strong>1. KAN DU TILBYDE OS F\u00c5 PR\u00d8VER?<\/strong><\/p>\n<p>N\u00e5r vi klart ved, hvilke produkter du har brug for, kan vi tilbyde lignende eksisterende pr\u00f8ve til din reference.<\/p>\n<p>Pr\u00f8ve gratis med forsendelsesomkostninger, du har betalt.<\/p>\n<p>Hvis du har brug for tilpasset tagpr\u00f8ve baseret p\u00e5 dit design og krav, er der rimelige pr\u00f8veomkostninger opkr\u00e6vet i overensstemmelse hermed.<\/p>\n<p>&nbsp;<\/p>\n<p><strong>2. VI ER IKKE EN EKSPERT K\u00d8BER I DIN TEKNOLOGI, HVILKE OPLYSNINGER SKAL DU BRUGE FRA OS FOR AT citere?<\/strong><\/p>\n<p>K\u00e6re ven, v\u00e6r venlig at informere os tydeligt om taggets ans\u00f8gning, hvilket m\u00e5l vil du opn\u00e5,<\/p>\n<p>vi vil foresl\u00e5 dig det passende produkt til en god pris<\/p>\n<p>&nbsp;<\/p>\n<p><strong>3. KAN VI BES\u00d8GE DIN FABRIK?<\/strong><\/p>\n<p>Ja, velkommen til din fabriksrundvisning. Og det er en \u00e6re at v\u00e6re din guide p\u00e5 din Kina-rejse.<\/p>\n<p>&nbsp;<\/p>\n<\/div>\n<p>&nbsp;<\/p>","protected":false},"excerpt":{"rendered":"<p>Silikone RFID-armb\u00e5nd med NFC-chipteknologi muligg\u00f8r kontaktl\u00f8s identifikation til billetsalg, adgangskontrol og eventstyring effektivt.<\/p>","protected":false},"featured_media":2136,"template":"","meta":[],"product_brand":[],"product_cat":[50],"product_tag":[],"class_list":{"0":"post-2133","1":"product","2":"type-product","3":"status-publish","4":"has-post-thumbnail","6":"product_cat-silicone-rfid-nfc-wristbands","8":"first","9":"instock","10":"shipping-taxable","11":"product-type-simple"},"_links":{"self":[{"href":"https:\/\/nfc-readers.com\/da\/wp-json\/wp\/v2\/product\/2133","targetHints":{"allow":["GET"]}}],"collection":[{"href":"https:\/\/nfc-readers.com\/da\/wp-json\/wp\/v2\/product"}],"about":[{"href":"https:\/\/nfc-readers.com\/da\/wp-json\/wp\/v2\/types\/product"}],"wp:featuredmedia":[{"embeddable":true,"href":"https:\/\/nfc-readers.com\/da\/wp-json\/wp\/v2\/media\/2136"}],"wp:attachment":[{"href":"https:\/\/nfc-readers.com\/da\/wp-json\/wp\/v2\/media?parent=2133"}],"wp:term":[{"taxonomy":"product_brand","embeddable":true,"href":"https:\/\/nfc-readers.com\/da\/wp-json\/wp\/v2\/product_brand?post=2133"},{"taxonomy":"product_cat","embeddable":true,"href":"https:\/\/nfc-readers.com\/da\/wp-json\/wp\/v2\/product_cat?post=2133"},{"taxonomy":"product_tag","embeddable":true,"href":"https:\/\/nfc-readers.com\/da\/wp-json\/wp\/v2\/product_tag?post=2133"}],"curies":[{"name":"wp","href":"https:\/\/api.w.org\/{rel}","templated":true}]}}