{"id":2144,"date":"2024-04-22T03:53:51","date_gmt":"2024-04-22T03:53:51","guid":{"rendered":"https:\/\/nfc-readers.com\/?post_type=product&#038;p=2144"},"modified":"2024-09-24T06:02:28","modified_gmt":"2024-09-24T06:02:28","slug":"nfc-smart-ring","status":"publish","type":"product","link":"https:\/\/nfc-readers.com\/da\/ic-reader\/nfc-smart-ring\/","title":{"rendered":"NFC Smart Ring"},"content":{"rendered":"<table width=\"443\">\n<tbody>\n<tr style=\"font-style: inherit; font-weight: inherit;\">\n<td style=\"font-style: inherit;\" width=\"152\">Produktnavn<\/td>\n<td style=\"font-style: inherit;\" width=\"291\">NFC-ring<\/td>\n<\/tr>\n<tr style=\"font-style: inherit; font-weight: inherit;\">\n<td style=\"font-style: inherit;\" width=\"152\">Materiale<\/td>\n<td style=\"font-style: inherit;\" width=\"291\">Zirconia keramik p\u00e5 hoveddelen, epoxyharpiks p\u00e5 overfladen<\/td>\n<\/tr>\n<tr style=\"font-style: inherit; font-weight: inherit;\">\n<td style=\"font-style: inherit;\" width=\"152\">Ringens indre diameter<\/td>\n<td style=\"font-style: inherit;\" width=\"291\">16 mm, 17 mm, 18 mm, 19 mm, 20 mm, 21 mm, 22 mm, 23 mm<\/td>\n<\/tr>\n<tr style=\"font-style: inherit; font-weight: inherit;\">\n<td style=\"font-style: inherit;\" width=\"152\">Chip<\/td>\n<td style=\"font-style: inherit;\" width=\"291\">NFC 215 213 216, IC(UID),ID(EM4305)<\/td>\n<\/tr>\n<tr style=\"font-style: inherit; font-weight: inherit;\">\n<td style=\"font-style: inherit;\" width=\"152\">Protokol<\/td>\n<td style=\"font-style: inherit;\" width=\"291\">NFC Forum Type 2 ISO14443A<\/td>\n<\/tr>\n<tr style=\"font-style: inherit; font-weight: inherit;\">\n<td style=\"font-style: inherit;\" width=\"152\">Frekvens<\/td>\n<td style=\"font-style: inherit;\" width=\"291\">13,56 MHz<\/td>\n<\/tr>\n<tr style=\"font-style: inherit; font-weight: inherit;\">\n<td style=\"font-style: inherit;\" width=\"152\">Sansende retning<\/td>\n<td style=\"font-style: inherit;\" width=\"291\">Omnidirektionel sansning<\/td>\n<\/tr>\n<tr style=\"font-style: inherit; font-weight: inherit;\">\n<td style=\"font-style: inherit;\" width=\"152\">F\u00f8ler afstand<\/td>\n<td style=\"font-style: inherit;\" width=\"291\">0-10 cm (Afh\u00e6nger af l\u00e6ser)<\/td>\n<\/tr>\n<tr style=\"font-style: inherit; font-weight: inherit;\">\n<td style=\"font-style: inherit;\" width=\"152\">Pakke<\/td>\n<td style=\"font-style: inherit;\" width=\"291\">NFC Ring + manual<\/td>\n<\/tr>\n<\/tbody>\n<\/table>\n<p>&nbsp;<\/p>\n<p>Funktion:<br \/>\nDen smarte ring er en b\u00e6rbar gadget-komponent, k\u00f8rer magiske funktioner p\u00e5 mobiltelefonen og betjener mobilfunktionen og deler data med NFC tr\u00e5dl\u00f8s frekvenskommunikationsteknologi, funktionerne i det avancerede design som f\u00f8lger: APP-l\u00e5s, Automatisk k\u00f8rsel, APP-skjul, Del visitkort, Del internetlink, Del teksten og Del onlinefil. Produktformen er designet i overensstemmelse med de internationale popul\u00e6re elementer, skabt af det rene medicinske titanium, ingen grund til at oplade, h\u00f8j vandt\u00e6t og egnet til alle mennesker til enhver tid.<\/p>\n<p>&nbsp;<\/p>\n<p><iframe loading=\"lazy\" title=\"NFC-ring\" width=\"1020\" height=\"574\" src=\"https:\/\/www.youtube.com\/embed\/rflL5fkvj6c?feature=oembed\" frameborder=\"0\" allow=\"accelerometer; autoplay; clipboard-write; encrypted-media; gyroscope; picture-in-picture; web-share\" referrerpolicy=\"strict-origin-when-cross-origin\" allowfullscreen><\/iframe><\/p>\n<p>&nbsp;<\/p>\n<p><span class=\"magic-26\"><b data-spm-anchor-id=\"a2700.details.0.i59.2acc580aDAbgjP\">A) Hvordan kunne jeg f\u00e5 en pr\u00f8ve? <\/b><\/span><\/p>\n<div><span class=\"magic-26\">F\u00f8r vi modtog den f\u00f8rste ordre, bedes du have r\u00e5d til pr\u00f8veomkostninger og ekspresgebyr. Vi vil returnere<br \/>\npr\u00f8veomkostninger tilbage til dig inden for din f\u00f8rste ordre. <\/span><\/div>\n<div><\/div>\n<div><\/div>\n<div><\/div>\n<div><span class=\"magic-26\"><b>B) Om du kunne lave vores m\u00e6rke p\u00e5 dine produkter?<\/b><\/span><\/div>\n<div><span class=\"magic-26\">Ja. Vi kan udskrive dit logo p\u00e5 b\u00e5de produkterne og pakkerne, hvis du kan opfylde vores MOQ. <\/span><\/div>\n<div><span class=\"magic-26\">\u00a0<\/span><\/div>\n<div><span class=\"magic-26\"><b>C) Om du kunne lave dine produkter efter vores farve? <\/b><\/span><\/div>\n<div><span class=\"magic-26\">Ja, farven p\u00e5 produkter kan tilpasses, hvis du kan opfylde vores MOQ. <\/span><\/div>\n<div><span class=\"magic-26\">\u00a0<\/span><\/div>\n<div><span class=\"magic-26\"><b>D) Hvordan garanterer du kvaliteten af dine produkter? <\/b><\/span><\/div>\n<div><span class=\"magic-26\" data-spm-anchor-id=\"a2700.details.0.i60.2acc580aDAbgjP\">1) Streng detektion under produktion. <\/span><\/div>\n<div><span class=\"magic-26\">2) Strenge pr\u00f8veudtagningsinspektion p\u00e5 produkter f\u00f8r forsendelse og intakt produktemballage sikrer<\/span><\/div>","protected":false},"excerpt":{"rendered":"<p>NFC Smart Ring, der byder p\u00e5 en NFC-chip og RFID-teknologi p\u00e5 13,56M, tilbyder en stilfuld m\u00e5de at interagere tr\u00e5dl\u00f8st med smartphones og adgangssystemer.<\/p>","protected":false},"featured_media":2145,"template":"","meta":[],"product_brand":[],"product_cat":[52],"product_tag":[],"class_list":{"0":"post-2144","1":"product","2":"type-product","3":"status-publish","4":"has-post-thumbnail","6":"product_cat-nfc-smart-ring","8":"first","9":"instock","10":"shipping-taxable","11":"product-type-simple"},"_links":{"self":[{"href":"https:\/\/nfc-readers.com\/da\/wp-json\/wp\/v2\/product\/2144","targetHints":{"allow":["GET"]}}],"collection":[{"href":"https:\/\/nfc-readers.com\/da\/wp-json\/wp\/v2\/product"}],"about":[{"href":"https:\/\/nfc-readers.com\/da\/wp-json\/wp\/v2\/types\/product"}],"wp:featuredmedia":[{"embeddable":true,"href":"https:\/\/nfc-readers.com\/da\/wp-json\/wp\/v2\/media\/2145"}],"wp:attachment":[{"href":"https:\/\/nfc-readers.com\/da\/wp-json\/wp\/v2\/media?parent=2144"}],"wp:term":[{"taxonomy":"product_brand","embeddable":true,"href":"https:\/\/nfc-readers.com\/da\/wp-json\/wp\/v2\/product_brand?post=2144"},{"taxonomy":"product_cat","embeddable":true,"href":"https:\/\/nfc-readers.com\/da\/wp-json\/wp\/v2\/product_cat?post=2144"},{"taxonomy":"product_tag","embeddable":true,"href":"https:\/\/nfc-readers.com\/da\/wp-json\/wp\/v2\/product_tag?post=2144"}],"curies":[{"name":"wp","href":"https:\/\/api.w.org\/{rel}","templated":true}]}}