{"id":2249,"date":"2024-04-26T07:56:44","date_gmt":"2024-04-26T07:56:44","guid":{"rendered":"https:\/\/nfc-readers.com\/?post_type=product&#038;p=2249"},"modified":"2024-09-24T06:00:37","modified_gmt":"2024-09-24T06:00:37","slug":"contactless-acr1281u-c2-uid-card-reader","status":"publish","type":"product","link":"https:\/\/nfc-readers.com\/da\/ic-reader\/contactless-acr1281u-c2-uid-card-reader\/","title":{"rendered":"ACR1281U-C2 UID kortl\u00e6ser"},"content":{"rendered":"<h1>ACR1281U-C2 UID kortl\u00e6ser<\/h1>\n<p>ACR1281U-C2 Card UID Reader er en ideel l\u00f8sning til ubesv\u00e6ret integration i pc-milj\u00f8er, fri for besv\u00e6ret med driverinstallation (Pos No drive required), og designet til at fungere effektivt p\u00e5 tv\u00e6rs af flere systemer. Sammen med dets evne til at l\u00e6se kortet langt, brugercentreret design og holdbar konstruktion, leverer det en p\u00e5lidelig, hurtig og brugervenlig betjening, yderst velegnet til forskellige applikationer, hvor sikker og hurtig identifikation er altafg\u00f8rende.<\/p>\n<ul>\n<li>\n<h2>USB 2.0 fuld hastighed interface<\/h2>\n<\/li>\n<li>\n<h2>USB HID-tastaturklasse<\/h2>\n<\/li>\n<li>\n<h2>Kontaktl\u00f8s kortsupport:<\/h2>\n<ul>\n<li>\n<h3>L\u00e6se\/skrivehastighed p\u00e5 op til 848 kbps<\/h3>\n<\/li>\n<li>\n<h3>Indbygget antenne til kontaktl\u00f8s tag-adgang, med kortl\u00e6seafstand p\u00e5 op til 50 mm (afh\u00e6ngigt af tag-type)<\/h3>\n<\/li>\n<li>\n<h3>Underst\u00f8tter ISO 14443 Part 4 Type A- og B-kort og MIFARE\u00ae-serien<\/h3>\n<\/li>\n<li>\n<h3>Indbygget anti-kollisionsfunktion (kun \u00e9t tag er tilg\u00e6ngeligt til enhver tid)<\/h3>\n<\/li>\n<\/ul>\n<\/li>\n<li>\n<h2>USB-firmwareopgradering<\/h2>\n<\/li>\n<li>\n<table width=\"498\">\n<tbody>\n<tr>\n<td colspan=\"2\" width=\"498\">Fysiske egenskaber<\/td>\n<\/tr>\n<tr>\n<td width=\"209\">Dimensioner (mm)<\/td>\n<td width=\"289\">120,5 mm (L) x 72,0 mm (B) x 20,4 mm (H)<\/td>\n<\/tr>\n<tr>\n<td width=\"209\">V\u00e6gt (g)<\/td>\n<td width=\"289\">140 g<\/td>\n<\/tr>\n<tr>\n<td colspan=\"2\" width=\"498\">USB interface<\/td>\n<\/tr>\n<tr>\n<td width=\"209\">Protokol<\/td>\n<td width=\"289\">USB HID-tastaturklasse<\/td>\n<\/tr>\n<tr>\n<td width=\"209\">Connector Type<\/td>\n<td width=\"289\">Standard type A<\/td>\n<\/tr>\n<tr>\n<td width=\"209\">Str\u00f8mkilde<\/td>\n<td width=\"289\">Fra USB-port<\/td>\n<\/tr>\n<tr>\n<td width=\"209\">Hastighed<\/td>\n<td width=\"289\">USB fuld hastighed (12 Mbps)<\/td>\n<\/tr>\n<tr>\n<td width=\"209\">Kabell\u00e6ngde<\/td>\n<td width=\"289\">2,0 m, Fast<\/td>\n<\/tr>\n<tr>\n<td colspan=\"2\" width=\"498\">Kontaktl\u00f8s Smart Card-interface<\/td>\n<\/tr>\n<tr>\n<td width=\"209\">Standard<\/td>\n<td width=\"289\">ISO 14443 A &amp; B del 1-4, MIFARE\u00ae<\/td>\n<\/tr>\n<tr>\n<td rowspan=\"2\" width=\"209\">Protokol<\/td>\n<td width=\"289\">ISO 14443-4 kompatibelt kort, T=CL<\/td>\n<\/tr>\n<tr>\n<td width=\"289\">MIFARE\u00ae Classic Card, T=CL<\/td>\n<\/tr>\n<tr>\n<td colspan=\"2\" width=\"498\">Indbygget periferiudstyr<\/td>\n<\/tr>\n<tr>\n<td width=\"209\">LED<\/td>\n<td width=\"289\">2 ensfarvede: R\u00f8d og Gr\u00f8n<\/td>\n<\/tr>\n<tr>\n<td width=\"209\">Summer<\/td>\n<td width=\"289\">Monotone<\/td>\n<\/tr>\n<tr>\n<td colspan=\"2\" width=\"498\">Andre funktioner<\/td>\n<\/tr>\n<tr>\n<td width=\"209\">Firmware opgradering<\/td>\n<td width=\"289\">Underst\u00f8ttet<\/td>\n<\/tr>\n<tr>\n<td colspan=\"2\" width=\"498\">Certificeringer\/overholdelse<\/td>\n<\/tr>\n<tr>\n<td rowspan=\"6\" width=\"209\">Certificeringer\/overholdelse<\/td>\n<td width=\"289\">ISO 14443<\/td>\n<\/tr>\n<tr>\n<td width=\"289\">USB fuld hastighed<\/td>\n<\/tr>\n<tr>\n<td width=\"289\">USB-HID<\/td>\n<\/tr>\n<tr>\n<td width=\"289\">CE<\/td>\n<\/tr>\n<tr>\n<td width=\"289\">FCC<\/td>\n<\/tr>\n<tr>\n<td width=\"289\">RoHS<\/td>\n<\/tr>\n<tr>\n<td colspan=\"2\" width=\"498\">Underst\u00f8ttelse af styresystem til enhedsdriver<\/td>\n<\/tr>\n<tr>\n<td rowspan=\"4\" width=\"209\">Underst\u00f8ttelse af styresystem til enhedsdriver<\/td>\n<td width=\"289\">Windows\u00ae<\/td>\n<\/tr>\n<tr>\n<td width=\"289\">Linux\u00ae<\/td>\n<\/tr>\n<tr>\n<td width=\"289\">MAC OS\u00ae<\/td>\n<\/tr>\n<tr>\n<td width=\"289\">Android\u2122<\/td>\n<\/tr>\n<\/tbody>\n<\/table>\n<\/li>\n<li><iframe loading=\"lazy\" title=\"ACR1281U-C2 kort UID-l\u00e6ser - Demo (med konfigurationsv\u00e6rkt\u00f8j)\" width=\"1020\" height=\"574\" src=\"https:\/\/www.youtube.com\/embed\/1UjSlask-OY?feature=oembed\" frameborder=\"0\" allow=\"accelerometer; autoplay; clipboard-write; encrypted-media; gyroscope; picture-in-picture; web-share\" referrerpolicy=\"strict-origin-when-cross-origin\" allowfullscreen><\/iframe><\/li>\n<\/ul>","protected":false},"excerpt":{"rendered":"<p>ACR1281U-C2 UID-kortl\u00e6seren forenkler ops\u00e6tningen ved at fange RFID-kort-UID&#039;er p\u00e5 13,56M uden drivere, ideel til identitetsbekr\u00e6ftelse og adgangskontrol.<\/p>","protected":false},"featured_media":2250,"template":"","meta":[],"product_brand":[],"product_cat":[45,40],"product_tag":[],"class_list":{"0":"post-2249","1":"product","2":"type-product","3":"status-publish","4":"has-post-thumbnail","6":"product_cat-contactless-nfc-reader","7":"product_cat-rfid-nfc-reader","9":"first","10":"instock","11":"shipping-taxable","12":"product-type-simple"},"_links":{"self":[{"href":"https:\/\/nfc-readers.com\/da\/wp-json\/wp\/v2\/product\/2249","targetHints":{"allow":["GET"]}}],"collection":[{"href":"https:\/\/nfc-readers.com\/da\/wp-json\/wp\/v2\/product"}],"about":[{"href":"https:\/\/nfc-readers.com\/da\/wp-json\/wp\/v2\/types\/product"}],"wp:featuredmedia":[{"embeddable":true,"href":"https:\/\/nfc-readers.com\/da\/wp-json\/wp\/v2\/media\/2250"}],"wp:attachment":[{"href":"https:\/\/nfc-readers.com\/da\/wp-json\/wp\/v2\/media?parent=2249"}],"wp:term":[{"taxonomy":"product_brand","embeddable":true,"href":"https:\/\/nfc-readers.com\/da\/wp-json\/wp\/v2\/product_brand?post=2249"},{"taxonomy":"product_cat","embeddable":true,"href":"https:\/\/nfc-readers.com\/da\/wp-json\/wp\/v2\/product_cat?post=2249"},{"taxonomy":"product_tag","embeddable":true,"href":"https:\/\/nfc-readers.com\/da\/wp-json\/wp\/v2\/product_tag?post=2249"}],"curies":[{"name":"wp","href":"https:\/\/api.w.org\/{rel}","templated":true}]}}