{"id":2259,"date":"2024-04-26T08:18:30","date_gmt":"2024-04-26T08:18:30","guid":{"rendered":"https:\/\/nfc-readers.com\/?post_type=product&#038;p=2259"},"modified":"2024-09-24T02:58:25","modified_gmt":"2024-09-24T02:58:25","slug":"apple-pay-mobile-walletmate-vas-nfc-reader","status":"publish","type":"product","link":"https:\/\/nfc-readers.com\/da\/ic-reader\/apple-pay-mobile-walletmate-vas-nfc-reader\/","title":{"rendered":"Apple Pay Mobile WalletMate VAS NFC Reader"},"content":{"rendered":"<h1>Apple Pay Mobile WalletMate VAS NFC Reader<\/h1>\n<p>WalletMate Mobile Wallet NFC Reader st\u00e5r som et banebrydende v\u00e6rkt\u00f8j, der inkorporerer VAS-protokoller og nfc-adgangskontroll\u00e6serfunktioner for at tilbyde en optimeret kortl\u00f8s oplevelse. Med tilf\u00f8jelsen af en pos-terminal med nfc-l\u00e6ser, \u00f8get sikkerhed og bred applikationskompatibilitet indleder den en ny \u00e6ra af bekvemmelighed og effektivitet. Dette g\u00f8r det til et v\u00e6sentligt aktiv for brugere og virksomheder, der sigter p\u00e5 at udnytte kraften i NFC-teknologien til problemfri, sikre og hurtige transaktioner.<\/p>\n<p><iframe loading=\"lazy\" title=\"ACS WalletMate Apple\/Google VAS Test Tool - Demo\" width=\"1020\" height=\"574\" src=\"https:\/\/www.youtube.com\/embed\/aOWbdgwvHDg?feature=oembed\" frameborder=\"0\" allow=\"accelerometer; autoplay; clipboard-write; encrypted-media; gyroscope; picture-in-picture; web-share\" referrerpolicy=\"strict-origin-when-cross-origin\" allowfullscreen><\/iframe><\/p>\n<ul>\n<li>\n<h2>USB 2.0 fuld hastighed interface<\/h2>\n<\/li>\n<li>\n<h2>CCID-overholdelse<\/h2>\n<\/li>\n<li>\n<h2>Mobil tegnebog og kontaktl\u00f8s smartkortl\u00e6ser:<\/h2>\n<ul>\n<li>\n<h3>Apple VAS &amp; Google Smart Tap Certified (WalletMate er kun VAS, ikke betalingsterminaler)<\/h3>\n<\/li>\n<\/ul>\n<\/li>\n<li>\n<h3>L\u00e6se\/skrivehastighed op til 424 kbps<\/h3>\n<\/li>\n<li>\n<h3>Indbygget antenne til kontaktl\u00f8s tag-adgang, med kortl\u00e6seafstand p\u00e5 op til 50 mm (afh\u00e6ngigt af tag-type)<\/h3>\n<\/li>\n<li>\n<h3>Underst\u00f8tter ISO 14443 Type A og B-kort, MIFARE\u00ae, FeliCa og alle 4 typer NFC (ISO\/IEC 18092) tags<\/h3>\n<\/li>\n<li>\n<h3>Underst\u00f8tter MIFARE\u00ae 7-byte UID, MIFARE\u00ae Plus og MIFARE\u00ae DESfire<\/h3>\n<\/li>\n<li>\n<h3>Indbygget anti-kollisionsfunktion (kun 1 tag er tilg\u00e6ngelig p\u00e5 ethvert tidspunkt)<\/h3>\n<\/li>\n<li>\n<h2>NFC support:<\/h2>\n<ul>\n<li>\n<h3>NFC-l\u00e6ser\/skrivertilstand<\/h3>\n<\/li>\n<li>\n<h3>Peer-to-Peer-tilstand<\/h3>\n<\/li>\n<li>\n<h3>Kortemuleringstilstand<\/h3>\n<\/li>\n<\/ul>\n<\/li>\n<li>\n<h2>Applikationsprogrammeringsgr\u00e6nseflade:<\/h2>\n<ul>\n<li>\n<h3>Apple VAS og Google Smart Tap API til Windows- og Linux-platforme<\/h3>\n<\/li>\n<li>\n<h3>Underst\u00f8tter PC\/SC<\/h3>\n<\/li>\n<li>\n<h3>Underst\u00f8tter CT-API (gennem indpakning oven p\u00e5 PC\/SC)<\/h3>\n<\/li>\n<\/ul>\n<\/li>\n<li>\n<h2>Periferiudstyr:<\/h2>\n<ul>\n<li>\n<h3>Brugerkontrollerbar tofarvet LED<\/h3>\n<\/li>\n<li>\n<h3>Brugerkontrollerbar summer<\/h3>\n<\/li>\n<\/ul>\n<\/li>\n<li>\n<h2>USB-firmwareopgradering<\/h2>\n<\/li>\n<li>\n<table width=\"559\">\n<tbody>\n<tr>\n<td colspan=\"2\" width=\"559\">Fysiske egenskaber<\/td>\n<\/tr>\n<tr>\n<td width=\"214\">Dimensioner (mm)<\/td>\n<td width=\"345\">98,0 mm (L) x 65,0 mm (B) x 12,8 mm (H)<\/td>\n<\/tr>\n<tr>\n<td width=\"214\">V\u00e6gt (g)<\/td>\n<td width=\"345\">81 g<\/td>\n<\/tr>\n<tr>\n<td colspan=\"2\" width=\"559\">USB interface<\/td>\n<\/tr>\n<tr>\n<td width=\"214\">Protokol<\/td>\n<td width=\"345\">USB CCID<\/td>\n<\/tr>\n<tr>\n<td width=\"214\">Connector Type<\/td>\n<td width=\"345\">USB Type-A (ACR1252U-MW)<\/td>\n<\/tr>\n<tr>\n<td width=\"214\">Str\u00f8mkilde<\/td>\n<td width=\"345\">Fra USB-port<\/td>\n<\/tr>\n<tr>\n<td width=\"214\">Hastighed<\/td>\n<td width=\"345\">USB fuld hastighed (12 Mbps)<\/td>\n<\/tr>\n<tr>\n<td width=\"214\">Kabell\u00e6ngde<\/td>\n<td width=\"345\">1,0 m, Ikke aftagelig<\/td>\n<\/tr>\n<tr>\n<td colspan=\"2\" width=\"559\">Kontaktl\u00f8s Smart Card-interface<\/td>\n<\/tr>\n<tr>\n<td width=\"214\">Standard<\/td>\n<td width=\"345\">ISO\/IEC 18092 NFC, ISO 14443 Type A &amp; B, MIFARE\u00ae, FeliCa<\/td>\n<\/tr>\n<tr>\n<td rowspan=\"4\" width=\"214\">Protokol<\/td>\n<td width=\"345\">ISO 14443-4 kompatibelt kort, T=CL<\/td>\n<\/tr>\n<tr>\n<td width=\"345\">MIFARE\u00ae Classic Card, T=CL<\/td>\n<\/tr>\n<tr>\n<td width=\"345\">ISO18092, NFC-tags<\/td>\n<\/tr>\n<tr>\n<td width=\"345\">FeliCa<\/td>\n<\/tr>\n<tr>\n<td colspan=\"2\" width=\"559\">Indbygget periferiudstyr<\/td>\n<\/tr>\n<tr>\n<td width=\"214\">LED<\/td>\n<td width=\"345\">1 tofarvet: R\u00f8d og Gr\u00f8n<\/td>\n<\/tr>\n<tr>\n<td width=\"214\">Summer<\/td>\n<td width=\"345\">Monotone<\/td>\n<\/tr>\n<tr>\n<td colspan=\"2\" width=\"559\">Andre funktioner<\/td>\n<\/tr>\n<tr>\n<td width=\"214\">Firmware opgradering<\/td>\n<td width=\"345\">Underst\u00f8ttet<\/td>\n<\/tr>\n<tr>\n<td colspan=\"2\" width=\"559\">Certificeringer\/overholdelse<\/td>\n<\/tr>\n<tr>\n<td rowspan=\"4\" width=\"214\">Certificeringer\/overholdelse<\/td>\n<td width=\"345\">Certificeringer:<\/td>\n<\/tr>\n<tr>\n<td width=\"345\">Apple VAS, Google Smart Tap, NFC Forum Certification Mark, IEC\/EN 62368, CE, FCC, UKCA, J-LIS, VCCI, TELEC, KC, BIS, RoHS, REACH, WEEE<\/td>\n<\/tr>\n<tr>\n<td width=\"345\">Overholdelse:<\/td>\n<\/tr>\n<tr>\n<td width=\"345\">USB CCID, PC\/SC<\/td>\n<\/tr>\n<tr>\n<td colspan=\"2\" width=\"559\">Underst\u00f8ttelse af styresystem til enhedsdriver<\/td>\n<\/tr>\n<tr>\n<td width=\"214\">Underst\u00f8ttelse af styresystem til enhedsdriver<\/td>\n<td width=\"345\">Windows\u00ae, Linux\u00ae, macOS (Under udvikling), Android\u2122 (Under udvikling)<\/td>\n<\/tr>\n<\/tbody>\n<\/table>\n<\/li>\n<\/ul>","protected":false},"excerpt":{"rendered":"<div>WalletMate, Innovative NFC Reader underst\u00f8tter kortfrit engagement med digitale kort, underst\u00f8ttet af VAS Apple og Google VAS til iOS- og Android-enheder.<\/div>","protected":false},"featured_media":2260,"template":"","meta":[],"product_brand":[],"product_cat":[45,40],"product_tag":[],"class_list":{"0":"post-2259","1":"product","2":"type-product","3":"status-publish","4":"has-post-thumbnail","6":"product_cat-contactless-nfc-reader","7":"product_cat-rfid-nfc-reader","9":"first","10":"instock","11":"shipping-taxable","12":"product-type-simple"},"_links":{"self":[{"href":"https:\/\/nfc-readers.com\/da\/wp-json\/wp\/v2\/product\/2259","targetHints":{"allow":["GET"]}}],"collection":[{"href":"https:\/\/nfc-readers.com\/da\/wp-json\/wp\/v2\/product"}],"about":[{"href":"https:\/\/nfc-readers.com\/da\/wp-json\/wp\/v2\/types\/product"}],"wp:featuredmedia":[{"embeddable":true,"href":"https:\/\/nfc-readers.com\/da\/wp-json\/wp\/v2\/media\/2260"}],"wp:attachment":[{"href":"https:\/\/nfc-readers.com\/da\/wp-json\/wp\/v2\/media?parent=2259"}],"wp:term":[{"taxonomy":"product_brand","embeddable":true,"href":"https:\/\/nfc-readers.com\/da\/wp-json\/wp\/v2\/product_brand?post=2259"},{"taxonomy":"product_cat","embeddable":true,"href":"https:\/\/nfc-readers.com\/da\/wp-json\/wp\/v2\/product_cat?post=2259"},{"taxonomy":"product_tag","embeddable":true,"href":"https:\/\/nfc-readers.com\/da\/wp-json\/wp\/v2\/product_tag?post=2259"}],"curies":[{"name":"wp","href":"https:\/\/api.w.org\/{rel}","templated":true}]}}