{"id":2262,"date":"2024-04-26T08:49:56","date_gmt":"2024-04-26T08:49:56","guid":{"rendered":"https:\/\/nfc-readers.com\/?post_type=product&#038;p=2262"},"modified":"2024-09-24T03:06:20","modified_gmt":"2024-09-24T03:06:20","slug":"pocketkey-fido-certified-usb-security-key","status":"publish","type":"product","link":"https:\/\/nfc-readers.com\/da\/ic-reader\/pocketkey-fido-certified-usb-security-key\/","title":{"rendered":"PocketKey FIDO\u00ae-certificeret USB-sikkerhedsn\u00f8gle"},"content":{"rendered":"<h1>PocketKey FIDO\u00ae-certificeret USB-sikkerhedsn\u00f8gle<\/h1>\n<p>PocketKey h\u00e6vder sig selv som et overbevisende v\u00e6rkt\u00f8j i den digitale sikkerhedssektor, der fremmer en adgangskodefri og sikker login-metode, der er nem at transportere og bruge p\u00e5 tv\u00e6rs af forskellige platforme. Dens st\u00e6rke multifaktorautentificering, support p\u00e5 tv\u00e6rs af platforme og nemme implementering g\u00f8r PocketKey til et top-tier valg for brugere og administrationer, der sigter efter en styrket og effektiv godkendelsesoplevelse.<\/p>\n<ul>\n<li>\n<h2>\u00a0Certificeringer\/overholdelse<\/h2>\n<ul>\n<li>\n<h3>Systemer\/standarder:<\/h3>\n<ul>\n<li>\n<h3>FIDO U2F<\/h3>\n<\/li>\n<li>\n<h3>FIDO2 L1<\/h3>\n<\/li>\n<\/ul>\n<\/li>\n<li>\n<h2>Lovpligtig\/milj\u00f8m\u00e6ssig:<\/h2>\n<ul>\n<li>\n<h3>CE<\/h3>\n<\/li>\n<li>\n<h3>UKCA<\/h3>\n<\/li>\n<li>\n<h3>FCC<\/h3>\n<\/li>\n<li>\n<h3>RoHS<\/h3>\n<\/li>\n<li>\n<h3>N\u00c5<\/h3>\n<\/li>\n<\/ul>\n<\/li>\n<\/ul>\n<\/li>\n<li>\n<h2>Underst\u00f8tter store webbrowsere<\/h2>\n<ul>\n<li>\n<h3>ChromeTM, Safari\u00ae, Microsoft Edge\u00ae og Firefox\u00ae<\/h3>\n<\/li>\n<\/ul>\n<\/li>\n<li>\n<h2>Underst\u00f8tter Key Manager<\/h2>\n<\/li>\n<li>\n<h2>Kryptografisk specifikation<\/h2>\n<ul>\n<li>\n<h3>ECC p256<\/h3>\n<\/li>\n<\/ul>\n<\/li>\n<li>\u00a0Periferiudstyr\n<ul>\n<li>Mekanisk kontakt til tilstedev\u00e6relsesvalidering<\/li>\n<li>\n<table width=\"470\">\n<tbody>\n<tr>\n<td colspan=\"2\" width=\"470\">Fysiske egenskaber<\/td>\n<\/tr>\n<tr>\n<td width=\"191\">Dimensioner (mm)<\/td>\n<td width=\"279\">29,0 mm (L) \u00d7 14,5 mm (B) \u00d7 10,5 mm (H)<\/td>\n<\/tr>\n<tr>\n<td width=\"191\">V\u00e6gt (g)<\/td>\n<td width=\"279\">4,48 g \u00b1 0,44 g<\/td>\n<\/tr>\n<tr>\n<td colspan=\"2\" width=\"470\">USB interface<\/td>\n<\/tr>\n<tr>\n<td width=\"191\">Protokol<\/td>\n<td width=\"279\">USB HID<\/td>\n<\/tr>\n<tr>\n<td width=\"191\">Connector Type<\/td>\n<td width=\"279\">USB Standard Type-A<\/td>\n<\/tr>\n<tr>\n<td width=\"191\">Str\u00f8mkilde<\/td>\n<td width=\"279\">Fra USB-port<\/td>\n<\/tr>\n<tr>\n<td width=\"191\">Hastighed<\/td>\n<td width=\"279\">USB 2.0 fuld hastighed (12 Mbps)<\/td>\n<\/tr>\n<tr>\n<td colspan=\"2\" width=\"470\">Kontakt Smart Card Interface<\/td>\n<\/tr>\n<tr>\n<td rowspan=\"6\" width=\"191\">Andre<\/td>\n<td width=\"279\">Forsyningsstr\u00f8m<\/td>\n<\/tr>\n<tr>\n<td width=\"279\">Maks. 100mA<\/td>\n<\/tr>\n<tr>\n<td width=\"279\">Kryptografisk specifikation<\/td>\n<\/tr>\n<tr>\n<td width=\"279\">ECC p256<\/td>\n<\/tr>\n<tr>\n<td width=\"279\">N\u00f8glemanager<\/td>\n<\/tr>\n<tr>\n<td width=\"279\">St\u00f8tte<\/td>\n<\/tr>\n<tr>\n<td colspan=\"2\" width=\"470\">Andre funktioner<\/td>\n<\/tr>\n<tr>\n<td rowspan=\"4\" width=\"191\">Sikkerhed<\/td>\n<td width=\"279\">Autentificeringsmidler:<\/td>\n<\/tr>\n<tr>\n<td width=\"279\">FIDO U2F<\/td>\n<\/tr>\n<tr>\n<td width=\"279\">FIDO2<\/td>\n<\/tr>\n<tr>\n<td width=\"279\">FIDO2 CTAP2.1<\/td>\n<\/tr>\n<tr>\n<td colspan=\"2\" width=\"470\">Certificeringer\/overholdelse<\/td>\n<\/tr>\n<tr>\n<td rowspan=\"9\" width=\"191\">Certificeringer\/overholdelse<\/td>\n<td width=\"279\">Systemer\/standarder:<\/td>\n<\/tr>\n<tr>\n<td width=\"279\">FIDO U2F<\/td>\n<\/tr>\n<tr>\n<td width=\"279\">FIDO2 L1<\/td>\n<\/tr>\n<tr>\n<td width=\"279\">Lovpligtig\/milj\u00f8m\u00e6ssig:<\/td>\n<\/tr>\n<tr>\n<td width=\"279\">CE<\/td>\n<\/tr>\n<tr>\n<td width=\"279\">UKCA<\/td>\n<\/tr>\n<tr>\n<td width=\"279\">FCC<\/td>\n<\/tr>\n<tr>\n<td width=\"279\">RoHS<\/td>\n<\/tr>\n<tr>\n<td width=\"279\">N\u00c5<\/td>\n<\/tr>\n<tr>\n<td colspan=\"2\" width=\"470\">Underst\u00f8ttelse af styresystem til enhedsdriver<\/td>\n<\/tr>\n<tr>\n<td rowspan=\"9\" width=\"191\">Underst\u00f8ttelse af styresystem til enhedsdriver<\/td>\n<td width=\"279\">Windows\u00ae<\/td>\n<\/tr>\n<tr>\n<td width=\"279\">Linux\u00ae<\/td>\n<\/tr>\n<tr>\n<td width=\"279\">macOS<\/td>\n<\/tr>\n<tr>\n<td width=\"279\">Android\u2122<\/td>\n<\/tr>\n<tr>\n<td width=\"279\">Browsere:<\/td>\n<\/tr>\n<tr>\n<td width=\"279\">Chrome\u2122<\/td>\n<\/tr>\n<tr>\n<td width=\"279\">Safari\u00ae<\/td>\n<\/tr>\n<tr>\n<td width=\"279\">Firefox\u00ae<\/td>\n<\/tr>\n<tr>\n<td width=\"279\">Microsoft Edge\u00ae<\/td>\n<\/tr>\n<\/tbody>\n<\/table>\n<\/li>\n<li>1.\u00a0<a href=\"https:\/\/youtu.be\/fbDyXZaPvQM\" target=\"_blank\" rel=\"noopener\">Microsoft<sup>\u00ae<\/sup>\u00a0Outlook<sup>TM<\/sup>\u00a0Log ind Demo<\/a><\/li>\n<li><iframe loading=\"lazy\" title=\"PocketKey: Microsoft\u00ae OutlookTM Log ind-demo med adgangskodefri godkendelse\" width=\"1020\" height=\"574\" src=\"https:\/\/www.youtube.com\/embed\/fbDyXZaPvQM?feature=oembed\" frameborder=\"0\" allow=\"accelerometer; autoplay; clipboard-write; encrypted-media; gyroscope; picture-in-picture; web-share\" referrerpolicy=\"strict-origin-when-cross-origin\" allowfullscreen><\/iframe><\/li>\n<li>2.\u00a0<a href=\"https:\/\/www.youtube.com\/watch?v=1MTW9mSfv8A\" target=\"_blank\" rel=\"noopener\">\u00a0Google<sup>\u00ae<\/sup>\u00a0Demo af login p\u00e5 konto<\/a><\/li>\n<li><iframe loading=\"lazy\" title=\"PocketKey: Demo af login til Google\u00ae-konto\" width=\"1020\" height=\"574\" src=\"https:\/\/www.youtube.com\/embed\/1MTW9mSfv8A?feature=oembed\" frameborder=\"0\" allow=\"accelerometer; autoplay; clipboard-write; encrypted-media; gyroscope; picture-in-picture; web-share\" referrerpolicy=\"strict-origin-when-cross-origin\" allowfullscreen><\/iframe><\/li>\n<li>3. \u00a0<a href=\"https:\/\/youtu.be\/Pjeif9S-PMQ\" target=\"_blank\" rel=\"noopener\">Apple ID<sup>\u00ae<\/sup>\u00a0og iCloud<sup>\u00ae<\/sup>\u00a0Log ind-demo<\/a><\/li>\n<li><iframe loading=\"lazy\" title=\"PocketKey: Apple ID\u00ae og iCloud\u00ae Log-In Demo\" width=\"1020\" height=\"574\" src=\"https:\/\/www.youtube.com\/embed\/Pjeif9S-PMQ?feature=oembed\" frameborder=\"0\" allow=\"accelerometer; autoplay; clipboard-write; encrypted-media; gyroscope; picture-in-picture; web-share\" referrerpolicy=\"strict-origin-when-cross-origin\" allowfullscreen><\/iframe><\/li>\n<\/ul>\n<\/li>\n<\/ul>","protected":false},"excerpt":{"rendered":"<p>PocketKey forbedrer digital sikkerhed med multi-faktor autentificering, erstatter for\u00e6ldede adgangskodesystemer og underst\u00f8tter FIDO U2F-protokoller for sikker adgang.<\/p>","protected":false},"featured_media":2263,"template":"","meta":[],"product_brand":[],"product_cat":[39,46],"product_tag":[],"class_list":{"0":"post-2262","1":"product","2":"type-product","3":"status-publish","4":"has-post-thumbnail","6":"product_cat-usb-ic-smartcard-reader","7":"product_cat-nfc-cards","9":"first","10":"instock","11":"shipping-taxable","12":"product-type-simple"},"_links":{"self":[{"href":"https:\/\/nfc-readers.com\/da\/wp-json\/wp\/v2\/product\/2262","targetHints":{"allow":["GET"]}}],"collection":[{"href":"https:\/\/nfc-readers.com\/da\/wp-json\/wp\/v2\/product"}],"about":[{"href":"https:\/\/nfc-readers.com\/da\/wp-json\/wp\/v2\/types\/product"}],"wp:featuredmedia":[{"embeddable":true,"href":"https:\/\/nfc-readers.com\/da\/wp-json\/wp\/v2\/media\/2263"}],"wp:attachment":[{"href":"https:\/\/nfc-readers.com\/da\/wp-json\/wp\/v2\/media?parent=2262"}],"wp:term":[{"taxonomy":"product_brand","embeddable":true,"href":"https:\/\/nfc-readers.com\/da\/wp-json\/wp\/v2\/product_brand?post=2262"},{"taxonomy":"product_cat","embeddable":true,"href":"https:\/\/nfc-readers.com\/da\/wp-json\/wp\/v2\/product_cat?post=2262"},{"taxonomy":"product_tag","embeddable":true,"href":"https:\/\/nfc-readers.com\/da\/wp-json\/wp\/v2\/product_tag?post=2262"}],"curies":[{"name":"wp","href":"https:\/\/api.w.org\/{rel}","templated":true}]}}