{"id":2730,"date":"2024-06-07T08:01:07","date_gmt":"2024-06-07T08:01:07","guid":{"rendered":"https:\/\/nfc-readers.com\/?post_type=product&#038;p=2730"},"modified":"2024-09-24T02:54:03","modified_gmt":"2024-09-24T02:54:03","slug":"wallet-mate-nfc-reader-writer-support-apple-pay-and-google-vas","status":"publish","type":"product","link":"https:\/\/nfc-readers.com\/da\/ic-reader\/wallet-mate-nfc-reader-writer-support-apple-pay-and-google-vas\/","title":{"rendered":"Wallet Mate NFC Reader Writer - Underst\u00f8tter Apple Pay og Google VAS"},"content":{"rendered":"<h1>Wallet Mate NFC Reader Writer - Underst\u00f8tter Apple Pay og Google VAS<\/h1>\n<div><\/div>\n<div class=\"auto-hide-last-sibling-br paragraph_1252f paragraph-element\"><strong>Wallet Mate NFC Reader Writer<\/strong> fremst\u00e5r som en state-of-the-art gadget, der integrerer VAS-protokoller og NFC-adgangskontroll\u00e6serfunktioner for en forbedret kortfri interaktion. Ledsaget af en POS-terminal med en NFC-l\u00e6ser, robuste sikkerhedsforanstaltninger og bred applikationskompatibilitet, er den banebrydende for en ny standard for komfort og effektivitet. Dens design og funktionalitet g\u00f8r det til et uundv\u00e6rligt stykke udstyr for dem, der \u00f8nsker at udnytte NFC-teknologiens styrker til sikre, glatte og hurtige transaktioner.<\/div>\n<div><\/div>\n<h2 class=\"auto-hide-last-sibling-br paragraph_1252f paragraph-element\">USB 2.0 h\u00f8jhastighedsgr\u00e6nseflade<\/h2>\n<h3 class=\"auto-hide-last-sibling-br paragraph_1252f paragraph-element\"><br class=\"container_e695a wrapper_ad07b undefined\" \/>Overholdelse af CCID-standarder<br class=\"container_e695a wrapper_ad07b undefined\" \/>Mobil tegnebog og kontaktl\u00f8s smartkortl\u00e6ser:<br class=\"container_e695a wrapper_ad07b undefined\" \/>Certified by Apple VAS &amp; Google Smart Tap (Note: WalletMate is only certified for VAS, not for payment terminals)Data transfer rates reaching 424 kbps<br class=\"container_e695a wrapper_ad07b undefined\" \/>Indbygget antenne for kontaktl\u00f8s tag-tilg\u00e6ngelighed, der tilbyder kortl\u00e6seafstand op til 50 mm (afh\u00e6ngigt af tag-type)<br class=\"container_e695a wrapper_ad07b undefined\" \/>Kompatibilitet med ISO 14443 Type A og B-kort, MIFARE\u00ae, FeliCa og alle fire typer NFC (ISO\/IEC 18092) tags<br class=\"container_e695a wrapper_ad07b undefined\" \/>Underst\u00f8ttelse af MIFARE\u00ae 7-byte UID, MIFARE\u00ae Plus og MIFARE\u00ae DESfire<br class=\"container_e695a wrapper_ad07b undefined\" \/>Integreret anti-kollisionsfunktion (kun et enkelt tag kan tilg\u00e5s p\u00e5 et givet tidspunkt)<\/h3>\n<h2 class=\"auto-hide-last-sibling-br paragraph_1252f paragraph-element\"><br class=\"container_e695a wrapper_ad07b undefined\" \/>NFC support:<\/h2>\n<h3 class=\"auto-hide-last-sibling-br paragraph_1252f paragraph-element\"><br class=\"container_e695a wrapper_ad07b undefined\" \/>Funktionalitet i Reader\/Writer Mode<br class=\"container_e695a wrapper_ad07b undefined\" \/>Peer-to-Peer-tilstand<br class=\"container_e695a wrapper_ad07b undefined\" \/>Kortemuleringstilstand<\/h3>\n<h2 class=\"auto-hide-last-sibling-br paragraph_1252f paragraph-element\"><br class=\"container_e695a wrapper_ad07b undefined\" \/>Applikationsprogrammeringsgr\u00e6nseflade:<\/h2>\n<h3 class=\"auto-hide-last-sibling-br paragraph_1252f paragraph-element\"><br class=\"container_e695a wrapper_ad07b undefined\" \/>Apple VAS og Google Smart Tap API-kompatibilitet med Windows- og Linux-platforme<br class=\"container_e695a wrapper_ad07b undefined\" \/>Support til PC\/SC<br class=\"container_e695a wrapper_ad07b undefined\" \/>Underst\u00f8ttelse af CT-API (faciliteret af en PC\/SC-baseret indpakning)<\/h3>\n<h2 class=\"auto-hide-last-sibling-br paragraph_1252f paragraph-element\">Yderligere funktioner:<\/h2>\n<h3 class=\"auto-hide-last-sibling-br paragraph_1252f paragraph-element\"><br class=\"container_e695a wrapper_ad07b undefined\" \/>Brugerkontrollerbar tofarvet LED<br class=\"container_e695a wrapper_ad07b undefined\" \/>Brugerkontrollerbart h\u00f8rbart alarmsystem<br class=\"container_e695a wrapper_ad07b undefined\" \/>Mulighed for USB-firmwareopdateringer<\/h3>\n<p>&nbsp;<\/p>\n<ul>\n<li>\n<table width=\"559\">\n<tbody>\n<tr>\n<td colspan=\"2\" width=\"559\">Fysiske egenskaber<\/td>\n<\/tr>\n<tr>\n<td width=\"214\">Dimensioner (mm)<\/td>\n<td width=\"345\">98,0 mm (L) x 65,0 mm (B) x 12,8 mm (H)<\/td>\n<\/tr>\n<tr>\n<td width=\"214\">V\u00e6gt (g)<\/td>\n<td width=\"345\">81 g<\/td>\n<\/tr>\n<tr>\n<td colspan=\"2\" width=\"559\">USB interface<\/td>\n<\/tr>\n<tr>\n<td width=\"214\">Protokol<\/td>\n<td width=\"345\">USB CCID<\/td>\n<\/tr>\n<tr>\n<td width=\"214\">Connector Type<\/td>\n<td width=\"345\">USB Type-A (ACR1252U-MW)<\/td>\n<\/tr>\n<tr>\n<td width=\"214\">Str\u00f8mkilde<\/td>\n<td width=\"345\">Fra USB-port<\/td>\n<\/tr>\n<tr>\n<td width=\"214\">Hastighed<\/td>\n<td width=\"345\">USB fuld hastighed (12 Mbps)<\/td>\n<\/tr>\n<tr>\n<td width=\"214\">Kabell\u00e6ngde<\/td>\n<td width=\"345\">1,0 m, Ikke aftagelig<\/td>\n<\/tr>\n<tr>\n<td colspan=\"2\" width=\"559\">Kontaktl\u00f8s Smart Card-interface<\/td>\n<\/tr>\n<tr>\n<td width=\"214\">Standard<\/td>\n<td width=\"345\">ISO\/IEC 18092 NFC, ISO 14443 Type A &amp; B, MIFARE\u00ae, FeliCa<\/td>\n<\/tr>\n<tr>\n<td rowspan=\"4\" width=\"214\">Protokol<\/td>\n<td width=\"345\">ISO 14443-4 kompatibelt kort, T=CL<\/td>\n<\/tr>\n<tr>\n<td width=\"345\">MIFARE\u00ae Classic Card, T=CL<\/td>\n<\/tr>\n<tr>\n<td width=\"345\">ISO18092, NFC-tags<\/td>\n<\/tr>\n<tr>\n<td width=\"345\">FeliCa<\/td>\n<\/tr>\n<tr>\n<td colspan=\"2\" width=\"559\">Indbygget periferiudstyr<\/td>\n<\/tr>\n<tr>\n<td width=\"214\">LED<\/td>\n<td width=\"345\">1 tofarvet: R\u00f8d og Gr\u00f8n<\/td>\n<\/tr>\n<tr>\n<td width=\"214\">Summer<\/td>\n<td width=\"345\">Monotone<\/td>\n<\/tr>\n<tr>\n<td colspan=\"2\" width=\"559\">Andre funktioner<\/td>\n<\/tr>\n<tr>\n<td width=\"214\">Firmware opgradering<\/td>\n<td width=\"345\">Underst\u00f8ttet<\/td>\n<\/tr>\n<tr>\n<td colspan=\"2\" width=\"559\">Certificeringer\/overholdelse<\/td>\n<\/tr>\n<tr>\n<td rowspan=\"4\" width=\"214\">Certificeringer\/overholdelse<\/td>\n<td width=\"345\">Certificeringer:<\/td>\n<\/tr>\n<tr>\n<td width=\"345\">Apple VAS, Google Smart Tap, NFC Forum Certification Mark, IEC\/EN 62368, CE, FCC, UKCA, J-LIS, VCCI, TELEC, KC, BIS, RoHS, REACH, WEEE<\/td>\n<\/tr>\n<tr>\n<td width=\"345\">Overholdelse:<\/td>\n<\/tr>\n<tr>\n<td width=\"345\">USB CCID, PC\/SC<\/td>\n<\/tr>\n<tr>\n<td colspan=\"2\" width=\"559\">Underst\u00f8ttelse af styresystem til enhedsdriver<\/td>\n<\/tr>\n<tr>\n<td width=\"214\">Underst\u00f8ttelse af styresystem til enhedsdriver<\/td>\n<td width=\"345\">Windows\u00ae, Linux\u00ae, macOS (Under udvikling), Android\u2122 (Under udvikling)<\/td>\n<\/tr>\n<\/tbody>\n<\/table>\n<\/li>\n<\/ul>","protected":false},"excerpt":{"rendered":"<div>The Mobile Wallet,Innovative NFC Reader supports cardless engagement with digital passes, backed by VAS Apple and Google VAS for iOS and Android devices.<\/div>\n<div><\/div>","protected":false},"featured_media":2731,"template":"","meta":[],"product_brand":[],"product_cat":[45,40],"product_tag":[],"class_list":{"0":"post-2730","1":"product","2":"type-product","3":"status-publish","4":"has-post-thumbnail","6":"product_cat-contactless-nfc-reader","7":"product_cat-rfid-nfc-reader","9":"first","10":"instock","11":"shipping-taxable","12":"product-type-simple"},"_links":{"self":[{"href":"https:\/\/nfc-readers.com\/da\/wp-json\/wp\/v2\/product\/2730","targetHints":{"allow":["GET"]}}],"collection":[{"href":"https:\/\/nfc-readers.com\/da\/wp-json\/wp\/v2\/product"}],"about":[{"href":"https:\/\/nfc-readers.com\/da\/wp-json\/wp\/v2\/types\/product"}],"wp:featuredmedia":[{"embeddable":true,"href":"https:\/\/nfc-readers.com\/da\/wp-json\/wp\/v2\/media\/2731"}],"wp:attachment":[{"href":"https:\/\/nfc-readers.com\/da\/wp-json\/wp\/v2\/media?parent=2730"}],"wp:term":[{"taxonomy":"product_brand","embeddable":true,"href":"https:\/\/nfc-readers.com\/da\/wp-json\/wp\/v2\/product_brand?post=2730"},{"taxonomy":"product_cat","embeddable":true,"href":"https:\/\/nfc-readers.com\/da\/wp-json\/wp\/v2\/product_cat?post=2730"},{"taxonomy":"product_tag","embeddable":true,"href":"https:\/\/nfc-readers.com\/da\/wp-json\/wp\/v2\/product_tag?post=2730"}],"curies":[{"name":"wp","href":"https:\/\/api.w.org\/{rel}","templated":true}]}}