{"id":2732,"date":"2024-10-07T08:34:31","date_gmt":"2024-10-07T08:34:31","guid":{"rendered":"https:\/\/nfc-readers.com\/?post_type=product&#038;p=2732"},"modified":"2024-10-28T14:32:27","modified_gmt":"2024-10-28T14:32:27","slug":"nfc-reader-writer-support-apple-pay-and-google-vas","status":"publish","type":"product","link":"https:\/\/nfc-readers.com\/da\/ic-reader\/nfc-reader-writer-support-apple-pay-and-google-vas\/","title":{"rendered":"NFC Reader Writer Support Apple Pay og Google VAS"},"content":{"rendered":"<div class=\"auto-hide-last-sibling-br paragraph_1252f paragraph-element\">\n<h1>NFC Reader Writer Support Apple Pay og Google VAS<\/h1>\n<p>Indtast\u00a0<strong>NFC-l\u00e6ser<\/strong>, et sofistikeret stykke teknologi designet til at forbedre kontaktl\u00f8se transaktioner og str\u00f8mline adgangskontrol med uovertruffen effektivitet. Uanset om du \u00f8nsker at g\u00f8re dine transaktioner hurtigere, \u00f8ge sikkerheden eller blot opgradere din teknologi, er en NFC-l\u00e6ser et vigtigt v\u00e6rkt\u00f8j i dit arsenal. Med evnen til at l\u00e6se og skrive\u00a0<strong>NFC tags<\/strong>\u00a0og kort, herunder popul\u00e6re formater som\u00a0<strong>MIFARE<\/strong>, denne enhed er p\u00e5 forkant med innovative betalingsl\u00f8sninger.<\/p>\n<h2>Fordele ved at v\u00e6lge NFC Reader<\/h2>\n<p>At investere i en NFC Reader er ikke bare et k\u00f8b; det er en opgradering af dine betalingsmuligheder, der giver adskillige fordele. F\u00f8rst og fremmest \u00f8ger det sikkerheden ved at aktivere\u00a0<strong>kontaktl\u00f8s<\/strong>\u00a0betalinger, hvilket reducerer risikoen forbundet med kontanttransaktioner. Den er ogs\u00e5 designet til brugervenlighed og kan prale af en enkel ops\u00e6tningsproces, der kan tilsluttes via USB til en lang r\u00e6kke enheder, hvilket muligg\u00f8r integration med dine eksisterende systemer. Det kompakte og b\u00e6rbare design sikrer, at du kan tage din NFC-kapacitet med overalt, hvilket g\u00f8r den ideel til b\u00e5de handlende og enkeltpersoner.<\/p>\n<h3>1.\u00a0<strong>Omfattende NFC-support<\/strong><\/h3>\n<p>De\u00a0<strong>NFC-l\u00e6ser<\/strong>\u00a0underst\u00f8tter flere NFC-funktioner, herunder l\u00e6se-\/skrivertilstand, peer-to-peer-tilstand og kortemuleringstilstand. Denne alsidighed sikrer kompatibilitet med forskellige transaktioner, lige fra l\u00e6sning\u00a0<strong>NFC-kort<\/strong>\u00a0at facilitere mobilbetalinger via\u00a0<strong>Google Pay<\/strong>\u00a0og\u00a0<strong>Apple Pay<\/strong>.<\/p>\n<h4>L\u00e6ser\/skrivertilstand<\/h4>\n<p>Med Reader\/Writer-tilstand kan brugerne ubesv\u00e6ret\u00a0<strong>l\u00e6se og skrive<\/strong>\u00a0data til NFC-tags, hvilket g\u00f8r enheden perfekt til applikationer i lagerstyring og marketingkampagner.<\/p>\n<h4>Peer-to-Peer-tilstand<\/h4>\n<p>Peer-to-Peer-tilstand letter datadeling mellem to NFC-aktiverede enheder, hvilket giver mulighed for s\u00f8ml\u00f8se transaktioner eller overf\u00f8rsler af information, hvilket \u00f8ger brugervenligheden.<\/p>\n<h3>2.\u00a0<strong>H\u00f8je kompatibilitetsstandarder<\/strong><\/h3>\n<p>Denne NFC-l\u00e6ser er kompatibel med en bred vifte af smartkort, herunder ISO 14443 Type A- og B-kort, hvilket g\u00f8r den til en universel l\u00f8sning for virksomheder, der kr\u00e6ver en\u00a0<strong>kortl\u00e6ser<\/strong>\u00a0til flere korttyper.<\/p>\n<h4>Underst\u00f8tter forskellige NFC-tags<\/h4>\n<p>Udover ISO-standarder, rummer enheden ogs\u00e5 formater som MIFARE\u00ae og FeliCa, hvilket sikrer omfattende support til praktisk talt alle brugere.<\/p>\n<h4>USB-forbindelse<\/h4>\n<p>Med en USB 2.0 h\u00f8jhastighedsgr\u00e6nseflade kan du nemt forbinde NFC-l\u00e6seren til smartphones eller tablets for hurtig dataoverf\u00f8rsel \u2013 alt er klar til brug\u00a0<strong>via USB<\/strong>.<\/p>\n<h3>3.\u00a0<strong>Robuste sikkerhedsfunktioner<\/strong><\/h3>\n<p>Sikkerhed er altafg\u00f8rende for enhver transaktionsenhed, og NFC-l\u00e6seren udm\u00e6rker sig med dens integrerede anti-kollisionsfunktion, der sikrer, at kun \u00e9t tag l\u00e6ses ad gangen, hvilket v\u00e6sentligt reducerer chancerne for datakorruption eller svindel.<\/p>\n<h4>Avanceret kryptering<\/h4>\n<p>NFC-l\u00e6seren underst\u00f8tter forskellige krypteringsteknikker til sikker dataoverf\u00f8rsel, hvilket sikrer, at f\u00f8lsom information forbliver beskyttet under hele transaktionsprocessen.<\/p>\n<h4>Brugeradvarsler<\/h4>\n<p>Udstyret med et brugerkontrollerbart h\u00f8rbart alarmsystem kan brugere modtage \u00f8jeblikkelig feedback under operationer, hvilket forbedrer brugervenligheden og sikrer, at brugerne er opm\u00e6rksomme p\u00e5 vellykkede l\u00e6sninger.<\/p>\n<h3>4.\u00a0<strong>Milj\u00f8p\u00e5virkning<\/strong><\/h3>\n<p>Efterh\u00e5nden som virksomheder bliver mere og mere bevidste om deres milj\u00f8m\u00e6ssige fodaftryk, er NFC Reader designet med b\u00e6redygtighed i tankerne. Enheden bruger minimalt med str\u00f8m og kan tilsluttes eksisterende systemer uden omfattende hardwareopgraderinger, hvilket reducerer spild.<\/p>\n<h4>Effektiv str\u00f8mforbrug<\/h4>\n<p>NFC-l\u00e6seren fungerer ved 13,56 MHz og er energieffektiv, hvilket giver mulighed for omfattende brug uden h\u00f8je elomkostninger. Virksomheder kan bruge denne teknologi uden at frygte en stigning i energibehovet.<\/p>\n<h3>5.\u00a0<strong>Brugervenligt design<\/strong><\/h3>\n<p>NFC Reader har et kompakt og slankt design, der integreres problemfrit i din arbejdsgang. Den brugerkontrollerbare tofarvede LED giver \u00f8jeblikkelig visuel feedback under drift og giver brugerne besked om transaktionsstatusser effektivt.<\/p>\n<h4>B\u00e6rbarhed<\/h4>\n<p>Dens lette ramme g\u00f8r den til en ideel l\u00f8sning for virksomheder p\u00e5 farten, fra detailbutikker til food trucks, hvilket muligg\u00f8r hurtig udrulning, hvor det er n\u00f8dvendigt, hvilket g\u00f8r den yderst effektiv til b\u00e5de midlertidige og permanente installationer.<\/p>\n<h3>6.\u00a0<strong>\u00d8kosystemkompatibilitet<\/strong><\/h3>\n<p>NFC-l\u00e6seren er kompatibel med forskellige operativsystemer s\u00e5som Windows, Linux og Android, hvilket muligg\u00f8r bred anvendelse i forskellige milj\u00f8er.<\/p>\n<h4>Nem integration med etablerede systemer<\/h4>\n<p>For\u00f8g dine eksisterende POS-systemer ved hj\u00e6lp af NFC Reader, mens du drager fordel af dens kompatibilitet med udbredte app-butikker til at downloade relevante applikationer til dine forretningsbehov.<\/p>\n<\/div>\n<table width=\"559\">\n<tbody>\n<tr>\n<td colspan=\"2\" width=\"559\">Fysiske egenskaber<\/td>\n<\/tr>\n<tr>\n<td width=\"214\">Dimensioner (mm)<\/td>\n<td width=\"345\">98,0 mm (L) x 65,0 mm (B) x 12,8 mm (H)<\/td>\n<\/tr>\n<tr>\n<td width=\"214\">V\u00e6gt (g)<\/td>\n<td width=\"345\">81 g<\/td>\n<\/tr>\n<tr>\n<td colspan=\"2\" width=\"559\">USB interface<\/td>\n<\/tr>\n<tr>\n<td width=\"214\">Protokol<\/td>\n<td width=\"345\">USB CCID<\/td>\n<\/tr>\n<tr>\n<td width=\"214\">Connector Type<\/td>\n<td width=\"345\">USB Type-A (ACR1252U-MW)<\/td>\n<\/tr>\n<tr>\n<td width=\"214\">Str\u00f8mkilde<\/td>\n<td width=\"345\">Fra USB-port<\/td>\n<\/tr>\n<tr>\n<td width=\"214\">Hastighed<\/td>\n<td width=\"345\">USB fuld hastighed (12 Mbps)<\/td>\n<\/tr>\n<tr>\n<td width=\"214\">Kabell\u00e6ngde<\/td>\n<td width=\"345\">1,0 m, Ikke aftagelig<\/td>\n<\/tr>\n<tr>\n<td colspan=\"2\" width=\"559\">Kontaktl\u00f8s Smart Card-interface<\/td>\n<\/tr>\n<tr>\n<td width=\"214\">Standard<\/td>\n<td width=\"345\">ISO\/IEC 18092 NFC, ISO 14443 Type A &amp; B, MIFARE\u00ae, FeliCa<\/td>\n<\/tr>\n<tr>\n<td rowspan=\"4\" width=\"214\">Protokol<\/td>\n<td width=\"345\">ISO 14443-4 kompatibelt kort, T=CL<\/td>\n<\/tr>\n<tr>\n<td width=\"345\">MIFARE\u00ae Classic Card, T=CL<\/td>\n<\/tr>\n<tr>\n<td width=\"345\">ISO18092, NFC-tags<\/td>\n<\/tr>\n<tr>\n<td width=\"345\">FeliCa<\/td>\n<\/tr>\n<tr>\n<td colspan=\"2\" width=\"559\">Indbygget periferiudstyr<\/td>\n<\/tr>\n<tr>\n<td width=\"214\">LED<\/td>\n<td width=\"345\">1 tofarvet: R\u00f8d og Gr\u00f8n<\/td>\n<\/tr>\n<tr>\n<td width=\"214\">Summer<\/td>\n<td width=\"345\">Monotone<\/td>\n<\/tr>\n<tr>\n<td colspan=\"2\" width=\"559\">Andre funktioner<\/td>\n<\/tr>\n<tr>\n<td width=\"214\">Firmware opgradering<\/td>\n<td width=\"345\">Underst\u00f8ttet<\/td>\n<\/tr>\n<tr>\n<td colspan=\"2\" width=\"559\">Certificeringer\/overholdelse<\/td>\n<\/tr>\n<tr>\n<td rowspan=\"4\" width=\"214\">Certificeringer\/overholdelse<\/td>\n<td width=\"345\">Certificeringer:<\/td>\n<\/tr>\n<tr>\n<td width=\"345\">Apple VAS, Google Smart Tap, NFC Forum Certification Mark, IEC\/EN 62368, CE, FCC, UKCA, J-LIS, VCCI, TELEC, KC, BIS, RoHS, REACH, WEEE<\/td>\n<\/tr>\n<tr>\n<td width=\"345\">Overholdelse:<\/td>\n<\/tr>\n<tr>\n<td width=\"345\">USB CCID, PC\/SC<\/td>\n<\/tr>\n<tr>\n<td colspan=\"2\" width=\"559\">Underst\u00f8ttelse af styresystem til enhedsdriver<\/td>\n<\/tr>\n<tr>\n<td width=\"214\">Underst\u00f8ttelse af styresystem til enhedsdriver<\/td>\n<td width=\"345\">Windows\u00ae, Linux\u00ae, macOS (Under udvikling), Android\u2122 (Under udvikling)<\/td>\n<\/tr>\n<\/tbody>\n<\/table>\n<h2>Kundeanmeldelser<\/h2>\n<blockquote><p>&quot;NFC Reader har \u00e6ndret, hvordan vi behandler betalinger. Det er hurtigt, sikkert og utrolig nemt at integrere med vores eksisterende systemer!&quot; \u2013\u00a0<strong>James T.<\/strong>, Retail Manager<\/p><\/blockquote>\n<blockquote><p>&quot;Jeg elsker, hvor b\u00e6rbar denne NFC-l\u00e6ser er! Det er perfekt til min food truck-virksomhed.\u201d \u2013\u00a0<strong>Sandra W.<\/strong>, Ejer af sm\u00e5 virksomheder<\/p><\/blockquote>\n<h2>Ofte stillede sp\u00f8rgsm\u00e5l (ofte stillede sp\u00f8rgsm\u00e5l)<\/h2>\n<p><strong>1. Hvilke typer kort kan NFC-l\u00e6seren l\u00e6se?<\/strong><br \/>\nNFC-l\u00e6seren underst\u00f8tter ISO 14443 Type A- og B-kort, MIFARE\u00ae, FeliCa og alle NFC-tags, der overholder ISO\/IEC 18092-standarderne.<\/p>\n<p><strong>2. Er NFC Reader kompatibel med smartphones?<\/strong><br \/>\nJa, du kan nemt tilslutte NFC Reader til de fleste smartphones via USB for at lette hurtige transaktioner og datadeling.<\/p>\n<p><strong>3. Kan jeg opdatere firmwaren?<\/strong><br \/>\nJa, NFC Reader underst\u00f8tter USB-firmwareopdateringer, hvilket sikrer, at du har de nyeste funktioner og sikkerhedsopgraderinger.<\/p>\n<p><strong>4. Hvor langt kan jeg l\u00e6se NFC-tags?<\/strong><br \/>\nNFC-l\u00e6seren har en l\u00e6seafstand p\u00e5 op til 50 mm, afh\u00e6ngigt af tagtypen og dens specifikke muligheder.<\/p>\n<hr \/>\n<p>Ved at v\u00e6lge NFC Reader investerer du ikke bare i et produkt; du vedtager en smartere m\u00e5de at handle p\u00e5. Uanset om du integrerer den til personlig brug eller til en virksomhed, g\u00f8r effektiviteten, kompatibiliteten og sikkerheden af denne enhed den virkelig uundv\u00e6rlig. Oplev n\u00e6ste generation af kontaktl\u00f8se betalinger, og opdag den forskel, det kan g\u00f8re i dine transaktioner i dag!<\/p>","protected":false},"excerpt":{"rendered":"<div>NFC Reader Writer Support Apple Pay og Google VAS, godkendt gennem VAS<strong>\u00a0Apple og Google VAS (Value-Added Service) <\/strong> protokoller fra industrigiganterne Apple og Google, baner denne enhed vejen for et revolution\u00e6rt kortl\u00f8st engagement ved at st\u00f8tte en bred vifte af digitale pas, herunder men ikke begr\u00e6nset til loyalitetsordninger, adgangsbilletter og identifikationsoplysninger for enkeltpersoner i virksomheds- eller uddannelsesmilj\u00f8er p\u00e5 tv\u00e6rs af iOS og Android-enheder.<\/div>\n<div><\/div>","protected":false},"featured_media":2731,"template":"","meta":[],"product_brand":[],"product_cat":[45,40],"product_tag":[],"class_list":{"0":"post-2732","1":"product","2":"type-product","3":"status-publish","4":"has-post-thumbnail","6":"product_cat-contactless-nfc-reader","7":"product_cat-rfid-nfc-reader","9":"first","10":"instock","11":"shipping-taxable","12":"product-type-simple"},"_links":{"self":[{"href":"https:\/\/nfc-readers.com\/da\/wp-json\/wp\/v2\/product\/2732","targetHints":{"allow":["GET"]}}],"collection":[{"href":"https:\/\/nfc-readers.com\/da\/wp-json\/wp\/v2\/product"}],"about":[{"href":"https:\/\/nfc-readers.com\/da\/wp-json\/wp\/v2\/types\/product"}],"wp:featuredmedia":[{"embeddable":true,"href":"https:\/\/nfc-readers.com\/da\/wp-json\/wp\/v2\/media\/2731"}],"wp:attachment":[{"href":"https:\/\/nfc-readers.com\/da\/wp-json\/wp\/v2\/media?parent=2732"}],"wp:term":[{"taxonomy":"product_brand","embeddable":true,"href":"https:\/\/nfc-readers.com\/da\/wp-json\/wp\/v2\/product_brand?post=2732"},{"taxonomy":"product_cat","embeddable":true,"href":"https:\/\/nfc-readers.com\/da\/wp-json\/wp\/v2\/product_cat?post=2732"},{"taxonomy":"product_tag","embeddable":true,"href":"https:\/\/nfc-readers.com\/da\/wp-json\/wp\/v2\/product_tag?post=2732"}],"curies":[{"name":"wp","href":"https:\/\/api.w.org\/{rel}","templated":true}]}}