{"id":2740,"date":"2024-06-11T01:53:04","date_gmt":"2024-06-11T01:53:04","guid":{"rendered":"https:\/\/nfc-readers.com\/?post_type=product&#038;p=2740"},"modified":"2024-09-24T02:48:08","modified_gmt":"2024-09-24T02:48:08","slug":"acr123u-nfc-lcd-contactless-reader-writer","status":"publish","type":"product","link":"https:\/\/nfc-readers.com\/da\/ic-reader\/acr123u-nfc-lcd-contactless-reader-writer\/","title":{"rendered":"ACR123U NFC LCD kontaktl\u00f8s l\u00e6seskriver"},"content":{"rendered":"<h1>ACR123U NFC LCD kontaktl\u00f8s l\u00e6seskriver<\/h1>\n<p>ACR123U, en USB-variant af ACR123S, fungerer som en prisvenlig, fleksibel og smart kontaktl\u00f8s l\u00e6ser. Det kan problemfrit integreres i eksisterende Point-of-Sale (POS) systemer eller kasseapparater, og transformere dem til kontantl\u00f8se betalingsterminaler. Introduktionen af ACR123U fremskynder betalingsprocessen, da den giver kunderne mulighed for at afslutte deres betalinger med et enkelt tryk p\u00e5 deres kort. Denne kontaktl\u00f8se l\u00e6ser pr\u00e6senterer en effektiv l\u00f8sning til at \u00f8ge effektiviteten af betalingssystemer.<\/p>\n<ul>\n<li>\n<h2>USB-interface til datakommunikation og str\u00f8mforsyning<\/h2>\n<\/li>\n<li>\n<h2>ARM 32-bit CortexTM-M3-processor<\/h2>\n<\/li>\n<li>\n<h2>Smartkortl\u00e6ser:<\/h2>\n<ul>\n<li>\n<h3>L\u00e6se-\/skrivehastighed p\u00e5 op til 848 kbps<\/h3>\n<\/li>\n<li>\n<h3>Indbygget antenne til kontaktl\u00f8s kortadgang, med kortl\u00e6seafstand p\u00e5 op til 50 mm (afh\u00e6ngig af tagtype)<\/h3>\n<\/li>\n<li>\n<h3>Underst\u00f8ttelse af ISO 14443 Part 4 Type A- og B-kort og MIFARE-serien<\/h3>\n<\/li>\n<li>\n<h3>Indbygget anti-kollisionsfunktion<\/h3>\n<\/li>\n<li>\n<h3>Tre ISO 7816-kompatible SAM-slots<\/h3>\n<\/li>\n<\/ul>\n<\/li>\n<li>\n<h2>Indbygget periferiudstyr:<\/h2>\n<ul>\n<li>\n<h3>16 alfanumeriske tegn x 8 linjer Grafisk LCD (128 x 64 pixels)<\/h3>\n<\/li>\n<li>\n<h3>Fire brugerkontrollerbare LED&#039;er (bl\u00e5, gul, gr\u00f8n og r\u00f8d)<\/h3>\n<\/li>\n<li>\n<h3>Brugerkontrollerbar baggrundslys for tappeomr\u00e5de (r\u00f8d, gr\u00f8n og bl\u00e5)<\/h3>\n<\/li>\n<li>\n<h3>Brugerkontrollerbar h\u00f8jttaler (lydtoneindikation)<\/h3>\n<\/li>\n<\/ul>\n<\/li>\n<\/ul>\n<table style=\"height: 1395px;\" width=\"611\">\n<tbody>\n<tr>\n<td colspan=\"2\" width=\"511\">Fysiske egenskaber<\/td>\n<\/tr>\n<tr>\n<td rowspan=\"2\" width=\"215\">Dimensioner (mm)<\/td>\n<td width=\"296\">Hoveddel: 159,0 mm (L) x 100,0 mm (B) x 21,0 mm (H)<\/td>\n<\/tr>\n<tr>\n<td width=\"296\">Med stativ: 177,4 mm (L) x 100,0 mm (B) x 94,5 mm (H)<\/td>\n<\/tr>\n<tr>\n<td rowspan=\"2\" width=\"215\">V\u00e6gt (g)<\/td>\n<td width=\"296\">Hovedkrop: 281 g<\/td>\n<\/tr>\n<tr>\n<td width=\"296\">Med stativ: 506 g<\/td>\n<\/tr>\n<tr>\n<td colspan=\"2\" width=\"511\">USB interface<\/td>\n<\/tr>\n<tr>\n<td width=\"215\">Protokol<\/td>\n<td width=\"296\">USB CCID<\/td>\n<\/tr>\n<tr>\n<td width=\"215\">Connector Type<\/td>\n<td width=\"296\">Standard type A<\/td>\n<\/tr>\n<tr>\n<td width=\"215\">Str\u00f8mkilde<\/td>\n<td width=\"296\">Fra USB-port<\/td>\n<\/tr>\n<tr>\n<td width=\"215\">Hastighed<\/td>\n<td width=\"296\">USB fuld hastighed (12 Mbps)<\/td>\n<\/tr>\n<tr>\n<td width=\"215\">Kabell\u00e6ngde<\/td>\n<td width=\"296\">1,5 m, Fast<\/td>\n<\/tr>\n<tr>\n<td colspan=\"2\" width=\"511\">Kontaktl\u00f8s Smart Card-interface<\/td>\n<\/tr>\n<tr>\n<td width=\"215\">Standard<\/td>\n<td width=\"296\">ISO 14443 A &amp; B del 1-4<\/td>\n<\/tr>\n<tr>\n<td rowspan=\"2\" width=\"215\">Protokol<\/td>\n<td width=\"296\">ISO 14443-4 kompatibelt kort, T=CL<\/td>\n<\/tr>\n<tr>\n<td width=\"296\">MIFARE\u00ae Classic Card, T=CL<\/td>\n<\/tr>\n<tr>\n<td colspan=\"2\" width=\"511\">SAM kort interface<\/td>\n<\/tr>\n<tr>\n<td width=\"215\">Antal slots<\/td>\n<td width=\"296\">3 standard SIM-kortpladser<\/td>\n<\/tr>\n<tr>\n<td width=\"215\">Standard<\/td>\n<td width=\"296\">ISO 7816 Klasse A, B, C (5 V, 3 V, 1,8 V)<\/td>\n<\/tr>\n<tr>\n<td width=\"215\">Protokol<\/td>\n<td width=\"296\">T=0; T=1<\/td>\n<\/tr>\n<tr>\n<td colspan=\"2\" width=\"511\">Indbygget periferiudstyr<\/td>\n<\/tr>\n<tr>\n<td rowspan=\"3\" width=\"215\">LCD<\/td>\n<td width=\"296\">Grafisk LCD med hvid baggrundsbelysning<\/td>\n<\/tr>\n<tr>\n<td width=\"296\">Opl\u00f8sning: 128 x 64 pixels<\/td>\n<\/tr>\n<tr>\n<td width=\"296\">Antal tegn: 16 tegn x 8 linjer<\/td>\n<\/tr>\n<tr>\n<td width=\"215\">LED<\/td>\n<td width=\"296\">4 ensfarvede: bl\u00e5, gul, gr\u00f8n og r\u00f8d<\/td>\n<\/tr>\n<tr>\n<td width=\"215\">Tryk p\u00e5 Region<\/td>\n<td width=\"296\">Tre-farvet baggrundsbelysning: R\u00f8d, gr\u00f8n og bl\u00e5<\/td>\n<\/tr>\n<tr>\n<td width=\"215\">H\u00f8jttaler<\/td>\n<td width=\"296\">Indikation af lydtone<\/td>\n<\/tr>\n<tr>\n<td colspan=\"2\" width=\"511\">Andre funktioner<\/td>\n<\/tr>\n<tr>\n<td width=\"215\">Sikkerhed<\/td>\n<td width=\"296\">Sabotagekontakt (intern anti-indtr\u00e6ngningsdetektion og beskyttelse)<\/td>\n<\/tr>\n<tr>\n<td width=\"215\">Firmware opgradering<\/td>\n<td width=\"296\">Underst\u00f8ttet<\/td>\n<\/tr>\n<tr>\n<td width=\"215\">Realtidsur<\/td>\n<td width=\"296\">Underst\u00f8ttet<\/td>\n<\/tr>\n<tr>\n<td colspan=\"2\" width=\"511\">Certificeringer\/overholdelse<\/td>\n<\/tr>\n<tr>\n<td rowspan=\"12\" width=\"215\">Certificeringer\/overholdelse<\/td>\n<td width=\"296\">ISO 14443<\/td>\n<\/tr>\n<tr>\n<td width=\"296\">ISO 7816 (SAM-slot)<\/td>\n<\/tr>\n<tr>\n<td width=\"296\">USB fuld hastighed<\/td>\n<\/tr>\n<tr>\n<td width=\"296\">PC\/SC<\/td>\n<\/tr>\n<tr>\n<td width=\"296\">CCID<\/td>\n<\/tr>\n<tr>\n<td width=\"296\">VCCI (Japan)<\/td>\n<\/tr>\n<tr>\n<td width=\"296\">KC (Korea)<\/td>\n<\/tr>\n<tr>\n<td width=\"296\">Microsoft\u00ae WHQL<\/td>\n<\/tr>\n<tr>\n<td width=\"296\">CE<\/td>\n<\/tr>\n<tr>\n<td width=\"296\">FCC<\/td>\n<\/tr>\n<tr>\n<td width=\"296\">RoHS 2<\/td>\n<\/tr>\n<tr>\n<td width=\"296\">N\u00c5<\/td>\n<\/tr>\n<tr>\n<td colspan=\"2\" width=\"511\">Underst\u00f8ttelse af styresystem til enhedsdriver<\/td>\n<\/tr>\n<tr>\n<td rowspan=\"4\" width=\"215\">Underst\u00f8ttelse af styresystem til enhedsdriver<\/td>\n<td width=\"296\">Windows\u00ae CE<\/td>\n<\/tr>\n<tr>\n<td width=\"296\">Windows\u00ae<\/td>\n<\/tr>\n<tr>\n<td width=\"296\">Linux\u00ae<\/td>\n<\/tr>\n<tr>\n<td width=\"296\">Solaris<\/td>\n<\/tr>\n<\/tbody>\n<\/table>","protected":false},"excerpt":{"rendered":"<div class=\"auto-hide-last-sibling-br paragraph_1252f paragraph-element\">\n<div class=\"auto-hide-last-sibling-br paragraph_1252f paragraph-element\">ACR123U, prisbillig LCD USB-l\u00e6ser til kontantl\u00f8se betalinger, der forbedrer kasseeffektiviteten med intuitivt design og kompatibilitet med ISO 14443-4-kort.<\/div>\n<\/div>","protected":false},"featured_media":2741,"template":"","meta":[],"product_brand":[],"product_cat":[45],"product_tag":[],"class_list":{"0":"post-2740","1":"product","2":"type-product","3":"status-publish","4":"has-post-thumbnail","6":"product_cat-contactless-nfc-reader","8":"first","9":"instock","10":"shipping-taxable","11":"product-type-simple"},"_links":{"self":[{"href":"https:\/\/nfc-readers.com\/da\/wp-json\/wp\/v2\/product\/2740","targetHints":{"allow":["GET"]}}],"collection":[{"href":"https:\/\/nfc-readers.com\/da\/wp-json\/wp\/v2\/product"}],"about":[{"href":"https:\/\/nfc-readers.com\/da\/wp-json\/wp\/v2\/types\/product"}],"wp:featuredmedia":[{"embeddable":true,"href":"https:\/\/nfc-readers.com\/da\/wp-json\/wp\/v2\/media\/2741"}],"wp:attachment":[{"href":"https:\/\/nfc-readers.com\/da\/wp-json\/wp\/v2\/media?parent=2740"}],"wp:term":[{"taxonomy":"product_brand","embeddable":true,"href":"https:\/\/nfc-readers.com\/da\/wp-json\/wp\/v2\/product_brand?post=2740"},{"taxonomy":"product_cat","embeddable":true,"href":"https:\/\/nfc-readers.com\/da\/wp-json\/wp\/v2\/product_cat?post=2740"},{"taxonomy":"product_tag","embeddable":true,"href":"https:\/\/nfc-readers.com\/da\/wp-json\/wp\/v2\/product_tag?post=2740"}],"curies":[{"name":"wp","href":"https:\/\/api.w.org\/{rel}","templated":true}]}}