{"id":2744,"date":"2024-06-11T02:10:05","date_gmt":"2024-06-11T02:10:05","guid":{"rendered":"https:\/\/nfc-readers.com\/?post_type=product&#038;p=2744"},"modified":"2024-09-23T08:58:36","modified_gmt":"2024-09-23T08:58:36","slug":"acr123s-rs232-nfc-lcd-contactless-reader-writer","status":"publish","type":"product","link":"https:\/\/nfc-readers.com\/da\/ic-reader\/acr123s-rs232-nfc-lcd-contactless-reader-writer\/","title":{"rendered":"ACR123S RS232 NFC LCD kontaktl\u00f8s l\u00e6seskriver"},"content":{"rendered":"<h1>ACR123S RS232 NFC LCD kontaktl\u00f8s l\u00e6seskriver<\/h1>\n<div><\/div>\n<div class=\"auto-hide-last-sibling-br paragraph_1252f paragraph-element\">Fremkomsten af kontaktl\u00f8s teknologi omformer forbrugernes k\u00f8bsadf\u00e6rd over hele kloden, hvilket \u00f8ger behovet for en robust l\u00f8sning, der kan underst\u00f8tte kontaktl\u00f8se betalingsapplikationer. ACR123S er specielt udviklet til at im\u00f8dekomme denne eskalerende eftersp\u00f8rgsel.<\/div>\n<div class=\"auto-hide-last-sibling-br paragraph_1252f paragraph-element\">ACR123S Intelligent Contactless Reader er en \u00f8konomisk, alsidig og smart kontaktl\u00f8s l\u00e6ser, der ubesv\u00e6ret kan integreres i allerede eksisterende POS-systemer (Point-of-Sale) eller kasseapparater og dermed give fordelene ved et kontantl\u00f8st betalingssystem. Bygget p\u00e5 13,56 MHz kontaktl\u00f8s (RFID) teknologi, er det kompatibelt med ethvert kontaktl\u00f8st kort, der overholder ISO 14443-4 standarden.<\/div>\n<div>\n<ul>\n<li>\n<h2>Seriel RS232-interface med RJ45-stik<\/h2>\n<\/li>\n<li>\n<h2>USB-interface til str\u00f8mforsyning<\/h2>\n<\/li>\n<li>\n<h2>ARM 32-bit CortexTM-M3-processor<\/h2>\n<\/li>\n<li>\n<h2>Smartkortl\u00e6ser:<\/h2>\n<ul>\n<li>\n<h3>L\u00e6se-\/skrivehastighed p\u00e5 op til 848 kbps<\/h3>\n<\/li>\n<li>\n<h3>Indbygget antenne til kontaktl\u00f8s kortadgang, med kortl\u00e6seafstand p\u00e5 op til 50 mm (afh\u00e6ngig af tagtype)<\/h3>\n<\/li>\n<li>\n<h3>Underst\u00f8ttelse af ISO 14443 Part 4 Type A- og B-kort og MIFARE-serien<\/h3>\n<\/li>\n<li>\n<h3>Indbygget anti-kollisionsfunktion<\/h3>\n<\/li>\n<li>\n<h3>Tre ISO 7816-kompatible SAM-slots<\/h3>\n<\/li>\n<\/ul>\n<\/li>\n<li>\n<h2>Indbygget periferiudstyr:<\/h2>\n<ul>\n<li>\n<h3>16 alfanumeriske tegn x 8 linjer Grafisk LCD (128 x 64 pixels)<\/h3>\n<\/li>\n<li>\n<h3>Fire brugerkontrollerbare LED&#039;er (bl\u00e5, gul, gr\u00f8n og r\u00f8d)<\/h3>\n<\/li>\n<li>\n<h3>Brugerkontrollerbar baggrundslys for tappeomr\u00e5de (r\u00f8d, gr\u00f8n og bl\u00e5)<\/h3>\n<\/li>\n<li>\n<h3>Brugerkontrollerbar h\u00f8jttaler (lydtoneindikation)<\/h3>\n<\/li>\n<\/ul>\n<\/li>\n<\/ul>\n<table width=\"514\">\n<tbody>\n<tr>\n<td colspan=\"2\" width=\"514\">Fysiske egenskaber<\/td>\n<\/tr>\n<tr>\n<td rowspan=\"2\" width=\"233\">Dimensioner (mm)<\/td>\n<td width=\"281\">Hoveddel: 159,0 mm (L) x 100,0 mm (B) x 21,0 mm (H)<\/td>\n<\/tr>\n<tr>\n<td width=\"281\">Med stativ: 177,4 mm (L) x 100,0 mm (B) x 94,5 mm (H)<\/td>\n<\/tr>\n<tr>\n<td rowspan=\"2\" width=\"233\">V\u00e6gt (g)<\/td>\n<td width=\"281\">Hovedkrop: 281 g<\/td>\n<\/tr>\n<tr>\n<td width=\"281\">Med stativ: 506 g<\/td>\n<\/tr>\n<tr>\n<td colspan=\"2\" width=\"514\">Seriel gr\u00e6nseflade<\/td>\n<\/tr>\n<tr>\n<td width=\"233\">Protokol<\/td>\n<td width=\"281\">RS-232<\/td>\n<\/tr>\n<tr>\n<td width=\"233\">Connector Type<\/td>\n<td width=\"281\">RJ45 stik<\/td>\n<\/tr>\n<tr>\n<td width=\"233\">Str\u00f8mkilde<\/td>\n<td width=\"281\">Fra USB-port<\/td>\n<\/tr>\n<tr>\n<td width=\"233\">Kabell\u00e6ngde<\/td>\n<td width=\"281\">1,5 m, fast (RJ45 + USB)<\/td>\n<\/tr>\n<tr>\n<td colspan=\"2\" width=\"514\">Kontaktl\u00f8s Smart Card-interface<\/td>\n<\/tr>\n<tr>\n<td width=\"233\">Standard<\/td>\n<td width=\"281\">ISO 14443 A &amp; B del 1-4<\/td>\n<\/tr>\n<tr>\n<td rowspan=\"2\" width=\"233\">Protokol<\/td>\n<td width=\"281\">ISO 14443-4 kompatibelt kort, T=CL<\/td>\n<\/tr>\n<tr>\n<td width=\"281\">MIFARE\u00ae Classic Card, T=CL<\/td>\n<\/tr>\n<tr>\n<td colspan=\"2\" width=\"514\">SAM kort interface<\/td>\n<\/tr>\n<tr>\n<td width=\"233\">Antal slots<\/td>\n<td width=\"281\">3 standard SIM-kortpladser<\/td>\n<\/tr>\n<tr>\n<td width=\"233\">Standard<\/td>\n<td width=\"281\">ISO 7816 Klasse A, B, C (5 V, 3 V, 1,8 V)<\/td>\n<\/tr>\n<tr>\n<td width=\"233\">Protokol<\/td>\n<td width=\"281\">T=0; T=1<\/td>\n<\/tr>\n<tr>\n<td colspan=\"2\" width=\"514\">Indbygget periferiudstyr<\/td>\n<\/tr>\n<tr>\n<td rowspan=\"3\" width=\"233\">LCD<\/td>\n<td width=\"281\">Grafisk LCD med hvid baggrundsbelysning<\/td>\n<\/tr>\n<tr>\n<td width=\"281\">Opl\u00f8sning: 128 x 64 pixels<\/td>\n<\/tr>\n<tr>\n<td width=\"281\">Antal tegn: 16 tegn x 8 linjer<\/td>\n<\/tr>\n<tr>\n<td width=\"233\">LED<\/td>\n<td width=\"281\">4 ensfarvede: bl\u00e5, gul, gr\u00f8n og r\u00f8d<\/td>\n<\/tr>\n<tr>\n<td width=\"233\">Tryk p\u00e5 Region<\/td>\n<td width=\"281\">Tre-farvet baggrundsbelysning: R\u00f8d, gr\u00f8n og bl\u00e5<\/td>\n<\/tr>\n<tr>\n<td width=\"233\">H\u00f8jttaler<\/td>\n<td width=\"281\">Indikation af lydtone<\/td>\n<\/tr>\n<tr>\n<td colspan=\"2\" width=\"514\">Andre funktioner<\/td>\n<\/tr>\n<tr>\n<td width=\"233\">Sikkerhed<\/td>\n<td width=\"281\">Sabotagekontakt (intern anti-indtr\u00e6ngningsdetektion og beskyttelse)<\/td>\n<\/tr>\n<tr>\n<td width=\"233\">Firmware opgradering<\/td>\n<td width=\"281\">Underst\u00f8ttet<\/td>\n<\/tr>\n<tr>\n<td width=\"233\">Realtidsur<\/td>\n<td width=\"281\">Underst\u00f8ttet<\/td>\n<\/tr>\n<tr>\n<td colspan=\"2\" width=\"514\">Certificeringer\/overholdelse<\/td>\n<\/tr>\n<tr>\n<td rowspan=\"8\" width=\"233\">Certificeringer\/overholdelse<\/td>\n<td width=\"281\">ISO 14443<\/td>\n<\/tr>\n<tr>\n<td width=\"281\">ISO 7816 (SAM-slot)<\/td>\n<\/tr>\n<tr>\n<td width=\"281\">VCCI (Japan)<\/td>\n<\/tr>\n<tr>\n<td width=\"281\">KC (Korea)<\/td>\n<\/tr>\n<tr>\n<td width=\"281\">CE<\/td>\n<\/tr>\n<tr>\n<td width=\"281\">FCC<\/td>\n<\/tr>\n<tr>\n<td width=\"281\">RoHS 2<\/td>\n<\/tr>\n<tr>\n<td width=\"281\">N\u00c5<\/td>\n<\/tr>\n<tr>\n<td colspan=\"2\" width=\"514\">Underst\u00f8ttelse af styresystem til enhedsdriver<\/td>\n<\/tr>\n<tr>\n<td rowspan=\"3\" width=\"233\">Underst\u00f8ttelse af styresystem til enhedsdriver<\/td>\n<td width=\"281\">Windows\u00ae CE<\/td>\n<\/tr>\n<tr>\n<td width=\"281\">Windows\u00ae<\/td>\n<\/tr>\n<tr>\n<td width=\"281\">Linux\u00ae<\/td>\n<\/tr>\n<\/tbody>\n<\/table>\n<\/div>","protected":false},"excerpt":{"rendered":"<div class=\"auto-hide-last-sibling-br paragraph_1252f paragraph-element\">ACR123S er en innovativ LCD USB 13,56 mhz RFID-l\u00e6ser, der forbedrer POS-systemer med s\u00f8ml\u00f8se, kontaktl\u00f8se betalingsmuligheder for en mere j\u00e6vn oplevelse ved kassen.<\/div>","protected":false},"featured_media":2745,"template":"","meta":[],"product_brand":[],"product_cat":[45],"product_tag":[],"class_list":{"0":"post-2744","1":"product","2":"type-product","3":"status-publish","4":"has-post-thumbnail","6":"product_cat-contactless-nfc-reader","8":"first","9":"instock","10":"shipping-taxable","11":"product-type-simple"},"_links":{"self":[{"href":"https:\/\/nfc-readers.com\/da\/wp-json\/wp\/v2\/product\/2744","targetHints":{"allow":["GET"]}}],"collection":[{"href":"https:\/\/nfc-readers.com\/da\/wp-json\/wp\/v2\/product"}],"about":[{"href":"https:\/\/nfc-readers.com\/da\/wp-json\/wp\/v2\/types\/product"}],"wp:featuredmedia":[{"embeddable":true,"href":"https:\/\/nfc-readers.com\/da\/wp-json\/wp\/v2\/media\/2745"}],"wp:attachment":[{"href":"https:\/\/nfc-readers.com\/da\/wp-json\/wp\/v2\/media?parent=2744"}],"wp:term":[{"taxonomy":"product_brand","embeddable":true,"href":"https:\/\/nfc-readers.com\/da\/wp-json\/wp\/v2\/product_brand?post=2744"},{"taxonomy":"product_cat","embeddable":true,"href":"https:\/\/nfc-readers.com\/da\/wp-json\/wp\/v2\/product_cat?post=2744"},{"taxonomy":"product_tag","embeddable":true,"href":"https:\/\/nfc-readers.com\/da\/wp-json\/wp\/v2\/product_tag?post=2744"}],"curies":[{"name":"wp","href":"https:\/\/api.w.org\/{rel}","templated":true}]}}