{"id":2758,"date":"2024-06-11T12:39:26","date_gmt":"2024-06-11T12:39:26","guid":{"rendered":"https:\/\/nfc-readers.com\/?post_type=product&#038;p=2758"},"modified":"2024-09-23T06:23:59","modified_gmt":"2024-09-23T06:23:59","slug":"acm1323s-rs232-contactless-reader-writer","status":"publish","type":"product","link":"https:\/\/nfc-readers.com\/da\/ic-reader\/acm1323s-rs232-contactless-reader-writer\/","title":{"rendered":"ACM1323S RS232 Kontaktl\u00f8s l\u00e6seskriver"},"content":{"rendered":"<h1>ACM1323S RS232 Kontaktl\u00f8s l\u00e6seskriver<\/h1>\n<p>ACM1323 er et smartkortl\u00e6sermodul baseret p\u00e5 13,56MHz kontaktl\u00f8s teknologi. Det vedtager seriel kommunikationsprotokol og underst\u00f8tter valgfrit RS232-interface eller UARTTTL-signalinterface. Det underst\u00f8tter l\u00e6sning og skrivning af klasse A-chipkort, der overholder ISO144431 til del 4, inklusive CPU-kort, MIFARE Classic, Mifare 1K\/4K, Mifare Plus og DESFire. ACM1323S er en \u00e6gte plug and play-enhed, der kan bruges uden nogen drivere og er designet til hurtig integration i indlejrede systemer, velegnet til en r\u00e6kke forskellige applikationsscenarier s\u00e5som ladepunkter, tablets, salgsautomater, offentlig transport, netv\u00e6rksadgangskontrol, fremm\u00f8de og andre integrerede systemer. Den underst\u00f8tter ogs\u00e5 firmwareopgraderinger uden behov for yderligere hardware\u00e6ndringer.<\/p>\n<table width=\"628\">\n<tbody>\n<tr>\n<td colspan=\"2\" width=\"628\">Fysiske egenskaber<\/td>\n<\/tr>\n<tr>\n<td width=\"335\">Dimensioner (mm)<\/td>\n<td width=\"293\">73,5 x 40,0 x 4,5<\/td>\n<\/tr>\n<tr>\n<td width=\"335\">V\u00e6gt (g)<\/td>\n<td width=\"293\">7.2<\/td>\n<\/tr>\n<tr>\n<td colspan=\"2\" width=\"628\">RS232 interface<\/td>\n<\/tr>\n<tr>\n<td width=\"335\">Connector Type<\/td>\n<td width=\"293\">RS232 TTL<\/td>\n<\/tr>\n<tr>\n<td width=\"335\">Str\u00f8mkilde<\/td>\n<td width=\"293\">Fra USB-port<\/td>\n<\/tr>\n<tr>\n<td width=\"335\">Kabell\u00e6ngde<\/td>\n<td width=\"293\">1m, aftagelig (efter anmodning)<\/td>\n<\/tr>\n<tr>\n<td colspan=\"2\" width=\"628\">Kontaktl\u00f8s Smart Card-interface<\/td>\n<\/tr>\n<tr>\n<td width=\"335\">Standard<\/td>\n<td width=\"293\">ISO 14443 Type A CPU-kort MIFARE Classic, Mifare 1K\/4K, Mifare Plus og DESFire<\/td>\n<\/tr>\n<tr>\n<td rowspan=\"2\" width=\"335\">Protokol<\/td>\n<td width=\"293\">ISO 14443-4 kompatibelt kort, T=CL<\/td>\n<\/tr>\n<tr>\n<td width=\"293\">MIFARE\u00ae Classic Card, T=CL<\/td>\n<\/tr>\n<tr>\n<td colspan=\"2\" width=\"628\">Indbygget periferiudstyr<\/td>\n<\/tr>\n<tr>\n<td width=\"335\">LED<\/td>\n<td width=\"293\">1 tofarvet: bl\u00e5 og gr\u00f8n<\/td>\n<\/tr>\n<tr>\n<td colspan=\"2\" width=\"628\">Andre funktioner<\/td>\n<\/tr>\n<tr>\n<td rowspan=\"3\" width=\"335\">Andre funktioner<\/td>\n<td width=\"293\">Underst\u00f8ttede korttyper:<\/td>\n<\/tr>\n<tr>\n<td width=\"293\">ISO 14443 Type A &amp; B del 1-4,<\/td>\n<\/tr>\n<tr>\n<td width=\"293\">MIFARE Classic\u00ae, MIFARE DESFire\u00ae, MIFARE Ultralight\u00ae, MIFARE Plus\u00ae<\/td>\n<\/tr>\n<tr>\n<td width=\"335\">Firmware opgradering<\/td>\n<td width=\"293\">Underst\u00f8ttet<\/td>\n<\/tr>\n<tr>\n<td colspan=\"2\" width=\"628\">Certificeringer\/overholdelse<\/td>\n<\/tr>\n<tr>\n<td rowspan=\"3\" width=\"335\">Certificeringer\/overholdelse<\/td>\n<td width=\"293\">Certificeringer:<\/td>\n<\/tr>\n<tr>\n<td width=\"293\">IEC\/EN 62368, CE, UKCA, FCC, VCCI, RoHS, REACH, WEEE, Microsoft\u00ae WHQL<\/td>\n<\/tr>\n<tr>\n<td width=\"293\">\u00a0 Overholdelse:<\/td>\n<\/tr>\n<tr>\n<td colspan=\"2\" width=\"628\">Underst\u00f8ttelse af styresystem til enhedsdriver<\/td>\n<\/tr>\n<tr>\n<td width=\"335\">Underst\u00f8ttelse af styresystem til enhedsdriver<\/td>\n<td width=\"293\">Windows\u00ae, Linux\u00ae, macOS, Android\u2122<\/td>\n<\/tr>\n<\/tbody>\n<\/table>","protected":false},"excerpt":{"rendered":"<p>ACM1323 er en alsidig RFID-kortl\u00e6ser, der fungerer med forskellige smartkort og nemt integreres i indlejrede systemer.<\/p>","protected":false},"featured_media":2759,"template":"","meta":[],"product_brand":[],"product_cat":[41],"product_tag":[],"class_list":{"0":"post-2758","1":"product","2":"type-product","3":"status-publish","4":"has-post-thumbnail","6":"product_cat-module-ic-reader","8":"first","9":"instock","10":"shipping-taxable","11":"product-type-simple"},"_links":{"self":[{"href":"https:\/\/nfc-readers.com\/da\/wp-json\/wp\/v2\/product\/2758","targetHints":{"allow":["GET"]}}],"collection":[{"href":"https:\/\/nfc-readers.com\/da\/wp-json\/wp\/v2\/product"}],"about":[{"href":"https:\/\/nfc-readers.com\/da\/wp-json\/wp\/v2\/types\/product"}],"wp:featuredmedia":[{"embeddable":true,"href":"https:\/\/nfc-readers.com\/da\/wp-json\/wp\/v2\/media\/2759"}],"wp:attachment":[{"href":"https:\/\/nfc-readers.com\/da\/wp-json\/wp\/v2\/media?parent=2758"}],"wp:term":[{"taxonomy":"product_brand","embeddable":true,"href":"https:\/\/nfc-readers.com\/da\/wp-json\/wp\/v2\/product_brand?post=2758"},{"taxonomy":"product_cat","embeddable":true,"href":"https:\/\/nfc-readers.com\/da\/wp-json\/wp\/v2\/product_cat?post=2758"},{"taxonomy":"product_tag","embeddable":true,"href":"https:\/\/nfc-readers.com\/da\/wp-json\/wp\/v2\/product_tag?post=2758"}],"curies":[{"name":"wp","href":"https:\/\/api.w.org\/{rel}","templated":true}]}}