{"id":2765,"date":"2024-06-11T13:24:05","date_gmt":"2024-06-11T13:24:05","guid":{"rendered":"https:\/\/nfc-readers.com\/?post_type=product&#038;p=2765"},"modified":"2024-09-23T06:21:32","modified_gmt":"2024-09-23T06:21:32","slug":"acr1552u-a2-aquaguard-nfc-usb-contactless-reader-writer","status":"publish","type":"product","link":"https:\/\/nfc-readers.com\/da\/ic-reader\/acr1552u-a2-aquaguard-nfc-usb-contactless-reader-writer\/","title":{"rendered":"ACR1552U-A2 AquaGuard NFC USB-kontaktl\u00f8s l\u00e6seskriver"},"content":{"rendered":"<h1>ACR1552U-A2 AquaGuard NFC USB-kontaktl\u00f8s l\u00e6seskriver<\/h1>\n<p>ACR1552U-A2 AquaGuard NFC USB-l\u00e6ser er en robust fjerdegenerationsenhed bygget p\u00e5 13,56 MHz kontaktl\u00f8s teknologi. Den fungerer med kontaktl\u00f8se kort og enheder, der overholder standarderne IS0 14443 Type A og B, ISO 15693 og ISO 18092. IP67-klassificeringen angiver dens exceptionelle modstandsdygtighed over for st\u00f8v og vand, hvilket sikrer uafbrudt drift selv under udfordrende forhold. I overensstemmelse med b\u00e5de CCID og PC\/SC-standarder tilbyder ACR1552U-A2 AquaGuard NFC USB-l\u00e6ser h\u00f8jhastighedskommunikation p\u00e5 op til 848 kbps. L\u00e6serens IP67-certificerede skal rummer USB-firmware-opgraderbare funktioner, hvilket udvider dens alsidighed og omkostningseffektivitet p\u00e5 tv\u00e6rs af adskillige sektorer, herunder finans, sundhedspleje og regering. Denne IP67-klassificerede NFC-l\u00e6ser underst\u00f8tter intelligent tre NFC-tilstande: l\u00e6ser\/skriver, kortemulering og tastaturemulering. Dens robusthed og alsidighed \u00e5bner op for en bred vifte af potentielle applikationer s\u00e5som e-betaling, adgangskontrolsystemer og transportbilletter. ACR1552U-A2AquaGuard NFC USBReader, med sin IP67-underst\u00f8ttelse, st\u00e5r som et robust og p\u00e5lideligt valg inden for NFC-teknologi.<\/p>\n<ul>\n<li>\n<h2>USB 2.0 fuld hastighed interface<\/h2>\n<\/li>\n<li>\n<h2>CCID-overholdelse<\/h2>\n<\/li>\n<li>\n<h2>Kontaktl\u00f8s smartkortl\u00e6ser:<\/h2>\n<ul>\n<li>\n<h3>L\u00e6se-\/skrivehastighed op til 848 kbps<\/h3>\n<\/li>\n<li>\n<h3>Indbygget antenne til kontaktl\u00f8s tag-adgang, med kortl\u00e6seafstand p\u00e5 op til 70 mm (afh\u00e6ngigt af tag-type)<\/h3>\n<\/li>\n<li>\n<h3>Underst\u00f8tter ISO 14443 Type A og B-kort, ISO 15693-kort og ISO18092 NFC<\/h3>\n<\/li>\n<li>\n<h3>Underst\u00f8tter MIFARE\u00ae (T=CL), FeliCa, NFC tags, SRI\/SRIX, CTS, Innovatron, Picopass, Topaz Card<\/h3>\n<\/li>\n<li>\n<h3>Indbygget anti-kollisionsfunktion<\/h3>\n<\/li>\n<li>\n<h3>Underst\u00f8tter udvidet APDU (maks. 64 kbytes)<\/h3>\n<\/li>\n<li>\n<h3>\u00c9t ISO7816-kompatibelt SAM slot (klasse A)<\/h3>\n<\/li>\n<li>\n<h3>NFC support<\/h3>\n<ul>\n<li>\u00a0 \u00a0Smart Card Reader\/Writer Mode<\/li>\n<li>\u00a0 \u00a0Kortemuleringstilstand<\/li>\n<li>\u00a0 \u00a0Tastaturemuleringstilstand<\/li>\n<\/ul>\n<\/li>\n<\/ul>\n<\/li>\n<li>\n<h2>Applikationsprogrammeringsgr\u00e6nseflade:<\/h2>\n<ul>\n<li>\n<h3>Underst\u00f8tter PC\/SC<\/h3>\n<\/li>\n<li>\n<h3>Underst\u00f8tter CT-API (gennem indpakning oven p\u00e5 PC\/SC)<\/h3>\n<\/li>\n<\/ul>\n<\/li>\n<li>\n<h2>Periferiudstyr:<\/h2>\n<ul>\n<li>\n<h3>Brugerkontrollerbar tofarvet LED (bl\u00e5 og gr\u00f8n)<\/h3>\n<\/li>\n<li>\n<h3>Brugerkontrollerbar summer (monotone)<\/h3>\n<\/li>\n<li>\n<h3>\u00c9t SAM slot<\/h3>\n<\/li>\n<\/ul>\n<\/li>\n<li>\n<h2>USB-firmwareopgradering<\/h2>\n<\/li>\n<\/ul>\n<table width=\"598\">\n<tbody>\n<tr>\n<td colspan=\"2\" width=\"598\">Fysiske egenskaber<\/td>\n<\/tr>\n<tr>\n<td width=\"225\">Dimensioner (mm)<\/td>\n<td width=\"373\">Hovedkrop: 98 x 65 x 12,8 mm<\/td>\n<\/tr>\n<tr>\n<td width=\"225\">V\u00e6gt (g)<\/td>\n<td width=\"373\">89 g<\/td>\n<\/tr>\n<tr>\n<td colspan=\"2\" width=\"598\">USB interface<\/td>\n<\/tr>\n<tr>\n<td width=\"225\">Protokol<\/td>\n<td width=\"373\">USB CCID<\/td>\n<\/tr>\n<tr>\n<td width=\"225\">Connector Type<\/td>\n<td width=\"373\">USB Type-A (ACR1552U-A2), USB Type-C (ACR1552U-MF)<\/td>\n<\/tr>\n<tr>\n<td width=\"225\">Str\u00f8mkilde<\/td>\n<td width=\"373\">Fra USB-port<\/td>\n<\/tr>\n<tr>\n<td width=\"225\">Hastighed<\/td>\n<td width=\"373\">USB fuld hastighed (12 Mbps)<\/td>\n<\/tr>\n<tr>\n<td width=\"225\">Kabell\u00e6ngde<\/td>\n<td width=\"373\">1m, ikke aftagelig<\/td>\n<\/tr>\n<tr>\n<td colspan=\"2\" width=\"598\">Kontaktl\u00f8s Smart Card-interface<\/td>\n<\/tr>\n<tr>\n<td width=\"225\">Standard<\/td>\n<td width=\"373\">ISO\/IEC 18092 NFC, ISO 14443 Type A &amp; B, ISO 15693, MIFARE\u00ae, FeliCa<\/td>\n<\/tr>\n<tr>\n<td rowspan=\"5\" width=\"225\">Protokol<\/td>\n<td width=\"373\">ISO 14443-4 kompatibelt kort, T=CL<\/td>\n<\/tr>\n<tr>\n<td width=\"373\">MIFARE\u00ae Classic Card, T=CL<\/td>\n<\/tr>\n<tr>\n<td width=\"373\">ISO 15693<\/td>\n<\/tr>\n<tr>\n<td width=\"373\">ISO 18092 NFC-tags<\/td>\n<\/tr>\n<tr>\n<td width=\"373\">FeliCa<\/td>\n<\/tr>\n<tr>\n<td colspan=\"2\" width=\"598\">Indbygget periferiudstyr<\/td>\n<\/tr>\n<tr>\n<td width=\"225\">LED<\/td>\n<td width=\"373\">1 tofarvet: bl\u00e5 og gr\u00f8n<\/td>\n<\/tr>\n<tr>\n<td width=\"225\">Summer<\/td>\n<td width=\"373\">Ja<\/td>\n<\/tr>\n<tr>\n<td colspan=\"2\" width=\"598\">Andre funktioner<\/td>\n<\/tr>\n<tr>\n<td rowspan=\"4\" width=\"225\">Andre funktioner<\/td>\n<td width=\"373\">Underst\u00f8ttede korttyper:<\/td>\n<\/tr>\n<tr>\n<td width=\"373\">ISO 14443 Type A &amp; B Parts 1-4, ISO 15693, ISO 18092 NFC, MIFARE\u00ae, FeliCa, SRI\/SRIX, CTS, Innovatron, Picopass, Topaz Card<\/td>\n<\/tr>\n<tr>\n<td width=\"373\">\u00a0 NFC-funktioner:<\/td>\n<\/tr>\n<tr>\n<td width=\"373\">Smartkortl\u00e6ser\/skriver, tastaturemulering, kortemulering<\/td>\n<\/tr>\n<tr>\n<td width=\"225\">Firmware opgradering<\/td>\n<td width=\"373\">Underst\u00f8ttet<\/td>\n<\/tr>\n<tr>\n<td colspan=\"2\" width=\"598\">Certificeringer\/overholdelse<\/td>\n<\/tr>\n<tr>\n<td rowspan=\"4\" width=\"225\">Certificeringer\/overholdelse<\/td>\n<td width=\"373\">Certificeringer:<\/td>\n<\/tr>\n<tr>\n<td width=\"373\">IEC\/EN 62368, CE, UKCA, FCC, VCCI, KC, J-LIS, RoHS, REACH, WEEE, Microsoft\u00ae WHQL, IP67<\/td>\n<\/tr>\n<tr>\n<td width=\"373\">Overholdelse:<\/td>\n<\/tr>\n<tr>\n<td width=\"373\">USB CCID, PC\/SC<\/td>\n<\/tr>\n<tr>\n<td colspan=\"2\" width=\"598\">Underst\u00f8ttelse af styresystem til enhedsdriver<\/td>\n<\/tr>\n<tr>\n<td width=\"225\">Underst\u00f8ttelse af styresystem til enhedsdriver<\/td>\n<td width=\"373\">Windows\u00ae, Linux\u00ae, macOS, Android\u2122, iOS\/iPadOS (16 eller derover)<\/td>\n<\/tr>\n<tr>\n<td><\/td>\n<td><\/td>\n<\/tr>\n<\/tbody>\n<\/table>","protected":false},"excerpt":{"rendered":"<p>ACR1552U-A2 AquaGuard NFC USB UID-kortl\u00e6ser er en robust enhed designet til p\u00e5lidelig ydeevne i udfordrende milj\u00f8er.<\/p>","protected":false},"featured_media":2770,"template":"","meta":[],"product_brand":[],"product_cat":[45,40],"product_tag":[],"class_list":{"0":"post-2765","1":"product","2":"type-product","3":"status-publish","4":"has-post-thumbnail","6":"product_cat-contactless-nfc-reader","7":"product_cat-rfid-nfc-reader","9":"first","10":"instock","11":"shipping-taxable","12":"product-type-simple"},"_links":{"self":[{"href":"https:\/\/nfc-readers.com\/da\/wp-json\/wp\/v2\/product\/2765","targetHints":{"allow":["GET"]}}],"collection":[{"href":"https:\/\/nfc-readers.com\/da\/wp-json\/wp\/v2\/product"}],"about":[{"href":"https:\/\/nfc-readers.com\/da\/wp-json\/wp\/v2\/types\/product"}],"wp:featuredmedia":[{"embeddable":true,"href":"https:\/\/nfc-readers.com\/da\/wp-json\/wp\/v2\/media\/2770"}],"wp:attachment":[{"href":"https:\/\/nfc-readers.com\/da\/wp-json\/wp\/v2\/media?parent=2765"}],"wp:term":[{"taxonomy":"product_brand","embeddable":true,"href":"https:\/\/nfc-readers.com\/da\/wp-json\/wp\/v2\/product_brand?post=2765"},{"taxonomy":"product_cat","embeddable":true,"href":"https:\/\/nfc-readers.com\/da\/wp-json\/wp\/v2\/product_cat?post=2765"},{"taxonomy":"product_tag","embeddable":true,"href":"https:\/\/nfc-readers.com\/da\/wp-json\/wp\/v2\/product_tag?post=2765"}],"curies":[{"name":"wp","href":"https:\/\/api.w.org\/{rel}","templated":true}]}}