{"id":2773,"date":"2024-06-11T14:17:35","date_gmt":"2024-06-11T14:17:35","guid":{"rendered":"https:\/\/nfc-readers.com\/?post_type=product&#038;p=2773"},"modified":"2024-09-23T06:15:02","modified_gmt":"2024-09-23T06:15:02","slug":"acr1555u-a1-bluetooth-nfc-usb-contactless-reader-writer","status":"publish","type":"product","link":"https:\/\/nfc-readers.com\/da\/ic-reader\/acr1555u-a1-bluetooth-nfc-usb-contactless-reader-writer\/","title":{"rendered":"ACR1555U-A1 Bluetooth NFC USB Kontaktl\u00f8s l\u00e6seskriver"},"content":{"rendered":"<h1>ACR1555U-A1 Bluetooth NFC USB Kontaktl\u00f8s l\u00e6seskriver<\/h1>\n<div class=\"auto-hide-last-sibling-br paragraph_1252f paragraph-element\">ACR1555U-A1 NFC Bluetooth\u00ae-l\u00e6seren er kompatibel med ISO 14443 Parts 1-4 og ISO 18092-standarderne og underst\u00f8tter en lang r\u00e6kke kontaktl\u00f8se kort, herunder MIFARE-kort, FeliCa\u2122-kort, ISO 7816 Klasse A, B og C (5V, 3V og 1,8V) SAM-kort og NFC-tags. L\u00e6seren underst\u00f8tter Bluetooth Standard 5.2 i single-mode-drift og er ogs\u00e5 en USB Type-C-enhed, der sikrer kompatibilitet med forskellige operativsystemer s\u00e5som iOS, Android\u2122, Linux og Windows. Til str\u00f8m er ACR1555U udstyret med en 450mAh 3.7 V Li-ion batteri. Den har 3 LED&#039;er og en buzzer til at angive enhedens driftsstatus sammen med 2 knapper til styring af batteri, enhedsstatus og Bluetooth-status. Dette g\u00f8r ACR1555U til en alsidig og brugervenlig NFC Bluetooth\u00ae-l\u00e6ser, der er velegnet til en r\u00e6kke forskellige applikationer.<\/div>\n<table width=\"641\">\n<tbody>\n<tr>\n<td colspan=\"2\" width=\"641\">Fysiske egenskaber<\/td>\n<\/tr>\n<tr>\n<td width=\"210\">Dimensioner (mm)<\/td>\n<td width=\"431\">93 mm (L) x 58 mm (B) x 6,0 mm (H)<\/td>\n<\/tr>\n<tr>\n<td width=\"210\"><\/td>\n<td width=\"431\">94 mm (L) x 60,2 mm (B) x 9,0 mm (H) (med kortholder)<\/td>\n<\/tr>\n<tr>\n<td width=\"210\">V\u00e6gt (g)<\/td>\n<td width=\"431\">31,0 g (kortl\u00e6ser)<\/td>\n<\/tr>\n<tr>\n<td width=\"210\"><\/td>\n<td width=\"431\">39,0 g (med kortholder)<\/td>\n<\/tr>\n<tr>\n<td colspan=\"2\" width=\"641\">Bluetooth-gr\u00e6nseflade<\/td>\n<\/tr>\n<tr>\n<td width=\"210\">Protokol<\/td>\n<td width=\"431\">Bluetooth\u00ae (Bluetooth 5.2)<\/td>\n<\/tr>\n<tr>\n<td width=\"210\">Str\u00f8mkilde<\/td>\n<td width=\"431\">Genopladeligt lithium-ion-batteri (oplades via USB)<\/td>\n<\/tr>\n<tr>\n<td colspan=\"2\" width=\"641\">USB interface<\/td>\n<\/tr>\n<tr>\n<td width=\"210\">Protokol<\/td>\n<td width=\"431\">USB CCID<\/td>\n<\/tr>\n<tr>\n<td width=\"210\">Connector Type<\/td>\n<td width=\"431\">USB TYPE C<\/td>\n<\/tr>\n<tr>\n<td width=\"210\">Str\u00f8mkilde<\/td>\n<td width=\"431\">Fra USB-port<\/td>\n<\/tr>\n<tr>\n<td width=\"210\">Hastighed<\/td>\n<td width=\"431\">USB fuld hastighed (12 Mbps)<\/td>\n<\/tr>\n<tr>\n<td width=\"210\">Kabell\u00e6ngde<\/td>\n<td width=\"431\">1 m, aftagelig<\/td>\n<\/tr>\n<tr>\n<td colspan=\"2\" width=\"641\">Kontaktl\u00f8s Smart Card-interface<\/td>\n<\/tr>\n<tr>\n<td width=\"210\">Standard<\/td>\n<td width=\"431\">ISO\/IEC 18092 NFC, ISO15693, ISO 14443 Type A &amp; B, MIFARE, FeliCa<\/td>\n<\/tr>\n<tr>\n<td width=\"210\">Protokol<\/td>\n<td width=\"431\">ISO 14443-4 kompatibelt kort, T=CL<br \/>\nMIFARE Classic Card, T=CL<br \/>\nISO 18092, NFC-tags<br \/>\nFeliCa<\/td>\n<\/tr>\n<tr>\n<td colspan=\"2\" width=\"641\">Indbygget periferiudstyr<\/td>\n<\/tr>\n<tr>\n<td width=\"210\">LED<\/td>\n<td width=\"431\">2 bi-farver: r\u00f8d og bl\u00e5, r\u00f8d og gr\u00f8n<\/td>\n<\/tr>\n<tr>\n<td width=\"210\">Underst\u00f8tter forskellige NFC-funktioner<\/td>\n<td width=\"431\"><\/td>\n<\/tr>\n<tr>\n<td width=\"210\"><\/td>\n<td width=\"431\">Kortl\u00e6ser\/skrivertilstand<\/td>\n<\/tr>\n<tr>\n<td width=\"210\"><\/td>\n<td width=\"431\">Kortemuleringstilstand<\/td>\n<\/tr>\n<tr>\n<td width=\"210\"><\/td>\n<td width=\"431\">Underst\u00f8tter tastaturemuleringstilstand<\/td>\n<\/tr>\n<tr>\n<td colspan=\"2\" width=\"641\">Andre funktioner<\/td>\n<\/tr>\n<tr>\n<td width=\"210\">Kryptering<\/td>\n<td width=\"431\">In-device AES 128 krypteringsalgoritme<\/td>\n<\/tr>\n<tr>\n<td width=\"210\">Firmware opgradering<\/td>\n<td width=\"431\">Underst\u00f8ttet<\/td>\n<\/tr>\n<tr>\n<td colspan=\"2\" width=\"641\">Certificeringer\/overholdelse<\/td>\n<\/tr>\n<tr>\n<td rowspan=\"14\" width=\"210\">Certificeringer\/overholdelse<\/td>\n<td>EN \/IEC 62368<\/td>\n<\/tr>\n<tr>\n<td>ISO 18092<\/td>\n<\/tr>\n<tr>\n<td>ISO 14443<\/td>\n<\/tr>\n<tr>\n<td>ISO 15693<\/td>\n<\/tr>\n<tr>\n<td>Bluetooth\u00aeBQB<\/td>\n<\/tr>\n<tr>\n<td>KCC<\/td>\n<\/tr>\n<tr>\n<td>UKCA<\/td>\n<\/tr>\n<tr>\n<td>CE<\/td>\n<\/tr>\n<tr>\n<td>FCC<\/td>\n<\/tr>\n<tr>\n<td>RoHS<\/td>\n<\/tr>\n<tr>\n<td>N\u00c5<\/td>\n<\/tr>\n<tr>\n<td>TELEC (Japan)<\/td>\n<\/tr>\n<tr>\n<td>VCCI<\/td>\n<\/tr>\n<tr>\n<td>Microsoft\u00ae WHQL<\/td>\n<\/tr>\n<tr>\n<td colspan=\"2\" width=\"641\">Underst\u00f8ttelse af styresystem til enhedsdriver<\/td>\n<\/tr>\n<tr>\n<td rowspan=\"5\" width=\"210\">Underst\u00f8ttelse af styresystem til enhedsdriver<\/td>\n<td width=\"431\">Windows\u00ae<\/td>\n<\/tr>\n<tr>\n<td width=\"431\">Linux\u00ae<\/td>\n<\/tr>\n<tr>\n<td width=\"431\">MAC OS\u00ae 10.7 og nyere<\/td>\n<\/tr>\n<tr>\n<td width=\"431\">Android\u2122 4.3 og nyere<\/td>\n<\/tr>\n<tr>\n<td width=\"431\">iOS 8.0 og nyere<\/td>\n<\/tr>\n<\/tbody>\n<\/table>\n<p>&nbsp;<\/p>","protected":false},"excerpt":{"rendered":"<div class=\"auto-hide-last-sibling-br paragraph_1252f paragraph-element\">ACR1555U-A1 er en b\u00e6rbar Bluetooth\u00ae NFC-l\u00e6ser, der muligg\u00f8r smartkort- og NFC-applikationer p\u00e5 farten.<\/div>","protected":false},"featured_media":2774,"template":"","meta":[],"product_brand":[],"product_cat":[45,38],"product_tag":[],"class_list":{"0":"post-2773","1":"product","2":"type-product","3":"status-publish","4":"has-post-thumbnail","6":"product_cat-contactless-nfc-reader","7":"product_cat-mobile-ble-nfc-reader","9":"first","10":"instock","11":"shipping-taxable","12":"product-type-simple"},"_links":{"self":[{"href":"https:\/\/nfc-readers.com\/da\/wp-json\/wp\/v2\/product\/2773","targetHints":{"allow":["GET"]}}],"collection":[{"href":"https:\/\/nfc-readers.com\/da\/wp-json\/wp\/v2\/product"}],"about":[{"href":"https:\/\/nfc-readers.com\/da\/wp-json\/wp\/v2\/types\/product"}],"wp:featuredmedia":[{"embeddable":true,"href":"https:\/\/nfc-readers.com\/da\/wp-json\/wp\/v2\/media\/2774"}],"wp:attachment":[{"href":"https:\/\/nfc-readers.com\/da\/wp-json\/wp\/v2\/media?parent=2773"}],"wp:term":[{"taxonomy":"product_brand","embeddable":true,"href":"https:\/\/nfc-readers.com\/da\/wp-json\/wp\/v2\/product_brand?post=2773"},{"taxonomy":"product_cat","embeddable":true,"href":"https:\/\/nfc-readers.com\/da\/wp-json\/wp\/v2\/product_cat?post=2773"},{"taxonomy":"product_tag","embeddable":true,"href":"https:\/\/nfc-readers.com\/da\/wp-json\/wp\/v2\/product_tag?post=2773"}],"curies":[{"name":"wp","href":"https:\/\/api.w.org\/{rel}","templated":true}]}}