{"id":2780,"date":"2024-06-12T02:05:36","date_gmt":"2024-06-12T02:05:36","guid":{"rendered":"https:\/\/nfc-readers.com\/?post_type=product&#038;p=2780"},"modified":"2024-09-23T06:11:23","modified_gmt":"2024-09-23T06:11:23","slug":"acr40u-premium-high-speed-usb-contact-smartcard-reader-writer","status":"publish","type":"product","link":"https:\/\/nfc-readers.com\/da\/ic-reader\/acr40u-premium-high-speed-usb-contact-smartcard-reader-writer\/","title":{"rendered":"ACR40U Premium High Speed USB Kontakt Smartcard Reader Writer"},"content":{"rendered":"<h1>ACR40U Premium High Speed USB Kontakt Smartcard Reader Writer<\/h1>\n<div class=\"auto-hide-last-sibling-br paragraph_1252f paragraph-element\">Vi pr\u00e6senterer ACR40U, h\u00f8jhastigheds USB-kontakt smartkortl\u00e6ser. Det giver kontinuerlig support til ISO 7816 klasse A, B og C smartcards, mikroprocessorkort, der bruger T=0 og T=1 protokoller, og en lang r\u00e6kke hukommelseskort, der er tilg\u00e6ngelige p\u00e5 markedet. ACR40U kan prale af to LED-lys, der indikerer status for kortet og l\u00e6seren. N\u00f8gleforbedringer omfatter muligheden for at opgradere firmware og gemme brugerdata p\u00e5 enheden, hvilket im\u00f8dekommer en bred vifte af applikationsscenarier. Den inkluderer ogs\u00e5 et stativtilbeh\u00f8r, der muligg\u00f8r forskellige konfigurationer, herunder b\u00e5de lodrette og vandrette orienteringer. I overensstemmelse med CCID-, PC\/SC- og Microsoft\u00ae WHQL-standarderne garanterer ACR40U ubesv\u00e6ret integration med adskillige operativsystemer s\u00e5som Windows\u00ae, Linux\u00ae, macOS , iOS, iPadOS og Android\u2122. Det underst\u00f8tter b\u00e5de USB Type-A- og Type-C-gr\u00e6nseflader og tilbyder fleksible tilslutningsmuligheder.<\/div>\n<div>\n<ul>\n<li>\n<h2>USB 2.0 fuld hastighed interface<\/h2>\n<\/li>\n<li>\n<h2>USB Type A<\/h2>\n<\/li>\n<li>\n<h2>Plug and Play \u2013 CCID-underst\u00f8ttelse giver den st\u00f8rste mobilitet<\/h2>\n<\/li>\n<li>\n<h2>Smartkortl\u00e6ser:<\/h2>\n<ul>\n<li>\n<h3>Underst\u00f8tter ISO 7816 klasse A, B og C (5 V, 3 V, 1,8 V) kort<\/h3>\n<\/li>\n<li>\n<h3>Underst\u00f8tter CAC<\/h3>\n<\/li>\n<li>\n<h3>Underst\u00f8tter SIPRNET-kort<\/h3>\n<\/li>\n<li>\n<h3>Underst\u00f8tter MyKad<\/h3>\n<\/li>\n<li>\n<h3>Underst\u00f8tter J-LIS-kort<\/h3>\n<\/li>\n<li>\n<h3>Underst\u00f8tter mikroprocessorkort med T=0 eller T=1 protokol<\/h3>\n<\/li>\n<li>\n<h3>Underst\u00f8tter hukommelseskort<\/h3>\n<\/li>\n<li>\n<h3>Underst\u00f8tter PPS (Protocol and Parameter Selection)<\/h3>\n<\/li>\n<li>\n<h3>Har kortslutningsbeskyttelse<\/h3>\n<\/li>\n<\/ul>\n<\/li>\n<li>\n<h2>Applikationsprogrammeringsgr\u00e6nseflade:<\/h2>\n<ul>\n<li>\n<h3>Underst\u00f8tter PC\/SC<\/h3>\n<\/li>\n<li>\n<h3>Underst\u00f8tter CT-API<\/h3>\n<\/li>\n<\/ul>\n<\/li>\n<li>\n<h2>Underst\u00f8tter alle st\u00f8rre operativsystemer<\/h2>\n<ul>\n<li>\n<h3>Windows\u00ae, Linux\u00ae, macOS, iOS, iPadOS, Android\u2122, Solaris\u2122<\/h3>\n<\/li>\n<\/ul>\n<\/li>\n<\/ul>\n<table width=\"606\">\n<tbody>\n<tr>\n<td colspan=\"2\" width=\"606\">Fysiske egenskaber<\/td>\n<\/tr>\n<tr>\n<td width=\"211\">Dimensioner (mm)<\/td>\n<td width=\"395\">62,5 mm (L) \u00d7 67,6 mm (B) \u00d7 58,5 mm (H)<\/td>\n<\/tr>\n<tr>\n<td width=\"211\">V\u00e6gt (g)<\/td>\n<td width=\"395\">40,0 g \u00b1 5,0 g<\/td>\n<\/tr>\n<tr>\n<td colspan=\"2\" width=\"606\">USB interface<\/td>\n<\/tr>\n<tr>\n<td width=\"211\">Protokol<\/td>\n<td width=\"395\">USB CCID<\/td>\n<\/tr>\n<tr>\n<td width=\"211\">Connector Type<\/td>\n<td width=\"395\">Standard Type A, Type C<\/td>\n<\/tr>\n<tr>\n<td width=\"211\">Str\u00f8mkilde<\/td>\n<td width=\"395\">Fra USB-port<\/td>\n<\/tr>\n<tr>\n<td width=\"211\">Hastighed<\/td>\n<td width=\"395\">USB 2.0 fuld hastighed (12 Mbps)<\/td>\n<\/tr>\n<tr>\n<td width=\"211\">Kabell\u00e6ngde<\/td>\n<td width=\"395\">1 m, fast<\/td>\n<\/tr>\n<tr>\n<td colspan=\"2\" width=\"606\">Kontakt Smart Card Interface<\/td>\n<\/tr>\n<tr>\n<td width=\"211\">Antal slots<\/td>\n<td width=\"395\">1 kortplads i fuld st\u00f8rrelse<\/td>\n<\/tr>\n<tr>\n<td width=\"211\">Standard<\/td>\n<td width=\"395\">ISO 7816 del 1-4, klasse A, B, C (5 V, 3 V, 1,8 V)<\/td>\n<\/tr>\n<tr>\n<td width=\"211\">Protokol<\/td>\n<td width=\"395\">T=0; T=1; Underst\u00f8ttelse af hukommelseskort<\/td>\n<\/tr>\n<tr>\n<td width=\"211\">Andre<\/td>\n<td width=\"395\">Mykad, CAC, J-LIS, SIPRNET-kort<\/td>\n<\/tr>\n<tr>\n<td colspan=\"2\" width=\"606\">Certificeringer\/overholdelse<\/td>\n<\/tr>\n<tr>\n<td width=\"211\">Certificeringer\/overholdelse<\/td>\n<td width=\"395\">EN62368\/IEC 62368 CE FCC RoHS REACH EMV\u2122 Niveau 1 (Kontakt) UL 62368 J-LIS KC PBOC Niveau 1 (Kontakt) TAA UKCA UL VCCI WEEE USB 2.0 Fuld hastighed Microsoft\u00ae WHQL<\/td>\n<\/tr>\n<tr>\n<td colspan=\"2\" width=\"606\">Underst\u00f8ttelse af styresystem til enhedsdriver<\/td>\n<\/tr>\n<tr>\n<td width=\"211\">Underst\u00f8ttelse af styresystem til enhedsdriver<\/td>\n<td width=\"395\">Windows\u00ae Linux\u00ae macOS IOS iPadOS Android\u2122 Solaris\u2122<\/td>\n<\/tr>\n<tr>\n<td><\/td>\n<td><\/td>\n<\/tr>\n<\/tbody>\n<\/table>\n<\/div>","protected":false},"excerpt":{"rendered":"<div class=\"auto-hide-last-sibling-br paragraph_1252f paragraph-element\">ACR40U er en kompakt EMV PBOC-kortl\u00e6ser, der underst\u00f8tter forskellige smart-kort og tilbyder fleksible tilslutningsmuligheder.<\/div>","protected":false},"featured_media":2783,"template":"","meta":[],"product_brand":[],"product_cat":[39],"product_tag":[],"class_list":{"0":"post-2780","1":"product","2":"type-product","3":"status-publish","4":"has-post-thumbnail","6":"product_cat-usb-ic-smartcard-reader","8":"first","9":"instock","10":"shipping-taxable","11":"product-type-simple"},"_links":{"self":[{"href":"https:\/\/nfc-readers.com\/da\/wp-json\/wp\/v2\/product\/2780","targetHints":{"allow":["GET"]}}],"collection":[{"href":"https:\/\/nfc-readers.com\/da\/wp-json\/wp\/v2\/product"}],"about":[{"href":"https:\/\/nfc-readers.com\/da\/wp-json\/wp\/v2\/types\/product"}],"wp:featuredmedia":[{"embeddable":true,"href":"https:\/\/nfc-readers.com\/da\/wp-json\/wp\/v2\/media\/2783"}],"wp:attachment":[{"href":"https:\/\/nfc-readers.com\/da\/wp-json\/wp\/v2\/media?parent=2780"}],"wp:term":[{"taxonomy":"product_brand","embeddable":true,"href":"https:\/\/nfc-readers.com\/da\/wp-json\/wp\/v2\/product_brand?post=2780"},{"taxonomy":"product_cat","embeddable":true,"href":"https:\/\/nfc-readers.com\/da\/wp-json\/wp\/v2\/product_cat?post=2780"},{"taxonomy":"product_tag","embeddable":true,"href":"https:\/\/nfc-readers.com\/da\/wp-json\/wp\/v2\/product_tag?post=2780"}],"curies":[{"name":"wp","href":"https:\/\/api.w.org\/{rel}","templated":true}]}}